{"id":20008,"date":"2021-12-02T08:43:54","date_gmt":"2021-12-02T07:43:54","guid":{"rendered":"https:\/\/www.m-stickers.com\/?page_id=20008"},"modified":"2022-02-09T09:06:17","modified_gmt":"2022-02-09T08:06:17","slug":"anleitungen","status":"publish","type":"page","link":"https:\/\/www.m-stickers.com\/de\/tutoriels\/","title":{"rendered":"Tutorials"},"content":{"rendered":"<div data-elementor-type=\"wp-page\" data-elementor-id=\"20008\" class=\"elementor elementor-20008\" data-elementor-post-type=\"page\">\n\t\t\t\t\t\t<section class=\"elementor-section elementor-top-section elementor-element elementor-element-f8ab5ef elementor-section-boxed elementor-section-height-default elementor-section-height-default\" data-id=\"f8ab5ef\" data-element_type=\"section\" data-e-type=\"section\">\n\t\t\t\t\t\t<div class=\"elementor-container elementor-column-gap-default\">\n\t\t\t\t\t<div class=\"elementor-column elementor-col-100 elementor-top-column elementor-element elementor-element-98e8060\" data-id=\"98e8060\" data-element_type=\"column\" data-e-type=\"column\">\n\t\t\t<div class=\"elementor-widget-wrap elementor-element-populated\">\n\t\t\t\t\t\t<div class=\"elementor-element elementor-element-890829d elementor-widget elementor-widget-heading\" data-id=\"890829d\" data-element_type=\"widget\" data-e-type=\"widget\" data-widget_type=\"heading.default\">\n\t\t\t\t<div class=\"elementor-widget-container\">\n\t\t\t\t\t<h1 class=\"elementor-heading-title elementor-size-default\">Unsere Tutorials<\/h1>\t\t\t\t<\/div>\n\t\t\t\t<\/div>\n\t\t\t\t<div class=\"elementor-element elementor-element-6541dff elementor-widget elementor-widget-text-editor\" data-id=\"6541dff\" data-element_type=\"widget\" data-e-type=\"widget\" data-widget_type=\"text-editor.default\">\n\t\t\t\t<div class=\"elementor-widget-container\">\n\t\t\t\t\t\t\t\t\t<p style=\"text-align: center;\">Hier finden Sie alle unsere Tutorials! Pr\u00e4sentiert von Maxence und Mat\u00e9o von M-Stickers!<\/p>\t\t\t\t\t\t\t\t<\/div>\n\t\t\t\t<\/div>\n\t\t\t\t<div class=\"elementor-element elementor-element-18c64c2 elementor-widget-divider--view-line elementor-widget elementor-widget-divider\" data-id=\"18c64c2\" data-element_type=\"widget\" data-e-type=\"widget\" data-widget_type=\"divider.default\">\n\t\t\t\t<div class=\"elementor-widget-container\">\n\t\t\t\t\t\t\t<div class=\"elementor-divider\">\n\t\t\t<span class=\"elementor-divider-separator\">\n\t\t\t\t\t\t<\/span>\n\t\t<\/div>\n\t\t\t\t\t\t<\/div>\n\t\t\t\t<\/div>\n\t\t\t\t<section class=\"elementor-section elementor-inner-section elementor-element elementor-element-b4e4574 elementor-section-boxed elementor-section-height-default elementor-section-height-default\" data-id=\"b4e4574\" data-element_type=\"section\" data-e-type=\"section\">\n\t\t\t\t\t\t<div class=\"elementor-container elementor-column-gap-default\">\n\t\t\t\t\t<div class=\"elementor-column elementor-col-50 elementor-inner-column elementor-element elementor-element-a9c50b2\" data-id=\"a9c50b2\" data-element_type=\"column\" data-e-type=\"column\">\n\t\t\t<div class=\"elementor-widget-wrap elementor-element-populated\">\n\t\t\t\t\t\t<div class=\"elementor-element elementor-element-9b01b2b elementor-widget elementor-widget-text-editor\" data-id=\"9b01b2b\" data-element_type=\"widget\" data-e-type=\"widget\" data-widget_type=\"text-editor.default\">\n\t\t\t\t<div class=\"elementor-widget-container\">\n\t\t\t\t\t\t\t\t\t<h2 style=\"text-align: center;\">Anleitung zur Montage des M-Stickers Felgen-Dekorkits<\/h2>\t\t\t\t\t\t\t\t<\/div>\n\t\t\t\t<\/div>\n\t\t\t\t<div class=\"elementor-element elementor-element-a839e08 elementor-widget elementor-widget-image\" data-id=\"a839e08\" data-element_type=\"widget\" data-e-type=\"widget\" data-widget_type=\"image.default\">\n\t\t\t\t<div class=\"elementor-widget-container\">\n\t\t\t\t\t\t\t\t\t\t\t\t\t\t\t\t<a href=\"https:\/\/www.m-stickers.com\/de\/anleitung-wie-man-motorrad-felgensticker-anbringt\/\">\n\t\t\t\t\t\t\t<img fetchpriority=\"high\" decoding=\"async\" width=\"1024\" height=\"576\" src=\"https:\/\/www.m-stickers.com\/wp-content\/uploads\/2021\/12\/Miniature-1024x576.jpg\" class=\"attachment-large size-large wp-image-20015\" alt=\"\" srcset=\"https:\/\/www.m-stickers.com\/wp-content\/uploads\/2021\/12\/Miniature-1024x576.jpg 1024w, https:\/\/www.m-stickers.com\/wp-content\/uploads\/2021\/12\/Miniature-600x338.jpg 600w, https:\/\/www.m-stickers.com\/wp-content\/uploads\/2021\/12\/Miniature-300x169.jpg 300w, https:\/\/www.m-stickers.com\/wp-content\/uploads\/2021\/12\/Miniature-768x432.jpg 768w, https:\/\/www.m-stickers.com\/wp-content\/uploads\/2021\/12\/Miniature.jpg 1500w\" sizes=\"(max-width: 1024px) 100vw, 1024px\" \/>\t\t\t\t\t\t\t\t<\/a>\n\t\t\t\t\t\t\t\t\t\t\t\t\t\t\t<\/div>\n\t\t\t\t<\/div>\n\t\t\t\t\t<\/div>\n\t\t<\/div>\n\t\t\t\t<div class=\"elementor-column elementor-col-50 elementor-inner-column elementor-element elementor-element-45ea1eb\" data-id=\"45ea1eb\" data-element_type=\"column\" data-e-type=\"column\">\n\t\t\t<div class=\"elementor-widget-wrap elementor-element-populated\">\n\t\t\t\t\t\t<div class=\"elementor-element elementor-element-0f2e8e8 elementor-widget elementor-widget-text-editor\" data-id=\"0f2e8e8\" data-element_type=\"widget\" data-e-type=\"widget\" data-widget_type=\"text-editor.default\">\n\t\t\t\t<div class=\"elementor-widget-container\">\n\t\t\t\t\t\t\t\t\t<h2 style=\"text-align: center;\">Anleitung zur Montage des Verkleidung-Dekor-Kits<\/h2>\t\t\t\t\t\t\t\t<\/div>\n\t\t\t\t<\/div>\n\t\t\t\t<div class=\"elementor-element elementor-element-6941850 elementor-widget elementor-widget-image\" data-id=\"6941850\" data-element_type=\"widget\" data-e-type=\"widget\" data-widget_type=\"image.default\">\n\t\t\t\t<div class=\"elementor-widget-container\">\n\t\t\t\t\t\t\t\t\t\t\t\t\t\t\t\t<a href=\"https:\/\/www.m-stickers.com\/de\/anleitung-zur-montage-des-carenage-dekor-kits\/\">\n\t\t\t\t\t\t\t<img decoding=\"async\" width=\"1024\" height=\"576\" src=\"https:\/\/www.m-stickers.com\/wp-content\/uploads\/2021\/12\/Miniture-yt-tuto-pose-kit-deco-1024x576.jpg\" class=\"attachment-large size-large wp-image-20017\" alt=\"\" srcset=\"https:\/\/www.m-stickers.com\/wp-content\/uploads\/2021\/12\/Miniture-yt-tuto-pose-kit-deco-1024x576.jpg 1024w, https:\/\/www.m-stickers.com\/wp-content\/uploads\/2021\/12\/Miniture-yt-tuto-pose-kit-deco-600x338.jpg 600w, https:\/\/www.m-stickers.com\/wp-content\/uploads\/2021\/12\/Miniture-yt-tuto-pose-kit-deco-300x169.jpg 300w, https:\/\/www.m-stickers.com\/wp-content\/uploads\/2021\/12\/Miniture-yt-tuto-pose-kit-deco-768x432.jpg 768w, https:\/\/www.m-stickers.com\/wp-content\/uploads\/2021\/12\/Miniture-yt-tuto-pose-kit-deco.jpg 1500w\" sizes=\"(max-width: 1024px) 100vw, 1024px\" \/>\t\t\t\t\t\t\t\t<\/a>\n\t\t\t\t\t\t\t\t\t\t\t\t\t\t\t<\/div>\n\t\t\t\t<\/div>\n\t\t\t\t\t<\/div>\n\t\t<\/div>\n\t\t\t\t\t<\/div>\n\t\t<\/section>\n\t\t\t\t<section class=\"elementor-section elementor-inner-section elementor-element elementor-element-1386cee elementor-section-boxed elementor-section-height-default elementor-section-height-default\" data-id=\"1386cee\" data-element_type=\"section\" data-e-type=\"section\">\n\t\t\t\t\t\t<div class=\"elementor-container elementor-column-gap-default\">\n\t\t\t\t\t<div class=\"elementor-column elementor-col-50 elementor-inner-column elementor-element elementor-element-0b30c2c\" data-id=\"0b30c2c\" data-element_type=\"column\" data-e-type=\"column\">\n\t\t\t<div class=\"elementor-widget-wrap elementor-element-populated\">\n\t\t\t\t\t\t<div class=\"elementor-element elementor-element-6722ccf elementor-widget elementor-widget-text-editor\" data-id=\"6722ccf\" data-element_type=\"widget\" data-e-type=\"widget\" data-widget_type=\"text-editor.default\">\n\t\t\t\t<div class=\"elementor-widget-container\">\n\t\t\t\t\t\t\t\t\t<h2 style=\"text-align: center;\">Anleitung zur Montage des Felgen-Dekor-Kits \"Ringe\"<\/h2>\t\t\t\t\t\t\t\t<\/div>\n\t\t\t\t<\/div>\n\t\t\t\t<div class=\"elementor-element elementor-element-94b769f elementor-widget elementor-widget-image\" data-id=\"94b769f\" data-element_type=\"widget\" data-e-type=\"widget\" data-widget_type=\"image.default\">\n\t\t\t\t<div class=\"elementor-widget-container\">\n\t\t\t\t\t\t\t\t\t\t\t\t\t\t\t\t<a href=\"https:\/\/www.m-stickers.com\/de\/anleitung-wie-man-motorrad-felgensticker-anbringt\/\">\n\t\t\t\t\t\t\t<img decoding=\"async\" width=\"1024\" height=\"576\" src=\"https:\/\/www.m-stickers.com\/wp-content\/uploads\/2021\/12\/miniature-kit-anneau-1024x576.jpg\" class=\"attachment-large size-large wp-image-20045\" alt=\"\" srcset=\"https:\/\/www.m-stickers.com\/wp-content\/uploads\/2021\/12\/miniature-kit-anneau-1024x576.jpg 1024w, https:\/\/www.m-stickers.com\/wp-content\/uploads\/2021\/12\/miniature-kit-anneau-600x338.jpg 600w, https:\/\/www.m-stickers.com\/wp-content\/uploads\/2021\/12\/miniature-kit-anneau-300x169.jpg 300w, https:\/\/www.m-stickers.com\/wp-content\/uploads\/2021\/12\/miniature-kit-anneau-768x432.jpg 768w, https:\/\/www.m-stickers.com\/wp-content\/uploads\/2021\/12\/miniature-kit-anneau.jpg 1500w\" sizes=\"(max-width: 1024px) 100vw, 1024px\" \/>\t\t\t\t\t\t\t\t<\/a>\n\t\t\t\t\t\t\t\t\t\t\t\t\t\t\t<\/div>\n\t\t\t\t<\/div>\n\t\t\t\t\t<\/div>\n\t\t<\/div>\n\t\t\t\t<div class=\"elementor-column elementor-col-50 elementor-inner-column elementor-element elementor-element-818894e\" data-id=\"818894e\" data-element_type=\"column\" data-e-type=\"column\">\n\t\t\t<div class=\"elementor-widget-wrap elementor-element-populated\">\n\t\t\t\t\t\t\t<\/div>\n\t\t<\/div>\n\t\t\t\t\t<\/div>\n\t\t<\/section>\n\t\t\t\t\t<\/div>\n\t\t<\/div>\n\t\t\t\t\t<\/div>\n\t\t<\/section>\n\t\t\t\t<\/div>","protected":false},"excerpt":{"rendered":"<p>Nos tutoriels Ici, retrouvez tous nos tutoriels ! Pr\u00e9sent\u00e9s par Maxence et Mat\u00e9o de M-Stickers ! Tutoriel de pose de kit d\u00e9co jante M-Stickers Tutoriel de pose de kit d\u00e9co car\u00e9nage Tutoriel de pose du kit d\u00e9co jante Anneaux<\/p>","protected":false},"author":1,"featured_media":0,"parent":0,"menu_order":0,"comment_status":"closed","ping_status":"closed","template":"","meta":{"footnotes":""},"class_list":["post-20008","page","type-page","status-publish","hentry","entry","owp-thumbs-layout-horizontal","owp-btn-big","owp-tabs-layout-horizontal","has-no-thumbnails"],"_links":{"self":[{"href":"https:\/\/www.m-stickers.com\/de\/wp-json\/wp\/v2\/pages\/20008","targetHints":{"allow":["GET"]}}],"collection":[{"href":"https:\/\/www.m-stickers.com\/de\/wp-json\/wp\/v2\/pages"}],"about":[{"href":"https:\/\/www.m-stickers.com\/de\/wp-json\/wp\/v2\/types\/page"}],"author":[{"embeddable":true,"href":"https:\/\/www.m-stickers.com\/de\/wp-json\/wp\/v2\/users\/1"}],"replies":[{"embeddable":true,"href":"https:\/\/www.m-stickers.com\/de\/wp-json\/wp\/v2\/comments?post=20008"}],"version-history":[{"count":0,"href":"https:\/\/www.m-stickers.com\/de\/wp-json\/wp\/v2\/pages\/20008\/revisions"}],"wp:attachment":[{"href":"https:\/\/www.m-stickers.com\/de\/wp-json\/wp\/v2\/media?parent=20008"}],"curies":[{"name":"Motorrad","href":"https:\/\/api.w.org\/{rel}","templated":true}]}}