{"id":26457,"date":"2022-03-31T19:45:32","date_gmt":"2022-03-31T17:45:32","guid":{"rendered":"https:\/\/www.m-stickers.com\/?page_id=26457"},"modified":"2023-11-20T13:01:05","modified_gmt":"2023-11-20T12:01:05","slug":"wettbewerb","status":"publish","type":"page","link":"https:\/\/www.m-stickers.com\/de\/concours\/","title":{"rendered":"Wettbewerb"},"content":{"rendered":"<div data-elementor-type=\"wp-page\" data-elementor-id=\"26457\" class=\"elementor elementor-26457\" data-elementor-post-type=\"page\">\n\t\t\t\t\t\t<section class=\"elementor-section elementor-top-section elementor-element elementor-element-c446f61 elementor-section-boxed elementor-section-height-default elementor-section-height-default\" data-id=\"c446f61\" data-element_type=\"section\" data-e-type=\"section\">\n\t\t\t\t\t\t<div class=\"elementor-container elementor-column-gap-default\">\n\t\t\t\t\t<div class=\"elementor-column elementor-col-100 elementor-top-column elementor-element elementor-element-af2fb63\" data-id=\"af2fb63\" data-element_type=\"column\" data-e-type=\"column\">\n\t\t\t<div class=\"elementor-widget-wrap elementor-element-populated\">\n\t\t\t\t\t\t<div class=\"elementor-element elementor-element-6953c22 elementor-widget elementor-widget-heading\" data-id=\"6953c22\" data-element_type=\"widget\" data-e-type=\"widget\" data-widget_type=\"heading.default\">\n\t\t\t\t<div class=\"elementor-widget-container\">\n\t\t\t\t\t<h2 class=\"elementor-heading-title elementor-size-default\">BLACK FRIDAY M-STICKERS WETTBEWERB<\/h2>\t\t\t\t<\/div>\n\t\t\t\t<\/div>\n\t\t\t\t\t<\/div>\n\t\t<\/div>\n\t\t\t\t\t<\/div>\n\t\t<\/section>\n\t\t\t\t<section class=\"elementor-section elementor-top-section elementor-element elementor-element-232fd2a elementor-section-boxed elementor-section-height-default elementor-section-height-default\" data-id=\"232fd2a\" data-element_type=\"section\" data-e-type=\"section\">\n\t\t\t\t\t\t<div class=\"elementor-container elementor-column-gap-default\">\n\t\t\t\t\t<div class=\"elementor-column elementor-col-100 elementor-top-column elementor-element elementor-element-ab0645c\" data-id=\"ab0645c\" data-element_type=\"column\" data-e-type=\"column\">\n\t\t\t<div class=\"elementor-widget-wrap elementor-element-populated\">\n\t\t\t\t\t\t<div class=\"elementor-element elementor-element-53cf6d3 elementor-widget elementor-widget-image\" data-id=\"53cf6d3\" data-element_type=\"widget\" data-e-type=\"widget\" data-widget_type=\"image.default\">\n\t\t\t\t<div class=\"elementor-widget-container\">\n\t\t\t\t\t\t\t\t\t\t\t\t\t\t\t<img fetchpriority=\"high\" decoding=\"async\" width=\"300\" height=\"300\" src=\"https:\/\/www.m-stickers.com\/wp-content\/uploads\/2023\/11\/pub-BF-23-300x300.jpg\" class=\"attachment-medium size-medium wp-image-50529\" alt=\"\" srcset=\"https:\/\/www.m-stickers.com\/wp-content\/uploads\/2023\/11\/pub-BF-23-300x300.jpg 300w, https:\/\/www.m-stickers.com\/wp-content\/uploads\/2023\/11\/pub-BF-23-100x100.jpg 100w, https:\/\/www.m-stickers.com\/wp-content\/uploads\/2023\/11\/pub-BF-23-600x600.jpg 600w, https:\/\/www.m-stickers.com\/wp-content\/uploads\/2023\/11\/pub-BF-23-150x150.jpg 150w, https:\/\/www.m-stickers.com\/wp-content\/uploads\/2023\/11\/pub-BF-23-768x770.jpg 768w, https:\/\/www.m-stickers.com\/wp-content\/uploads\/2023\/11\/pub-BF-23.jpg 998w\" sizes=\"(max-width: 300px) 100vw, 300px\" \/>\t\t\t\t\t\t\t\t\t\t\t\t\t\t\t<\/div>\n\t\t\t\t<\/div>\n\t\t\t\t\t<\/div>\n\t\t<\/div>\n\t\t\t\t\t<\/div>\n\t\t<\/section>\n\t\t\t\t<section class=\"elementor-section elementor-top-section elementor-element elementor-element-3f3a787 elementor-section-boxed elementor-section-height-default elementor-section-height-default\" data-id=\"3f3a787\" data-element_type=\"section\" data-e-type=\"section\">\n\t\t\t\t\t\t<div class=\"elementor-container elementor-column-gap-default\">\n\t\t\t\t\t<div class=\"elementor-column elementor-col-100 elementor-top-column elementor-element elementor-element-b1b2d9e\" data-id=\"b1b2d9e\" data-element_type=\"column\" data-e-type=\"column\">\n\t\t\t<div class=\"elementor-widget-wrap elementor-element-populated\">\n\t\t\t\t\t\t<div class=\"elementor-element elementor-element-101fc3d elementor-widget elementor-widget-text-editor\" data-id=\"101fc3d\" data-element_type=\"widget\" data-e-type=\"widget\" data-widget_type=\"text-editor.default\">\n\t\t\t\t<div class=\"elementor-widget-container\">\n\t\t\t\t\t\t\t\t\t<h2 style=\"text-align: center;\">F\u00fcr die ersten 100 Bestellungen ab dem 20.11.2023 gibt es personalisierte Aufkleberb\u00f6gen gratis.<\/h2>\t\t\t\t\t\t\t\t<\/div>\n\t\t\t\t<\/div>\n\t\t\t\t\t<\/div>\n\t\t<\/div>\n\t\t\t\t\t<\/div>\n\t\t<\/section>\n\t\t\t\t<section class=\"elementor-section elementor-top-section elementor-element elementor-element-bff256b elementor-section-boxed elementor-section-height-default elementor-section-height-default\" data-id=\"bff256b\" data-element_type=\"section\" data-e-type=\"section\">\n\t\t\t\t\t\t<div class=\"elementor-container elementor-column-gap-default\">\n\t\t\t\t\t<div class=\"elementor-column elementor-col-100 elementor-top-column elementor-element elementor-element-195c508\" data-id=\"195c508\" data-element_type=\"column\" data-e-type=\"column\">\n\t\t\t<div class=\"elementor-widget-wrap elementor-element-populated\">\n\t\t\t\t\t\t<div class=\"elementor-element elementor-element-0cda85c elementor-button-danger elementor-align-center elementor-widget elementor-widget-button\" data-id=\"0cda85c\" data-element_type=\"widget\" data-e-type=\"widget\" data-widget_type=\"button.default\">\n\t\t\t\t<div class=\"elementor-widget-container\">\n\t\t\t\t\t\t\t\t\t<div class=\"elementor-button-wrapper\">\n\t\t\t\t\t<a class=\"elementor-button elementor-button-link elementor-size-sm\" href=\"https:\/\/www.m-stickers.com\/de\/\">\n\t\t\t\t\t\t<span class=\"elementor-button-content-wrapper\">\n\t\t\t\t\t\t\t\t\t<span class=\"elementor-button-text\">BOUTIQUE M-STICKERS<\/span>\n\t\t\t\t\t<\/span>\n\t\t\t\t\t<\/a>\n\t\t\t\t<\/div>\n\t\t\t\t\t\t\t\t<\/div>\n\t\t\t\t<\/div>\n\t\t\t\t\t<\/div>\n\t\t<\/div>\n\t\t\t\t\t<\/div>\n\t\t<\/section>\n\t\t\t\t<section class=\"elementor-section elementor-top-section elementor-element elementor-element-514643a elementor-section-boxed elementor-section-height-default elementor-section-height-default\" data-id=\"514643a\" data-element_type=\"section\" data-e-type=\"section\">\n\t\t\t\t\t\t<div class=\"elementor-container elementor-column-gap-default\">\n\t\t\t\t\t<div class=\"elementor-column elementor-col-100 elementor-top-column elementor-element elementor-element-7e9bde7\" data-id=\"7e9bde7\" data-element_type=\"column\" data-e-type=\"column\">\n\t\t\t<div class=\"elementor-widget-wrap elementor-element-populated\">\n\t\t\t\t\t\t<div class=\"elementor-element elementor-element-ad55d55 elementor-widget elementor-widget-text-editor\" data-id=\"ad55d55\" data-element_type=\"widget\" data-e-type=\"widget\" data-widget_type=\"text-editor.default\">\n\t\t\t\t<div class=\"elementor-widget-container\">\n\t\t\t\t\t\t\t\t\t<p style=\"text-align: center;\"><span style=\"color: #ffffff;\">F\u00fcr jeden Kauf auf der Website <span style=\"text-decoration: underline;\"><strong>www.m-stickers.com<\/strong><\/span> Zwischen dem 20. und 27. November, ein kostenloser Bogen personalisierter Aufkleber:\u00a0<\/span><\/p>\t\t\t\t\t\t\t\t<\/div>\n\t\t\t\t<\/div>\n\t\t\t\t\t<\/div>\n\t\t<\/div>\n\t\t\t\t\t<\/div>\n\t\t<\/section>\n\t\t\t\t<section class=\"elementor-section elementor-top-section elementor-element elementor-element-8492b36 elementor-section-boxed elementor-section-height-default elementor-section-height-default\" data-id=\"8492b36\" data-element_type=\"section\" data-e-type=\"section\">\n\t\t\t\t\t\t<div class=\"elementor-container elementor-column-gap-default\">\n\t\t\t\t\t<div class=\"elementor-column elementor-col-100 elementor-top-column elementor-element elementor-element-3b9994c\" data-id=\"3b9994c\" data-element_type=\"column\" data-e-type=\"column\">\n\t\t\t<div class=\"elementor-widget-wrap elementor-element-populated\">\n\t\t\t\t\t\t<div class=\"elementor-element elementor-element-dbd0bb1 elementor-widget elementor-widget-text-editor\" data-id=\"dbd0bb1\" data-element_type=\"widget\" data-e-type=\"widget\" data-widget_type=\"text-editor.default\">\n\t\t\t\t<div class=\"elementor-widget-container\">\n\t\t\t\t\t\t\t\t\t<h3 style=\"font-variant-ligatures: normal; font-variant-caps: normal; font-family: Roboto, sans-serif; font-size: 17px; font-style: normal; font-weight: 400; text-align: center;\"><span style=\"color: #ff0000;\"><u>Detail:<\/u><\/span><\/h3><ul><li style=\"font-variant-ligatures: normal; font-variant-caps: normal; font-family: Roboto, sans-serif; font-size: 17px; font-style: normal; font-weight: 400; text-align: center;\"><span style=\"color: #ffffff;\">Aufkleber-Blatt 21*30cm (DIN A4-Format)<\/span><\/li><li style=\"font-variant-ligatures: normal; font-variant-caps: normal; font-family: Roboto, sans-serif; font-size: 17px; font-style: normal; font-weight: 400; text-align: center;\"><span style=\"color: #ffffff;\">Anzahl der Aufkleber zur Auswahl (auf die Gr\u00f6\u00dfe des Blattes beschr\u00e4nken)<\/span><\/li><li style=\"font-variant-ligatures: normal; font-variant-caps: normal; font-family: Roboto, sans-serif; font-size: 17px; font-style: normal; font-weight: 400; text-align: center;\"><span style=\"color: #ffffff;\">Form und Design der Aufkleber nach Wahl<\/span><\/li><li style=\"font-variant-ligatures: normal; font-variant-caps: normal; font-family: Roboto, sans-serif; font-size: 17px; font-style: normal; font-weight: 400; text-align: center;\"><span style=\"color: #ffffff;\">Hochleistungs-Aufkleber, gl\u00e4nzende Ausf\u00fchrung<\/span><\/li><\/ul>\t\t\t\t\t\t\t\t<\/div>\n\t\t\t\t<\/div>\n\t\t\t\t\t<\/div>\n\t\t<\/div>\n\t\t\t\t\t<\/div>\n\t\t<\/section>\n\t\t\t\t<section class=\"elementor-section elementor-top-section elementor-element elementor-element-592081c elementor-section-boxed elementor-section-height-default elementor-section-height-default\" data-id=\"592081c\" data-element_type=\"section\" data-e-type=\"section\">\n\t\t\t\t\t\t<div class=\"elementor-container elementor-column-gap-default\">\n\t\t\t\t\t<div class=\"elementor-column elementor-col-100 elementor-top-column elementor-element elementor-element-7acdb63\" data-id=\"7acdb63\" data-element_type=\"column\" data-e-type=\"column\">\n\t\t\t<div class=\"elementor-widget-wrap elementor-element-populated\">\n\t\t\t\t\t\t<div class=\"elementor-element elementor-element-3fe2b5f elementor-widget elementor-widget-text-editor\" data-id=\"3fe2b5f\" data-element_type=\"widget\" data-e-type=\"widget\" data-widget_type=\"text-editor.default\">\n\t\t\t\t<div class=\"elementor-widget-container\">\n\t\t\t\t\t\t\t\t\t<h3 style=\"text-align: center;\"><span style=\"color: #ff0000;\"><u><span style=\"color: #ffffff;\">Eine Zusammenfassung per E-Mail wird ab dem 1. Dezember an die ersten 100 Bestellungen versendet.<\/span><\/u><\/span><\/h3><p style=\"text-align: center;\"><span style=\"color: #ffffff;\">Bei Fragen zum Wettbewerb kontaktieren Sie uns bitte direkt per E-Mail an: contact@m-stickers.com<\/span><\/p>\t\t\t\t\t\t\t\t<\/div>\n\t\t\t\t<\/div>\n\t\t\t\t<div class=\"elementor-element elementor-element-a628568 elementor-widget-divider--view-line elementor-widget elementor-widget-divider\" data-id=\"a628568\" data-element_type=\"widget\" data-e-type=\"widget\" data-widget_type=\"divider.default\">\n\t\t\t\t<div class=\"elementor-widget-container\">\n\t\t\t\t\t\t\t<div class=\"elementor-divider\">\n\t\t\t<span class=\"elementor-divider-separator\">\n\t\t\t\t\t\t<\/span>\n\t\t<\/div>\n\t\t\t\t\t\t<\/div>\n\t\t\t\t<\/div>\n\t\t\t\t\t<\/div>\n\t\t<\/div>\n\t\t\t\t\t<\/div>\n\t\t<\/section>\n\t\t\t\t<section class=\"elementor-section elementor-top-section elementor-element elementor-element-92aa5ff elementor-section-boxed elementor-section-height-default elementor-section-height-default\" data-id=\"92aa5ff\" data-element_type=\"section\" data-e-type=\"section\">\n\t\t\t\t\t\t<div class=\"elementor-container elementor-column-gap-default\">\n\t\t\t\t\t<div class=\"elementor-column elementor-col-100 elementor-top-column elementor-element elementor-element-17037c9\" data-id=\"17037c9\" data-element_type=\"column\" data-e-type=\"column\">\n\t\t\t<div class=\"elementor-widget-wrap elementor-element-populated\">\n\t\t\t\t\t\t<div class=\"elementor-element elementor-element-49b7379 elementor-widget elementor-widget-text-editor\" data-id=\"49b7379\" data-element_type=\"widget\" data-e-type=\"widget\" data-widget_type=\"text-editor.default\">\n\t\t\t\t<div class=\"elementor-widget-container\">\n\t\t\t\t\t\t\t\t\t<p style=\"text-align: center;\"><span style=\"color: #ffffff;\">Konkurrenzende Ende am 28. November oder nach Ersch\u00f6pfung der ersten 100 Bestellungen ab dem 20. November.<\/span><\/p>\t\t\t\t\t\t\t\t<\/div>\n\t\t\t\t<\/div>\n\t\t\t\t\t<\/div>\n\t\t<\/div>\n\t\t\t\t\t<\/div>\n\t\t<\/section>\n\t\t\t\t<section class=\"elementor-section elementor-top-section elementor-element elementor-element-54c9e85 elementor-section-boxed elementor-section-height-default elementor-section-height-default\" data-id=\"54c9e85\" data-element_type=\"section\" data-e-type=\"section\">\n\t\t\t\t\t\t<div class=\"elementor-container elementor-column-gap-default\">\n\t\t\t\t\t<div class=\"elementor-column elementor-col-33 elementor-top-column elementor-element elementor-element-141149f\" data-id=\"141149f\" data-element_type=\"column\" data-e-type=\"column\">\n\t\t\t<div class=\"elementor-widget-wrap elementor-element-populated\">\n\t\t\t\t\t\t<div class=\"elementor-element elementor-element-d356c7f elementor-view-stacked elementor-shape-circle elementor-widget elementor-widget-icon\" data-id=\"d356c7f\" data-element_type=\"widget\" data-e-type=\"widget\" data-widget_type=\"icon.default\">\n\t\t\t\t<div class=\"elementor-widget-container\">\n\t\t\t\t\t\t\t<div class=\"elementor-icon-wrapper\">\n\t\t\t<a class=\"elementor-icon\" href=\"https:\/\/www.facebook.com\/SuperMstickers\">\n\t\t\t<i aria-hidden=\"true\" class=\"fab fa-facebook-f\"><\/i>\t\t\t<\/a>\n\t\t<\/div>\n\t\t\t\t\t\t<\/div>\n\t\t\t\t<\/div>\n\t\t\t\t\t<\/div>\n\t\t<\/div>\n\t\t\t\t<div class=\"elementor-column elementor-col-33 elementor-top-column elementor-element elementor-element-944bbfa\" data-id=\"944bbfa\" data-element_type=\"column\" data-e-type=\"column\">\n\t\t\t<div class=\"elementor-widget-wrap elementor-element-populated\">\n\t\t\t\t\t\t<div class=\"elementor-element elementor-element-ac8ea77 elementor-view-stacked elementor-shape-circle elementor-widget elementor-widget-icon\" data-id=\"ac8ea77\" data-element_type=\"widget\" data-e-type=\"widget\" data-widget_type=\"icon.default\">\n\t\t\t\t<div class=\"elementor-widget-container\">\n\t\t\t\t\t\t\t<div class=\"elementor-icon-wrapper\">\n\t\t\t<a class=\"elementor-icon\" href=\"https:\/\/www.instagram.com\/m.stickers.officiel\/?hl=fr\">\n\t\t\t<i aria-hidden=\"true\" class=\"fab fa-instagram\"><\/i>\t\t\t<\/a>\n\t\t<\/div>\n\t\t\t\t\t\t<\/div>\n\t\t\t\t<\/div>\n\t\t\t\t\t<\/div>\n\t\t<\/div>\n\t\t\t\t<div class=\"elementor-column elementor-col-33 elementor-top-column elementor-element elementor-element-3c94797\" data-id=\"3c94797\" data-element_type=\"column\" data-e-type=\"column\">\n\t\t\t<div class=\"elementor-widget-wrap elementor-element-populated\">\n\t\t\t\t\t\t<div class=\"elementor-element elementor-element-0742cc5 elementor-view-stacked elementor-shape-circle elementor-widget elementor-widget-icon\" data-id=\"0742cc5\" data-element_type=\"widget\" data-e-type=\"widget\" data-widget_type=\"icon.default\">\n\t\t\t\t<div class=\"elementor-widget-container\">\n\t\t\t\t\t\t\t<div class=\"elementor-icon-wrapper\">\n\t\t\t<a class=\"elementor-icon\" href=\"https:\/\/www.youtube.com\/channel\/UCWzQU7KoTW2aTE1YKCan0RA\">\n\t\t\t<i aria-hidden=\"true\" class=\"fab fa-youtube\"><\/i>\t\t\t<\/a>\n\t\t<\/div>\n\t\t\t\t\t\t<\/div>\n\t\t\t\t<\/div>\n\t\t\t\t\t<\/div>\n\t\t<\/div>\n\t\t\t\t\t<\/div>\n\t\t<\/section>\n\t\t\t\t<\/div>","protected":false},"excerpt":{"rendered":"<p>JEU CONCOURS BLACK FRIDAY M-STICKERS Pour les 100 premieres commande \u00e0 partir du 20\/11\/2023, des planches de stickers personnalis\u00e9s offert BOUTIQUE M-STICKERS Pour tout achat sur le site www.m-stickers.com entre le 20 et le 27 novembre, une planche de stickers personnalis\u00e9 offerte :\u00a0 D\u00e9tail : Planche de stickers de 21*30cm (format a4) Nombre de stickers [&hellip;]<\/p>\n","protected":false},"author":1,"featured_media":0,"parent":0,"menu_order":0,"comment_status":"closed","ping_status":"closed","template":"","meta":{"footnotes":""},"class_list":["post-26457","page","type-page","status-publish","hentry","entry","owp-thumbs-layout-horizontal","owp-btn-big","owp-tabs-layout-horizontal","has-no-thumbnails"],"ase":null,"_links":{"self":[{"href":"https:\/\/www.m-stickers.com\/de\/wp-json\/wp\/v2\/pages\/26457","targetHints":{"allow":["GET"]}}],"collection":[{"href":"https:\/\/www.m-stickers.com\/de\/wp-json\/wp\/v2\/pages"}],"about":[{"href":"https:\/\/www.m-stickers.com\/de\/wp-json\/wp\/v2\/types\/page"}],"author":[{"embeddable":true,"href":"https:\/\/www.m-stickers.com\/de\/wp-json\/wp\/v2\/users\/1"}],"replies":[{"embeddable":true,"href":"https:\/\/www.m-stickers.com\/de\/wp-json\/wp\/v2\/comments?post=26457"}],"version-history":[{"count":4,"href":"https:\/\/www.m-stickers.com\/de\/wp-json\/wp\/v2\/pages\/26457\/revisions"}],"predecessor-version":[{"id":50558,"href":"https:\/\/www.m-stickers.com\/de\/wp-json\/wp\/v2\/pages\/26457\/revisions\/50558"}],"wp:attachment":[{"href":"https:\/\/www.m-stickers.com\/de\/wp-json\/wp\/v2\/media?parent=26457"}],"curies":[{"name":"Motorrad","href":"https:\/\/api.w.org\/{rel}","templated":true}]}}