{"id":3,"date":"2020-11-06T17:15:35","date_gmt":"2020-11-06T16:15:35","guid":{"rendered":"https:\/\/www.m-stickers.com\/?page_id=3"},"modified":"2026-01-14T19:18:13","modified_gmt":"2026-01-14T18:18:13","slug":"datenschutzrichtlinie","status":"publish","type":"page","link":"https:\/\/www.m-stickers.com\/de\/politique-de-confidentialite\/","title":{"rendered":"Datenschutzrichtlinien"},"content":{"rendered":"<div data-elementor-type=\"wp-page\" data-elementor-id=\"3\" class=\"elementor elementor-3\" data-elementor-post-type=\"page\">\n\t\t\t\t\t\t<section class=\"elementor-section elementor-top-section elementor-element elementor-element-61d10604 elementor-section-boxed elementor-section-height-default elementor-section-height-default\" data-id=\"61d10604\" data-element_type=\"section\" data-e-type=\"section\">\n\t\t\t\t\t\t<div class=\"elementor-container elementor-column-gap-default\">\n\t\t\t\t\t<div class=\"elementor-column elementor-col-100 elementor-top-column elementor-element elementor-element-6e9344dc\" data-id=\"6e9344dc\" data-element_type=\"column\" data-e-type=\"column\">\n\t\t\t<div class=\"elementor-widget-wrap elementor-element-populated\">\n\t\t\t\t\t\t<div class=\"elementor-element elementor-element-374846cd elementor-widget elementor-widget-text-editor\" data-id=\"374846cd\" data-element_type=\"widget\" data-e-type=\"widget\" data-widget_type=\"text-editor.default\">\n\t\t\t\t<div class=\"elementor-widget-container\">\n\t\t\t\t\t\t\t\t\t<p><\/p>\n<h1 class=\"wp-block-heading\" style=\"text-align: center;\" data-start=\"376\" data-end=\"408\">DATENSCHUTZERKL\u00c4RUNG<\/h1>\n<p data-start=\"409\" data-end=\"451\"><strong data-start=\"409\" data-end=\"451\">Website: M-Stickers \u2013 <a class=\"decorated-link\" href=\"http:\/\/www.m-stickers.com\/de\/\" target=\"_new\" rel=\"noopener\" data-start=\"431\" data-end=\"449\">www.m-stickers.com<\/a><\/strong><\/p>\n<hr data-start=\"511\" data-end=\"514\" \/>\n<h2 data-start=\"516\" data-end=\"540\">ARTIKEL 1 \u2013 PR\u00c4AMBEL<\/h2>\n<p data-start=\"542\" data-end=\"674\">Die vorliegende Datenschutzrichtlinie gilt f\u00fcr die Website <strong data-start=\"611\" data-end=\"633\"><a class=\"decorated-link\" href=\"http:\/\/www.m-stickers.com\/de\/\" target=\"_new\" rel=\"noopener\" data-start=\"613\" data-end=\"631\">www.m-stickers.com<\/a><\/strong>, betrieben unter der Marke <strong data-start=\"659\" data-end=\"673\">M-Stickers<\/strong>.<br \/><span style=\"font-size: 17px;\">Die Marke <\/span><strong style=\"font-size: 17px;\" data-start=\"686\" data-end=\"700\">M-Stickers<\/strong><span style=\"font-size: 17px;\"> ist eine Handelsmarke, die von der Gesellschaft betrieben wird <\/span><strong style=\"font-size: 17px;\" data-start=\"753\" data-end=\"773\">MSTKS HOLDING<\/strong><span style=\"font-size: 17px;\">, nachstehend \u00abder Herausgeber\u00bb genannt.<\/span><\/p>\n<p data-start=\"809\" data-end=\"882\">Diese Richtlinie zielt darauf ab, die Benutzer der Website zu informieren \u00fcber:<\/p>\n<ul>\n<li data-start=\"886\" data-end=\"958\">wie ihre pers\u00f6nlichen Daten gesammelt und verarbeitet werden; ;<\/li>\n<li data-start=\"886\" data-end=\"958\"><span style=\"font-size: 17px;\">die Rechte, die sie in Bezug auf diese Daten haben; ;<\/span><\/li>\n<li data-start=\"1018\" data-end=\"1089\">die Verantwortlichkeiten des Herausgebers in Bezug auf den Datenschutz; ;<\/li>\n<li data-start=\"1092\" data-end=\"1128\">die m\u00f6gliche Verwendung von Cookies.<\/li>\n<\/ul>\n<p data-start=\"1130\" data-end=\"1245\">Diese Richtlinie erg\u00e4nzt die <strong data-start=\"1159\" data-end=\"1179\">Impressum<\/strong> und die <strong data-start=\"1187\" data-end=\"1220\">Allgemeine Verkaufsbedingungen<\/strong> auf der Website verf\u00fcgbar.<\/p>\n<p data-start=\"1130\" data-end=\"1245\">\u00a0<\/p>\n<hr data-start=\"1247\" data-end=\"1250\" \/>\n<h2 data-start=\"1252\" data-end=\"1326\">ARTIKEL 2 \u2013 ALLGEMEINE GRUNDS\u00c4TZE DER DATENERHEBUNG UND -VERARBEITUNG<\/h2>\n<p data-start=\"1328\" data-end=\"1449\">Gem\u00e4\u00df der <strong data-start=\"1344\" data-end=\"1416\">Datenschutz-Grundverordnung (DSGVO \u2013 EU 2016\/679)<\/strong>, die personenbezogenen Daten sind:<\/p>\n<ul>\n<li data-start=\"1453\" data-end=\"1511\">gesammelt durch <strong data-start=\"1475\" data-end=\"1509\">rechtm\u00e4\u00dfig, ordnungsgem\u00e4\u00df und transparent<\/strong> ;<\/li>\n<li data-start=\"1514\" data-end=\"1585\">verwendet f\u00fcr <strong data-start=\"1533\" data-end=\"1583\">festgelegte, eindeutige und rechtm\u00e4\u00dfige Zwecke<\/strong> ;<\/li>\n<li data-start=\"1588\" data-end=\"1638\"><strong data-start=\"1588\" data-end=\"1600\">limitiert<\/strong> was unbedingt notwendig ist; ;<\/li>\n<li data-start=\"1641\" data-end=\"1680\"><strong data-start=\"1641\" data-end=\"1678\">f\u00fcr eine begrenzte Zeit aufbewahrt<\/strong> ;<\/li>\n<li data-start=\"1683\" data-end=\"1759\">gesch\u00fctzt durch Ma\u00dfnahmen, die ihre Sicherheit gew\u00e4hrleisten <strong data-start=\"1727\" data-end=\"1758\">Sicherheit &amp; Datenschutz<\/strong>.<\/li>\n<\/ul>\n<p data-start=\"1761\" data-end=\"1833\">Die Datenverarbeitung basiert auf einer der folgenden Rechtsgrundlagen:<\/p>\n<ul>\n<li data-start=\"1836\" data-end=\"1870\">die Zustimmung des Nutzers; ;<\/li>\n<li data-start=\"1873\" data-end=\"1937\">die Ausf\u00fchrung eines Vertrags (Bestellung, Lieferung, Kundendienst); ;<\/li>\n<li data-start=\"1940\" data-end=\"1974\">die Einhaltung gesetzlicher Verpflichtungen; ;<\/li>\n<li data-start=\"1977\" data-end=\"2045\">das berechtigte Interesse des Herausgebers (Serviceverbesserung, Sicherheit).<\/li>\n<\/ul>\n<p>\u00a0<\/p>\n<hr data-start=\"2047\" data-end=\"2050\" \/>\n<h2 data-start=\"2052\" data-end=\"2098\">ARTIKEL 3 \u2013 ERFASSTE PERSONENBEZOGENE DATEN<\/h2>\n<h3 data-start=\"2100\" data-end=\"2126\">3.1 Gesammelte Daten<\/h3>\n<p data-start=\"2128\" data-end=\"2210\">Die Daten, die auf der Website von M-Stickers gesammelt werden k\u00f6nnen, sind insbesondere:<\/p>\n<ul>\n<li data-start=\"2214\" data-end=\"2229\">Vor- und Nachname<\/li>\n<li data-start=\"2232\" data-end=\"2249\">Postanschrift<\/li>\n<li data-start=\"2252\" data-end=\"2268\">E-Mail-Adresse<\/li>\n<li data-start=\"2271\" data-end=\"2292\">Telefonnummer<\/li>\n<li data-start=\"2295\" data-end=\"2365\">Bestell- und Zahlungsinformationen (\u00fcber sichere Anbieter)<\/li>\n<li data-start=\"2368\" data-end=\"2413\">IP-Adresse und Surfdaten (Cookies)<\/li>\n<\/ul>\n<h3 data-start=\"2415\" data-end=\"2439\">3.2 Art der Datenerhebung<\/h3>\n<p data-start=\"2441\" data-end=\"2492\">Diese Daten werden erfasst, wenn der Nutzer:<\/p>\n<ul>\n<li data-start=\"2496\" data-end=\"2528\">eine Bestellung auf der Website aufgeben ;<\/li>\n<li data-start=\"2531\" data-end=\"2554\">Erstellen Sie ein Kundenkonto; ;<\/li>\n<li data-start=\"2557\" data-end=\"2591\">f\u00fcllt ein Kontaktformular aus; ;<\/li>\n<li data-start=\"2594\" data-end=\"2626\">Austausch mit dem Kundenservice ;<\/li>\n<li data-start=\"2629\" data-end=\"2659\">Navigieren Sie auf der Website (Cookies).<\/li>\n<\/ul>\n<p>\u00a0<\/p>\n<hr data-start=\"2661\" data-end=\"2664\" \/>\n<h2 data-start=\"2666\" data-end=\"2704\">ARTIKEL 4 \u2013 ZWECKE DER VERARBEITUNG<\/h2>\n<p data-start=\"2706\" data-end=\"2766\">Die personenbezogenen Daten werden ausschlie\u00dflich verwendet f\u00fcr:<\/p>\n<ul>\n<li data-start=\"2770\" data-end=\"2811\">die Bearbeitung und Verfolgung von Bestellungen; ;<\/li>\n<li data-start=\"2814\" data-end=\"2848\">Kundenbeziehungsmanagement ;<\/li>\n<li data-start=\"2851\" data-end=\"2882\">Rechnungsstellung und Zahlung; ;<\/li>\n<li data-start=\"2885\" data-end=\"2912\">die Lieferung der Produkte; ;<\/li>\n<li data-start=\"2915\" data-end=\"2967\">der Kundendienst und die Garantieabwicklung; ;<\/li>\n<li data-start=\"2970\" data-end=\"3014\">die Verbesserung des Nutzererlebnisses; ;<\/li>\n<li data-start=\"3017\" data-end=\"3055\">die Einhaltung gesetzlicher Verpflichtungen.<\/li>\n<\/ul>\n<p data-start=\"3057\" data-end=\"3170\">Es werden keine Daten f\u00fcr unvorhergesehene kommerzielle Zwecke ohne die ausdr\u00fcckliche Zustimmung des Nutzers verwendet.<\/p>\n<p data-start=\"3057\" data-end=\"3170\">\u00a0<\/p>\n<hr data-start=\"3172\" data-end=\"3175\" \/>\n<h2 data-start=\"3177\" data-end=\"3228\">ARTIKEL 5 \u2013 \u00dcBERMITTLUNG VON DATEN AN DRITTE<\/h2>\n<p data-start=\"3230\" data-end=\"3365\">Personenbezogene Daten d\u00fcrfen nur an Dritte \u00fcbermittelt werden, die f\u00fcr die Erbringung der Dienstleistungen unbedingt erforderlich sind, insbesondere:<\/p>\n<ul>\n<li data-start=\"3369\" data-end=\"3412\">Zahlungsdienstleister (Stripe, PayPal) ;<\/li>\n<li data-start=\"3415\" data-end=\"3457\">Logistik- und Lieferdienstleister; ;<\/li>\n<li data-start=\"3460\" data-end=\"3479\">Website-Hoster ;<\/li>\n<li data-start=\"3482\" data-end=\"3523\">Analyse- und Publikumsmessinstrumente.<\/li>\n<\/ul>\n<p data-start=\"3525\" data-end=\"3652\">Diese Dienstleister sind vertraglich zur Vertraulichkeit und Datensicherheit gem\u00e4\u00df der DSGVO verpflichtet.<\/p>\n<p data-start=\"3654\" data-end=\"3739\">Die Daten sind nicht <strong data-start=\"3674\" data-end=\"3692\">nie verkauft<\/strong> noch zu kommerziellen Zwecken an Dritte weitergegeben.<\/p>\n<p data-start=\"3654\" data-end=\"3739\">\u00a0<\/p>\n<hr data-start=\"3741\" data-end=\"3744\" \/>\n<h2 data-start=\"3746\" data-end=\"3784\">ARTIKEL 6 \u2013 DATENHOSTING<\/h2>\n<p data-start=\"3786\" data-end=\"3822\">Die M-Stickers Website wird gehostet von:<\/p>\n<ul>\n<li><strong data-start=\"3824\" data-end=\"3831\">OVH<\/strong><\/li>\n<\/ul>\n<p>Die Daten werden innerhalb der Europ\u00e4ischen Union oder in L\u00e4ndern gehostet, die ein angemessenes Schutzniveau im Sinne der DSGVO bieten.<\/p>\n<p>\u00a0<\/p>\n<hr data-start=\"3966\" data-end=\"3969\" \/>\n<h2 data-start=\"3971\" data-end=\"4011\">ARTIKEL 7 \u2013 F\u00dcR DIE VERARBEITUNG VERANTWORTLICHE STELLE<\/h2>\n<p data-start=\"4013\" data-end=\"4059\">Der Verantwortliche f\u00fcr die Datenverarbeitung ist:<\/p>\n<p data-start=\"4061\" data-end=\"4122\"><strong data-start=\"4061\" data-end=\"4081\">MSTKS HOLDING<\/strong><br data-start=\"4081\" data-end=\"4084\" \/>Markenbetreiber <strong data-start=\"4108\" data-end=\"4122\">M-Stickers<\/strong><\/p>\n<p data-start=\"4124\" data-end=\"4165\">Kontakt:<br data-start=\"4133\" data-end=\"4136\" \/><img decoding=\"async\" class=\"emoji\" role=\"img\" draggable=\"false\" src=\"https:\/\/s.w.org\/images\/core\/emoji\/17.0.2\/svg\/1f4e7.svg\" alt=\"\ud83d\udce7\" \/> <strong data-start=\"4139\" data-end=\"4165\"><a class=\"decorated-link cursor-pointer\" rel=\"noopener\" data-start=\"4141\" data-end=\"4163\">contact@m-stickers.com<\/a><\/strong><\/p>\n<p data-start=\"4167\" data-end=\"4273\">Der Verantwortliche legt die Zwecke und Mittel der Verarbeitung personenbezogener Daten fest.<\/p>\n<p data-start=\"4167\" data-end=\"4273\">\u00a0<\/p>\n<hr data-start=\"4275\" data-end=\"4278\" \/>\n<h2 data-start=\"4280\" data-end=\"4328\">ARTIKEL 8 \u2013 AUFBEWAHRUNGSDAUER DER DATEN<\/h2>\n<p data-start=\"4330\" data-end=\"4372\">Pers\u00f6nliche Daten werden gespeichert:<\/p>\n<ul>\n<li data-start=\"4376\" data-end=\"4430\">w\u00e4hrend der zur Ausf\u00fchrung des Vertrages erforderlichen Dauer; ;<\/li>\n<li data-start=\"4433\" data-end=\"4531\">anschlie\u00dfend f\u00fcr maximal <strong data-start=\"4475\" data-end=\"4484\">5 Jahre<\/strong> zu rechtlichen, buchhalterischen oder Beweiszwecken.<\/li>\n<\/ul>\n<p data-start=\"4533\" data-end=\"4585\">Dar\u00fcber hinaus werden die Daten gel\u00f6scht oder anonymisiert.<\/p>\n<p data-start=\"4533\" data-end=\"4585\">\u00a0<\/p>\n<hr data-start=\"4587\" data-end=\"4590\" \/>\n<h2 data-start=\"4592\" data-end=\"4630\">ARTIKEL 9 \u2013 RECHTE DER NUTZER<\/h2>\n<p data-start=\"4632\" data-end=\"4697\">Gem\u00e4\u00df der DSGVO stehen dem Nutzer folgende Rechte zu:<\/p>\n<ul>\n<li data-start=\"4701\" data-end=\"4734\"><strong data-start=\"4701\" data-end=\"4718\">Zugangsrecht<\/strong> auf ihre Daten zugreifen k\u00f6nnen; ;<\/li>\n<li data-start=\"4737\" data-end=\"4765\"><strong data-start=\"4737\" data-end=\"4763\">Recht auf Berichtigung<\/strong> ;<\/li>\n<li data-start=\"4768\" data-end=\"4794\"><strong data-start=\"4768\" data-end=\"4792\">Recht auf L\u00f6schung<\/strong> ;<\/li>\n<li data-start=\"4797\" data-end=\"4838\"><strong data-start=\"4797\" data-end=\"4836\">Recht auf Einschr\u00e4nkung der Verarbeitung<\/strong> ;<\/li>\n<li data-start=\"4841\" data-end=\"4865\"><strong data-start=\"4841\" data-end=\"4863\">Widerspruchsrecht<\/strong> ;<\/li>\n<li data-start=\"4868\" data-end=\"4908\"><strong data-start=\"4868\" data-end=\"4894\">Recht auf Datenportabilit\u00e4t<\/strong> Daten; ;<\/li>\n<li data-start=\"4911\" data-end=\"4963\"><strong data-start=\"4911\" data-end=\"4948\">Recht, die Zustimmung zu widerrufen<\/strong> jederzeit.<\/li>\n<\/ul>\n<p data-start=\"4965\" data-end=\"5052\">Um Ihre Rechte auszu\u00fcben, k\u00f6nnen Sie kontaktieren:<br data-start=\"5020\" data-end=\"5023\" \/><img decoding=\"async\" class=\"emoji\" role=\"img\" draggable=\"false\" src=\"https:\/\/s.w.org\/images\/core\/emoji\/17.0.2\/svg\/1f4e7.svg\" alt=\"\ud83d\udce7\" \/> <strong data-start=\"5026\" data-end=\"5052\"><a class=\"decorated-link cursor-pointer\" rel=\"noopener\" data-start=\"5028\" data-end=\"5050\">contact@m-stickers.com<\/a><\/strong><\/p>\n<p data-start=\"5054\" data-end=\"5118\">Eine Antwort wird innerhalb einer maximalen Frist von <strong data-start=\"5105\" data-end=\"5117\">30 Tage<\/strong>.<\/p>\n<p data-start=\"5120\" data-end=\"5251\">Der Nutzer kann auch eine Beschwerde bei der zust\u00e4ndigen Aufsichtsbeh\u00f6rde (CNIL oder gleichwertige Beh\u00f6rde) einreichen.<\/p>\n<p data-start=\"5120\" data-end=\"5251\">\u00a0<\/p>\n<hr data-start=\"5253\" data-end=\"5256\" \/>\n<h2 data-start=\"5258\" data-end=\"5293\">ARTIKEL 10 \u2013 DATEN VON MINDERJ\u00c4HRIGEN<\/h2>\n<p data-start=\"5295\" data-end=\"5439\">Die M-Stickers Website ist nicht f\u00fcr Personen unter <strong data-start=\"5358\" data-end=\"5368\">15 Jahre<\/strong>.<br data-start=\"5369\" data-end=\"5372\" \/>Es werden keine personenbezogenen Daten von Minderj\u00e4hrigen wissentlich gesammelt.<\/p>\n<p data-start=\"5295\" data-end=\"5439\">\u00a0<\/p>\n<hr data-start=\"5441\" data-end=\"5444\" \/>\n<h2 data-start=\"5446\" data-end=\"5469\">ARTIKEL 11 \u2013 COOKIES<\/h2>\n<p data-start=\"5471\" data-end=\"5508\">Die Webseite benutzt Cookies, um :<\/p>\n<ul>\n<li data-start=\"5512\" data-end=\"5551\">den ordnungsgem\u00e4\u00dfen Betrieb der Website gew\u00e4hrleisten; ;<\/li>\n<li data-start=\"5554\" data-end=\"5604\">die Zielgruppe messen und die Leistung verbessern; ;<\/li>\n<li data-start=\"5607\" data-end=\"5642\">verbessern Sie die Benutzererfahrung.<\/li>\n<\/ul>\n<p data-start=\"5644\" data-end=\"5751\">Die nicht unbedingt erforderlichen Cookies unterliegen der <strong data-start=\"5686\" data-end=\"5712\">vorherige Einwilligung<\/strong> des Benutzers \u00fcber ein spezielles Banner.<\/p>\n<p data-start=\"5753\" data-end=\"5864\">Der Benutzer kann seine Pr\u00e4ferenzen jederzeit \u00fcber seinen Browser oder das Cookie-Management-Tool \u00e4ndern.<\/p>\n<p data-start=\"5753\" data-end=\"5864\">\u00a0<\/p>\n<hr data-start=\"5866\" data-end=\"5869\" \/>\n<h2 data-start=\"5871\" data-end=\"5907\">ARTIKEL 12 \u2013 DATENSICHERHEIT<\/h2>\n<p data-start=\"5909\" data-end=\"6115\">Die Website ist durch ein SSL-Zertifikat gesichert.<br data-start=\"5952\" data-end=\"5955\" \/>Technische und organisatorische Ma\u00dfnahmen werden ergriffen, um die Daten vor Verlust, Ver\u00e4nderung, unbefugtem Zugriff oder Offenlegung zu sch\u00fctzen.<\/p>\n<p data-start=\"5909\" data-end=\"6115\">\u00a0<\/p>\n<hr data-start=\"6117\" data-end=\"6120\" \/>\n<h2 data-start=\"6122\" data-end=\"6166\">ARTIKEL 13 \u2013 \u00c4NDERUNG DER RICHTLINIE<\/h2>\n<p data-start=\"6168\" data-end=\"6297\">Diese Datenschutzerkl\u00e4rung kann jederzeit ge\u00e4ndert werden, um den geltenden Vorschriften zu entsprechen.<\/p>\n<p data-start=\"6299\" data-end=\"6358\">Benutzer werden gebeten, diese regelm\u00e4\u00dfig zu konsultieren.<\/p>\n<p><\/p>\t\t\t\t\t\t\t\t<\/div>\n\t\t\t\t<\/div>\n\t\t\t\t\t<\/div>\n\t\t<\/div>\n\t\t\t\t\t<\/div>\n\t\t<\/section>\n\t\t\t\t<\/div>","protected":false},"excerpt":{"rendered":"<p>POLITIQUE DE CONFIDENTIALIT\u00c9 Site : M-Stickers \u2013 www.m-stickers.com ARTICLE 1 \u2013 PR\u00c9AMBULE La pr\u00e9sente politique de confidentialit\u00e9 s\u2019applique au site internet www.m-stickers.com, exploit\u00e9 sous la marque M-Stickers.La marque M-Stickers est une marque commerciale exploit\u00e9e par la soci\u00e9t\u00e9 MSTKS HOLDING, ci-apr\u00e8s d\u00e9nomm\u00e9e \u00ab l\u2019\u00c9diteur \u00bb. Cette politique a pour objectif d\u2019informer les utilisateurs du site sur [&hellip;]<\/p>\n","protected":false},"author":1,"featured_media":0,"parent":0,"menu_order":0,"comment_status":"closed","ping_status":"closed","template":"","meta":{"footnotes":""},"class_list":["post-3","page","type-page","status-publish","hentry","entry","owp-thumbs-layout-horizontal","owp-btn-big","owp-tabs-layout-horizontal","has-no-thumbnails"],"ase":null,"_links":{"self":[{"href":"https:\/\/www.m-stickers.com\/de\/wp-json\/wp\/v2\/pages\/3","targetHints":{"allow":["GET"]}}],"collection":[{"href":"https:\/\/www.m-stickers.com\/de\/wp-json\/wp\/v2\/pages"}],"about":[{"href":"https:\/\/www.m-stickers.com\/de\/wp-json\/wp\/v2\/types\/page"}],"author":[{"embeddable":true,"href":"https:\/\/www.m-stickers.com\/de\/wp-json\/wp\/v2\/users\/1"}],"replies":[{"embeddable":true,"href":"https:\/\/www.m-stickers.com\/de\/wp-json\/wp\/v2\/comments?post=3"}],"version-history":[{"count":6,"href":"https:\/\/www.m-stickers.com\/de\/wp-json\/wp\/v2\/pages\/3\/revisions"}],"predecessor-version":[{"id":63932,"href":"https:\/\/www.m-stickers.com\/de\/wp-json\/wp\/v2\/pages\/3\/revisions\/63932"}],"wp:attachment":[{"href":"https:\/\/www.m-stickers.com\/de\/wp-json\/wp\/v2\/media?parent=3"}],"curies":[{"name":"Motorrad","href":"https:\/\/api.w.org\/{rel}","templated":true}]}}