{"id":4264,"date":"2020-11-12T14:52:26","date_gmt":"2020-11-12T13:52:26","guid":{"rendered":"https:\/\/www.m-stickers.com\/?page_id=4264"},"modified":"2021-11-25T20:53:41","modified_gmt":"2021-11-25T19:53:41","slug":"boutique","status":"publish","type":"page","link":"https:\/\/www.m-stickers.com\/de\/boutique\/","title":{"rendered":"Shop"},"content":{"rendered":"<p>Find all our unique and 100% customizable Felgenaufkleber. Designed in France, our <strong>Dekorationss\u00e4tze<\/strong>\u00a0and\u00a0<strong>Motorradfelgenaufkleber<\/strong>\u00a0 sind einzigartig und\u00a0<strong>100% personalisierbar<\/strong>. Unsere Produktpalette<strong>\u00a0Felgenaufkleber<\/strong>\u00a0<strong>Motorr\u00e4der<\/strong>\u00a0aus den besten Vinyl-Materialien hergestellt, um Ihnen die bestm\u00f6gliche, langlebige Klebewirkung zu bieten. Unsere Kollektion...\u00a0<strong>Moto-Aufkleber<\/strong>\u00a0wird f\u00fcr jeden Verwendungszweck \u2013 sportlich, st\u00e4dtisch, allt\u00e4glich \u2013 perfekt angepasst.\u00a0<strong>The Decorating Kit<\/strong>\u00a0ist die finale Gestaltung Ihrer Motorrad, die sie sowohl pers\u00f6nlich als auch einzigartig macht! Hier finden Sie eine gro\u00dfe Auswahl an Modellen\u00a0<strong>Motorcycle decoration kits<\/strong>\u00a0and<strong>\u00a0Felgenlippe<\/strong>\u00a0F\u00fcr eine gro\u00dfe Auswahl an Motorr\u00e4dern.  Wenn Ihr Motorradmodell nicht dabei ist oder Sie eine\n\n(or, slightly more idiomatic)\n\nF\u00fcr eine gro\u00dfe Auswahl an Motorr\u00e4dern.  Falls Ihr Motorradmodell nicht aufgef\u00fchrt ist oder Sie eine\u00a0<strong>Motorrad-Dekorationsset<\/strong> Ma\u00dfgeschneidert: Z\u00f6gern Sie nicht, uns zu kontaktieren!<\/p>","protected":false},"excerpt":{"rendered":"<p>Retrouvez tous nos stickers de jantes uniques et 100% personnalisables. Con\u00e7us en France, nos kits d\u00e9co\u00a0et\u00a0stickers de jantes motos\u00a0 sont uniques et\u00a0100% personnalisables. Notre gamme de\u00a0stickers de jantes\u00a0motos\u00a0sont fabriqu\u00e9s \u00e0 partir des meilleurs vinyles dans le but de vous offrir le meilleur adh\u00e9sif possible pour une tenue longue dur\u00e9e. Notre collection de\u00a0stickers moto\u00a0est d\u00e9clin\u00e9e afin [&hellip;]<\/p>\n","protected":false},"author":1,"featured_media":0,"parent":0,"menu_order":0,"comment_status":"closed","ping_status":"closed","template":"elementor_canvas","meta":{"footnotes":""},"class_list":["post-4264","page","type-page","status-publish","hentry","entry","owp-thumbs-layout-horizontal","owp-btn-big","owp-tabs-layout-horizontal","has-no-thumbnails"],"ase":null,"_links":{"self":[{"href":"https:\/\/www.m-stickers.com\/de\/wp-json\/wp\/v2\/pages\/4264","targetHints":{"allow":["GET"]}}],"collection":[{"href":"https:\/\/www.m-stickers.com\/de\/wp-json\/wp\/v2\/pages"}],"about":[{"href":"https:\/\/www.m-stickers.com\/de\/wp-json\/wp\/v2\/types\/page"}],"author":[{"embeddable":true,"href":"https:\/\/www.m-stickers.com\/de\/wp-json\/wp\/v2\/users\/1"}],"replies":[{"embeddable":true,"href":"https:\/\/www.m-stickers.com\/de\/wp-json\/wp\/v2\/comments?post=4264"}],"version-history":[{"count":0,"href":"https:\/\/www.m-stickers.com\/de\/wp-json\/wp\/v2\/pages\/4264\/revisions"}],"wp:attachment":[{"href":"https:\/\/www.m-stickers.com\/de\/wp-json\/wp\/v2\/media?parent=4264"}],"curies":[{"name":"Motorrad","href":"https:\/\/api.w.org\/{rel}","templated":true}]}}