{"id":49594,"date":"2023-11-02T17:15:01","date_gmt":"2023-11-02T16:15:01","guid":{"rendered":"https:\/\/www.m-stickers.com\/?page_id=49594"},"modified":"2023-11-14T13:03:31","modified_gmt":"2023-11-14T12:03:31","slug":"mein-vorproduktion-konto","status":"publish","type":"page","link":"https:\/\/www.m-stickers.com\/de\/mon-compte-pre-pro\/","title":{"rendered":"Mein Konto \u2013 Vor \u2013 Pro"},"content":{"rendered":"<div data-elementor-type=\"wp-page\" data-elementor-id=\"49594\" class=\"elementor elementor-49594\" data-elementor-post-type=\"page\">\n\t\t\t\t\t\t<section class=\"elementor-section elementor-top-section elementor-element elementor-element-625df3d elementor-section-boxed elementor-section-height-default elementor-section-height-default\" data-id=\"625df3d\" data-element_type=\"section\" data-e-type=\"section\">\n\t\t\t\t\t\t<div class=\"elementor-container elementor-column-gap-default\">\n\t\t\t\t\t<div class=\"elementor-column elementor-col-100 elementor-top-column elementor-element elementor-element-3a1b0f3\" data-id=\"3a1b0f3\" data-element_type=\"column\" data-e-type=\"column\">\n\t\t\t<div class=\"elementor-widget-wrap elementor-element-populated\">\n\t\t\t\t\t\t<div class=\"elementor-element elementor-element-883ee5a stax-condition-yes stax-user_role_enabled-yes elementor-widget elementor-widget-heading\" data-id=\"883ee5a\" data-element_type=\"widget\" data-e-type=\"widget\" data-widget_type=\"heading.default\">\n\t\t\t\t<div class=\"elementor-widget-container\">\n\t\t\t\t\t<h1 class=\"elementor-heading-title elementor-size-default\">Anmeldung und Registrierung f\u00fcr ein professionelles Konto<\/h1>\t\t\t\t<\/div>\n\t\t\t\t<\/div>\n\t\t\t\t<div class=\"elementor-element elementor-element-6f2760b elementor-widget-divider--view-line elementor-widget elementor-widget-divider\" data-id=\"6f2760b\" data-element_type=\"widget\" data-e-type=\"widget\" data-widget_type=\"divider.default\">\n\t\t\t\t<div class=\"elementor-widget-container\">\n\t\t\t\t\t\t\t<div class=\"elementor-divider\">\n\t\t\t<span class=\"elementor-divider-separator\">\n\t\t\t\t\t\t<\/span>\n\t\t<\/div>\n\t\t\t\t\t\t<\/div>\n\t\t\t\t<\/div>\n\t\t\t\t<div class=\"elementor-element elementor-element-b9f4b59 elementor-align-center elementor-widget elementor-widget-button\" data-id=\"b9f4b59\" data-element_type=\"widget\" data-e-type=\"widget\" data-widget_type=\"button.default\">\n\t\t\t\t<div class=\"elementor-widget-container\">\n\t\t\t\t\t\t\t\t\t<div class=\"elementor-button-wrapper\">\n\t\t\t\t\t<a class=\"elementor-button elementor-button-link elementor-size-sm\" href=\"https:\/\/www.m-stickers.com\/de\/mein-profi-konto-anmelden\/\">\n\t\t\t\t\t\t<span class=\"elementor-button-content-wrapper\">\n\t\t\t\t\t\t\t\t\t<span class=\"elementor-button-text\">Verbindung<\/span>\n\t\t\t\t\t<\/span>\n\t\t\t\t\t<\/a>\n\t\t\t\t<\/div>\n\t\t\t\t\t\t\t\t<\/div>\n\t\t\t\t<\/div>\n\t\t\t\t<div class=\"elementor-element elementor-element-523c0ac stax-condition-yes stax-user_role_enabled-yes elementor-widget elementor-widget-heading\" data-id=\"523c0ac\" data-element_type=\"widget\" data-e-type=\"widget\" data-widget_type=\"heading.default\">\n\t\t\t\t<div class=\"elementor-widget-container\">\n\t\t\t\t\t<h1 class=\"elementor-heading-title elementor-size-medium\">Die Registrierung eines Business-Kontos unterliegt einer \u00dcberpr\u00fcfung.  Eventuell werden im Anschluss weitere Dokumente zur Vervollst\u00e4ndigung der Registrierung angefordert.  Falsche oder fehlende Angaben f\u00fchren zur L\u00f6schung des Kontos.<\/h1>\t\t\t\t<\/div>\n\t\t\t\t<\/div>\n\t\t\t\t\t<\/div>\n\t\t<\/div>\n\t\t\t\t\t<\/div>\n\t\t<\/section>\n\t\t\t\t<\/div>","protected":false},"excerpt":{"rendered":"<p>Bitte aktivieren Sie JavaScript in Ihrem Browser, um dieses Formular auszuf\u00fcllen.Firmenname *USt.-ID *oder Firmennummer N\u00e4chster Schritt Anmeldung<\/p>","protected":false},"author":1,"featured_media":0,"parent":0,"menu_order":0,"comment_status":"closed","ping_status":"closed","template":"","meta":{"footnotes":""},"class_list":["post-49594","page","type-page","status-publish","hentry","entry","owp-thumbs-layout-horizontal","owp-btn-big","owp-tabs-layout-horizontal","has-no-thumbnails"],"ase":null,"_links":{"self":[{"href":"https:\/\/www.m-stickers.com\/de\/wp-json\/wp\/v2\/pages\/49594","targetHints":{"allow":["GET"]}}],"collection":[{"href":"https:\/\/www.m-stickers.com\/de\/wp-json\/wp\/v2\/pages"}],"about":[{"href":"https:\/\/www.m-stickers.com\/de\/wp-json\/wp\/v2\/types\/page"}],"author":[{"embeddable":true,"href":"https:\/\/www.m-stickers.com\/de\/wp-json\/wp\/v2\/users\/1"}],"replies":[{"embeddable":true,"href":"https:\/\/www.m-stickers.com\/de\/wp-json\/wp\/v2\/comments?post=49594"}],"version-history":[{"count":13,"href":"https:\/\/www.m-stickers.com\/de\/wp-json\/wp\/v2\/pages\/49594\/revisions"}],"predecessor-version":[{"id":50042,"href":"https:\/\/www.m-stickers.com\/de\/wp-json\/wp\/v2\/pages\/49594\/revisions\/50042"}],"wp:attachment":[{"href":"https:\/\/www.m-stickers.com\/de\/wp-json\/wp\/v2\/media?parent=49594"}],"curies":[{"name":"Motorrad","href":"https:\/\/api.w.org\/{rel}","templated":true}]}}