{"id":51796,"date":"2023-12-18T09:10:53","date_gmt":"2023-12-18T08:10:53","guid":{"rendered":"https:\/\/www.m-stickers.com\/?page_id=51796"},"modified":"2024-02-16T10:42:31","modified_gmt":"2024-02-16T09:42:31","slug":"unsere-aufkleber-2","status":"publish","type":"page","link":"https:\/\/www.m-stickers.com\/de\/nos-stickers\/","title":{"rendered":"Unsere Aufkleber"},"content":{"rendered":"<div data-elementor-type=\"wp-page\" data-elementor-id=\"51796\" class=\"elementor elementor-51796\" data-elementor-post-type=\"page\">\n\t\t\t\t\t\t<section class=\"elementor-section elementor-top-section elementor-element elementor-element-7300698 elementor-section-boxed elementor-section-height-default elementor-section-height-default\" data-id=\"7300698\" data-element_type=\"section\" data-e-type=\"section\">\n\t\t\t\t\t\t<div class=\"elementor-container elementor-column-gap-default\">\n\t\t\t\t\t<div class=\"elementor-column elementor-col-100 elementor-top-column elementor-element elementor-element-f606333\" data-id=\"f606333\" data-element_type=\"column\" data-e-type=\"column\">\n\t\t\t<div class=\"elementor-widget-wrap elementor-element-populated\">\n\t\t\t\t\t\t<div class=\"elementor-element elementor-element-4d95971 elementor-widget elementor-widget-heading\" data-id=\"4d95971\" data-element_type=\"widget\" data-e-type=\"widget\" data-widget_type=\"heading.default\">\n\t\t\t\t<div class=\"elementor-widget-container\">\n\t\t\t\t\t<h2 class=\"elementor-heading-title elementor-size-default\">Unsere Aufkleber: Au\u00dfergew\u00f6hnliche Qualit\u00e4t f\u00fcr eine unvergleichliche Personalisierung!<\/h2>\t\t\t\t<\/div>\n\t\t\t\t<\/div>\n\t\t\t\t<div class=\"elementor-element elementor-element-fa4ad2c elementor-widget-divider--view-line elementor-widget elementor-widget-divider\" data-id=\"fa4ad2c\" data-element_type=\"widget\" data-e-type=\"widget\" data-widget_type=\"divider.default\">\n\t\t\t\t<div class=\"elementor-widget-container\">\n\t\t\t\t\t\t\t<div class=\"elementor-divider\">\n\t\t\t<span class=\"elementor-divider-separator\">\n\t\t\t\t\t\t<\/span>\n\t\t<\/div>\n\t\t\t\t\t\t<\/div>\n\t\t\t\t<\/div>\n\t\t\t\t<div class=\"elementor-element elementor-element-d912ebf elementor-widget elementor-widget-text-editor\" data-id=\"d912ebf\" data-element_type=\"widget\" data-e-type=\"widget\" data-widget_type=\"text-editor.default\">\n\t\t\t\t<div class=\"elementor-widget-container\">\n\t\t\t\t\t\t\t\t\t<p><span style=\"font-size: 17px; color: #ffffff;\"> <img decoding=\"async\" class=\"wp-image-53780 alignleft\" src=\"https:\/\/www.m-stickers.com\/wp-content\/uploads\/2024\/02\/Garantie_6_ans-300x300.png\" alt=\"\" width=\"109\" height=\"109\" srcset=\"https:\/\/www.m-stickers.com\/wp-content\/uploads\/2024\/02\/Garantie_6_ans-300x300.png 300w, https:\/\/www.m-stickers.com\/wp-content\/uploads\/2024\/02\/Garantie_6_ans-150x150.png 150w, https:\/\/www.m-stickers.com\/wp-content\/uploads\/2024\/02\/Garantie_6_ans-100x100.png 100w, https:\/\/www.m-stickers.com\/wp-content\/uploads\/2024\/02\/Garantie_6_ans.png 400w\" sizes=\"(max-width: 109px) 100vw, 109px\" \/>Bei M-Stickers sind wir stolz darauf, Ihnen Sticker von au\u00dfergew\u00f6hnlicher Qualit\u00e4t anzubieten, <b><u>Alle unsere Aufkleber haben 6 Jahre Garantie!<\/u><\/b> entwickelt, um die individuelle Gestaltung Ihres Motorrads zu sublimieren. Hier sind die technischen Spezifikationen unserer Hauptmaterialien, damit Sie genau wissen, was unsere Aufkleber auszeichnet:<\/span><\/p>\t\t\t\t\t\t\t\t<\/div>\n\t\t\t\t<\/div>\n\t\t\t\t<div class=\"elementor-element elementor-element-d9197ac elementor-widget elementor-widget-text-editor\" data-id=\"d9197ac\" data-element_type=\"widget\" data-e-type=\"widget\" data-widget_type=\"text-editor.default\">\n\t\t\t\t<div class=\"elementor-widget-container\">\n\t\t\t\t\t\t\t\t\t<ul><li style=\"list-style-type: none;\"><ul><li><span style=\"color: #ffffff;\"><strong>Klebefolie Polymere Wei\u00df Hochglanz \u2013 Permanent \/ Grau \u2013 70\u00b5m<\/strong><\/span><\/li><\/ul><\/li><\/ul><p><span style=\"color: #ffffff;\"><em><span style=\"text-decoration: underline;\">Description<\/span> :<\/em> Unser Klebeband ist ein gl\u00e4nzendes wei\u00dfes Polymer mit einem permanenten grauen Klebstoff. Es ist speziell f\u00fcr Au\u00dfenanwendungen konzipiert und gew\u00e4hrleistet optimale Haftung auf verschiedenen Oberfl\u00e4chen, einschlie\u00dflich Fahrzeuge.<\/span><\/p><p style=\"text-align: left;\"><span style=\"color: #ffffff;\"><em>Eigenschaften:<\/em><\/span><\/p><ul><li style=\"list-style-type: none;\"><ul><li style=\"text-align: left;\"><span style=\"color: #ffffff;\">Aufkleber: Permanent, hochentwickeltes Acryl, grau<\/span><\/li><li style=\"text-align: left;\"><span style=\"color: #ffffff;\">Liner: Silikonbeschichtetes Papier, PE beschichtet, 140 g\/m\u00b2, wei\u00df<\/span><\/li><li style=\"text-align: left;\"><span style=\"color: #ffffff;\">Dicke: 70 \u00b5m<\/span><\/li><li style=\"text-align: left;\"><span style=\"color: #ffffff;\">Haltbarkeit: 7 Jahre<\/span><\/li><li style=\"text-align: left;\"><span style=\"color: #ffffff;\">Temperaturbest\u00e4ndigkeit: von -30 \u00b0C bis 90 \u00b0C<\/span><\/li><li style=\"text-align: left;\"><span style=\"color: #ffffff;\">Widerstandsf\u00e4higkeit gegen Farben: L\u00f6sungsmittel, \u00d6ko-L\u00f6sungsmittel, UV, Latex<\/span><\/li><\/ul><\/li><\/ul><p><span style=\"color: #ffffff;\"><em><span style=\"text-decoration: underline;\">Gebrauchsanweisungen<\/span> :<\/em> Unsere Polymerge-Vinylsticker sind f\u00fcr die Anbringung auf Motorrad-Felgen geeignet, egal ob gerade oder leicht gew\u00f6lbt. Dank des hochwertigen Klebers einfach anzubringen und <a href=\"https:\/\/www.m-stickers.com\/de\/anleitungen\/\"><b>Unsere Montageanleitungen<\/b><\/a>Sie gew\u00e4hrleisten optimale Haftung und au\u00dfergew\u00f6hnliche Haltbarkeit, resistent gegen Witterungseinfl\u00fcsse und UV-Strahlung.<\/span><\/p>\t\t\t\t\t\t\t\t<\/div>\n\t\t\t\t<\/div>\n\t\t\t\t<div class=\"elementor-element elementor-element-8f42db8 elementor-widget elementor-widget-image\" data-id=\"8f42db8\" data-element_type=\"widget\" data-e-type=\"widget\" data-widget_type=\"image.default\">\n\t\t\t\t<div class=\"elementor-widget-container\">\n\t\t\t\t\t\t\t\t\t\t\t\t\t\t\t<img fetchpriority=\"high\" decoding=\"async\" width=\"300\" height=\"225\" src=\"https:\/\/www.m-stickers.com\/wp-content\/uploads\/2022\/01\/387322839_1299213127625743_8525349191360558234_n-300x225.jpg\" class=\"attachment-medium size-medium wp-image-49457\" alt=\"\" srcset=\"https:\/\/www.m-stickers.com\/wp-content\/uploads\/2022\/01\/387322839_1299213127625743_8525349191360558234_n-300x225.jpg 300w, https:\/\/www.m-stickers.com\/wp-content\/uploads\/2022\/01\/387322839_1299213127625743_8525349191360558234_n-600x450.jpg 600w, https:\/\/www.m-stickers.com\/wp-content\/uploads\/2022\/01\/387322839_1299213127625743_8525349191360558234_n-768x576.jpg 768w, https:\/\/www.m-stickers.com\/wp-content\/uploads\/2022\/01\/387322839_1299213127625743_8525349191360558234_n.jpg 960w\" sizes=\"(max-width: 300px) 100vw, 300px\" \/>\t\t\t\t\t\t\t\t\t\t\t\t\t\t\t<\/div>\n\t\t\t\t<\/div>\n\t\t\t\t<div class=\"elementor-element elementor-element-4ff965b elementor-widget elementor-widget-text-editor\" data-id=\"4ff965b\" data-element_type=\"widget\" data-e-type=\"widget\" data-widget_type=\"text-editor.default\">\n\t\t\t\t<div class=\"elementor-widget-container\">\n\t\t\t\t\t\t\t\t\t<ul><li style=\"list-style-type: none;\">\u00a0<\/li><\/ul><div><span style=\"color: #ffffff;\"><b>\u00a0<\/b><\/span><\/div><hr \/><ul><li style=\"list-style-type: none;\"><ul><li><span style=\"color: #ffffff;\"><strong>Premium Polymer Laminierung \u2013 Klar gl\u00e4nzend \u2013 70\u00b5m<\/strong><\/span><\/li><\/ul><\/li><\/ul><p><span style=\"color: #ffffff;\"><em><span style=\"text-decoration: underline;\">Description<\/span> :<\/em> Die Laminierung ist ein zus\u00e4tzlicher Schutz, den wir auf all unsere Aufkleber anwenden. Es handelt sich um ein gl\u00e4nzendes Premium-Polymer. Bestehend aus nicht migrierenden polymeren Weichmachern und speziellen UV-Stabilisatoren, bietet sie maximale Lichtechtheit und hervorragende Best\u00e4ndigkeit im Au\u00dfenbereich.<\/span><\/p><p><span style=\"color: #ffffff;\"><em>Eigenschaften:<\/em><\/span><\/p><ul><li style=\"list-style-type: none;\"><ul><li><span style=\"color: #ffffff;\">Aufkleber: Permanent, Acryl-L\u00f6sungsmittelbasis, transparent<\/span><\/li><li><span style=\"color: #ffffff;\">Liner: Silikonbeschichtetes Papier, PE beschichtet, 140 g\/m\u00b2, wei\u00df<\/span><\/li><li><span style=\"color: #ffffff;\">Dicke: 70 \u00b5m<\/span><\/li><li><span style=\"color: #ffffff;\">Haltbarkeit: 8 Jahre<\/span><\/li><li><span style=\"color: #ffffff;\">Temperaturbest\u00e4ndigkeit: von -30 \u00b0C bis 90 \u00b0C<\/span><\/li><\/ul><\/li><\/ul><p><span style=\"color: #ffffff;\"><em><span style=\"text-decoration: underline;\">Gebrauchsanweisungen<\/span> :<\/em> Unsere Premium-Polymerlaminierung wurde entwickelt, um die Lebensdauer Ihrer Aufkleber zu verl\u00e4ngern und optimalen Schutz zu gew\u00e4hrleisten. Transparent und gl\u00e4nzend oder matt, bietet sie eine makellose Oberfl\u00e4che und garantiert gleichzeitig eine au\u00dfergew\u00f6hnliche Best\u00e4ndigkeit gegen\u00fcber \u00e4u\u00dferen Bedingungen.<\/span><\/p>\t\t\t\t\t\t\t\t<\/div>\n\t\t\t\t<\/div>\n\t\t\t\t<div class=\"elementor-element elementor-element-f926ec1 elementor-widget elementor-widget-image\" data-id=\"f926ec1\" data-element_type=\"widget\" data-e-type=\"widget\" data-widget_type=\"image.default\">\n\t\t\t\t<div class=\"elementor-widget-container\">\n\t\t\t\t\t\t\t\t\t\t\t\t\t\t\t<img decoding=\"async\" width=\"150\" height=\"150\" src=\"https:\/\/www.m-stickers.com\/wp-content\/uploads\/2023\/12\/512ej05XmkL-150x150.jpg\" class=\"attachment-thumbnail size-thumbnail wp-image-51842\" alt=\"\" srcset=\"https:\/\/www.m-stickers.com\/wp-content\/uploads\/2023\/12\/512ej05XmkL-150x150.jpg 150w, https:\/\/www.m-stickers.com\/wp-content\/uploads\/2023\/12\/512ej05XmkL-300x297.jpg 300w, https:\/\/www.m-stickers.com\/wp-content\/uploads\/2023\/12\/512ej05XmkL-100x100.jpg 100w, https:\/\/www.m-stickers.com\/wp-content\/uploads\/2023\/12\/512ej05XmkL-600x600.jpg 600w, https:\/\/www.m-stickers.com\/wp-content\/uploads\/2023\/12\/512ej05XmkL-1024x1015.jpg 1024w, https:\/\/www.m-stickers.com\/wp-content\/uploads\/2023\/12\/512ej05XmkL-768x761.jpg 768w, https:\/\/www.m-stickers.com\/wp-content\/uploads\/2023\/12\/512ej05XmkL.jpg 1500w\" sizes=\"(max-width: 150px) 100vw, 150px\" \/>\t\t\t\t\t\t\t\t\t\t\t\t\t\t\t<\/div>\n\t\t\t\t<\/div>\n\t\t\t\t<div class=\"elementor-element elementor-element-eae01c1 elementor-widget elementor-widget-text-editor\" data-id=\"eae01c1\" data-element_type=\"widget\" data-e-type=\"widget\" data-widget_type=\"text-editor.default\">\n\t\t\t\t<div class=\"elementor-widget-container\">\n\t\t\t\t\t\t\t\t\t<ul><li style=\"list-style-type: none;\">\u00a0<\/li><\/ul><div><span style=\"color: #ffffff;\"><b>\u00a0<\/b><\/span><\/div><hr \/><ul><li style=\"list-style-type: none;\"><ul><li><span style=\"color: #ffffff;\"><strong>Ultra-resistent Laminierung \u2013 Klar gl\u00e4nzend \u2013 305\u00b5m<\/strong><\/span><\/li><\/ul><\/li><\/ul><p><span style=\"color: #ffffff;\"><em style=\"font-family: Roboto, sans-serif; font-size: 17px; font-variant-ligatures: normal; font-variant-caps: normal; font-weight: 400;\"><span style=\"font-size: 17px;\">Description<\/span>\u00a0:<\/em><span style=\"font-family: Roboto, sans-serif; font-size: 17px; font-style: normal; font-variant-ligatures: normal; font-variant-caps: normal; font-weight: 400;\">\u00a0<\/span>Unsere dicke Laminierung ist die ideale L\u00f6sung f\u00fcr <a href=\"https:\/\/www.m-stickers.com\/de\/product-category\/dekorationsset\/\"><b>Verkleidung-Dekor-Kit<\/b><\/a> Die Siebdrucktinte wurde speziell f\u00fcr den Einsatz in Umgebungen mit intensivem Abrieb entwickelt. Sie bietet eine extrem haltbare Barriere, die Ihre Aufkleber und Grafiken sch\u00fctzt und gleichzeitig eine au\u00dfergew\u00f6hnliche Klarheit bewahrt.\u00a0<span style=\"font-size: 17px;\">Diese Laminierung wurde entwickelt, um sich an leicht gekr\u00fcmmte Oberfl\u00e4chen anzupassen, ist vielseitig einsetzbar und passt perfekt zu verschiedenen Teilen Ihres Motorrads.<\/span><\/span><\/p><p><span style=\"color: #ffffff;\"><em>Eigenschaften:<\/em><\/span><\/p><ul><li style=\"list-style-type: none;\"><ul><li><span style=\"color: #ffffff;\">Dicke: 305 \u00b5m<\/span><\/li><li><span style=\"color: #ffffff;\">Aufkleber: Permanent, starker Kleber, acrylatbasiert, l\u00f6sungsmittelhaltig<\/span><\/li><li><span style=\"color: #ffffff;\">Liner: Klarer Kunststofffliner<\/span><\/li><li><span style=\"color: #ffffff;\">Anwendungstemperatur: 10 \u00b0C bis 26 \u00b0C<\/span><\/li><li><span style=\"color: #ffffff;\">Temperaturbest\u00e4ndigkeit: von -40 \u00b0C bis 80 \u00b0C<\/span><\/li><li><span style=\"color: #ffffff;\">Haltbarkeit: 8 Jahre<\/span><\/li><\/ul><\/li><\/ul>\t\t\t\t\t\t\t\t<\/div>\n\t\t\t\t<\/div>\n\t\t\t\t<div class=\"elementor-element elementor-element-ca6aaa2 elementor-widget elementor-widget-image\" data-id=\"ca6aaa2\" data-element_type=\"widget\" data-e-type=\"widget\" data-widget_type=\"image.default\">\n\t\t\t\t<div class=\"elementor-widget-container\">\n\t\t\t\t\t\t\t\t\t\t\t\t\t\t\t<img loading=\"lazy\" decoding=\"async\" width=\"298\" height=\"300\" src=\"https:\/\/www.m-stickers.com\/wp-content\/uploads\/2023\/12\/eba5b8dcc45d7467f47150c37fb23ac1-298x300.jpg\" class=\"attachment-medium size-medium wp-image-51843\" alt=\"\" srcset=\"https:\/\/www.m-stickers.com\/wp-content\/uploads\/2023\/12\/eba5b8dcc45d7467f47150c37fb23ac1-298x300.jpg 298w, https:\/\/www.m-stickers.com\/wp-content\/uploads\/2023\/12\/eba5b8dcc45d7467f47150c37fb23ac1-100x100.jpg 100w, https:\/\/www.m-stickers.com\/wp-content\/uploads\/2023\/12\/eba5b8dcc45d7467f47150c37fb23ac1-600x603.jpg 600w, https:\/\/www.m-stickers.com\/wp-content\/uploads\/2023\/12\/eba5b8dcc45d7467f47150c37fb23ac1-150x150.jpg 150w, https:\/\/www.m-stickers.com\/wp-content\/uploads\/2023\/12\/eba5b8dcc45d7467f47150c37fb23ac1-768x772.jpg 768w, https:\/\/www.m-stickers.com\/wp-content\/uploads\/2023\/12\/eba5b8dcc45d7467f47150c37fb23ac1.jpg 886w\" sizes=\"(max-width: 298px) 100vw, 298px\" \/>\t\t\t\t\t\t\t\t\t\t\t\t\t\t\t<\/div>\n\t\t\t\t<\/div>\n\t\t\t\t<div class=\"elementor-element elementor-element-f97bb3f elementor-widget elementor-widget-text-editor\" data-id=\"f97bb3f\" data-element_type=\"widget\" data-e-type=\"widget\" data-widget_type=\"text-editor.default\">\n\t\t\t\t<div class=\"elementor-widget-container\">\n\t\t\t\t\t\t\t\t\t<ul>\n<li style=\"list-style-type: none;\">&nbsp;<\/li>\n<\/ul>\n<hr>\n<ul>\n<li style=\"list-style-type: none;\">\n<ul>\n<li><span style=\"color: #ffffff;\"><strong>Einfache Montage mit Aufsteckband und detaillierten Anleitungen:<\/strong><\/span><\/li>\n<\/ul>\n<\/li>\n<\/ul>\n<p><span style=\"color: #ffffff;\">Bei M-Stickers ist die Zufriedenheit unserer Kunden von gr\u00f6\u00dfter Bedeutung. Aus diesem Grund legen wir jeder Bestellung ein Applikationsband bei, um die Anbringung Ihrer Aufkleber zu erleichtern. Au\u00dferdem, <a href=\"https:\/\/www.m-stickers.com\/de\/anleitungen\/\"><b>Unsere detaillierten Anleitungen<\/b><\/a> Schritt f\u00fcr Schritt zu einer einwandfreien Anwendung.<\/span><\/p>\n<ul>\n<li style=\"list-style-type: none;\">\n<ul>\n<li><span style=\"color: #ffffff;\"><strong>Sticker-Effekte verf\u00fcgbar:<\/strong><\/span><\/li>\n<\/ul>\n<\/li>\n<\/ul>\n<p><span style=\"color: #ffffff;\">Entdecken Sie unsere vielf\u00e4ltige Auswahl an Materialeffekten f\u00fcr einzigartige Ergebnisse:<\/span><\/p>\n<ul>\n<li style=\"list-style-type: none;\">\n<ul>\n<li><span style=\"color: #ffffff;\">Genial<\/span><\/li>\n<li><span style=\"color: #ffffff;\">Mat<\/span><\/li>\n<li><span style=\"color: #ffffff;\">holographisch<\/span><\/li>\n<li><span style=\"color: #ffffff;\">\u00dcberlegend<\/span><\/li>\n<li><span style=\"color: #ffffff;\">Transparent<\/span><\/li>\n<li><span style=\"color: #ffffff;\">\u2026<\/span><\/li>\n<\/ul>\n<\/li>\n<\/ul>\n<p><span style=\"color: #ffffff;\">Um mehr \u00fcber unsere verschiedenen Effekte zu erfahren, <a href=\"https:\/\/www.m-stickers.com\/de\/unsere-aufkleber\/\"><b>Schauen Sie sich unsere Seite an, die den Sticker-Effekten gewidmet ist.<\/b><\/a><\/span><\/p>\n<hr>\n<p style=\"text-align: center;\"><span style=\"color: #ffffff;\">Dr\u00fccken Sie sich mit M-Stickers aus und verwandeln Sie Ihr Motorrad mit unseren Aufklebern von au\u00dfergew\u00f6hnlicher Qualit\u00e4t!<\/span><\/p>\t\t\t\t\t\t\t\t<\/div>\n\t\t\t\t<\/div>\n\t\t\t\t\t<\/div>\n\t\t<\/div>\n\t\t\t\t\t<\/div>\n\t\t<\/section>\n\t\t\t\t<\/div>","protected":false},"excerpt":{"rendered":"<p>Nos Stickers : Qualit\u00e9 Exceptionnelle pour une Personnalisation Incomparable ! Chez M-Stickers, nous sommes fiers de vous offrir des stickers d&rsquo;une qualit\u00e9 exceptionnelle, tous nos stickers sont garantis pour une dur\u00e9e de 6 ans ! con\u00e7us pour sublimer la personnalisation de votre moto. Voici les sp\u00e9cifications techniques de nos principaux mat\u00e9riaux pour que vous sachiez [&hellip;]<\/p>\n","protected":false},"author":1,"featured_media":0,"parent":0,"menu_order":0,"comment_status":"closed","ping_status":"closed","template":"","meta":{"footnotes":""},"class_list":["post-51796","page","type-page","status-publish","hentry","entry","owp-thumbs-layout-horizontal","owp-btn-big","owp-tabs-layout-horizontal","has-no-thumbnails"],"ase":null,"_links":{"self":[{"href":"https:\/\/www.m-stickers.com\/de\/wp-json\/wp\/v2\/pages\/51796","targetHints":{"allow":["GET"]}}],"collection":[{"href":"https:\/\/www.m-stickers.com\/de\/wp-json\/wp\/v2\/pages"}],"about":[{"href":"https:\/\/www.m-stickers.com\/de\/wp-json\/wp\/v2\/types\/page"}],"author":[{"embeddable":true,"href":"https:\/\/www.m-stickers.com\/de\/wp-json\/wp\/v2\/users\/1"}],"replies":[{"embeddable":true,"href":"https:\/\/www.m-stickers.com\/de\/wp-json\/wp\/v2\/comments?post=51796"}],"version-history":[{"count":20,"href":"https:\/\/www.m-stickers.com\/de\/wp-json\/wp\/v2\/pages\/51796\/revisions"}],"predecessor-version":[{"id":53783,"href":"https:\/\/www.m-stickers.com\/de\/wp-json\/wp\/v2\/pages\/51796\/revisions\/53783"}],"wp:attachment":[{"href":"https:\/\/www.m-stickers.com\/de\/wp-json\/wp\/v2\/media?parent=51796"}],"curies":[{"name":"Motorrad","href":"https:\/\/api.w.org\/{rel}","templated":true}]}}