{"id":61736,"date":"2025-02-20T11:12:32","date_gmt":"2025-02-20T10:12:32","guid":{"rendered":"https:\/\/www.m-stickers.com\/?page_id=61736"},"modified":"2025-02-20T11:35:22","modified_gmt":"2025-02-20T10:35:22","slug":"wichtige-nachricht","status":"publish","type":"page","link":"https:\/\/www.m-stickers.com\/de\/message-important\/","title":{"rendered":"Wichtige Nachricht"},"content":{"rendered":"<div data-elementor-type=\"wp-page\" data-elementor-id=\"61736\" class=\"elementor elementor-61736\" data-elementor-post-type=\"page\">\n\t\t\t\t\t\t<section class=\"elementor-section elementor-top-section elementor-element elementor-element-c446f61 elementor-section-boxed elementor-section-height-default elementor-section-height-default\" data-id=\"c446f61\" data-element_type=\"section\" data-e-type=\"section\">\n\t\t\t\t\t\t<div class=\"elementor-container elementor-column-gap-default\">\n\t\t\t\t\t<div class=\"elementor-column elementor-col-100 elementor-top-column elementor-element elementor-element-af2fb63\" data-id=\"af2fb63\" data-element_type=\"column\" data-e-type=\"column\">\n\t\t\t<div class=\"elementor-widget-wrap elementor-element-populated\">\n\t\t\t\t\t\t<div class=\"elementor-element elementor-element-6953c22 elementor-widget elementor-widget-heading\" data-id=\"6953c22\" data-element_type=\"widget\" data-e-type=\"widget\" data-widget_type=\"heading.default\">\n\t\t\t\t<div class=\"elementor-widget-container\">\n\t\t\t\t\t<h1 class=\"elementor-heading-title elementor-size-default\">Wichtige Nachricht<\/h1>\t\t\t\t<\/div>\n\t\t\t\t<\/div>\n\t\t\t\t\t<\/div>\n\t\t<\/div>\n\t\t\t\t\t<\/div>\n\t\t<\/section>\n\t\t\t\t<section class=\"elementor-section elementor-top-section elementor-element elementor-element-8492b36 elementor-section-boxed elementor-section-height-default elementor-section-height-default\" data-id=\"8492b36\" data-element_type=\"section\" data-e-type=\"section\">\n\t\t\t\t\t\t<div class=\"elementor-container elementor-column-gap-default\">\n\t\t\t\t\t<div class=\"elementor-column elementor-col-100 elementor-top-column elementor-element elementor-element-3b9994c\" data-id=\"3b9994c\" data-element_type=\"column\" data-e-type=\"column\">\n\t\t\t<div class=\"elementor-widget-wrap elementor-element-populated\">\n\t\t\t\t\t\t<div class=\"elementor-element elementor-element-dbd0bb1 elementor-widget elementor-widget-text-editor\" data-id=\"dbd0bb1\" data-element_type=\"widget\" data-e-type=\"widget\" data-widget_type=\"text-editor.default\">\n\t\t\t\t<div class=\"elementor-widget-container\">\n\t\t\t\t\t\t\t\t\t<p data-start=\"0\" data-end=\"14\"><span style=\"color: #ffffff;\">Sehr geehrte Kunden,<\/span><\/p><p data-start=\"16\" data-end=\"283\"><span style=\"color: #ffffff;\">Wir m\u00f6chten Sie dar\u00fcber informieren, dass M-Stickers derzeit aufgrund interner Probleme, die unsere interne Produktionsf\u00e4higkeit beeintr\u00e4chtigen, eine schwierige Zeit durchlebt. Diese Situation hat zu erheblichen Verz\u00f6gerungen bei der Bearbeitung Ihrer Bestellungen gef\u00fchrt.<\/span><\/p><p data-start=\"285\" data-end=\"541\"><span style=\"color: #ffffff;\">Um gestiegene Verwaltungskosten, Mieten und Personalkosten zu kompensieren, haben wir unsere Preise vor\u00fcbergehend angepasst. Dieser Schritt dient der Sicherung der Zukunftsf\u00e4higkeit unseres Unternehmens und der Fortsetzung der Bereitstellung hochwertiger Produkte.<\/span><\/p><p data-start=\"543\" data-end=\"939\"><span style=\"color: #ffffff;\">Bitte haben Sie Verst\u00e4ndnis daf\u00fcr, dass alle bereits aufgegebenen Bestellungen schnellstm\u00f6glich bearbeitet werden. Wir stehen Ihnen gerne f\u00fcr Ihre Fragen zur Verf\u00fcgung, unsere Antwortzeiten k\u00f6nnen jedoch aufgrund des hohen Anliegens und der aktuellen Bearbeitungszeiten etwas l\u00e4nger dauern. Das Team besteht aus zwei Personen und bearbeitet den gesamten Betrieb. Vielen Dank f\u00fcr Ihr Verst\u00e4ndnis und Ihre Geduld.<\/span><\/p><p data-start=\"941\" data-end=\"1209\"><span style=\"color: #ffffff;\">Unsere Priorit\u00e4t ist es, eine L\u00f6sung zu finden, um die Produktion unserer Fahrzeugaufkleber in Frankreich wieder aufzunehmen, um ein 100%iges Produkt \"Made in France\" zu erhalten, ohne dass die Preise unerschwinglich werden. Sobald diese L\u00f6sung implementiert ist, werden unsere Preise wieder normal sein.<\/span><\/p><p data-start=\"1211\" data-end=\"1324\"><span style=\"color: #ffffff;\">Wir bitten Sie aufrichtig um Entschuldigung f\u00fcr die entstandenen Unannehmlichkeiten und danken Ihnen f\u00fcr Ihre Treue.<\/span><\/p><p data-start=\"1326\" data-end=\"1339\"><span style=\"color: #ffffff;\">Mit freundlichen Gr\u00fc\u00dfen,<\/span><\/p><p data-start=\"1341\" data-end=\"1357\"><span style=\"color: #ffffff;\">Maxence und Mat\u00e9o<\/span><\/p><p data-start=\"1359\" data-end=\"1369\"><span style=\"color: #ffffff;\">M-Stickers<\/span><\/p>\t\t\t\t\t\t\t\t<\/div>\n\t\t\t\t<\/div>\n\t\t\t\t\t<\/div>\n\t\t<\/div>\n\t\t\t\t\t<\/div>\n\t\t<\/section>\n\t\t\t\t<\/div>","protected":false},"excerpt":{"rendered":"<p>Message Important Chers clients, Nous tenons \u00e0 vous informer que M-Stickers traverse actuellement une p\u00e9riode difficile en raison de probl\u00e8mes internes affectant notre capacit\u00e9 \u00e0 g\u00e9rer la production en interne. Cette situation a entra\u00een\u00e9 des retards significatifs dans le traitement de vos commandes. Pour faire face \u00e0 l&rsquo;augmentation des frais de gestion, des loyers et [&hellip;]<\/p>\n","protected":false},"author":1,"featured_media":0,"parent":0,"menu_order":0,"comment_status":"closed","ping_status":"closed","template":"","meta":{"footnotes":""},"class_list":["post-61736","page","type-page","status-publish","hentry","entry","owp-thumbs-layout-horizontal","owp-btn-big","owp-tabs-layout-horizontal","has-no-thumbnails"],"ase":null,"_links":{"self":[{"href":"https:\/\/www.m-stickers.com\/de\/wp-json\/wp\/v2\/pages\/61736","targetHints":{"allow":["GET"]}}],"collection":[{"href":"https:\/\/www.m-stickers.com\/de\/wp-json\/wp\/v2\/pages"}],"about":[{"href":"https:\/\/www.m-stickers.com\/de\/wp-json\/wp\/v2\/types\/page"}],"author":[{"embeddable":true,"href":"https:\/\/www.m-stickers.com\/de\/wp-json\/wp\/v2\/users\/1"}],"replies":[{"embeddable":true,"href":"https:\/\/www.m-stickers.com\/de\/wp-json\/wp\/v2\/comments?post=61736"}],"version-history":[{"count":4,"href":"https:\/\/www.m-stickers.com\/de\/wp-json\/wp\/v2\/pages\/61736\/revisions"}],"predecessor-version":[{"id":61741,"href":"https:\/\/www.m-stickers.com\/de\/wp-json\/wp\/v2\/pages\/61736\/revisions\/61741"}],"wp:attachment":[{"href":"https:\/\/www.m-stickers.com\/de\/wp-json\/wp\/v2\/media?parent=61736"}],"curies":[{"name":"Motorrad","href":"https:\/\/api.w.org\/{rel}","templated":true}]}}