{"id":63942,"date":"2026-01-14T19:54:42","date_gmt":"2026-01-14T18:54:42","guid":{"rendered":"https:\/\/www.m-stickers.com\/?page_id=63942"},"modified":"2026-01-14T19:57:19","modified_gmt":"2026-01-14T18:57:19","slug":"impressum","status":"publish","type":"page","link":"https:\/\/www.m-stickers.com\/de\/mentions-legales\/","title":{"rendered":"Impressum"},"content":{"rendered":"<div data-elementor-type=\"wp-page\" data-elementor-id=\"63942\" class=\"elementor elementor-63942\" data-elementor-post-type=\"page\">\n\t\t\t\t\t\t<section class=\"elementor-section elementor-top-section elementor-element elementor-element-3c3aae6 elementor-section-boxed elementor-section-height-default elementor-section-height-default\" data-id=\"3c3aae6\" data-element_type=\"section\" data-e-type=\"section\">\n\t\t\t\t\t\t<div class=\"elementor-container elementor-column-gap-default\">\n\t\t\t\t\t<div class=\"elementor-column elementor-col-100 elementor-top-column elementor-element elementor-element-1998c384\" data-id=\"1998c384\" data-element_type=\"column\" data-e-type=\"column\">\n\t\t\t<div class=\"elementor-widget-wrap elementor-element-populated\">\n\t\t\t\t\t\t<div class=\"elementor-element elementor-element-6133dbfe elementor-widget elementor-widget-text-editor\" data-id=\"6133dbfe\" data-element_type=\"widget\" data-e-type=\"widget\" data-widget_type=\"text-editor.default\">\n\t\t\t\t<div class=\"elementor-widget-container\">\n\t\t\t\t\t\t\t\t\t<h2 style=\"text-align: center;\" data-start=\"808\" data-end=\"843\">IMPRESSUM<\/h2><h3 data-start=\"845\" data-end=\"864\">Website-Herausgeber<\/h3><p data-start=\"866\" data-end=\"984\">Die Seite <strong data-start=\"874\" data-end=\"896\"><a class=\"decorated-link\" href=\"http:\/\/www.m-stickers.com\/de\/\" target=\"_new\" rel=\"noopener\" data-start=\"876\" data-end=\"894\">www.m-stickers.com<\/a><\/strong> wird von der Marke herausgegeben <strong data-start=\"921\" data-end=\"935\">M-Stickers<\/strong>,<br data-start=\"936\" data-end=\"939\" \/>Name der Gesellschaft:<\/p><p data-start=\"986\" data-end=\"1091\"><strong data-start=\"986\" data-end=\"1006\">MSTKS HOLDING<\/strong><br data-start=\"1006\" data-end=\"1009\" \/>Tornim\u00e4e tn 5, 10145 Tallinn, Estland<\/p><p data-start=\"1093\" data-end=\"1167\">\ud83d\udce7 Email: <a class=\"decorated-link cursor-pointer\" rel=\"noopener\" data-start=\"1104\" data-end=\"1126\">contact@m-stickers.com<\/a><br data-start=\"1126\" data-end=\"1129\" \/>\ud83c\udf10 Webseite: <a class=\"decorated-link\" href=\"https:\/\/www.m-stickers.com\/de\/\" target=\"_new\" rel=\"noopener\" data-start=\"1139\" data-end=\"1165\">https:\/\/www.m-stickers.com<\/a><\/p><hr data-start=\"1169\" data-end=\"1172\" \/><h3 data-start=\"1174\" data-end=\"1186\">Aktivit\u00e4t<\/h3><p data-start=\"1188\" data-end=\"1366\">M-Stickers ist eine Marke, die sich auf das Design, die Herstellung und den Online-Verkauf von Motorrad-Aufklebern und personalisierten Klebeprodukten spezialisiert hat.<\/p><hr data-start=\"1368\" data-end=\"1371\" \/><h3 data-start=\"1373\" data-end=\"1388\">Unterbringung<\/h3><p data-start=\"1390\" data-end=\"1415\">Die Website wird gehostet von:<\/p><p data-start=\"1417\" data-end=\"1503\"><strong data-start=\"1417\" data-end=\"1424\">OVH<\/strong><br data-start=\"1424\" data-end=\"1427\" \/>2 rue Kellermann<br data-start=\"1443\" data-end=\"1446\" \/>59100 Roubaix \u2013 Frankreich<br data-start=\"1468\" data-end=\"1471\" \/>\ud83d\udcde 1007<br data-start=\"1478\" data-end=\"1481\" \/>\ud83c\udf10 <a class=\"decorated-link\" href=\"https:\/\/www.ovh.com\" target=\"_new\" rel=\"noopener\" data-start=\"1484\" data-end=\"1503\">https:\/\/www.ovh.com<\/a><\/p><hr data-start=\"1505\" data-end=\"1508\" \/><h3 data-start=\"1510\" data-end=\"1538\">Geistiges Eigentum<\/h3><p data-start=\"1540\" data-end=\"1777\">Alle Inhalte auf dieser Website <a class=\"decorated-link\" href=\"http:\/\/www.m-stickers.com\/de\/\" target=\"_new\" rel=\"noopener\" data-start=\"1585\" data-end=\"1603\">www.m-stickers.com<\/a> (Texte, Bilder, Grafiken, Logos, Videos, Icons, Sounds, Software) sind urheberrechtlich gesch\u00fctzt und bleiben das alleinige Eigentum von M-Stickers oder seiner Partner.<\/p><p data-start=\"1779\" data-end=\"1940\">Jede vollst\u00e4ndige oder teilweise Reproduktion, Darstellung, \u00c4nderung, Ver\u00f6ffentlichung, Anpassung dieser Elemente ist ohne vorherige schriftliche Genehmigung untersagt.<\/p><hr data-start=\"1942\" data-end=\"1945\" \/><h3 data-start=\"1947\" data-end=\"1965\">Verantwortung<\/h3><p data-start=\"1967\" data-end=\"2164\">M-Stickers ist bestrebt, auf der Website m\u00f6glichst genaue Informationen bereitzustellen. Es kann jedoch nicht f\u00fcr Auslassungen, Ungenauigkeiten oder M\u00e4ngel bei der Aktualisierung verantwortlich gemacht werden.<\/p><hr data-start=\"2166\" data-end=\"2169\" \/><h3 data-start=\"2171\" data-end=\"2191\">Anwendbares Recht<\/h3><p data-start=\"2193\" data-end=\"2383\">Die Website und ihre Inhalte unterliegen franz\u00f6sischem Recht.<br data-start=\"2247\" data-end=\"2250\" \/>Im Falle von Streitigkeiten und mangels g\u00fctlicher Einigung sind die Gerichte des Erf\u00fcllungsortes des Unternehmenssitzes des Betreibers zust\u00e4ndig.<\/p>\t\t\t\t\t\t\t\t<\/div>\n\t\t\t\t<\/div>\n\t\t\t\t\t<\/div>\n\t\t<\/div>\n\t\t\t\t\t<\/div>\n\t\t<\/section>\n\t\t\t\t<\/div>","protected":false},"excerpt":{"rendered":"<p>MENTIONS L\u00c9GALES \u00c9diteur du site Le site www.m-stickers.com est \u00e9dit\u00e9 par la marque M-Stickers,marque commerciale exploit\u00e9e par la soci\u00e9t\u00e9 : MSTKS HOLDINGTornim\u00e4e tn 5, 10145 Tallinn, Estonie \ud83d\udce7 Email : contact@m-stickers.com\ud83c\udf10 Site : https:\/\/www.m-stickers.com Activit\u00e9 M-Stickers est une marque sp\u00e9cialis\u00e9e dans la conception, la fabrication et la vente en ligne de stickers et produits adh\u00e9sifs [&hellip;]<\/p>\n","protected":false},"author":1,"featured_media":0,"parent":0,"menu_order":0,"comment_status":"closed","ping_status":"closed","template":"","meta":{"footnotes":""},"class_list":["post-63942","page","type-page","status-publish","hentry","entry","owp-thumbs-layout-horizontal","owp-btn-big","owp-tabs-layout-horizontal","has-no-thumbnails"],"_links":{"self":[{"href":"https:\/\/www.m-stickers.com\/de\/wp-json\/wp\/v2\/pages\/63942","targetHints":{"allow":["GET"]}}],"collection":[{"href":"https:\/\/www.m-stickers.com\/de\/wp-json\/wp\/v2\/pages"}],"about":[{"href":"https:\/\/www.m-stickers.com\/de\/wp-json\/wp\/v2\/types\/page"}],"author":[{"embeddable":true,"href":"https:\/\/www.m-stickers.com\/de\/wp-json\/wp\/v2\/users\/1"}],"replies":[{"embeddable":true,"href":"https:\/\/www.m-stickers.com\/de\/wp-json\/wp\/v2\/comments?post=63942"}],"version-history":[{"count":4,"href":"https:\/\/www.m-stickers.com\/de\/wp-json\/wp\/v2\/pages\/63942\/revisions"}],"predecessor-version":[{"id":63947,"href":"https:\/\/www.m-stickers.com\/de\/wp-json\/wp\/v2\/pages\/63942\/revisions\/63947"}],"wp:attachment":[{"href":"https:\/\/www.m-stickers.com\/de\/wp-json\/wp\/v2\/media?parent=63942"}],"curies":[{"name":"Motorrad","href":"https:\/\/api.w.org\/{rel}","templated":true}]}}