{"id":6488,"date":"2021-01-22T10:43:01","date_gmt":"2021-01-22T09:43:01","guid":{"rendered":"https:\/\/www.m-stickers.com\/?page_id=6488"},"modified":"2026-01-14T19:30:29","modified_gmt":"2026-01-14T18:30:29","slug":"lieferung","status":"publish","type":"page","link":"https:\/\/www.m-stickers.com\/de\/livraison\/","title":{"rendered":"Lieferung"},"content":{"rendered":"<div data-elementor-type=\"wp-page\" data-elementor-id=\"6488\" class=\"elementor elementor-6488\" data-elementor-post-type=\"page\">\n\t\t\t\t\t\t<section class=\"elementor-section elementor-top-section elementor-element elementor-element-3c3aae6 elementor-section-boxed elementor-section-height-default elementor-section-height-default\" data-id=\"3c3aae6\" data-element_type=\"section\" data-e-type=\"section\">\n\t\t\t\t\t\t<div class=\"elementor-container elementor-column-gap-default\">\n\t\t\t\t\t<div class=\"elementor-column elementor-col-100 elementor-top-column elementor-element elementor-element-1998c384\" data-id=\"1998c384\" data-element_type=\"column\" data-e-type=\"column\">\n\t\t\t<div class=\"elementor-widget-wrap elementor-element-populated\">\n\t\t\t\t\t\t<div class=\"elementor-element elementor-element-6133dbfe elementor-widget elementor-widget-text-editor\" data-id=\"6133dbfe\" data-element_type=\"widget\" data-e-type=\"widget\" data-widget_type=\"text-editor.default\">\n\t\t\t\t<div class=\"elementor-widget-container\">\n\t\t\t\t\t\t\t\t\t<h1 style=\"text-align: center;\" data-start=\"281\" data-end=\"294\">LIEFERUNG<\/h1>\n<p data-start=\"295\" data-end=\"330\"><strong data-start=\"295\" data-end=\"330\">M-Stickers \u2013 <a class=\"decorated-link\" href=\"http:\/\/www.m-stickers.com\/de\/\" target=\"_new\" rel=\"noopener\" data-start=\"310\" data-end=\"328\">www.m-stickers.com<\/a><\/strong><\/p>\n<hr data-start=\"332\" data-end=\"335\" \/>\n<h2 data-start=\"337\" data-end=\"382\">\ud83d\udce6 Vorbereitung und Versand von Bestellungen<\/h2>\n<p data-start=\"384\" data-end=\"540\">Die Produkte von M-Stickers werden hergestellt <strong data-start=\"423\" data-end=\"440\">auf Bestellung<\/strong>, oft nach Kundenwunsch personalisiert (Farben, Abmessungen, Effekte, Texte, Ausf\u00fchrungen).<\/p>\n<p data-start=\"542\" data-end=\"712\">Wir f\u00fchren kein Lager: Jede Bestellung wird speziell f\u00fcr Sie vorbereitet und produziert, um eine qualitativ hochwertige Wiedergabe und optimale Personalisierung zu gew\u00e4hrleisten.<\/p>\n<hr data-start=\"714\" data-end=\"717\" \/>\n<h2 data-start=\"719\" data-end=\"762\">\u23f1\ufe0f Vorbereitung und Lieferzeiten<\/h2>\n<h3 data-start=\"764\" data-end=\"784\">Standard Lieferzeiten<\/h3>\n<p data-start=\"786\" data-end=\"848\">Die unten angegebenen Fristen sind ungef\u00e4hre Angaben:<\/p>\n<ul>\n<li data-start=\"852\" data-end=\"916\"><strong data-start=\"852\" data-end=\"916\">Vorbereitungs- + Standardversandzeit: 10 Werktage<\/strong><\/li>\n<li data-start=\"919\" data-end=\"1042\">Bei einigen personalisierten Produkten oder w\u00e4hrend Zeiten hoher Nachfrage kann sich die Lieferzeit verl\u00e4ngern auf bis zu <strong data-start=\"1022\" data-end=\"1042\">20 Tage maximal<\/strong><\/li>\n<\/ul>\n<p data-start=\"1044\" data-end=\"1065\">Diese Fristen beinhalten:<\/p>\n<ul>\n<li data-start=\"1068\" data-end=\"1094\">die Dateivorbereitung,<\/li>\n<li data-start=\"1097\" data-end=\"1110\">der Druck,<\/li>\n<li data-start=\"1113\" data-end=\"1124\">der Schnitt,<\/li>\n<li data-start=\"1127\" data-end=\"1146\">die Verpackung,<\/li>\n<li data-start=\"1149\" data-end=\"1162\">Versand.<\/li>\n<\/ul>\n<hr data-start=\"1164\" data-end=\"1167\" \/>\n<h3 data-start=\"1169\" data-end=\"1191\">Spezifische Fristen<\/h3>\n<p data-start=\"1193\" data-end=\"1250\">Die Fristen k\u00f6nnen in folgenden F\u00e4llen verl\u00e4ngert werden:<\/p>\n<ul>\n<li data-start=\"1253\" data-end=\"1295\">Produkte nach Ma\u00df oder stark personalisiert,<\/li>\n<li data-start=\"1298\" data-end=\"1327\">Gro\u00dfbestellungen,<\/li>\n<li data-start=\"1330\" data-end=\"1369\">spezifische oder nicht-katalogisierte Anfragen,<\/li>\n<li data-start=\"1372\" data-end=\"1399\">Zeiten hoher Aktivit\u00e4t.<\/li>\n<\/ul>\n<p data-start=\"1401\" data-end=\"1468\">In diesen Situationen empfehlen wir <strong data-start=\"1443\" data-end=\"1467\">Im Voraus bestellen<\/strong>.<\/p>\n<hr data-start=\"1470\" data-end=\"1473\" \/>\n<h2 data-start=\"1475\" data-end=\"1509\">\ud83d\udcec Produktverpackung<\/h2>\n<p data-start=\"1511\" data-end=\"1601\">Unsere Produkte werden sorgf\u00e4ltig versendet, um deren Schutz w\u00e4hrend des Transports zu gew\u00e4hrleisten:<\/p>\n<ul>\n<li data-start=\"1605\" data-end=\"1690\">Die Zierkits und Felgenb\u00e4nder werden in ... versandt. <strong data-start=\"1653\" data-end=\"1689\">verst\u00e4rkte Kartonumschl\u00e4ge<\/strong>,<\/li>\n<li data-start=\"1693\" data-end=\"1785\">je nach Gr\u00f6\u00dfe und Menge k\u00f6nnen die Produkte in einem versendet werden <strong data-start=\"1767\" data-end=\"1784\">geeigneter Karton<\/strong>.<\/li>\n<\/ul>\n<hr data-start=\"1787\" data-end=\"1790\" \/>\n<h2 data-start=\"1792\" data-end=\"1816\">\ud83c\udf0d Liefergebiete<\/h2>\n<h3 data-start=\"1818\" data-end=\"1837\">Frankreich &amp; Europa<\/h3>\n<p data-start=\"1839\" data-end=\"1853\">Wir liefern:<\/p>\n<ul>\n<li data-start=\"1856\" data-end=\"1881\">in Festlandfrankreich,<\/li>\n<li data-start=\"1884\" data-end=\"1920\">in den meisten europ\u00e4ischen L\u00e4ndern.<\/li>\n<\/ul>\n<p data-start=\"1922\" data-end=\"2031\">Die Versandkosten werden automatisch bei der Bestellung berechnet, abh\u00e4ngig vom Zielland.<\/p>\n<hr data-start=\"2033\" data-end=\"2036\" \/>\n<h3 data-start=\"2038\" data-end=\"2069\">International \/ Au\u00dferhalb Europas<\/h3>\n<p data-start=\"2071\" data-end=\"2165\">Eine Lieferung ist auch in einige L\u00e4nder au\u00dferhalb Europas und in \u00dcberseegebiete m\u00f6glich.<\/p>\n<p data-start=\"2167\" data-end=\"2304\">Wenn Ihr Land bei der Bestellung nicht in der Liste aufgef\u00fchrt ist, <strong data-start=\"2239\" data-end=\"2273\">Kontaktieren Sie uns gerne<\/strong> um die Machbarkeit zu pr\u00fcfen.<\/p>\n<hr data-start=\"2306\" data-end=\"2309\" \/>\n<h2 data-start=\"2311\" data-end=\"2335\">\ud83d\udcb8 Lieferkosten<\/h2>\n<p data-start=\"2337\" data-end=\"2420\">Die Versandkosten werden vor der endg\u00fcltigen Best\u00e4tigung der Bestellung angezeigt.<\/p>\n<p data-start=\"2422\" data-end=\"2562\">\ud83c\udf81 <strong data-start=\"2425\" data-end=\"2446\">Kostenloser Versand<\/strong><br data-start=\"2446\" data-end=\"2449\" \/>Der Versand ist kostenlos f\u00fcr jede Bestellung ab einem Betrag <strong data-start=\"2507\" data-end=\"2535\">gr\u00f6\u00dfer oder gleich 90 \u20ac<\/strong>, ausgenommen laufende Aktionen.<\/p>\n<hr data-start=\"2564\" data-end=\"2567\" \/>\n<h2 data-start=\"2569\" data-end=\"2608\">\u26a0\ufe0f Lieferverz\u00f6gerungen und -vorf\u00e4lle<\/h2>\n<p data-start=\"2610\" data-end=\"2665\">Die Lieferzeiten sind Richtwerte.<\/p>\n<p data-start=\"2667\" data-end=\"2819\">Bei einer Verz\u00f6gerung von mehr als <strong data-start=\"2696\" data-end=\"2708\">30 Tage<\/strong> (au\u00dfer in F\u00e4llen h\u00f6herer Gewalt) kann der Kunde die Stornierung der Bestellung und die vollst\u00e4ndige R\u00fcckerstattung beantragen.<\/p>\n<hr data-start=\"2821\" data-end=\"2824\" \/>\n<h2 data-start=\"2826\" data-end=\"2850\">\ud83d\udce6 Paketerhalt<\/h2>\n<p data-start=\"2852\" data-end=\"2896\">Bei Erhalt ist es die Aufgabe des Kunden:<\/p>\n<ul>\n<li data-start=\"2899\" data-end=\"2924\">\u00dcberpr\u00fcfen Sie den Zustand des Pakets,<\/li>\n<li data-start=\"2927\" data-end=\"3000\">melden Sie jede Anomalie (besch\u00e4digtes Paket, fehlendes oder besch\u00e4digtes Produkt).<\/li>\n<\/ul>\n<p data-start=\"3002\" data-end=\"3041\">Alle Reklamationen m\u00fcssen erfolgen:<\/p>\n<ul>\n<li data-start=\"3044\" data-end=\"3067\">beim Transportunternehmen,<\/li>\n<li data-start=\"3070\" data-end=\"3153\">und bei M-Stickers,<br \/>innerhalb einer Frist von h\u00f6chstens <strong data-start=\"3120\" data-end=\"3131\">3 Tage<\/strong> nach Erhalt.<\/li>\n<\/ul>\n<hr data-start=\"3155\" data-end=\"3158\" \/>\n<h2 data-start=\"3160\" data-end=\"3186\">\ud83d\udce9 Kontakt &amp; Hilfe<\/h2>\n<p data-start=\"3188\" data-end=\"3299\">F\u00fcr alle Fragen bez\u00fcglich der Lieferung, der Lieferzeiten oder einer laufenden Bestellung steht Ihnen unser Team zur Verf\u00fcgung:<\/p>\n<p data-start=\"3301\" data-end=\"3401\">\ud83d\udce7 <strong data-start=\"3304\" data-end=\"3330\"><a class=\"decorated-link cursor-pointer\" rel=\"noopener\" data-start=\"3306\" data-end=\"3328\">contact@m-stickers.com<\/a><\/strong><br data-start=\"3330\" data-end=\"3333\" \/>\ud83d\udce9 \u00fcber das Kontaktformular auf der Website<br data-start=\"3372\" data-end=\"3375\" \/>\ud83d\udcac \u00fcber unsere sozialen Netzwerke<\/p>\n<p data-start=\"3403\" data-end=\"3484\">Wir tun unser Bestes, um schnell zu antworten und jeden Kunden zu unterst\u00fctzen.<\/p>\n<hr data-start=\"3486\" data-end=\"3489\" \/>\n<p data-start=\"3491\" data-end=\"3532\"><strong data-start=\"3491\" data-end=\"3514\">Das M-Stickers Team<\/strong><br data-start=\"3514\" data-end=\"3517\" \/>Mat\u00e9o &amp; Maxence<\/p>\t\t\t\t\t\t\t\t<\/div>\n\t\t\t\t<\/div>\n\t\t\t\t\t<\/div>\n\t\t<\/div>\n\t\t\t\t\t<\/div>\n\t\t<\/section>\n\t\t\t\t<\/div>","protected":false},"excerpt":{"rendered":"<p>LIVRAISON M-Stickers \u2013 www.m-stickers.com \ud83d\udce6 Pr\u00e9paration et exp\u00e9dition des commandes Les produits M-Stickers sont fabriqu\u00e9s \u00e0 la commande, souvent personnalis\u00e9s selon les choix du client (couleurs, dimensions, effets, textes, finitions). Nous ne disposons pas de stock : chaque commande est pr\u00e9par\u00e9e et produite sp\u00e9cifiquement pour vous, afin de garantir un rendu de qualit\u00e9 et une [&hellip;]<\/p>\n","protected":false},"author":1,"featured_media":0,"parent":0,"menu_order":0,"comment_status":"closed","ping_status":"closed","template":"","meta":{"footnotes":""},"class_list":["post-6488","page","type-page","status-publish","hentry","entry","owp-thumbs-layout-horizontal","owp-btn-big","owp-tabs-layout-horizontal","has-no-thumbnails"],"ase":null,"_links":{"self":[{"href":"https:\/\/www.m-stickers.com\/de\/wp-json\/wp\/v2\/pages\/6488","targetHints":{"allow":["GET"]}}],"collection":[{"href":"https:\/\/www.m-stickers.com\/de\/wp-json\/wp\/v2\/pages"}],"about":[{"href":"https:\/\/www.m-stickers.com\/de\/wp-json\/wp\/v2\/types\/page"}],"author":[{"embeddable":true,"href":"https:\/\/www.m-stickers.com\/de\/wp-json\/wp\/v2\/users\/1"}],"replies":[{"embeddable":true,"href":"https:\/\/www.m-stickers.com\/de\/wp-json\/wp\/v2\/comments?post=6488"}],"version-history":[{"count":6,"href":"https:\/\/www.m-stickers.com\/de\/wp-json\/wp\/v2\/pages\/6488\/revisions"}],"predecessor-version":[{"id":63938,"href":"https:\/\/www.m-stickers.com\/de\/wp-json\/wp\/v2\/pages\/6488\/revisions\/63938"}],"wp:attachment":[{"href":"https:\/\/www.m-stickers.com\/de\/wp-json\/wp\/v2\/media?parent=6488"}],"curies":[{"name":"Motorrad","href":"https:\/\/api.w.org\/{rel}","templated":true}]}}