{"id":12379,"date":"2021-06-07T11:16:10","date_gmt":"2021-06-07T09:16:10","guid":{"rendered":"https:\/\/www.m-stickers.com\/?page_id=12379"},"modified":"2022-10-18T15:46:25","modified_gmt":"2022-10-18T13:46:25","slug":"category-configurator-swm","status":"publish","type":"page","link":"https:\/\/www.m-stickers.com\/en\/categorie-configurator-swm\/","title":{"rendered":"SWM Configuration Category"},"content":{"rendered":"\t\t<div data-elementor-type=\"wp-page\" data-elementor-id=\"12379\" class=\"elementor elementor-12379\" data-elementor-post-type=\"page\">\n\t\t\t\t\t\t<section class=\"elementor-section elementor-top-section elementor-element elementor-element-ada2200 elementor-section-boxed elementor-section-height-default elementor-section-height-default\" data-id=\"ada2200\" data-element_type=\"section\" data-e-type=\"section\">\n\t\t\t\t\t\t<div class=\"elementor-container elementor-column-gap-default\">\n\t\t\t\t\t<div class=\"elementor-column elementor-col-33 elementor-top-column elementor-element elementor-element-4bb5e6f\" data-id=\"4bb5e6f\" data-element_type=\"column\" data-e-type=\"column\">\n\t\t\t<div class=\"elementor-widget-wrap elementor-element-populated\">\n\t\t\t\t\t\t<div class=\"elementor-element elementor-element-1acb2a1 elementor-widget elementor-widget-image\" data-id=\"1acb2a1\" data-element_type=\"widget\" data-e-type=\"widget\" data-widget_type=\"image.default\">\n\t\t\t\t<div class=\"elementor-widget-container\">\n\t\t\t\t\t\t\t\t\t\t\t\t\t\t\t\t<a href=\"https:\/\/www.m-stickers.com\/configurator\/configure\/12848\/\">\n\t\t\t\t\t\t\t<img fetchpriority=\"high\" decoding=\"async\" width=\"600\" height=\"400\" src=\"https:\/\/www.m-stickers.com\/wp-content\/uploads\/2021\/06\/miniature-swm.png\" class=\"attachment-large size-large wp-image-12378\" alt=\"\" srcset=\"https:\/\/www.m-stickers.com\/wp-content\/uploads\/2021\/06\/miniature-swm.png 600w, https:\/\/www.m-stickers.com\/wp-content\/uploads\/2021\/06\/miniature-swm-300x200.png 300w\" sizes=\"(max-width: 600px) 100vw, 600px\" \/>\t\t\t\t\t\t\t\t<\/a>\n\t\t\t\t\t\t\t\t\t\t\t\t\t\t\t<\/div>\n\t\t\t\t<\/div>\n\t\t\t\t<div class=\"elementor-element elementor-element-4b5dec3 elementor-widget elementor-widget-heading\" data-id=\"4b5dec3\" data-element_type=\"widget\" data-e-type=\"widget\" data-widget_type=\"heading.default\">\n\t\t\t\t<div class=\"elementor-widget-container\">\n\t\t\t\t\t<h2 class=\"elementor-heading-title elementor-size-default\"><a href=\"https:\/\/www.m-stickers.com\/configurator\/configure\/12848\/\">Varez 125<\/a><\/h2>\t\t\t\t<\/div>\n\t\t\t\t<\/div>\n\t\t\t\t\t<\/div>\n\t\t<\/div>\n\t\t\t\t<div class=\"elementor-column elementor-col-33 elementor-top-column elementor-element elementor-element-116c73c\" data-id=\"116c73c\" data-element_type=\"column\" data-e-type=\"column\">\n\t\t\t<div class=\"elementor-widget-wrap\">\n\t\t\t\t\t\t\t<\/div>\n\t\t<\/div>\n\t\t\t\t<div class=\"elementor-column elementor-col-33 elementor-top-column elementor-element elementor-element-3fabe19\" data-id=\"3fabe19\" data-element_type=\"column\" data-e-type=\"column\">\n\t\t\t<div class=\"elementor-widget-wrap\">\n\t\t\t\t\t\t\t<\/div>\n\t\t<\/div>\n\t\t\t\t\t<\/div>\n\t\t<\/section>\n\t\t\t\t<section class=\"elementor-section elementor-top-section elementor-element elementor-element-f1b983d elementor-section-boxed elementor-section-height-default elementor-section-height-default\" data-id=\"f1b983d\" data-element_type=\"section\" data-e-type=\"section\">\n\t\t\t\t\t\t<div class=\"elementor-container elementor-column-gap-default\">\n\t\t\t\t\t<div class=\"elementor-column elementor-col-100 elementor-top-column elementor-element elementor-element-0c3e397\" data-id=\"0c3e397\" data-element_type=\"column\" data-e-type=\"column\">\n\t\t\t<div class=\"elementor-widget-wrap elementor-element-populated\">\n\t\t\t\t\t\t<div class=\"elementor-element elementor-element-97da38d elementor-widget elementor-widget-heading\" data-id=\"97da38d\" data-element_type=\"widget\" data-e-type=\"widget\" data-widget_type=\"heading.default\">\n\t\t\t\t<div class=\"elementor-widget-container\">\n\t\t\t\t\t<h2 class=\"elementor-heading-title elementor-size-large\"><a href=\"https:\/\/www.m-stickers.com\/produit\/ta-moto-nest-pas-referencee\/\">Votre moto n\u2019est pas r\u00e9f\u00e9renc\u00e9e ?<\/a><\/h2>\t\t\t\t<\/div>\n\t\t\t\t<\/div>\n\t\t\t\t<div class=\"elementor-element elementor-element-9317201 elementor-button-danger elementor-align-center elementor-widget elementor-widget-button\" data-id=\"9317201\" data-element_type=\"widget\" data-e-type=\"widget\" data-widget_type=\"button.default\">\n\t\t\t\t<div class=\"elementor-widget-container\">\n\t\t\t\t\t\t\t\t\t<div class=\"elementor-button-wrapper\">\n\t\t\t\t\t<a class=\"elementor-button elementor-button-link elementor-size-sm\" href=\"https:\/\/www.m-stickers.com\/produit\/ta-moto-nest-pas-referencee\/\">\n\t\t\t\t\t\t<span class=\"elementor-button-content-wrapper\">\n\t\t\t\t\t\t\t\t\t<span class=\"elementor-button-text\">Cliquez ici !<\/span>\n\t\t\t\t\t<\/span>\n\t\t\t\t\t<\/a>\n\t\t\t\t<\/div>\n\t\t\t\t\t\t\t\t<\/div>\n\t\t\t\t<\/div>\n\t\t\t\t\t<\/div>\n\t\t<\/div>\n\t\t\t\t\t<\/div>\n\t\t<\/section>\n\t\t\t\t<section class=\"elementor-section elementor-top-section elementor-element elementor-element-4f05d05 elementor-section-boxed elementor-section-height-default elementor-section-height-default\" data-id=\"4f05d05\" data-element_type=\"section\" data-e-type=\"section\">\n\t\t\t\t\t\t<div class=\"elementor-container elementor-column-gap-default\">\n\t\t\t\t\t<div class=\"elementor-column elementor-col-100 elementor-top-column elementor-element elementor-element-3bb5ca1\" data-id=\"3bb5ca1\" data-element_type=\"column\" data-e-type=\"column\">\n\t\t\t<div class=\"elementor-widget-wrap elementor-element-populated\">\n\t\t\t\t\t\t<div class=\"elementor-element elementor-element-6bab65e elementor-widget elementor-widget-text-editor\" data-id=\"6bab65e\" data-element_type=\"widget\" data-e-type=\"widget\" data-widget_type=\"text-editor.default\">\n\t\t\t\t<div class=\"elementor-widget-container\">\n\t\t\t\t\t\t\t\t\t<h1>Personnalisez votre b\u00e9cane avec des stickers jantes moto SWM<\/h1><p>Transformer rapidement et au meilleur prix votre b\u00e9cane, c&rsquo;est possible avec les <strong>stickers jantes moto SWM<\/strong> de qualit\u00e9.<br \/>Vous trouverez des stickers de jantes moto, mais aussi des <a href=\"https:\/\/www.m-stickers.com\/categorie-produit\/liserets-jantes-moto\/\">liserets<\/a> ou des kits complets pour changer ou cr\u00e9er l&rsquo;identit\u00e9 de votre moto.<\/p><p>Ce sont les d\u00e9tails qui font la diff\u00e9rence, parfaits pour se d\u00e9marquer, nos stickers sont 100% personnalisables afin de r\u00e9pondre \u00e0 vos envies et d&rsquo;avoir une moto <strong>unique<\/strong> !<br \/>Vous pouvez choisir notre <a href=\"https:\/\/www.m-stickers.com\/categorie-produit\/kits-stickers-jantes-moto-complet\/kit-deco-jantes-swm\/\">kit pr\u00e9-configur\u00e9<\/a> dans lequel vous pouvez changer la couleur ou choisir de pousser plus loin la personnalisation et vous lancer dans notre <a href=\"https:\/\/www.m-stickers.com\/categorie-configurator-swm\/\">configurateur<\/a>, pour une cr\u00e9ation de A \u00e0 Z.<\/p><p>Personnalisez les \u00e9l\u00e9ments de votre kit un \u00e0 un :<\/p><ul><li>Liserets,<\/li><li>Stickers de marque,<\/li><li>Logo de marque,<\/li><li>Int\u00e9rieur de jante,<\/li><li>Coloris,<\/li><li>Effet.<\/li><\/ul><p>Vous aurez le choix entre plusieurs designs de stickers, pour coller \u00e0 votre <strong>style<\/strong> et vous permettre de cr\u00e9er votre esth\u00e9tique personnelle.<br \/>Les couleurs correspondent \u00e0 la charte du constructeur, mais vous pouvez aussi demander une <strong>nuance sp\u00e9ciale<\/strong> en envoyant votre code couleur lors de votre commande : #&#8230;<br \/>Le configurateur permet aussi de changer le <strong>contenu texte<\/strong> et le remplacer par un nom de team ou un num\u00e9ro.<\/p><p>Pour un styl\u00e9 plus pouss\u00e9, vous pouvez choisir d&rsquo;ajouter un sticker d&rsquo;int\u00e9rieur de jante : racing, camo, electro&#8230; !<br \/>Et finalement, donnez un style de folie \u00e0 votre b\u00e9cane en ajoutant un <a href=\"https:\/\/www.m-stickers.com\/nos-effets-de-stickers\">effet<\/a> de finition \u00e0 vos stickers.<\/p><p><strong>L&rsquo;effet<\/strong> de base est brillant mais vous pouvez choisir l&rsquo;effet <em>holographique, photoluminescent, r\u00e9fl\u00e9chissant, fluor\u00e9scent, mat.<\/em><\/p><p>Retrouvez nos <a href=\"https:\/\/www.m-stickers.com\/2022\/01\/24\/stickers-jante-moto-personnalise-choisir\/\">astuces personnalisation<\/a>, pose et int\u00e9r\u00eats des stickers sur notre blog !<\/p><h2>Des stickers pour chaque mod\u00e8le SWM<\/h2><p>Car il n&rsquo;y a pas de limite \u00e0 la customisation, chez <strong>M-Stickers,<\/strong> nous proposons des stickers jantes moto pour toutes les mod\u00e8les.<\/p><p>Trouvez le kit pour sublimer votre b\u00e9cane.<\/p><p>Retrouvez les stickers jantes moto SWM pour les mod\u00e8les : <span style=\"color: #ff0000;\">Ace Of Spades 125 \/ Outlow 125 \/ RS 125 R \/ RS300R \/ RS500R \/ Six DAys 500 \/ Varez 125 \/ VA 125Z \/ SM 125 R \/ SM 500 R \/ VA 400 Z.<\/span><\/p><p>Et si votre mod\u00e8le n&rsquo;est pas r\u00e9f\u00e9renc\u00e9 sur le site et que vous voulez un kit de stickers pour vos jantes, <a href=\"https:\/\/www.m-stickers.com\/contact\/\">vous pouvez nous contacter ici<\/a> pour un kit sur-mesure !<\/p><h2>Des stickers durables et de haute qualit\u00e9 100% fran\u00e7ais<\/h2><p>En tant que motards, nous savons que la moto subie des<strong> contraintes physique<\/strong> mais aussi que les projections d&rsquo;eau et le soleil peuvent nuire \u00e0 la durabilit\u00e9 des stickers.<br \/>Pour contrer cela, nous avons fait le choix de n&rsquo;utiliser que les <strong>meilleurs mat\u00e9riaux :<\/strong><\/p><ul><li><strong>vinyle de haute qualit\u00e9<\/strong> pour une tenue durable,<\/li><li><strong>colle monom\u00e8re 100\u03bc permanente<\/strong>,<\/li><li>vernis <strong>r\u00e9sistant aux UV et aux intemp\u00e9ries<\/strong> pour rouler partout et par tous les temps<\/li><\/ul><p>Notre \u00e9quipe cr\u00e9\u00e9e avec passion vos <strong>stickers jantes moto SWM<\/strong>\u00a0sur Lyon, termin\u00e9 l&rsquo;attente de vos stickers provenants d&rsquo;Asie !<\/p><p>Vous pouvez aussi <a href=\"https:\/\/www.m-stickers.com\/contact\/\">nous \u00e9crire<\/a> pour tous vos projets de cr\u00e9ation et de personnalisation.<br \/>Cr\u00e9ons ensemble les kits de stickers pour personnaliser votre <strong>SWM<\/strong>.<\/p><p>Pour une bonne pose et une tenue longue dur\u00e9e, consultez nos <a href=\"https:\/\/www.m-stickers.com\/tuto-comment-poser-ses-stickers-de-jantes-moto\/\">guides de pose<\/a> !<\/p>\t\t\t\t\t\t\t\t<\/div>\n\t\t\t\t<\/div>\n\t\t\t\t<div class=\"elementor-element elementor-element-efcd113 elementor-widget elementor-widget-html\" data-id=\"efcd113\" data-element_type=\"widget\" data-e-type=\"widget\" data-widget_type=\"html.default\">\n\t\t\t\t<div class=\"elementor-widget-container\">\n\t\t\t\t\t<!-- Google Tag Manager -->\r\n<script>(function(w,d,s,l,i){w[l]=w[l]||[];w[l].push({'gtm.start':\r\nnew Date().getTime(),event:'gtm.js'});var f=d.getElementsByTagName(s)[0],\r\nj=d.createElement(s),dl=l!='dataLayer'?'&l='+l:'';j.async=true;j.src=\r\n'https:\/\/www.googletagmanager.com\/gtm.js?id='+i+dl;f.parentNode.insertBefore(j,f);\r\n})(window,document,'script','dataLayer','GTM-5WBV2JH');<\/script>\r\n<!-- End Google Tag Manager -->\r\n<head>\r\n\r\n<!-- Global site tag (gtag.js) - Google Ads: 966835575 --> <script async src=\"https:\/\/www.googletagmanager.com\/gtag\/js?id=AW-966835575\"><\/script> <script> window.dataLayer = window.dataLayer || []; function gtag(){dataLayer.push(arguments);} gtag('js', new Date()); gtag('config', 'AW-966835575'); <\/script>\r\n\r\n<\/head>\r\n<!-- Google Tag Manager (noscript) -->\r\n<noscript><iframe src=\"https:\/\/www.googletagmanager.com\/ns.html?id=GTM-5WBV2JH\"\r\nheight=\"0\" width=\"0\" style=\"display:none;visibility:hidden\"><\/iframe><\/noscript>\r\n<!-- End Google Tag Manager (noscript) -->\t\t\t\t<\/div>\n\t\t\t\t<\/div>\n\t\t\t\t\t<\/div>\n\t\t<\/div>\n\t\t\t\t\t<\/div>\n\t\t<\/section>\n\t\t\t\t<\/div>\n\t\t","protected":false},"excerpt":{"rendered":"<p>Varez 125 Votre moto n\u2019est pas r\u00e9f\u00e9renc\u00e9e ? Cliquez ici ! Personnalisez votre b\u00e9cane avec des stickers jantes moto SWM Transformer rapidement et au meilleur prix votre b\u00e9cane, c&rsquo;est possible avec les stickers jantes moto SWM de qualit\u00e9.Vous trouverez des stickers de jantes moto, mais aussi des liserets ou des kits complets pour changer ou [&hellip;]<\/p>\n","protected":false},"author":1,"featured_media":0,"parent":0,"menu_order":0,"comment_status":"closed","ping_status":"closed","template":"","meta":{"footnotes":""},"class_list":["post-12379","page","type-page","status-publish","hentry","entry","owp-thumbs-layout-horizontal","owp-btn-big","owp-tabs-layout-horizontal","has-no-thumbnails"],"ase":null,"_links":{"self":[{"href":"https:\/\/www.m-stickers.com\/en\/wp-json\/wp\/v2\/pages\/12379","targetHints":{"allow":["GET"]}}],"collection":[{"href":"https:\/\/www.m-stickers.com\/en\/wp-json\/wp\/v2\/pages"}],"about":[{"href":"https:\/\/www.m-stickers.com\/en\/wp-json\/wp\/v2\/types\/page"}],"author":[{"embeddable":true,"href":"https:\/\/www.m-stickers.com\/en\/wp-json\/wp\/v2\/users\/1"}],"replies":[{"embeddable":true,"href":"https:\/\/www.m-stickers.com\/en\/wp-json\/wp\/v2\/comments?post=12379"}],"version-history":[{"count":0,"href":"https:\/\/www.m-stickers.com\/en\/wp-json\/wp\/v2\/pages\/12379\/revisions"}],"wp:attachment":[{"href":"https:\/\/www.m-stickers.com\/en\/wp-json\/wp\/v2\/media?parent=12379"}],"curies":[{"name":"motorcycle wheel","href":"https:\/\/api.w.org\/{rel}","templated":true}]}}