{"id":41478,"date":"2023-01-06T14:57:35","date_gmt":"2023-01-06T13:57:35","guid":{"rendered":"https:\/\/www.m-stickers.com\/?page_id=41478"},"modified":"2023-01-06T19:16:34","modified_gmt":"2023-01-06T18:16:34","slug":"covering-moto-m-stickers","status":"publish","type":"page","link":"https:\/\/www.m-stickers.com\/en\/covering-moto-m-stickers\/","title":{"rendered":"Motorcycle M-Stickers Decals"},"content":{"rendered":"<div data-elementor-type=\"wp-page\" data-elementor-id=\"41478\" class=\"elementor elementor-41478\" data-elementor-post-type=\"page\">\n\t\t\t\t\t\t<section class=\"elementor-section elementor-top-section elementor-element elementor-element-0a1408b elementor-section-boxed elementor-section-height-default elementor-section-height-default\" data-id=\"0a1408b\" data-element_type=\"section\" data-e-type=\"section\">\n\t\t\t\t\t\t<div class=\"elementor-container elementor-column-gap-default\">\n\t\t\t\t\t<div class=\"elementor-column elementor-col-100 elementor-top-column elementor-element elementor-element-7ab759e\" data-id=\"7ab759e\" data-element_type=\"column\" data-e-type=\"column\">\n\t\t\t<div class=\"elementor-widget-wrap elementor-element-populated\">\n\t\t\t\t\t\t<div class=\"elementor-element elementor-element-1da88e9 elementor-widget elementor-widget-heading\" data-id=\"1da88e9\" data-element_type=\"widget\" data-e-type=\"widget\" data-widget_type=\"heading.default\">\n\t\t\t\t<div class=\"elementor-widget-container\">\n\t\t\t\t\t<h1 class=\"elementor-heading-title elementor-size-xxl\">Motorcycle covering<\/h1>\t\t\t\t<\/div>\n\t\t\t\t<\/div>\n\t\t\t\t<div class=\"elementor-element elementor-element-d94bdeb elementor-widget elementor-widget-heading\" data-id=\"d94bdeb\" data-element_type=\"widget\" data-e-type=\"widget\" data-widget_type=\"heading.default\">\n\t\t\t\t<div class=\"elementor-widget-container\">\n\t\t\t\t\t<h2 class=\"elementor-heading-title elementor-size-large\">100 % Customizable<\/h2>\t\t\t\t<\/div>\n\t\t\t\t<\/div>\n\t\t\t\t<div class=\"elementor-element elementor-element-ca69e9b elementor-widget elementor-widget-image\" data-id=\"ca69e9b\" data-element_type=\"widget\" data-e-type=\"widget\" data-widget_type=\"image.default\">\n\t\t\t\t<div class=\"elementor-widget-container\">\n\t\t\t\t\t\t\t\t\t\t\t\t\t\t\t<img fetchpriority=\"high\" decoding=\"async\" width=\"819\" height=\"1024\" src=\"https:\/\/www.m-stickers.com\/wp-content\/uploads\/2023\/01\/pexels-photo-10649676-819x1024.jpeg\" class=\"attachment-large size-large wp-image-41483\" alt=\"\" srcset=\"https:\/\/www.m-stickers.com\/wp-content\/uploads\/2023\/01\/pexels-photo-10649676-819x1024.jpeg 819w, https:\/\/www.m-stickers.com\/wp-content\/uploads\/2023\/01\/pexels-photo-10649676-240x300.jpeg 240w, https:\/\/www.m-stickers.com\/wp-content\/uploads\/2023\/01\/pexels-photo-10649676-768x960.jpeg 768w, https:\/\/www.m-stickers.com\/wp-content\/uploads\/2023\/01\/pexels-photo-10649676-scaled-600x750.jpeg 600w, https:\/\/www.m-stickers.com\/wp-content\/uploads\/2023\/01\/pexels-photo-10649676-1229x1536.jpeg 1229w, https:\/\/www.m-stickers.com\/wp-content\/uploads\/2023\/01\/pexels-photo-10649676-scaled.jpeg 1500w\" sizes=\"(max-width: 819px) 100vw, 819px\" \/>\t\t\t\t\t\t\t\t\t\t\t\t\t\t\t<\/div>\n\t\t\t\t<\/div>\n\t\t\t\t\t<\/div>\n\t\t<\/div>\n\t\t\t\t\t<\/div>\n\t\t<\/section>\n\t\t\t\t<section class=\"elementor-section elementor-top-section elementor-element elementor-element-10d8246 elementor-section-boxed elementor-section-height-default elementor-section-height-default\" data-id=\"10d8246\" data-element_type=\"section\" data-e-type=\"section\">\n\t\t\t\t\t\t<div class=\"elementor-container elementor-column-gap-default\">\n\t\t\t\t\t<div class=\"elementor-column elementor-col-50 elementor-top-column elementor-element elementor-element-63d29a9\" data-id=\"63d29a9\" data-element_type=\"column\" data-e-type=\"column\">\n\t\t\t<div class=\"elementor-widget-wrap elementor-element-populated\">\n\t\t\t\t\t\t<div class=\"elementor-element elementor-element-272284d elementor-widget elementor-widget-text-editor\" data-id=\"272284d\" data-element_type=\"widget\" data-e-type=\"widget\" data-widget_type=\"text-editor.default\">\n\t\t\t\t<div class=\"elementor-widget-container\">\n\t\t\t\t\t\t\t\t\t<p>Motorcycle wrapping is a surface coating technique that, unlike paint, requires no sanding or drying time during application. This solution is practical, economical and guarantees a flawless finish on motorcycles. It can be used on all types of motorcycle: roadster, sports, trail and motocross. By applying this \"second skin\" to the repainted areas, you'll protect your two-wheeler in a unique and optimal way.<\/p>\t\t\t\t\t\t\t\t<\/div>\n\t\t\t\t<\/div>\n\t\t\t\t\t<\/div>\n\t\t<\/div>\n\t\t\t\t<div class=\"elementor-column elementor-col-50 elementor-top-column elementor-element elementor-element-77e832b\" data-id=\"77e832b\" data-element_type=\"column\" data-e-type=\"column\">\n\t\t\t<div class=\"elementor-widget-wrap elementor-element-populated\">\n\t\t\t\t\t\t<div class=\"elementor-element elementor-element-ba6e0e3 elementor-button-danger elementor-align-center elementor-widget elementor-widget-button\" data-id=\"ba6e0e3\" data-element_type=\"widget\" data-e-type=\"widget\" data-widget_type=\"button.default\">\n\t\t\t\t<div class=\"elementor-widget-container\">\n\t\t\t\t\t\t\t\t\t<div class=\"elementor-button-wrapper\">\n\t\t\t\t\t<a class=\"elementor-button elementor-button-link elementor-size-lg\" href=\"https:\/\/www.m-stickers.com\/en\/contact\/\">\n\t\t\t\t\t\t<span class=\"elementor-button-content-wrapper\">\n\t\t\t\t\t\t\t\t\t<span class=\"elementor-button-text\">Contact us<\/span>\n\t\t\t\t\t<\/span>\n\t\t\t\t\t<\/a>\n\t\t\t\t<\/div>\n\t\t\t\t\t\t\t\t<\/div>\n\t\t\t\t<\/div>\n\t\t\t\t\t<\/div>\n\t\t<\/div>\n\t\t\t\t\t<\/div>\n\t\t<\/section>\n\t\t\t\t<section class=\"elementor-section elementor-top-section elementor-element elementor-element-dc853a7 elementor-section-boxed elementor-section-height-default elementor-section-height-default\" data-id=\"dc853a7\" data-element_type=\"section\" data-e-type=\"section\" data-settings=\"{&quot;background_background&quot;:&quot;classic&quot;}\">\n\t\t\t\t\t\t<div class=\"elementor-container elementor-column-gap-default\">\n\t\t\t\t\t<div class=\"elementor-column elementor-col-100 elementor-top-column elementor-element elementor-element-5f2570c\" data-id=\"5f2570c\" data-element_type=\"column\" data-e-type=\"column\">\n\t\t\t<div class=\"elementor-widget-wrap elementor-element-populated\">\n\t\t\t\t\t\t<div class=\"elementor-element elementor-element-e36816c elementor-widget elementor-widget-heading\" data-id=\"e36816c\" data-element_type=\"widget\" data-e-type=\"widget\" data-widget_type=\"heading.default\">\n\t\t\t\t<div class=\"elementor-widget-container\">\n\t\t\t\t\t<h2 class=\"elementor-heading-title elementor-size-xl\">Covering motorcycles: limitless creations<\/h2>\t\t\t\t<\/div>\n\t\t\t\t<\/div>\n\t\t\t\t<div class=\"elementor-element elementor-element-f7519a6 elementor-widget-divider--view-line elementor-widget elementor-widget-divider\" data-id=\"f7519a6\" data-element_type=\"widget\" data-e-type=\"widget\" data-widget_type=\"divider.default\">\n\t\t\t\t<div class=\"elementor-widget-container\">\n\t\t\t\t\t\t\t<div class=\"elementor-divider\">\n\t\t\t<span class=\"elementor-divider-separator\">\n\t\t\t\t\t\t<\/span>\n\t\t<\/div>\n\t\t\t\t\t\t<\/div>\n\t\t\t\t<\/div>\n\t\t\t\t<div class=\"elementor-element elementor-element-978b3a2 elementor-widget elementor-widget-text-editor\" data-id=\"978b3a2\" data-element_type=\"widget\" data-e-type=\"widget\" data-widget_type=\"text-editor.default\">\n\t\t\t\t<div class=\"elementor-widget-container\">\n\t\t\t\t\t\t\t\t\t<p><span style=\"color: #ff0000;\"><span style=\"color: #ffffff;\">At<\/span><strong> M-Stickers<\/strong><\/span> we offer a motorcycle covering design and installation service, of course, <strong>100% customizable<\/strong> ! Do you want to change the color and style of your motorcycle quickly and at a lower cost? <strong>So don't hesitate any longer and entrust us with your project.<\/strong>\u00a0 Limitless customization thanks to hundreds of colors, choices of materials, and textures like:\u00a0<\/p><ul><li><strong>Solid color<\/strong> : In matte, glossy, satin, metallic, etc.<\/li><li><strong>Carbon effect<\/strong>in relief!<\/li><li><strong>Printable Covering<\/strong> for a unique look. With endless possibilities for creation, image, pattern, illustration. Let your imagination speak.<\/li><li><strong>Camouflage camo<\/strong> for a discreet finish<\/li><li><strong>Holographic<\/strong> for a unique look<\/li><\/ul><p style=\"text-align: center;\">The possibilities are still numerous. <a href=\"https:\/\/www.m-stickers.com\/en\/2023\/01\/06\/motorcycle-covering-economical-personalization\/\"><strong>Find out more here!<\/strong><\/a><\/p>\t\t\t\t\t\t\t\t<\/div>\n\t\t\t\t<\/div>\n\t\t\t\t\t<\/div>\n\t\t<\/div>\n\t\t\t\t\t<\/div>\n\t\t<\/section>\n\t\t\t\t<section class=\"elementor-section elementor-top-section elementor-element elementor-element-63e121e elementor-section-boxed elementor-section-height-default elementor-section-height-default\" data-id=\"63e121e\" data-element_type=\"section\" data-e-type=\"section\">\n\t\t\t\t\t\t<div class=\"elementor-container elementor-column-gap-default\">\n\t\t\t\t\t<div class=\"elementor-column elementor-col-100 elementor-top-column elementor-element elementor-element-ef7d42e\" data-id=\"ef7d42e\" data-element_type=\"column\" data-e-type=\"column\">\n\t\t\t<div class=\"elementor-widget-wrap elementor-element-populated\">\n\t\t\t\t\t\t<div class=\"elementor-element elementor-element-2920a74 elementor-widget elementor-widget-heading\" data-id=\"2920a74\" data-element_type=\"widget\" data-e-type=\"widget\" data-widget_type=\"heading.default\">\n\t\t\t\t<div class=\"elementor-widget-container\">\n\t\t\t\t\t<h3 class=\"elementor-heading-title elementor-size-xxl\">Personalize your motorcycle<\/h3>\t\t\t\t<\/div>\n\t\t\t\t<\/div>\n\t\t\t\t<div class=\"elementor-element elementor-element-e307ce4 elementor-widget elementor-widget-heading\" data-id=\"e307ce4\" data-element_type=\"widget\" data-e-type=\"widget\" data-widget_type=\"heading.default\">\n\t\t\t\t<div class=\"elementor-widget-container\">\n\t\t\t\t\t<h3 class=\"elementor-heading-title elementor-size-large\">With a covering <\/h3>\t\t\t\t<\/div>\n\t\t\t\t<\/div>\n\t\t\t\t<div class=\"elementor-element elementor-element-1744f5b elementor-widget elementor-widget-image\" data-id=\"1744f5b\" data-element_type=\"widget\" data-e-type=\"widget\" data-widget_type=\"image.default\">\n\t\t\t\t<div class=\"elementor-widget-container\">\n\t\t\t\t\t\t\t\t\t\t\t\t\t\t\t<img decoding=\"async\" width=\"1024\" height=\"683\" src=\"https:\/\/www.m-stickers.com\/wp-content\/uploads\/2023\/01\/pexels-photo-9166718-1024x683.jpeg\" class=\"attachment-large size-large wp-image-41486\" alt=\"\" srcset=\"https:\/\/www.m-stickers.com\/wp-content\/uploads\/2023\/01\/pexels-photo-9166718-1024x683.jpeg 1024w, https:\/\/www.m-stickers.com\/wp-content\/uploads\/2023\/01\/pexels-photo-9166718-600x400.jpeg 600w, https:\/\/www.m-stickers.com\/wp-content\/uploads\/2023\/01\/pexels-photo-9166718-300x200.jpeg 300w, https:\/\/www.m-stickers.com\/wp-content\/uploads\/2023\/01\/pexels-photo-9166718-768x512.jpeg 768w, https:\/\/www.m-stickers.com\/wp-content\/uploads\/2023\/01\/pexels-photo-9166718.jpeg 1124w\" sizes=\"(max-width: 1024px) 100vw, 1024px\" \/>\t\t\t\t\t\t\t\t\t\t\t\t\t\t\t<\/div>\n\t\t\t\t<\/div>\n\t\t\t\t<div class=\"elementor-element elementor-element-afab710 elementor-button-danger elementor-align-center elementor-widget elementor-widget-button\" data-id=\"afab710\" data-element_type=\"widget\" data-e-type=\"widget\" data-widget_type=\"button.default\">\n\t\t\t\t<div class=\"elementor-widget-container\">\n\t\t\t\t\t\t\t\t\t<div class=\"elementor-button-wrapper\">\n\t\t\t\t\t<a class=\"elementor-button elementor-button-link elementor-size-lg\" href=\"https:\/\/www.m-stickers.com\/en\/contact\/\">\n\t\t\t\t\t\t<span class=\"elementor-button-content-wrapper\">\n\t\t\t\t\t\t\t\t\t<span class=\"elementor-button-text\">Ask for a quote<\/span>\n\t\t\t\t\t<\/span>\n\t\t\t\t\t<\/a>\n\t\t\t\t<\/div>\n\t\t\t\t\t\t\t\t<\/div>\n\t\t\t\t<\/div>\n\t\t\t\t\t<\/div>\n\t\t<\/div>\n\t\t\t\t\t<\/div>\n\t\t<\/section>\n\t\t\t\t<section class=\"elementor-section elementor-top-section elementor-element elementor-element-c90e697 elementor-section-boxed elementor-section-height-default elementor-section-height-default\" data-id=\"c90e697\" data-element_type=\"section\" data-e-type=\"section\">\n\t\t\t\t\t\t<div class=\"elementor-container elementor-column-gap-default\">\n\t\t\t\t\t<div class=\"elementor-column elementor-col-100 elementor-top-column elementor-element elementor-element-19469c6\" data-id=\"19469c6\" data-element_type=\"column\" data-e-type=\"column\">\n\t\t\t<div class=\"elementor-widget-wrap elementor-element-populated\">\n\t\t\t\t\t\t<div class=\"elementor-element elementor-element-bd01d5e elementor-widget elementor-widget-heading\" data-id=\"bd01d5e\" data-element_type=\"widget\" data-e-type=\"widget\" data-widget_type=\"heading.default\">\n\t\t\t\t<div class=\"elementor-widget-container\">\n\t\t\t\t\t<h2 class=\"elementor-heading-title elementor-size-xl\">A professional covering<\/h2>\t\t\t\t<\/div>\n\t\t\t\t<\/div>\n\t\t\t\t<div class=\"elementor-element elementor-element-333c663 elementor-widget elementor-widget-text-editor\" data-id=\"333c663\" data-element_type=\"widget\" data-e-type=\"widget\" data-widget_type=\"text-editor.default\">\n\t\t\t\t<div class=\"elementor-widget-container\">\n\t\t\t\t\t\t\t\t\t<p>Entrust us with the creation and installation of your motorcycle decal! Whether you have a precise idea or simply a desire for a decal, we'll support you in bringing your project to life with our team of graphic designers and professional installers!\u00a0<\/p><p>Tell us about your project and we'll work with you to realize it according to your expectations and budget. From the installation of a solid color covering to the creation and printing of a complex and unique design. A team of professionals will be there to advise you.<\/p>\t\t\t\t\t\t\t\t<\/div>\n\t\t\t\t<\/div>\n\t\t\t\t<div class=\"elementor-element elementor-element-10a3b50 elementor-widget-divider--view-line elementor-widget elementor-widget-divider\" data-id=\"10a3b50\" data-element_type=\"widget\" data-e-type=\"widget\" data-widget_type=\"divider.default\">\n\t\t\t\t<div class=\"elementor-widget-container\">\n\t\t\t\t\t\t\t<div class=\"elementor-divider\">\n\t\t\t<span class=\"elementor-divider-separator\">\n\t\t\t\t\t\t<\/span>\n\t\t<\/div>\n\t\t\t\t\t\t<\/div>\n\t\t\t\t<\/div>\n\t\t\t\t<div class=\"elementor-element elementor-element-dd28038 elementor-widget elementor-widget-heading\" data-id=\"dd28038\" data-element_type=\"widget\" data-e-type=\"widget\" data-widget_type=\"heading.default\">\n\t\t\t\t<div class=\"elementor-widget-container\">\n\t\t\t\t\t<h2 class=\"elementor-heading-title elementor-size-large\">The benefits of motorcycle wrapping<\/h2>\t\t\t\t<\/div>\n\t\t\t\t<\/div>\n\t\t\t\t<div class=\"elementor-element elementor-element-023f91c elementor-widget elementor-widget-text-editor\" data-id=\"023f91c\" data-element_type=\"widget\" data-e-type=\"widget\" data-widget_type=\"text-editor.default\">\n\t\t\t\t<div class=\"elementor-widget-container\">\n\t\t\t\t\t\t\t\t\t<p><strong>Motorcycle covering<\/strong> has many advantages over a complete paint job or a classic deco kit.<\/p><ul><li>First of all, it is <strong>less expensive<\/strong>Especially if you want to change the color of your motorcycle on a regular basis. In fact, covering your motorcycle is very easy to remove and replace.<\/li><li>In addition, vehicle wrapping is an effective solution for <strong>protect paintwork<\/strong> the vehicle's original finish. It protects it from scratches and color variations caused by sun and weather.<\/li><li><strong>Customization<\/strong> of your motorbike is also a notable highlight. Thanks to covering, it is possible to create any design, shape, color, and gradient. Whether it's your idea or a unique creation by our graphic designers.\u00a0<\/li><li><strong>One day<\/strong>is the time it takes our team to apply a complete covering to your motorcycle. This can vary according to the model and complexity of the fairing.<\/li><\/ul>\t\t\t\t\t\t\t\t<\/div>\n\t\t\t\t<\/div>\n\t\t\t\t<div class=\"elementor-element elementor-element-53e115c elementor-widget elementor-widget-heading\" data-id=\"53e115c\" data-element_type=\"widget\" data-e-type=\"widget\" data-widget_type=\"heading.default\">\n\t\t\t\t<div class=\"elementor-widget-container\">\n\t\t\t\t\t<h2 class=\"elementor-heading-title elementor-size-default\">Motorcycle covering in Lyon<\/h2>\t\t\t\t<\/div>\n\t\t\t\t<\/div>\n\t\t\t\t<div class=\"elementor-element elementor-element-0466f5c elementor-widget elementor-widget-text-editor\" data-id=\"0466f5c\" data-element_type=\"widget\" data-e-type=\"widget\" data-widget_type=\"text-editor.default\">\n\t\t\t\t<div class=\"elementor-widget-container\">\n\t\t\t\t\t\t\t\t\t<p>Our M-Stickers workshop is located in Lyon, it is possible to come on site after making an appointment for installation. Your motorcycle will not be kept for more than one day. Our team of installers can also travel depending on the case.<\/p>\t\t\t\t\t\t\t\t<\/div>\n\t\t\t\t<\/div>\n\t\t\t\t<div class=\"elementor-element elementor-element-63acacc elementor-button-danger elementor-align-center elementor-widget elementor-widget-button\" data-id=\"63acacc\" data-element_type=\"widget\" data-e-type=\"widget\" data-widget_type=\"button.default\">\n\t\t\t\t<div class=\"elementor-widget-container\">\n\t\t\t\t\t\t\t\t\t<div class=\"elementor-button-wrapper\">\n\t\t\t\t\t<a class=\"elementor-button elementor-button-link elementor-size-md\" href=\"https:\/\/www.m-stickers.com\/en\/contact\/\">\n\t\t\t\t\t\t<span class=\"elementor-button-content-wrapper\">\n\t\t\t\t\t\t\t\t\t<span class=\"elementor-button-text\">Contact us<\/span>\n\t\t\t\t\t<\/span>\n\t\t\t\t\t<\/a>\n\t\t\t\t<\/div>\n\t\t\t\t\t\t\t\t<\/div>\n\t\t\t\t<\/div>\n\t\t\t\t<div class=\"elementor-element elementor-element-85982f6 elementor-widget-divider--view-line elementor-widget elementor-widget-divider\" data-id=\"85982f6\" data-element_type=\"widget\" data-e-type=\"widget\" data-widget_type=\"divider.default\">\n\t\t\t\t<div class=\"elementor-widget-container\">\n\t\t\t\t\t\t\t<div class=\"elementor-divider\">\n\t\t\t<span class=\"elementor-divider-separator\">\n\t\t\t\t\t\t<\/span>\n\t\t<\/div>\n\t\t\t\t\t\t<\/div>\n\t\t\t\t<\/div>\n\t\t\t\t<div class=\"elementor-element elementor-element-5a99296 elementor-widget elementor-widget-heading\" data-id=\"5a99296\" data-element_type=\"widget\" data-e-type=\"widget\" data-widget_type=\"heading.default\">\n\t\t\t\t<div class=\"elementor-widget-container\">\n\t\t\t\t\t<h3 class=\"elementor-heading-title elementor-size-large\">Our other products - motorcycle stickers<\/h3>\t\t\t\t<\/div>\n\t\t\t\t<\/div>\n\t\t\t\t<div class=\"elementor-element elementor-element-67b145d elementor-grid-3 elementor-grid-tablet-3 elementor-grid-mobile-2 elementor-products-grid elementor-wc-products elementor-widget elementor-widget-wc-categories\" data-id=\"67b145d\" data-element_type=\"widget\" data-e-type=\"widget\" data-widget_type=\"wc-categories.default\">\n\t\t\t\t<div class=\"elementor-widget-container\">\n\t\t\t\t\t<div class=\"woocommerce columns-3\">\r\n<ul class=\"products elementor-grid oceanwp-row clr grid tablet-col tablet-2-col mobile-col mobile-1-col infinite-scroll-wrap\">\r\n<li class=\"product-category product first col span_1_of_3\">\n\t<a aria-label=\"Visit product category Stickers Jante\" href=\"https:\/\/www.m-stickers.com\/en\/categorie-produit\/kits-stickers-jantes-moto-complet\/\" data-no-translation-aria-label=\"\"><div class=\"product-inner clr\"><div class=\"woo-entry-image clr\"><a href=\"https:\/\/www.m-stickers.com\/en\/categorie-produit\/kits-stickers-jantes-moto-complet\/\"><img decoding=\"async\" src=\"https:\/\/www.m-stickers.com\/wp-content\/uploads\/2021\/01\/liniature-Kit-deco-300x300.png\" alt=\"Rim stickers\" width=\"300\" height=\"300\" srcset=\"https:\/\/www.m-stickers.com\/wp-content\/uploads\/2021\/01\/liniature-Kit-deco-300x300.png 300w, https:\/\/www.m-stickers.com\/wp-content\/uploads\/2021\/01\/liniature-Kit-deco-100x100.png 100w, https:\/\/www.m-stickers.com\/wp-content\/uploads\/2021\/01\/liniature-Kit-deco-150x150.png 150w\" sizes=\"(max-width: 300px) 100vw, 300px\" \/><\/a><\/div><div class=\"woo-entry-inner clr\"><a href=\"https:\/\/www.m-stickers.com\/en\/categorie-produit\/kits-stickers-jantes-moto-complet\/\">\t\t<h2 class=\"woocommerce-loop-category__title\">\n\t\t\tRim stickers <mark class=\"count\">(223)<\/mark>\t\t<\/h2>\n\t\t<\/a><div class=\"woo-desc\"><div class=\"description\">Discover our wheel rim decal kits. Designed in France, our motorcycle wheel rim decorative kits, decals, and wheel rim strips are unique...<\/div><\/div><\/div><\/div><\/a><\/li>\n<li class=\"product-category product col span_1_of_3\">\n\t<a aria-label=\"Visit product category Kit D\u00e9co\" href=\"https:\/\/www.m-stickers.com\/en\/categorie-produit\/kit-deco\/\" data-no-translation-aria-label=\"\"><div class=\"product-inner clr\"><div class=\"woo-entry-image clr\"><a href=\"https:\/\/www.m-stickers.com\/en\/categorie-produit\/kit-deco\/\"><img loading=\"lazy\" decoding=\"async\" src=\"https:\/\/www.m-stickers.com\/wp-content\/uploads\/2021\/11\/kit-deco-1-300x300.png\" alt=\"Deco Kit\" width=\"300\" height=\"300\" srcset=\"https:\/\/www.m-stickers.com\/wp-content\/uploads\/2021\/11\/kit-deco-1-300x300.png 300w, https:\/\/www.m-stickers.com\/wp-content\/uploads\/2021\/11\/kit-deco-1-100x100.png 100w, https:\/\/www.m-stickers.com\/wp-content\/uploads\/2021\/11\/kit-deco-1-150x150.png 150w\" sizes=\"(max-width: 300px) 100vw, 300px\" \/><\/a><\/div><div class=\"woo-entry-inner clr\"><a href=\"https:\/\/www.m-stickers.com\/en\/categorie-produit\/kit-deco\/\">\t\t<h2 class=\"woocommerce-loop-category__title\">\n\t\t\tDeco Kit <mark class=\"count\">(29)<\/mark>\t\t<\/h2>\n\t\t<\/a><div class=\"woo-desc\"><div class=\"description\">M-Stickers creates and installs unique coverings for your motorcycle. Visit us here to find out more! Discover our...<\/div><\/div><\/div><\/div><\/a><\/li>\n<li class=\"product-category product last col span_1_of_3\">\n\t<a aria-label=\"Visit product category Stickers casque\" href=\"https:\/\/www.m-stickers.com\/en\/categorie-produit\/destockage\/stickers-casque\/\" data-no-translation-aria-label=\"\"><div class=\"product-inner clr\"><div class=\"woo-entry-image clr\"><a href=\"https:\/\/www.m-stickers.com\/en\/categorie-produit\/destockage\/stickers-casque\/\"><img loading=\"lazy\" decoding=\"async\" src=\"https:\/\/www.m-stickers.com\/wp-content\/uploads\/2022\/07\/miniature-casque-300x300.webp\" alt=\"Helmet stickers\" width=\"300\" height=\"300\" srcset=\"https:\/\/www.m-stickers.com\/wp-content\/uploads\/2022\/07\/miniature-casque-300x300.png 300w, https:\/\/www.m-stickers.com\/wp-content\/uploads\/2022\/07\/miniature-casque-100x100.png 100w, https:\/\/www.m-stickers.com\/wp-content\/uploads\/2022\/07\/miniature-casque-150x150.webp 150w\" sizes=\"(max-width: 300px) 100vw, 300px\" \/><\/a><\/div><div class=\"woo-entry-inner clr\"><a href=\"https:\/\/www.m-stickers.com\/en\/categorie-produit\/destockage\/stickers-casque\/\">\t\t<h2 class=\"woocommerce-loop-category__title\">\n\t\t\tHelmet stickers <mark class=\"count\">(2)<\/mark>\t\t<\/h2>\n\t\t<\/a><div class=\"woo-desc\"><div class=\"description\">Clearance and promotions on our products and motorcycle helmet decals. Up to -50%.<\/div><\/div><\/div><\/div><\/a><\/li>\n<\/ul>\n<\/div>\t\t\t\t<\/div>\n\t\t\t\t<\/div>\n\t\t\t\t\t<\/div>\n\t\t<\/div>\n\t\t\t\t\t<\/div>\n\t\t<\/section>\n\t\t\t\t<\/div>","protected":false},"excerpt":{"rendered":"<p>Covering moto 100\u2009% Personnalisable Le covering moto est une technique de rev\u00eatement de surface qui ne n\u00e9cessite ni pon\u00e7age ni temps de s\u00e9chage lors de son application, contrairement \u00e0 la peinture. Cette solution est pratique, \u00e9conomique et garantit un rendu impeccable sur les motos. Elle peut \u00eatre utilis\u00e9e sur tous types de moto, roadster, sportive, [&hellip;]<\/p>\n","protected":false},"author":1,"featured_media":0,"parent":0,"menu_order":0,"comment_status":"closed","ping_status":"closed","template":"","meta":{"footnotes":""},"class_list":["post-41478","page","type-page","status-publish","hentry","entry","owp-thumbs-layout-horizontal","owp-btn-big","owp-tabs-layout-horizontal","has-no-thumbnails"],"ase":null,"_links":{"self":[{"href":"https:\/\/www.m-stickers.com\/en\/wp-json\/wp\/v2\/pages\/41478","targetHints":{"allow":["GET"]}}],"collection":[{"href":"https:\/\/www.m-stickers.com\/en\/wp-json\/wp\/v2\/pages"}],"about":[{"href":"https:\/\/www.m-stickers.com\/en\/wp-json\/wp\/v2\/types\/page"}],"author":[{"embeddable":true,"href":"https:\/\/www.m-stickers.com\/en\/wp-json\/wp\/v2\/users\/1"}],"replies":[{"embeddable":true,"href":"https:\/\/www.m-stickers.com\/en\/wp-json\/wp\/v2\/comments?post=41478"}],"version-history":[{"count":0,"href":"https:\/\/www.m-stickers.com\/en\/wp-json\/wp\/v2\/pages\/41478\/revisions"}],"wp:attachment":[{"href":"https:\/\/www.m-stickers.com\/en\/wp-json\/wp\/v2\/media?parent=41478"}],"curies":[{"name":"motorcycle wheel","href":"https:\/\/api.w.org\/{rel}","templated":true}]}}