{"id":4264,"date":"2020-11-12T14:52:26","date_gmt":"2020-11-12T13:52:26","guid":{"rendered":"https:\/\/www.m-stickers.com\/?page_id=4264"},"modified":"2021-11-25T20:53:41","modified_gmt":"2021-11-25T19:53:41","slug":"store","status":"publish","type":"page","link":"https:\/\/www.m-stickers.com\/en\/boutique\/","title":{"rendered":"Store"},"content":{"rendered":"<p>Find all our unique and 100% customizable wheel rim decals. Designed in France, our <strong>deco kits<\/strong>\u00a0and\u00a0<strong>motorcycle rim stickers<\/strong>\u00a0 are unique and\u00a0<strong>100% customizable<\/strong>. Our range of<strong>\u00a0wheel stickers<\/strong>\u00a0<strong>motorcycles<\/strong>\u00a0are made from the finest vinyl to give you the best possible adhesive for long-lasting hold. Our collection of\u00a0<strong>motorcycle stickers<\/strong>\u00a0is designed to perfectly match any type of use: sporty, urban, everyday.\u00a0<strong>Deco kit<\/strong>\u00a0is the final finishing touch that will make your motorcycle both personal and unique! Here you'll find a wide choice of\u00a0<strong>motorcycle deco kits<\/strong>\u00a0and<strong>\u00a0rim edgings<\/strong>\u00a0for a wide range of motorcycles. If you don't see your motorcycle model here, or if you'd like to make a special order, please contact us.\u00a0<strong>motorcycle deco kit<\/strong> customized: don't hesitate to contact us!<\/p>","protected":false},"excerpt":{"rendered":"<p>Retrouvez tous nos stickers de jantes uniques et 100% personnalisables. Con\u00e7us en France, nos kits d\u00e9co\u00a0et\u00a0stickers de jantes motos\u00a0 sont uniques et\u00a0100% personnalisables. Notre gamme de\u00a0stickers de jantes\u00a0motos\u00a0sont fabriqu\u00e9s \u00e0 partir des meilleurs vinyles dans le but de vous offrir le meilleur adh\u00e9sif possible pour une tenue longue dur\u00e9e. Notre collection de\u00a0stickers moto\u00a0est d\u00e9clin\u00e9e afin [&hellip;]<\/p>\n","protected":false},"author":1,"featured_media":0,"parent":0,"menu_order":0,"comment_status":"closed","ping_status":"closed","template":"elementor_canvas","meta":{"footnotes":""},"class_list":["post-4264","page","type-page","status-publish","hentry","entry","owp-thumbs-layout-horizontal","owp-btn-big","owp-tabs-layout-horizontal","has-no-thumbnails"],"ase":null,"_links":{"self":[{"href":"https:\/\/www.m-stickers.com\/en\/wp-json\/wp\/v2\/pages\/4264","targetHints":{"allow":["GET"]}}],"collection":[{"href":"https:\/\/www.m-stickers.com\/en\/wp-json\/wp\/v2\/pages"}],"about":[{"href":"https:\/\/www.m-stickers.com\/en\/wp-json\/wp\/v2\/types\/page"}],"author":[{"embeddable":true,"href":"https:\/\/www.m-stickers.com\/en\/wp-json\/wp\/v2\/users\/1"}],"replies":[{"embeddable":true,"href":"https:\/\/www.m-stickers.com\/en\/wp-json\/wp\/v2\/comments?post=4264"}],"version-history":[{"count":0,"href":"https:\/\/www.m-stickers.com\/en\/wp-json\/wp\/v2\/pages\/4264\/revisions"}],"wp:attachment":[{"href":"https:\/\/www.m-stickers.com\/en\/wp-json\/wp\/v2\/media?parent=4264"}],"curies":[{"name":"motorcycle wheel","href":"https:\/\/api.w.org\/{rel}","templated":true}]}}