{"id":3,"date":"2020-11-06T17:15:35","date_gmt":"2020-11-06T16:15:35","guid":{"rendered":"https:\/\/www.m-stickers.com\/?page_id=3"},"modified":"2026-01-14T19:18:13","modified_gmt":"2026-01-14T18:18:13","slug":"privacy-policy","status":"publish","type":"page","link":"https:\/\/www.m-stickers.com\/en_gb\/politique-de-confidentialite\/","title":{"rendered":"Privacy Policy"},"content":{"rendered":"<div data-elementor-type=\"wp-page\" data-elementor-id=\"3\" class=\"elementor elementor-3\" data-elementor-post-type=\"page\">\n\t\t\t\t\t\t<section class=\"elementor-section elementor-top-section elementor-element elementor-element-61d10604 elementor-section-boxed elementor-section-height-default elementor-section-height-default\" data-id=\"61d10604\" data-element_type=\"section\" data-e-type=\"section\">\n\t\t\t\t\t\t<div class=\"elementor-container elementor-column-gap-default\">\n\t\t\t\t\t<div class=\"elementor-column elementor-col-100 elementor-top-column elementor-element elementor-element-6e9344dc\" data-id=\"6e9344dc\" data-element_type=\"column\" data-e-type=\"column\">\n\t\t\t<div class=\"elementor-widget-wrap elementor-element-populated\">\n\t\t\t\t\t\t<div class=\"elementor-element elementor-element-374846cd elementor-widget elementor-widget-text-editor\" data-id=\"374846cd\" data-element_type=\"widget\" data-e-type=\"widget\" data-widget_type=\"text-editor.default\">\n\t\t\t\t<div class=\"elementor-widget-container\">\n\t\t\t\t\t\t\t\t\t<p><\/p>\n<h1 class=\"wp-block-heading\" style=\"text-align: center;\" data-start=\"376\" data-end=\"408\">PRIVACY POLICY<\/h1>\n<p data-start=\"409\" data-end=\"451\"><strong data-start=\"409\" data-end=\"451\">Website: M-Stickers \u2013 <a class=\"decorated-link\" href=\"http:\/\/www.m-stickers.com\/en_gb\/\" target=\"_new\" rel=\"noopener\" data-start=\"431\" data-end=\"449\">www.m-stickers.com<\/a><\/strong><\/p>\n<hr data-start=\"511\" data-end=\"514\" \/>\n<h2 data-start=\"516\" data-end=\"540\">ARTICLE 1 \u2013 PREAMBLE<\/h2>\n<p data-start=\"542\" data-end=\"674\">This privacy policy applies to the website <strong data-start=\"611\" data-end=\"633\"><a class=\"decorated-link\" href=\"http:\/\/www.m-stickers.com\/en_gb\/\" target=\"_new\" rel=\"noopener\" data-start=\"613\" data-end=\"631\">www.m-stickers.com<\/a><\/strong>, operated under the brand <strong data-start=\"659\" data-end=\"673\">M-Stickers<\/strong>.<br \/><span style=\"font-size: 17px;\">The brand <\/span><strong style=\"font-size: 17px;\" data-start=\"686\" data-end=\"700\">M-Stickers<\/strong><span style=\"font-size: 17px;\"> is a trademark operated by the company <\/span><strong style=\"font-size: 17px;\" data-start=\"753\" data-end=\"773\">MSTKS HOLDING<\/strong><span style=\"font-size: 17px;\">, hereinafter referred to as \u00abthe Publisher\u00bb.<\/span><\/p>\n<p data-start=\"809\" data-end=\"882\">This policy aims to inform site users about:<\/p>\n<ul>\n<li data-start=\"886\" data-end=\"958\">how their personal data is collected and processed; ;<\/li>\n<li data-start=\"886\" data-end=\"958\"><span style=\"font-size: 17px;\">the rights they have concerning this data; ;<\/span><\/li>\n<li data-start=\"1018\" data-end=\"1089\">the Editor's responsibilities regarding data protection; ;<\/li>\n<li data-start=\"1092\" data-end=\"1128\">the possible use of cookies.<\/li>\n<\/ul>\n<p data-start=\"1130\" data-end=\"1245\">This policy supplements the <strong data-start=\"1159\" data-end=\"1179\">Legal Notice<\/strong> and the <strong data-start=\"1187\" data-end=\"1220\">General Terms of Sale<\/strong> available on the website.<\/p>\n<p data-start=\"1130\" data-end=\"1245\">\u00a0<\/p>\n<hr data-start=\"1247\" data-end=\"1250\" \/>\n<h2 data-start=\"1252\" data-end=\"1326\">ARTICLE 2 \u2013 GENERAL PRINCIPLES FOR DATA COLLECTION AND PROCESSING<\/h2>\n<p data-start=\"1328\" data-end=\"1449\">In accordance with the <strong data-start=\"1344\" data-end=\"1416\">General Data Protection Regulation (GDPR \u2013 EU 2016\/679)<\/strong>, personal data are:<\/p>\n<ul>\n<li data-start=\"1453\" data-end=\"1511\">collected in a way <strong data-start=\"1475\" data-end=\"1509\">lawful, fair and transparent<\/strong> ;<\/li>\n<li data-start=\"1514\" data-end=\"1585\">used for <strong data-start=\"1533\" data-end=\"1583\">specific, explicit and legitimate purposes<\/strong> ;<\/li>\n<li data-start=\"1588\" data-end=\"1638\"><strong data-start=\"1588\" data-end=\"1600\">limited<\/strong> to what is strictly necessary; ;<\/li>\n<li data-start=\"1641\" data-end=\"1680\"><strong data-start=\"1641\" data-end=\"1678\">kept for a limited time<\/strong> ;<\/li>\n<li data-start=\"1683\" data-end=\"1759\">protected by measures guaranteeing their <strong data-start=\"1727\" data-end=\"1758\">Security and confidentiality<\/strong>.<\/li>\n<\/ul>\n<p data-start=\"1761\" data-end=\"1833\">The data processing is based on one of the following legal bases:<\/p>\n<ul>\n<li data-start=\"1836\" data-end=\"1870\">user consent; ;<\/li>\n<li data-start=\"1873\" data-end=\"1937\">the execution of a contract (order, delivery, customer service); ;<\/li>\n<li data-start=\"1940\" data-end=\"1974\">compliance with legal obligations; ;<\/li>\n<li data-start=\"1977\" data-end=\"2045\">the legitimate interest of the Publisher (service improvement, security).<\/li>\n<\/ul>\n<p>\u00a0<\/p>\n<hr data-start=\"2047\" data-end=\"2050\" \/>\n<h2 data-start=\"2052\" data-end=\"2098\">ARTICLE 3 \u2013 COLLECTED PERSONAL DATA<\/h2>\n<h3 data-start=\"2100\" data-end=\"2126\">3.1 Data collected<\/h3>\n<p data-start=\"2128\" data-end=\"2210\">The data likely to be collected on the M-Stickers site notably includes:<\/p>\n<ul>\n<li data-start=\"2214\" data-end=\"2229\">Name and first name<\/li>\n<li data-start=\"2232\" data-end=\"2249\">Postal address<\/li>\n<li data-start=\"2252\" data-end=\"2268\">Email address<\/li>\n<li data-start=\"2271\" data-end=\"2292\">Phone number<\/li>\n<li data-start=\"2295\" data-end=\"2365\">Order and payment information (via secure providers)<\/li>\n<li data-start=\"2368\" data-end=\"2413\">IP address and browsing data (cookies)<\/li>\n<\/ul>\n<h3 data-start=\"2415\" data-end=\"2439\">3.2 Collection method<\/h3>\n<p data-start=\"2441\" data-end=\"2492\">These data are collected when the user:<\/p>\n<ul>\n<li data-start=\"2496\" data-end=\"2528\">place an order on the website; ;<\/li>\n<li data-start=\"2531\" data-end=\"2554\">create a customer account; ;<\/li>\n<li data-start=\"2557\" data-end=\"2591\">Submitting a Contact Form; ;<\/li>\n<li data-start=\"2594\" data-end=\"2626\">exchange with customer service; ;<\/li>\n<li data-start=\"2629\" data-end=\"2659\">browse the site (cookies).<\/li>\n<\/ul>\n<p>\u00a0<\/p>\n<hr data-start=\"2661\" data-end=\"2664\" \/>\n<h2 data-start=\"2666\" data-end=\"2704\">ARTICLE 4 \u2013 PURPOSES OF PROCESSING<\/h2>\n<p data-start=\"2706\" data-end=\"2766\">Personal data is used exclusively for:<\/p>\n<ul>\n<li data-start=\"2770\" data-end=\"2811\">order processing and tracking; ;<\/li>\n<li data-start=\"2814\" data-end=\"2848\">customer relationship management; ;<\/li>\n<li data-start=\"2851\" data-end=\"2882\">invoicing and payment; ;<\/li>\n<li data-start=\"2885\" data-end=\"2912\">delivery of products; ;<\/li>\n<li data-start=\"2915\" data-end=\"2967\">after-sales service and warranty management; ;<\/li>\n<li data-start=\"2970\" data-end=\"3014\">improving the user experience; ;<\/li>\n<li data-start=\"3017\" data-end=\"3055\">compliance with legal obligations.<\/li>\n<\/ul>\n<p data-start=\"3057\" data-end=\"3170\">No data is used for unintended commercial purposes without the user's explicit consent.<\/p>\n<p data-start=\"3057\" data-end=\"3170\">\u00a0<\/p>\n<hr data-start=\"3172\" data-end=\"3175\" \/>\n<h2 data-start=\"3177\" data-end=\"3228\">ARTICLE 5 \u2013 DATA TRANSMISSION TO THIRD PARTIES<\/h2>\n<p data-start=\"3230\" data-end=\"3365\">Personal data may only be transmitted to third parties strictly necessary for the execution of services, in particular:<\/p>\n<ul>\n<li data-start=\"3369\" data-end=\"3412\">payment providers (Stripe, PayPal); ;<\/li>\n<li data-start=\"3415\" data-end=\"3457\">logistics and delivery providers; ;<\/li>\n<li data-start=\"3460\" data-end=\"3479\">website host; ;<\/li>\n<li data-start=\"3482\" data-end=\"3523\">Analytics and audience measurement tools.<\/li>\n<\/ul>\n<p data-start=\"3525\" data-end=\"3652\">These service providers are contractually obliged to respect the confidentiality and security of data, in accordance with the GDPR.<\/p>\n<p data-start=\"3654\" data-end=\"3739\">The data are not <strong data-start=\"3674\" data-end=\"3692\">never sold<\/strong> not sold to third parties for commercial purposes.<\/p>\n<p data-start=\"3654\" data-end=\"3739\">\u00a0<\/p>\n<hr data-start=\"3741\" data-end=\"3744\" \/>\n<h2 data-start=\"3746\" data-end=\"3784\">ARTICLE 6 \u2013 DATA HOSTING<\/h2>\n<p data-start=\"3786\" data-end=\"3822\">The M-Stickers website is hosted by:<\/p>\n<ul>\n<li><strong data-start=\"3824\" data-end=\"3831\">OVH<\/strong><\/li>\n<\/ul>\n<p>The data is hosted within the European Union or in countries offering an adequate level of protection within the meaning of the GDPR.<\/p>\n<p>\u00a0<\/p>\n<hr data-start=\"3966\" data-end=\"3969\" \/>\n<h2 data-start=\"3971\" data-end=\"4011\">ARTICLE 7 \u2013 DATA CONTROLLER<\/h2>\n<p data-start=\"4013\" data-end=\"4059\">The data controller is:<\/p>\n<p data-start=\"4061\" data-end=\"4122\"><strong data-start=\"4061\" data-end=\"4081\">MSTKS HOLDING<\/strong><br data-start=\"4081\" data-end=\"4084\" \/>Brand Operator <strong data-start=\"4108\" data-end=\"4122\">M-Stickers<\/strong><\/p>\n<p data-start=\"4124\" data-end=\"4165\">Contact :<br data-start=\"4133\" data-end=\"4136\" \/><img decoding=\"async\" class=\"emoji\" role=\"img\" draggable=\"false\" src=\"https:\/\/s.w.org\/images\/core\/emoji\/17.0.2\/svg\/1f4e7.svg\" alt=\"\ud83d\udce7\" \/> <strong data-start=\"4139\" data-end=\"4165\"><a class=\"decorated-link cursor-pointer\" rel=\"noopener\" data-start=\"4141\" data-end=\"4163\">contact@m-stickers.com<\/a><\/strong><\/p>\n<p data-start=\"4167\" data-end=\"4273\">The data controller determines the purposes and means of processing personal data.<\/p>\n<p data-start=\"4167\" data-end=\"4273\">\u00a0<\/p>\n<hr data-start=\"4275\" data-end=\"4278\" \/>\n<h2 data-start=\"4280\" data-end=\"4328\">ARTICLE 8 \u2013 DATA RETENTION PERIOD<\/h2>\n<p data-start=\"4330\" data-end=\"4372\">Personal data is kept:<\/p>\n<ul>\n<li data-start=\"4376\" data-end=\"4430\">for the duration necessary for the performance of the contract; ;<\/li>\n<li data-start=\"4433\" data-end=\"4531\">then archived for a maximum period of <strong data-start=\"4475\" data-end=\"4484\">5 years<\/strong> for legal, accounting, or evidentiary purposes.<\/li>\n<\/ul>\n<p data-start=\"4533\" data-end=\"4585\">Beyond that, data is deleted or anonymized.<\/p>\n<p data-start=\"4533\" data-end=\"4585\">\u00a0<\/p>\n<hr data-start=\"4587\" data-end=\"4590\" \/>\n<h2 data-start=\"4592\" data-end=\"4630\">ARTICLE 9 \u2013 USER RIGHTS<\/h2>\n<p data-start=\"4632\" data-end=\"4697\">In accordance with the GDPR, the user has the following rights:<\/p>\n<ul>\n<li data-start=\"4701\" data-end=\"4734\"><strong data-start=\"4701\" data-end=\"4718\">right of access<\/strong> to its data; ;<\/li>\n<li data-start=\"4737\" data-end=\"4765\"><strong data-start=\"4737\" data-end=\"4763\">right of rectification<\/strong> ;<\/li>\n<li data-start=\"4768\" data-end=\"4794\"><strong data-start=\"4768\" data-end=\"4792\">Right to erasure<\/strong> ;<\/li>\n<li data-start=\"4797\" data-end=\"4838\"><strong data-start=\"4797\" data-end=\"4836\">right to restriction of processing<\/strong> ;<\/li>\n<li data-start=\"4841\" data-end=\"4865\"><strong data-start=\"4841\" data-end=\"4863\">right of opposition<\/strong> ;<\/li>\n<li data-start=\"4868\" data-end=\"4908\"><strong data-start=\"4868\" data-end=\"4894\">right to portability<\/strong> data; ;<\/li>\n<li data-start=\"4911\" data-end=\"4963\"><strong data-start=\"4911\" data-end=\"4948\">right to withdraw consent<\/strong> at any time.<\/li>\n<\/ul>\n<p data-start=\"4965\" data-end=\"5052\">To exercise their rights, the user can contact:<br data-start=\"5020\" data-end=\"5023\" \/><img decoding=\"async\" class=\"emoji\" role=\"img\" draggable=\"false\" src=\"https:\/\/s.w.org\/images\/core\/emoji\/17.0.2\/svg\/1f4e7.svg\" alt=\"\ud83d\udce7\" \/> <strong data-start=\"5026\" data-end=\"5052\"><a class=\"decorated-link cursor-pointer\" rel=\"noopener\" data-start=\"5028\" data-end=\"5050\">contact@m-stickers.com<\/a><\/strong><\/p>\n<p data-start=\"5054\" data-end=\"5118\">A response will be provided within a maximum of <strong data-start=\"5105\" data-end=\"5117\">30 days<\/strong>.<\/p>\n<p data-start=\"5120\" data-end=\"5251\">The user can also lodge a complaint with the competent supervisory authority (CNIL or equivalent authority).<\/p>\n<p data-start=\"5120\" data-end=\"5251\">\u00a0<\/p>\n<hr data-start=\"5253\" data-end=\"5256\" \/>\n<h2 data-start=\"5258\" data-end=\"5293\">ARTICLE 10 \u2013 DATA OF MINORS<\/h2>\n<p data-start=\"5295\" data-end=\"5439\">The M-Stickers website is not intended for individuals under <strong data-start=\"5358\" data-end=\"5368\">15 years<\/strong>.<br data-start=\"5369\" data-end=\"5372\" \/>No personal data of minors is voluntarily collected.<\/p>\n<p data-start=\"5295\" data-end=\"5439\">\u00a0<\/p>\n<hr data-start=\"5441\" data-end=\"5444\" \/>\n<h2 data-start=\"5446\" data-end=\"5469\">ARTICLE 11 \u2013 COOKIES<\/h2>\n<p data-start=\"5471\" data-end=\"5508\">The site uses cookies in order to:<\/p>\n<ul>\n<li data-start=\"5512\" data-end=\"5551\">ensure the proper functioning of the site; ;<\/li>\n<li data-start=\"5554\" data-end=\"5604\">measure audience and improve performance; ;<\/li>\n<li data-start=\"5607\" data-end=\"5642\">improve the user experience.<\/li>\n<\/ul>\n<p data-start=\"5644\" data-end=\"5751\">Non-essential cookies are subject to <strong data-start=\"5686\" data-end=\"5712\">prior consent<\/strong> by the user via a dedicated banner.<\/p>\n<p data-start=\"5753\" data-end=\"5864\">The user can modify their preferences at any time via their browser or the cookie management tool.<\/p>\n<p data-start=\"5753\" data-end=\"5864\">\u00a0<\/p>\n<hr data-start=\"5866\" data-end=\"5869\" \/>\n<h2 data-start=\"5871\" data-end=\"5907\">ARTICLE 12 \u2013 DATA SECURITY<\/h2>\n<p data-start=\"5909\" data-end=\"6115\">The site is secured via an SSL certificate.<br data-start=\"5952\" data-end=\"5955\" \/>Technical and organizational measures are implemented to protect data against loss, alteration, unauthorized access, or disclosure.<\/p>\n<p data-start=\"5909\" data-end=\"6115\">\u00a0<\/p>\n<hr data-start=\"6117\" data-end=\"6120\" \/>\n<h2 data-start=\"6122\" data-end=\"6166\">ARTICLE 13 \u2013 MODIFICATION OF THE POLICY<\/h2>\n<p data-start=\"6168\" data-end=\"6297\">This privacy policy may be modified at any time in order to remain compliant with current regulations.<\/p>\n<p data-start=\"6299\" data-end=\"6358\">Users are invited to consult it regularly.<\/p>\n<p><\/p>\t\t\t\t\t\t\t\t<\/div>\n\t\t\t\t<\/div>\n\t\t\t\t\t<\/div>\n\t\t<\/div>\n\t\t\t\t\t<\/div>\n\t\t<\/section>\n\t\t\t\t<\/div>","protected":false},"excerpt":{"rendered":"<p>POLITIQUE DE CONFIDENTIALIT\u00c9 Site : M-Stickers \u2013 www.m-stickers.com ARTICLE 1 \u2013 PR\u00c9AMBULE La pr\u00e9sente politique de confidentialit\u00e9 s\u2019applique au site internet www.m-stickers.com, exploit\u00e9 sous la marque M-Stickers.La marque M-Stickers est une marque commerciale exploit\u00e9e par la soci\u00e9t\u00e9 MSTKS HOLDING, ci-apr\u00e8s d\u00e9nomm\u00e9e \u00ab l\u2019\u00c9diteur \u00bb. Cette politique a pour objectif d\u2019informer les utilisateurs du site sur [&hellip;]<\/p>\n","protected":false},"author":1,"featured_media":0,"parent":0,"menu_order":0,"comment_status":"closed","ping_status":"closed","template":"","meta":{"footnotes":""},"class_list":["post-3","page","type-page","status-publish","hentry","entry","owp-thumbs-layout-horizontal","owp-btn-big","owp-tabs-layout-horizontal","has-no-thumbnails"],"ase":null,"_links":{"self":[{"href":"https:\/\/www.m-stickers.com\/en_gb\/wp-json\/wp\/v2\/pages\/3","targetHints":{"allow":["GET"]}}],"collection":[{"href":"https:\/\/www.m-stickers.com\/en_gb\/wp-json\/wp\/v2\/pages"}],"about":[{"href":"https:\/\/www.m-stickers.com\/en_gb\/wp-json\/wp\/v2\/types\/page"}],"author":[{"embeddable":true,"href":"https:\/\/www.m-stickers.com\/en_gb\/wp-json\/wp\/v2\/users\/1"}],"replies":[{"embeddable":true,"href":"https:\/\/www.m-stickers.com\/en_gb\/wp-json\/wp\/v2\/comments?post=3"}],"version-history":[{"count":6,"href":"https:\/\/www.m-stickers.com\/en_gb\/wp-json\/wp\/v2\/pages\/3\/revisions"}],"predecessor-version":[{"id":63932,"href":"https:\/\/www.m-stickers.com\/en_gb\/wp-json\/wp\/v2\/pages\/3\/revisions\/63932"}],"wp:attachment":[{"href":"https:\/\/www.m-stickers.com\/en_gb\/wp-json\/wp\/v2\/media?parent=3"}],"curies":[{"name":"Motorcycle parts","href":"https:\/\/api.w.org\/{rel}","templated":true}]}}