{"id":31093,"date":"2022-05-10T09:10:00","date_gmt":"2022-05-10T07:10:00","guid":{"rendered":"https:\/\/www.m-stickers.com\/?page_id=31093"},"modified":"2024-09-10T16:05:41","modified_gmt":"2024-09-10T14:05:41","slug":"category-configurator-indian","status":"publish","type":"page","link":"https:\/\/www.m-stickers.com\/en_gb\/categorie-configurator-indian\/","title":{"rendered":"Indian Configurator Category"},"content":{"rendered":"\t\t<div data-elementor-type=\"wp-page\" data-elementor-id=\"31093\" class=\"elementor elementor-31093\" data-elementor-post-type=\"page\">\n\t\t\t\t\t\t<section class=\"elementor-section elementor-top-section elementor-element elementor-element-ada2200 elementor-section-boxed elementor-section-height-default elementor-section-height-default\" data-id=\"ada2200\" data-element_type=\"section\" data-e-type=\"section\">\n\t\t\t\t\t\t<div class=\"elementor-container elementor-column-gap-default\">\n\t\t\t\t\t<div class=\"elementor-column elementor-col-33 elementor-top-column elementor-element elementor-element-4bb5e6f\" data-id=\"4bb5e6f\" data-element_type=\"column\" data-e-type=\"column\">\n\t\t\t<div class=\"elementor-widget-wrap elementor-element-populated\">\n\t\t\t\t\t\t<div class=\"elementor-element elementor-element-1acb2a1 elementor-widget elementor-widget-image\" data-id=\"1acb2a1\" data-element_type=\"widget\" data-e-type=\"widget\" data-widget_type=\"image.default\">\n\t\t\t\t<div class=\"elementor-widget-container\">\n\t\t\t\t\t\t\t\t\t\t\t\t\t\t\t\t<a href=\"https:\/\/www.m-stickers.com\/configurator\/configure\/59705\/\">\n\t\t\t\t\t\t\t<img fetchpriority=\"high\" decoding=\"async\" width=\"600\" height=\"400\" src=\"https:\/\/www.m-stickers.com\/wp-content\/uploads\/2022\/05\/miniature-indian.webp\" class=\"attachment-large size-large wp-image-31088\" alt=\"\" srcset=\"https:\/\/www.m-stickers.com\/wp-content\/uploads\/2022\/05\/miniature-indian.webp 600w, https:\/\/www.m-stickers.com\/wp-content\/uploads\/2022\/05\/miniature-indian-300x200.webp 300w\" sizes=\"(max-width: 600px) 100vw, 600px\" \/>\t\t\t\t\t\t\t\t<\/a>\n\t\t\t\t\t\t\t\t\t\t\t\t\t\t\t<\/div>\n\t\t\t\t<\/div>\n\t\t\t\t<div class=\"elementor-element elementor-element-4b5dec3 elementor-widget elementor-widget-heading\" data-id=\"4b5dec3\" data-element_type=\"widget\" data-e-type=\"widget\" data-widget_type=\"heading.default\">\n\t\t\t\t<div class=\"elementor-widget-container\">\n\t\t\t\t\t<h2 class=\"elementor-heading-title elementor-size-default\"><a href=\"https:\/\/www.m-stickers.com\/configurator\/configure\/59705\/\">FTR 1200<\/a><\/h2>\t\t\t\t<\/div>\n\t\t\t\t<\/div>\n\t\t\t\t\t<\/div>\n\t\t<\/div>\n\t\t\t\t<div class=\"elementor-column elementor-col-33 elementor-top-column elementor-element elementor-element-8d43ef8\" data-id=\"8d43ef8\" data-element_type=\"column\" data-e-type=\"column\">\n\t\t\t<div class=\"elementor-widget-wrap elementor-element-populated\">\n\t\t\t\t\t\t<div class=\"elementor-element elementor-element-d5181ad elementor-widget elementor-widget-image\" data-id=\"d5181ad\" data-element_type=\"widget\" data-e-type=\"widget\" data-widget_type=\"image.default\">\n\t\t\t\t<div class=\"elementor-widget-container\">\n\t\t\t\t\t\t\t\t\t\t\t\t\t\t\t\t<a href=\"https:\/\/www.m-stickers.com\/configurator\/configure\/31186\/\">\n\t\t\t\t\t\t\t<img fetchpriority=\"high\" decoding=\"async\" width=\"600\" height=\"400\" src=\"https:\/\/www.m-stickers.com\/wp-content\/uploads\/2022\/05\/miniature-indian.webp\" class=\"attachment-large size-large wp-image-31088\" alt=\"\" srcset=\"https:\/\/www.m-stickers.com\/wp-content\/uploads\/2022\/05\/miniature-indian.webp 600w, https:\/\/www.m-stickers.com\/wp-content\/uploads\/2022\/05\/miniature-indian-300x200.webp 300w\" sizes=\"(max-width: 600px) 100vw, 600px\" \/>\t\t\t\t\t\t\t\t<\/a>\n\t\t\t\t\t\t\t\t\t\t\t\t\t\t\t<\/div>\n\t\t\t\t<\/div>\n\t\t\t\t<div class=\"elementor-element elementor-element-674dae7 elementor-widget elementor-widget-heading\" data-id=\"674dae7\" data-element_type=\"widget\" data-e-type=\"widget\" data-widget_type=\"heading.default\">\n\t\t\t\t<div class=\"elementor-widget-container\">\n\t\t\t\t\t<h2 class=\"elementor-heading-title elementor-size-default\"><a href=\"https:\/\/www.m-stickers.com\/configurator\/configure\/31186\/\">Scout Bobber<\/a><\/h2>\t\t\t\t<\/div>\n\t\t\t\t<\/div>\n\t\t\t\t\t<\/div>\n\t\t<\/div>\n\t\t\t\t<div class=\"elementor-column elementor-col-33 elementor-top-column elementor-element elementor-element-5714c61\" data-id=\"5714c61\" data-element_type=\"column\" data-e-type=\"column\">\n\t\t\t<div class=\"elementor-widget-wrap\">\n\t\t\t\t\t\t\t<\/div>\n\t\t<\/div>\n\t\t\t\t\t<\/div>\n\t\t<\/section>\n\t\t\t\t<section class=\"elementor-section elementor-top-section elementor-element elementor-element-f1b983d elementor-section-boxed elementor-section-height-default elementor-section-height-default\" data-id=\"f1b983d\" data-element_type=\"section\" data-e-type=\"section\">\n\t\t\t\t\t\t<div class=\"elementor-container elementor-column-gap-default\">\n\t\t\t\t\t<div class=\"elementor-column elementor-col-100 elementor-top-column elementor-element elementor-element-0c3e397\" data-id=\"0c3e397\" data-element_type=\"column\" data-e-type=\"column\">\n\t\t\t<div class=\"elementor-widget-wrap elementor-element-populated\">\n\t\t\t\t\t\t<div class=\"elementor-element elementor-element-97da38d elementor-widget elementor-widget-heading\" data-id=\"97da38d\" data-element_type=\"widget\" data-e-type=\"widget\" data-widget_type=\"heading.default\">\n\t\t\t\t<div class=\"elementor-widget-container\">\n\t\t\t\t\t<h2 class=\"elementor-heading-title elementor-size-large\"><a href=\"https:\/\/www.m-stickers.com\/produit\/ta-moto-nest-pas-referencee\/\">Votre moto n\u2019est pas r\u00e9f\u00e9renc\u00e9e ?<\/a><\/h2>\t\t\t\t<\/div>\n\t\t\t\t<\/div>\n\t\t\t\t<div class=\"elementor-element elementor-element-9317201 elementor-button-danger elementor-align-center elementor-widget elementor-widget-button\" data-id=\"9317201\" data-element_type=\"widget\" data-e-type=\"widget\" data-widget_type=\"button.default\">\n\t\t\t\t<div class=\"elementor-widget-container\">\n\t\t\t\t\t\t\t\t\t<div class=\"elementor-button-wrapper\">\n\t\t\t\t\t<a class=\"elementor-button elementor-button-link elementor-size-sm\" href=\"https:\/\/www.m-stickers.com\/produit\/ta-moto-nest-pas-referencee\/\">\n\t\t\t\t\t\t<span class=\"elementor-button-content-wrapper\">\n\t\t\t\t\t\t\t\t\t<span class=\"elementor-button-text\">Cliquez ici !<\/span>\n\t\t\t\t\t<\/span>\n\t\t\t\t\t<\/a>\n\t\t\t\t<\/div>\n\t\t\t\t\t\t\t\t<\/div>\n\t\t\t\t<\/div>\n\t\t\t\t\t<\/div>\n\t\t<\/div>\n\t\t\t\t\t<\/div>\n\t\t<\/section>\n\t\t\t\t<section class=\"elementor-section elementor-top-section elementor-element elementor-element-4f05d05 elementor-section-boxed elementor-section-height-default elementor-section-height-default\" data-id=\"4f05d05\" data-element_type=\"section\" data-e-type=\"section\">\n\t\t\t\t\t\t<div class=\"elementor-container elementor-column-gap-default\">\n\t\t\t\t\t<div class=\"elementor-column elementor-col-100 elementor-top-column elementor-element elementor-element-3bb5ca1\" data-id=\"3bb5ca1\" data-element_type=\"column\" data-e-type=\"column\">\n\t\t\t<div class=\"elementor-widget-wrap elementor-element-populated\">\n\t\t\t\t\t\t<div class=\"elementor-element elementor-element-3f25b1c elementor-widget-divider--view-line elementor-widget elementor-widget-divider\" data-id=\"3f25b1c\" data-element_type=\"widget\" data-e-type=\"widget\" data-widget_type=\"divider.default\">\n\t\t\t\t<div class=\"elementor-widget-container\">\n\t\t\t\t\t\t\t<div class=\"elementor-divider\">\n\t\t\t<span class=\"elementor-divider-separator\">\n\t\t\t\t\t\t<\/span>\n\t\t<\/div>\n\t\t\t\t\t\t<\/div>\n\t\t\t\t<\/div>\n\t\t\t\t<div class=\"elementor-element elementor-element-4e0744e elementor-widget elementor-widget-text-editor\" data-id=\"4e0744e\" data-element_type=\"widget\" data-e-type=\"widget\" data-widget_type=\"text-editor.default\">\n\t\t\t\t<div class=\"elementor-widget-container\">\n\t\t\t\t\t\t\t\t\t<h1>Customisez votre b\u00e9cane avec des stickers jantes moto Indian<\/h1><p>Personnaliser rapidement et sans se ruiner les jantes de sa b\u00e9cane, c&rsquo;est possible, les<strong> stickers jantes moto Indian<\/strong>\u00a0M-Stickers sauront booster l&rsquo;esth\u00e9tique de votre moto durablement.<\/p><p>Vous trouverez des stickers de jantes moto, mais aussi des <a href=\"https:\/\/www.m-stickers.com\/categorie-produit\/liserets-jantes-moto\/\">liserets<\/a> ou des kits complets pour changer ou cr\u00e9er l&rsquo;identit\u00e9 de votre moto. Si votre moto n&rsquo;est <strong>pas r\u00e9f\u00e9renc\u00e9e<\/strong> pour certains stickers, n&rsquo;h\u00e9sitez pas \u00e0 nous <a href=\"https:\/\/www.m-stickers.com\/contact\/\">\u00e9crire<\/a>.<\/p><p>Le <strong>style<\/strong> de votre moto peut changer avec un petit d\u00e9tail. En plus, pas besoin de d\u00e9monter les jantes !<\/p><p>Vous pouvez choisir notre kit pr\u00e9-configur\u00e9 Indian dans lequel vous pouvez changer la couleur ou utiliser notre <a href=\"https:\/\/www.m-stickers.com\/categorie-configurator-indian\/\">configurateur <\/a>pour une <strong>cr\u00e9ation de A \u00e0 Z.<\/strong><\/p><p>Personnalisez les \u00e9l\u00e9ments un \u00e0 un :<\/p><ul><li>Liserets,<\/li><li>Stickers de marque,<\/li><li>Logo de marque,<\/li><li>Int\u00e9rieur de jante,<\/li><li>Coloris,<\/li><li>Effet.<\/li><\/ul><p>Vous aurez le choix entre plusieurs designs de stickers, pour coller \u00e0 votre style et vous permettre de cr\u00e9er votre <strong>esth\u00e9tique personnelle.<\/strong><br \/>Les couleurs correspondent aux chartes graphiques Indian, mais vous pouvez aussi demander une <strong>couleur sp\u00e9ciale<\/strong> en envoyant votre code couleur lors de votre commande : #&#8230;<br \/>Le configurateur permet aussi de changer le contenu texte et le remplacer par ce que vous voulez.<\/p><p>Pour un styl\u00e9 plus pouss\u00e9, vous pouvez choisir d&rsquo;ajouter un sticker d&rsquo;int\u00e9rieur de jante : racing, camo, electro&#8230; \u00e0 vous de choisir !<br \/>Et finalement, donnez un style de folie \u00e0 votre b\u00e9cane en ajoutant un effet de finition \u00e0 vos stickers : mat, holographique, photoluminescent, r\u00e9fl\u00e9chissant, fluor\u00e9scent.<br \/>Les <a href=\"https:\/\/www.m-stickers.com\/nos-effets-de-stickers\">effets<\/a> compl\u00e8teront votre configuration.<\/p><p>Retrouvez nos <a href=\"https:\/\/www.m-stickers.com\/2022\/01\/24\/stickers-jante-moto-personnalise-choisir\/\">astuces personnalisation<\/a>, pose et int\u00e9r\u00eats des stickers sur notre blog !<\/p><h2>Les stickers de jantes moto pour votre Indian<\/h2><p>Car il n&rsquo;y a pas de limite \u00e0 la customisation, chez M-Stickers, nous proposons des stickers jantes moto pour toutes les mod\u00e8les.<\/p><p>Cliquez<a href=\"https:\/\/www.m-stickers.com\/produit\/ta-moto-nest-pas-referencee\/\"> Ici<\/a> pour demander votre kit personnalis\u00e9.<br \/>Vous pouvez aussi nous envoyer vos <strong>inspirations ou id\u00e9es<\/strong> pour un kit de stickers de jantes unique et <strong>sur-mesure<\/strong> sans se limiter aux designs existants.<\/p><h2>Des stickers durables et de haute qualit\u00e9 100% fran\u00e7ais<\/h2><p>Parce qu&rsquo;en tant que motards, nous savons que les motos subissent des contraintes physiques, nos stickers jantes moto Indian sont con\u00e7us avec les meilleurs mat\u00e9riaux :<\/p><ul><li><strong>vinyle de haute qualit\u00e9<\/strong> pour une tenue durable,<\/li><li><strong>colle monom\u00e8re 100\u03bc permanente<\/strong> pour une tenue optimale,<\/li><li>vernis <strong>r\u00e9sistant aux UV et aux intemp\u00e9ries<\/strong> pour rouler partout et par tous les temps !<\/li><\/ul><p>Notre \u00e9quipe cr\u00e9\u00e9e avec passion vos <strong>stickers jantes moto Indian<\/strong> sur Lyon.<br \/>Cr\u00e9er par des motards, pour les motards, les stickers M-Stickers sont durables et 100% styl\u00e9s.<\/p><p>Vous pouvez aussi <a href=\"https:\/\/www.m-stickers.com\/contact\/\">nous contacter<\/a> pour tous vos projets de cr\u00e9ation et de personnalisation.<br \/>Cr\u00e9ons ensemble les kits de stickers pour personnaliser votre <strong>Indian<\/strong>.<\/p><p>Pour une pose propre, optimale et une tenue longue dur\u00e9e, consultez nos <a href=\"https:\/\/www.m-stickers.com\/tuto-comment-poser-ses-stickers-de-jantes-moto\/\">guides de pose<\/a> !<\/p>\t\t\t\t\t\t\t\t<\/div>\n\t\t\t\t<\/div>\n\t\t\t\t<div class=\"elementor-element elementor-element-efcd113 elementor-widget elementor-widget-html\" data-id=\"efcd113\" data-element_type=\"widget\" data-e-type=\"widget\" data-widget_type=\"html.default\">\n\t\t\t\t<div class=\"elementor-widget-container\">\n\t\t\t\t\t<!-- Google Tag Manager -->\r\n<script>(function(w,d,s,l,i){w[l]=w[l]||[];w[l].push({'gtm.start':\r\nnew Date().getTime(),event:'gtm.js'});var f=d.getElementsByTagName(s)[0],\r\nj=d.createElement(s),dl=l!='dataLayer'?'&l='+l:'';j.async=true;j.src=\r\n'https:\/\/www.googletagmanager.com\/gtm.js?id='+i+dl;f.parentNode.insertBefore(j,f);\r\n})(window,document,'script','dataLayer','GTM-5WBV2JH');<\/script>\r\n<!-- End Google Tag Manager -->\r\n<head>\r\n\r\n<!-- Global site tag (gtag.js) - Google Ads: 966835575 --> <script async src=\"https:\/\/www.googletagmanager.com\/gtag\/js?id=AW-966835575\"><\/script> <script> window.dataLayer = window.dataLayer || []; function gtag(){dataLayer.push(arguments);} gtag('js', new Date()); gtag('config', 'AW-966835575'); <\/script>\r\n\r\n<\/head>\r\n<!-- Google Tag Manager (noscript) -->\r\n<noscript><iframe src=\"https:\/\/www.googletagmanager.com\/ns.html?id=GTM-5WBV2JH\"\r\nheight=\"0\" width=\"0\" style=\"display:none;visibility:hidden\"><\/iframe><\/noscript>\r\n<!-- End Google Tag Manager (noscript) -->\t\t\t\t<\/div>\n\t\t\t\t<\/div>\n\t\t\t\t\t<\/div>\n\t\t<\/div>\n\t\t\t\t\t<\/div>\n\t\t<\/section>\n\t\t\t\t<\/div>\n\t\t","protected":false},"excerpt":{"rendered":"<p>FTR 1200 Scout Bobber Votre moto n\u2019est pas r\u00e9f\u00e9renc\u00e9e ? Cliquez ici ! Customisez votre b\u00e9cane avec des stickers jantes moto Indian Personnaliser rapidement et sans se ruiner les jantes de sa b\u00e9cane, c&rsquo;est possible, les stickers jantes moto Indian\u00a0M-Stickers sauront booster l&rsquo;esth\u00e9tique de votre moto durablement. Vous trouverez des stickers de jantes moto, mais [&hellip;]<\/p>\n","protected":false},"author":1,"featured_media":31097,"parent":0,"menu_order":0,"comment_status":"closed","ping_status":"closed","template":"","meta":{"footnotes":""},"class_list":["post-31093","page","type-page","status-publish","has-post-thumbnail","hentry","entry","has-media","owp-thumbs-layout-horizontal","owp-btn-big","owp-tabs-layout-horizontal","has-no-thumbnails"],"_links":{"self":[{"href":"https:\/\/www.m-stickers.com\/en_gb\/wp-json\/wp\/v2\/pages\/31093","targetHints":{"allow":["GET"]}}],"collection":[{"href":"https:\/\/www.m-stickers.com\/en_gb\/wp-json\/wp\/v2\/pages"}],"about":[{"href":"https:\/\/www.m-stickers.com\/en_gb\/wp-json\/wp\/v2\/types\/page"}],"author":[{"embeddable":true,"href":"https:\/\/www.m-stickers.com\/en_gb\/wp-json\/wp\/v2\/users\/1"}],"replies":[{"embeddable":true,"href":"https:\/\/www.m-stickers.com\/en_gb\/wp-json\/wp\/v2\/comments?post=31093"}],"version-history":[{"count":4,"href":"https:\/\/www.m-stickers.com\/en_gb\/wp-json\/wp\/v2\/pages\/31093\/revisions"}],"predecessor-version":[{"id":59731,"href":"https:\/\/www.m-stickers.com\/en_gb\/wp-json\/wp\/v2\/pages\/31093\/revisions\/59731"}],"wp:featuredmedia":[{"embeddable":true,"href":"https:\/\/www.m-stickers.com\/en_gb\/wp-json\/wp\/v2\/media\/31097"}],"wp:attachment":[{"href":"https:\/\/www.m-stickers.com\/en_gb\/wp-json\/wp\/v2\/media?parent=31093"}],"curies":[{"name":"Motorcycle parts","href":"https:\/\/api.w.org\/{rel}","templated":true}]}}