{"id":51796,"date":"2023-12-18T09:10:53","date_gmt":"2023-12-18T08:10:53","guid":{"rendered":"https:\/\/www.m-stickers.com\/?page_id=51796"},"modified":"2024-02-16T10:42:31","modified_gmt":"2024-02-16T09:42:31","slug":"our-stickers","status":"publish","type":"page","link":"https:\/\/www.m-stickers.com\/en_gb\/nos-stickers\/","title":{"rendered":"Our Stickers"},"content":{"rendered":"<div data-elementor-type=\"wp-page\" data-elementor-id=\"51796\" class=\"elementor elementor-51796\" data-elementor-post-type=\"page\">\n\t\t\t\t\t\t<section class=\"elementor-section elementor-top-section elementor-element elementor-element-7300698 elementor-section-boxed elementor-section-height-default elementor-section-height-default\" data-id=\"7300698\" data-element_type=\"section\" data-e-type=\"section\">\n\t\t\t\t\t\t<div class=\"elementor-container elementor-column-gap-default\">\n\t\t\t\t\t<div class=\"elementor-column elementor-col-100 elementor-top-column elementor-element elementor-element-f606333\" data-id=\"f606333\" data-element_type=\"column\" data-e-type=\"column\">\n\t\t\t<div class=\"elementor-widget-wrap elementor-element-populated\">\n\t\t\t\t\t\t<div class=\"elementor-element elementor-element-4d95971 elementor-widget elementor-widget-heading\" data-id=\"4d95971\" data-element_type=\"widget\" data-e-type=\"widget\" data-widget_type=\"heading.default\">\n\t\t\t\t<div class=\"elementor-widget-container\">\n\t\t\t\t\t<h2 class=\"elementor-heading-title elementor-size-default\">Our Stickers: Exceptional Quality for Unmatched Personalization!<\/h2>\t\t\t\t<\/div>\n\t\t\t\t<\/div>\n\t\t\t\t<div class=\"elementor-element elementor-element-fa4ad2c elementor-widget-divider--view-line elementor-widget elementor-widget-divider\" data-id=\"fa4ad2c\" data-element_type=\"widget\" data-e-type=\"widget\" data-widget_type=\"divider.default\">\n\t\t\t\t<div class=\"elementor-widget-container\">\n\t\t\t\t\t\t\t<div class=\"elementor-divider\">\n\t\t\t<span class=\"elementor-divider-separator\">\n\t\t\t\t\t\t<\/span>\n\t\t<\/div>\n\t\t\t\t\t\t<\/div>\n\t\t\t\t<\/div>\n\t\t\t\t<div class=\"elementor-element elementor-element-d912ebf elementor-widget elementor-widget-text-editor\" data-id=\"d912ebf\" data-element_type=\"widget\" data-e-type=\"widget\" data-widget_type=\"text-editor.default\">\n\t\t\t\t<div class=\"elementor-widget-container\">\n\t\t\t\t\t\t\t\t\t<p><span style=\"font-size: 17px; color: #ffffff;\"> <img decoding=\"async\" class=\"wp-image-53780 alignleft\" src=\"https:\/\/www.m-stickers.com\/wp-content\/uploads\/2024\/02\/Garantie_6_ans-300x300.png\" alt=\"\" width=\"109\" height=\"109\" srcset=\"https:\/\/www.m-stickers.com\/wp-content\/uploads\/2024\/02\/Garantie_6_ans-300x300.png 300w, https:\/\/www.m-stickers.com\/wp-content\/uploads\/2024\/02\/Garantie_6_ans-150x150.png 150w, https:\/\/www.m-stickers.com\/wp-content\/uploads\/2024\/02\/Garantie_6_ans-100x100.png 100w, https:\/\/www.m-stickers.com\/wp-content\/uploads\/2024\/02\/Garantie_6_ans.png 400w\" sizes=\"(max-width: 109px) 100vw, 109px\" \/>At M-Stickers, we are proud to offer you decals of exceptional quality, <b><u>All our stickers are guaranteed for 6 years!<\/u><\/b> designed to enhance the customization of your motorcycle. Here are the technical specifications of our main materials so you know exactly what sets our decals apart:<\/span><\/p>\t\t\t\t\t\t\t\t<\/div>\n\t\t\t\t<\/div>\n\t\t\t\t<div class=\"elementor-element elementor-element-d9197ac elementor-widget elementor-widget-text-editor\" data-id=\"d9197ac\" data-element_type=\"widget\" data-e-type=\"widget\" data-widget_type=\"text-editor.default\">\n\t\t\t\t<div class=\"elementor-widget-container\">\n\t\t\t\t\t\t\t\t\t<ul><li style=\"list-style-type: none;\"><ul><li><span style=\"color: #ffffff;\"><strong>Glossy White Polymer Adhesive Vinyl - Permanent \/ Grey - 70\u00b5m<\/strong><\/span><\/li><\/ul><\/li><\/ul><p><span style=\"color: #ffffff;\"><em><span style=\"text-decoration: underline;\">Description<\/span> :<\/em> Our sticker is a bright white polymer with a permanent gray adhesive.  It is specifically designed for exterior applications, ensuring optimal adhesion to various surfaces, including vehicles.<\/span><\/p><p style=\"text-align: left;\"><span style=\"color: #ffffff;\"><em>Characteristics:<\/em><\/span><\/p><ul><li style=\"list-style-type: none;\"><ul><li style=\"text-align: left;\"><span style=\"color: #ffffff;\">Sticker: Permanent, advanced acrylic, grey<\/span><\/li><li style=\"text-align: left;\"><span style=\"color: #ffffff;\">Liner: Silicone-coated paper, PE-coated, 140 g\/m\u00b2, white color<\/span><\/li><li style=\"text-align: left;\"><span style=\"color: #ffffff;\">Thickness: 70 \u00b5m<\/span><\/li><li style=\"text-align: left;\"><span style=\"color: #ffffff;\">Durability: 7 years<\/span><\/li><li style=\"text-align: left;\"><span style=\"color: #ffffff;\">Temperature resistance: -30\u00b0C to 90\u00b0C<\/span><\/li><li style=\"text-align: left;\"><span style=\"color: #ffffff;\">Ink Resistance: Solvent, Eco-Solvent, UV, Latex<\/span><\/li><\/ul><\/li><\/ul><p><span style=\"color: #ffffff;\"><em><span style=\"text-decoration: underline;\">User Tips<\/span> :<\/em> Our polymer vinyl stickers are suitable for application to motorcycle rims, whether flat or slightly curved. Easy to apply thanks to their quality adhesive and <a href=\"https:\/\/www.m-stickers.com\/en_gb\/tutorials\/\"><b>Our installation tutorials<\/b><\/a>They ensure optimal fit and exceptional durability, resisting the elements and UV rays.<\/span><\/p>\t\t\t\t\t\t\t\t<\/div>\n\t\t\t\t<\/div>\n\t\t\t\t<div class=\"elementor-element elementor-element-8f42db8 elementor-widget elementor-widget-image\" data-id=\"8f42db8\" data-element_type=\"widget\" data-e-type=\"widget\" data-widget_type=\"image.default\">\n\t\t\t\t<div class=\"elementor-widget-container\">\n\t\t\t\t\t\t\t\t\t\t\t\t\t\t\t<img fetchpriority=\"high\" decoding=\"async\" width=\"300\" height=\"225\" src=\"https:\/\/www.m-stickers.com\/wp-content\/uploads\/2022\/01\/387322839_1299213127625743_8525349191360558234_n-300x225.jpg\" class=\"attachment-medium size-medium wp-image-49457\" alt=\"\" srcset=\"https:\/\/www.m-stickers.com\/wp-content\/uploads\/2022\/01\/387322839_1299213127625743_8525349191360558234_n-300x225.jpg 300w, https:\/\/www.m-stickers.com\/wp-content\/uploads\/2022\/01\/387322839_1299213127625743_8525349191360558234_n-600x450.jpg 600w, https:\/\/www.m-stickers.com\/wp-content\/uploads\/2022\/01\/387322839_1299213127625743_8525349191360558234_n-768x576.jpg 768w, https:\/\/www.m-stickers.com\/wp-content\/uploads\/2022\/01\/387322839_1299213127625743_8525349191360558234_n.jpg 960w\" sizes=\"(max-width: 300px) 100vw, 300px\" \/>\t\t\t\t\t\t\t\t\t\t\t\t\t\t\t<\/div>\n\t\t\t\t<\/div>\n\t\t\t\t<div class=\"elementor-element elementor-element-4ff965b elementor-widget elementor-widget-text-editor\" data-id=\"4ff965b\" data-element_type=\"widget\" data-e-type=\"widget\" data-widget_type=\"text-editor.default\">\n\t\t\t\t<div class=\"elementor-widget-container\">\n\t\t\t\t\t\t\t\t\t<ul><li style=\"list-style-type: none;\">\u00a0<\/li><\/ul><div><span style=\"color: #ffffff;\"><b>\u00a0<\/b><\/span><\/div><hr \/><ul><li style=\"list-style-type: none;\"><ul><li><span style=\"color: #ffffff;\"><strong>Premium Polymer Laminate \u2013 Glossy Transparent \u2013 70\u00b5m<\/strong><\/span><\/li><\/ul><\/li><\/ul><p><span style=\"color: #ffffff;\"><em><span style=\"text-decoration: underline;\">Description<\/span> :<\/em> Lamination is an extra layer of protection we apply to all our stickers. It's a premium, glossy polymer. Composed of non-migratory polymer plasticizers and specific UV stabilizers, it provides maximum light resistance and excellent outdoor durability.<\/span><\/p><p><span style=\"color: #ffffff;\"><em>Characteristics:<\/em><\/span><\/p><ul><li style=\"list-style-type: none;\"><ul><li><span style=\"color: #ffffff;\">Sticker: Permanent, solvent-based acrylic, transparent<\/span><\/li><li><span style=\"color: #ffffff;\">Liner: Silicone-coated paper, PE-coated, 140 g\/m\u00b2, white color<\/span><\/li><li><span style=\"color: #ffffff;\">Thickness: 70 \u00b5m<\/span><\/li><li><span style=\"color: #ffffff;\">Durability: 8 years<\/span><\/li><li><span style=\"color: #ffffff;\">Temperature resistance: -30\u00b0C to 90\u00b0C<\/span><\/li><\/ul><\/li><\/ul><p><span style=\"color: #ffffff;\"><em><span style=\"text-decoration: underline;\">User Tips<\/span> :<\/em> Our Premium polymer lamination is designed to extend the life of your decals by ensuring optimal protection. Transparent and glossy or matte, it offers an impeccable finish while guaranteeing exceptional resistance to external conditions.<\/span><\/p>\t\t\t\t\t\t\t\t<\/div>\n\t\t\t\t<\/div>\n\t\t\t\t<div class=\"elementor-element elementor-element-f926ec1 elementor-widget elementor-widget-image\" data-id=\"f926ec1\" data-element_type=\"widget\" data-e-type=\"widget\" data-widget_type=\"image.default\">\n\t\t\t\t<div class=\"elementor-widget-container\">\n\t\t\t\t\t\t\t\t\t\t\t\t\t\t\t<img decoding=\"async\" width=\"150\" height=\"150\" src=\"https:\/\/www.m-stickers.com\/wp-content\/uploads\/2023\/12\/512ej05XmkL-150x150.jpg\" class=\"attachment-thumbnail size-thumbnail wp-image-51842\" alt=\"\" srcset=\"https:\/\/www.m-stickers.com\/wp-content\/uploads\/2023\/12\/512ej05XmkL-150x150.jpg 150w, https:\/\/www.m-stickers.com\/wp-content\/uploads\/2023\/12\/512ej05XmkL-300x297.jpg 300w, https:\/\/www.m-stickers.com\/wp-content\/uploads\/2023\/12\/512ej05XmkL-100x100.jpg 100w, https:\/\/www.m-stickers.com\/wp-content\/uploads\/2023\/12\/512ej05XmkL-600x600.jpg 600w, https:\/\/www.m-stickers.com\/wp-content\/uploads\/2023\/12\/512ej05XmkL-1024x1015.jpg 1024w, https:\/\/www.m-stickers.com\/wp-content\/uploads\/2023\/12\/512ej05XmkL-768x761.jpg 768w, https:\/\/www.m-stickers.com\/wp-content\/uploads\/2023\/12\/512ej05XmkL.jpg 1500w\" sizes=\"(max-width: 150px) 100vw, 150px\" \/>\t\t\t\t\t\t\t\t\t\t\t\t\t\t\t<\/div>\n\t\t\t\t<\/div>\n\t\t\t\t<div class=\"elementor-element elementor-element-eae01c1 elementor-widget elementor-widget-text-editor\" data-id=\"eae01c1\" data-element_type=\"widget\" data-e-type=\"widget\" data-widget_type=\"text-editor.default\">\n\t\t\t\t<div class=\"elementor-widget-container\">\n\t\t\t\t\t\t\t\t\t<ul><li style=\"list-style-type: none;\">\u00a0<\/li><\/ul><div><span style=\"color: #ffffff;\"><b>\u00a0<\/b><\/span><\/div><hr \/><ul><li style=\"list-style-type: none;\"><ul><li><span style=\"color: #ffffff;\"><strong>Ultra-Resistant Laminating \u2013 Glossy Transparent \u2013 305\u00b5m<\/strong><\/span><\/li><\/ul><\/li><\/ul><p><span style=\"color: #ffffff;\"><em style=\"font-family: Roboto, sans-serif; font-size: 17px; font-variant-ligatures: normal; font-variant-caps: normal; font-weight: 400;\"><span style=\"font-size: 17px;\">Description<\/span>\u00a0:<\/em><span style=\"font-family: Roboto, sans-serif; font-size: 17px; font-style: normal; font-variant-ligatures: normal; font-variant-caps: normal; font-weight: 400;\">\u00a0<\/span>Our thick lamination is the ideal solution for <a href=\"https:\/\/www.m-stickers.com\/en_gb\/product-category\/decoration-kit\/\"><b>Decal kit fairings<\/b><\/a> exposed to intense abrasion. It offers an extremely durable barrier, protecting your decals and visuals while maintaining exceptional clarity.\u00a0<span style=\"font-size: 17px;\">Designed to adapt to slightly curved surfaces, this lamination is versatile and perfectly adapts to different parts of your motorcycle.<\/span><\/span><\/p><p><span style=\"color: #ffffff;\"><em>Characteristics:<\/em><\/span><\/p><ul><li style=\"list-style-type: none;\"><ul><li><span style=\"color: #ffffff;\">Thickness: 305 \u00b5m<\/span><\/li><li><span style=\"color: #ffffff;\">Sticker: Permanent, high tack, solvent-based acrylic<\/span><\/li><li><span style=\"color: #ffffff;\">Liner: Transparent synthetic liner<\/span><\/li><li><span style=\"color: #ffffff;\">Application temperature: 10\u00b0C to 26\u00b0C<\/span><\/li><li><span style=\"color: #ffffff;\">Temperature resistance: -40\u00b0C to 80\u00b0C<\/span><\/li><li><span style=\"color: #ffffff;\">Durability: 8 years<\/span><\/li><\/ul><\/li><\/ul>\t\t\t\t\t\t\t\t<\/div>\n\t\t\t\t<\/div>\n\t\t\t\t<div class=\"elementor-element elementor-element-ca6aaa2 elementor-widget elementor-widget-image\" data-id=\"ca6aaa2\" data-element_type=\"widget\" data-e-type=\"widget\" data-widget_type=\"image.default\">\n\t\t\t\t<div class=\"elementor-widget-container\">\n\t\t\t\t\t\t\t\t\t\t\t\t\t\t\t<img loading=\"lazy\" decoding=\"async\" width=\"298\" height=\"300\" src=\"https:\/\/www.m-stickers.com\/wp-content\/uploads\/2023\/12\/eba5b8dcc45d7467f47150c37fb23ac1-298x300.jpg\" class=\"attachment-medium size-medium wp-image-51843\" alt=\"\" srcset=\"https:\/\/www.m-stickers.com\/wp-content\/uploads\/2023\/12\/eba5b8dcc45d7467f47150c37fb23ac1-298x300.jpg 298w, https:\/\/www.m-stickers.com\/wp-content\/uploads\/2023\/12\/eba5b8dcc45d7467f47150c37fb23ac1-100x100.jpg 100w, https:\/\/www.m-stickers.com\/wp-content\/uploads\/2023\/12\/eba5b8dcc45d7467f47150c37fb23ac1-600x603.jpg 600w, https:\/\/www.m-stickers.com\/wp-content\/uploads\/2023\/12\/eba5b8dcc45d7467f47150c37fb23ac1-150x150.jpg 150w, https:\/\/www.m-stickers.com\/wp-content\/uploads\/2023\/12\/eba5b8dcc45d7467f47150c37fb23ac1-768x772.jpg 768w, https:\/\/www.m-stickers.com\/wp-content\/uploads\/2023\/12\/eba5b8dcc45d7467f47150c37fb23ac1.jpg 886w\" sizes=\"(max-width: 298px) 100vw, 298px\" \/>\t\t\t\t\t\t\t\t\t\t\t\t\t\t\t<\/div>\n\t\t\t\t<\/div>\n\t\t\t\t<div class=\"elementor-element elementor-element-f97bb3f elementor-widget elementor-widget-text-editor\" data-id=\"f97bb3f\" data-element_type=\"widget\" data-e-type=\"widget\" data-widget_type=\"text-editor.default\">\n\t\t\t\t<div class=\"elementor-widget-container\">\n\t\t\t\t\t\t\t\t\t<ul>\n<li style=\"list-style-type: none;\">&nbsp;<\/li>\n<\/ul>\n<hr>\n<ul>\n<li style=\"list-style-type: none;\">\n<ul>\n<li><span style=\"color: #ffffff;\"><strong>Easy Application with Application Tape and Detailed Tutorials:<\/strong><\/span><\/li>\n<\/ul>\n<\/li>\n<\/ul>\n<p><span style=\"color: #ffffff;\">At M-Stickers, our customers' satisfaction is paramount. That's why we've included an applicator tape in each order to make applying your decals easier. In addition, <a href=\"https:\/\/www.m-stickers.com\/en_gb\/tutorials\/\"><b>Our detailed tutorials<\/b><\/a> will guide you step-by-step for a flawless application.<\/span><\/p>\n<ul>\n<li style=\"list-style-type: none;\">\n<ul>\n<li><span style=\"color: #ffffff;\"><strong>Sticker Effects Available:<\/strong><\/span><\/li>\n<\/ul>\n<\/li>\n<\/ul>\n<p><span style=\"color: #ffffff;\">Discover our diverse range of material effects for unique results:<\/span><\/p>\n<ul>\n<li style=\"list-style-type: none;\">\n<ul>\n<li><span style=\"color: #ffffff;\">Brilliant<\/span><\/li>\n<li><span style=\"color: #ffffff;\">Matte<\/span><\/li>\n<li><span style=\"color: #ffffff;\">Holographic<\/span><\/li>\n<li><span style=\"color: #ffffff;\">Reflective<\/span><\/li>\n<li><span style=\"color: #ffffff;\">Transparent<\/span><\/li>\n<li><span style=\"color: #ffffff;\">\u2026<\/span><\/li>\n<\/ul>\n<\/li>\n<\/ul>\n<p><span style=\"color: #ffffff;\">To learn more about our various effects, <a href=\"https:\/\/www.m-stickers.com\/en_gb\/our-sticker-effects\/\"><b>Check out our page dedicated to sticker effects.<\/b><\/a><\/span><\/p>\n<hr>\n<p style=\"text-align: center;\"><span style=\"color: #ffffff;\">Speak for yourself with M-Stickers and transform your motorcycle with our exceptional quality decals!<\/span><\/p>\t\t\t\t\t\t\t\t<\/div>\n\t\t\t\t<\/div>\n\t\t\t\t\t<\/div>\n\t\t<\/div>\n\t\t\t\t\t<\/div>\n\t\t<\/section>\n\t\t\t\t<\/div>","protected":false},"excerpt":{"rendered":"<p>Nos Stickers : Qualit\u00e9 Exceptionnelle pour une Personnalisation Incomparable ! Chez M-Stickers, nous sommes fiers de vous offrir des stickers d&rsquo;une qualit\u00e9 exceptionnelle, tous nos stickers sont garantis pour une dur\u00e9e de 6 ans ! con\u00e7us pour sublimer la personnalisation de votre moto. Voici les sp\u00e9cifications techniques de nos principaux mat\u00e9riaux pour que vous sachiez [&hellip;]<\/p>\n","protected":false},"author":1,"featured_media":0,"parent":0,"menu_order":0,"comment_status":"closed","ping_status":"closed","template":"","meta":{"footnotes":""},"class_list":["post-51796","page","type-page","status-publish","hentry","entry","owp-thumbs-layout-horizontal","owp-btn-big","owp-tabs-layout-horizontal","has-no-thumbnails"],"ase":null,"_links":{"self":[{"href":"https:\/\/www.m-stickers.com\/en_gb\/wp-json\/wp\/v2\/pages\/51796","targetHints":{"allow":["GET"]}}],"collection":[{"href":"https:\/\/www.m-stickers.com\/en_gb\/wp-json\/wp\/v2\/pages"}],"about":[{"href":"https:\/\/www.m-stickers.com\/en_gb\/wp-json\/wp\/v2\/types\/page"}],"author":[{"embeddable":true,"href":"https:\/\/www.m-stickers.com\/en_gb\/wp-json\/wp\/v2\/users\/1"}],"replies":[{"embeddable":true,"href":"https:\/\/www.m-stickers.com\/en_gb\/wp-json\/wp\/v2\/comments?post=51796"}],"version-history":[{"count":20,"href":"https:\/\/www.m-stickers.com\/en_gb\/wp-json\/wp\/v2\/pages\/51796\/revisions"}],"predecessor-version":[{"id":53783,"href":"https:\/\/www.m-stickers.com\/en_gb\/wp-json\/wp\/v2\/pages\/51796\/revisions\/53783"}],"wp:attachment":[{"href":"https:\/\/www.m-stickers.com\/en_gb\/wp-json\/wp\/v2\/media?parent=51796"}],"curies":[{"name":"Motorcycle parts","href":"https:\/\/api.w.org\/{rel}","templated":true}]}}