{"id":6066,"date":"2021-01-18T12:38:32","date_gmt":"2021-01-18T11:38:32","guid":{"rendered":"https:\/\/www.m-stickers.com\/?page_id=6066"},"modified":"2024-08-29T13:55:48","modified_gmt":"2024-08-29T11:55:48","slug":"ktm-category-configurator","status":"publish","type":"page","link":"https:\/\/www.m-stickers.com\/en_gb\/categorie-configurator-ktm\/","title":{"rendered":"KTM Configurator Category"},"content":{"rendered":"\t\t<div data-elementor-type=\"wp-page\" data-elementor-id=\"6066\" class=\"elementor elementor-6066\" data-elementor-post-type=\"page\">\n\t\t\t\t\t\t<section class=\"elementor-section elementor-top-section elementor-element elementor-element-6ce07d11 elementor-section-boxed elementor-section-height-default elementor-section-height-default\" data-id=\"6ce07d11\" data-element_type=\"section\" data-e-type=\"section\">\n\t\t\t\t\t\t<div class=\"elementor-container elementor-column-gap-default\">\n\t\t\t\t\t<div class=\"elementor-column elementor-col-20 elementor-top-column elementor-element elementor-element-148fc3ca\" data-id=\"148fc3ca\" data-element_type=\"column\" data-e-type=\"column\">\n\t\t\t<div class=\"elementor-widget-wrap elementor-element-populated\">\n\t\t\t\t\t\t<div class=\"elementor-element elementor-element-5bb2e71 elementor-widget elementor-widget-heading\" data-id=\"5bb2e71\" data-element_type=\"widget\" data-e-type=\"widget\" data-widget_type=\"heading.default\">\n\t\t\t\t<div class=\"elementor-widget-container\">\n\t\t\t\t\t<h1 class=\"elementor-heading-title elementor-size-default\">Configurateur<\/h1>\t\t\t\t<\/div>\n\t\t\t\t<\/div>\n\t\t\t\t<div class=\"elementor-element elementor-element-5240052 elementor-widget elementor-widget-image\" data-id=\"5240052\" data-element_type=\"widget\" data-e-type=\"widget\" data-widget_type=\"image.default\">\n\t\t\t\t<div class=\"elementor-widget-container\">\n\t\t\t\t\t\t\t\t\t\t\t\t\t\t\t\t<a href=\"https:\/\/www.m-stickers.com\/configurator\/configure\/5559\/\">\n\t\t\t\t\t\t\t<img fetchpriority=\"high\" decoding=\"async\" width=\"600\" height=\"400\" src=\"https:\/\/www.m-stickers.com\/wp-content\/uploads\/2021\/01\/miniature-ktm.png\" class=\"attachment-large size-large wp-image-5948\" alt=\"Logo ktm\" srcset=\"https:\/\/www.m-stickers.com\/wp-content\/uploads\/2021\/01\/miniature-ktm.png 600w, https:\/\/www.m-stickers.com\/wp-content\/uploads\/2021\/01\/miniature-ktm-300x200.png 300w\" sizes=\"(max-width: 600px) 100vw, 600px\" \/>\t\t\t\t\t\t\t\t<\/a>\n\t\t\t\t\t\t\t\t\t\t\t\t\t\t\t<\/div>\n\t\t\t\t<\/div>\n\t\t\t\t<div class=\"elementor-element elementor-element-7812c831 elementor-widget elementor-widget-heading\" data-id=\"7812c831\" data-element_type=\"widget\" data-e-type=\"widget\" data-widget_type=\"heading.default\">\n\t\t\t\t<div class=\"elementor-widget-container\">\n\t\t\t\t\t<h1 class=\"elementor-heading-title elementor-size-default\">Personnalisez vos stickers de jantes KTM<\/h1>\t\t\t\t<\/div>\n\t\t\t\t<\/div>\n\t\t\t\t\t<\/div>\n\t\t<\/div>\n\t\t\t\t<div class=\"elementor-column elementor-col-20 elementor-top-column elementor-element elementor-element-4c6239ed\" data-id=\"4c6239ed\" data-element_type=\"column\" data-e-type=\"column\" data-settings=\"{&quot;background_background&quot;:&quot;classic&quot;}\">\n\t\t\t<div class=\"elementor-widget-wrap\">\n\t\t\t\t\t\t\t<\/div>\n\t\t<\/div>\n\t\t\t\t<div class=\"elementor-column elementor-col-20 elementor-top-column elementor-element elementor-element-7769f661\" data-id=\"7769f661\" data-element_type=\"column\" data-e-type=\"column\" data-settings=\"{&quot;background_background&quot;:&quot;gradient&quot;}\">\n\t\t\t<div class=\"elementor-widget-wrap\">\n\t\t\t\t\t\t\t<\/div>\n\t\t<\/div>\n\t\t\t\t<div class=\"elementor-column elementor-col-20 elementor-top-column elementor-element elementor-element-7002d4e2\" data-id=\"7002d4e2\" data-element_type=\"column\" data-e-type=\"column\">\n\t\t\t<div class=\"elementor-widget-wrap elementor-element-populated\">\n\t\t\t\t\t\t<div class=\"elementor-element elementor-element-632d0c9 elementor-widget elementor-widget-heading\" data-id=\"632d0c9\" data-element_type=\"widget\" data-e-type=\"widget\" data-widget_type=\"heading.default\">\n\t\t\t\t<div class=\"elementor-widget-container\">\n\t\t\t\t\t<h2 class=\"elementor-heading-title elementor-size-default\"><a href=\"https:\/\/www.m-stickers.com\/configurator\/configure\/5559\/\">125 Duke<\/a><\/h2>\t\t\t\t<\/div>\n\t\t\t\t<\/div>\n\t\t\t\t<div class=\"elementor-element elementor-element-29b3e0d elementor-widget elementor-widget-heading\" data-id=\"29b3e0d\" data-element_type=\"widget\" data-e-type=\"widget\" data-widget_type=\"heading.default\">\n\t\t\t\t<div class=\"elementor-widget-container\">\n\t\t\t\t\t<h2 class=\"elementor-heading-title elementor-size-default\"><a href=\"https:\/\/www.m-stickers.com\/configurator\/configure\/13727\/\">690 Duke<\/a><\/h2>\t\t\t\t<\/div>\n\t\t\t\t<\/div>\n\t\t\t\t<div class=\"elementor-element elementor-element-e682222 elementor-widget elementor-widget-heading\" data-id=\"e682222\" data-element_type=\"widget\" data-e-type=\"widget\" data-widget_type=\"heading.default\">\n\t\t\t\t<div class=\"elementor-widget-container\">\n\t\t\t\t\t<h2 class=\"elementor-heading-title elementor-size-default\"><a href=\"https:\/\/www.m-stickers.com\/configurator\/configure\/45920\/\">790 Duke<\/a><\/h2>\t\t\t\t<\/div>\n\t\t\t\t<\/div>\n\t\t\t\t<div class=\"elementor-element elementor-element-61f0b5e elementor-widget elementor-widget-heading\" data-id=\"61f0b5e\" data-element_type=\"widget\" data-e-type=\"widget\" data-widget_type=\"heading.default\">\n\t\t\t\t<div class=\"elementor-widget-container\">\n\t\t\t\t\t<h2 class=\"elementor-heading-title elementor-size-default\"><a href=\"https:\/\/www.m-stickers.com\/configurator\/configure\/58213\/\">890 Duke<\/a><\/h2>\t\t\t\t<\/div>\n\t\t\t\t<\/div>\n\t\t\t\t<div class=\"elementor-element elementor-element-47d42a1 elementor-widget elementor-widget-heading\" data-id=\"47d42a1\" data-element_type=\"widget\" data-e-type=\"widget\" data-widget_type=\"heading.default\">\n\t\t\t\t<div class=\"elementor-widget-container\">\n\t\t\t\t\t<h2 class=\"elementor-heading-title elementor-size-default\"><a href=\"https:\/\/www.m-stickers.com\/configurator\/configure\/14341\/\">990 SuperDuke<\/a><\/h2>\t\t\t\t<\/div>\n\t\t\t\t<\/div>\n\t\t\t\t<div class=\"elementor-element elementor-element-907354a elementor-widget elementor-widget-heading\" data-id=\"907354a\" data-element_type=\"widget\" data-e-type=\"widget\" data-widget_type=\"heading.default\">\n\t\t\t\t<div class=\"elementor-widget-container\">\n\t\t\t\t\t<h2 class=\"elementor-heading-title elementor-size-default\"><a href=\"https:\/\/www.m-stickers.com\/configurator\/configure\/13789\/\">1290 SuperDuke<\/a><\/h2>\t\t\t\t<\/div>\n\t\t\t\t<\/div>\n\t\t\t\t<div class=\"elementor-element elementor-element-249e489 elementor-widget elementor-widget-heading\" data-id=\"249e489\" data-element_type=\"widget\" data-e-type=\"widget\" data-widget_type=\"heading.default\">\n\t\t\t\t<div class=\"elementor-widget-container\">\n\t\t\t\t\t<h2 class=\"elementor-heading-title elementor-size-default\"><a href=\"https:\/\/www.m-stickers.com\/configurator\/configure\/14896\/\">1290 SuperDuke R<\/a><\/h2>\t\t\t\t<\/div>\n\t\t\t\t<\/div>\n\t\t\t\t\t<\/div>\n\t\t<\/div>\n\t\t\t\t<div class=\"elementor-column elementor-col-20 elementor-top-column elementor-element elementor-element-7b12844d\" data-id=\"7b12844d\" data-element_type=\"column\" data-e-type=\"column\">\n\t\t\t<div class=\"elementor-widget-wrap elementor-element-populated\">\n\t\t\t\t\t\t<div class=\"elementor-element elementor-element-65800ca elementor-widget elementor-widget-heading\" data-id=\"65800ca\" data-element_type=\"widget\" data-e-type=\"widget\" data-widget_type=\"heading.default\">\n\t\t\t\t<div class=\"elementor-widget-container\">\n\t\t\t\t\t<h2 class=\"elementor-heading-title elementor-size-default\"><a href=\"https:\/\/www.m-stickers.com\/configurator\/configure\/15135\/\">1090 Adventur R<\/a><\/h2>\t\t\t\t<\/div>\n\t\t\t\t<\/div>\n\t\t\t\t<div class=\"elementor-element elementor-element-b345e59 elementor-widget elementor-widget-heading\" data-id=\"b345e59\" data-element_type=\"widget\" data-e-type=\"widget\" data-widget_type=\"heading.default\">\n\t\t\t\t<div class=\"elementor-widget-container\">\n\t\t\t\t\t<h2 class=\"elementor-heading-title elementor-size-default\"><a href=\"https:\/\/www.m-stickers.com\/configurator\/configure\/26118\/\">1290 Adventur R<\/a><\/h2>\t\t\t\t<\/div>\n\t\t\t\t<\/div>\n\t\t\t\t<div class=\"elementor-element elementor-element-a868ff3 elementor-widget elementor-widget-heading\" data-id=\"a868ff3\" data-element_type=\"widget\" data-e-type=\"widget\" data-widget_type=\"heading.default\">\n\t\t\t\t<div class=\"elementor-widget-container\">\n\t\t\t\t\t<h2 class=\"elementor-heading-title elementor-size-default\"><a href=\"https:\/\/www.m-stickers.com\/configurator\/configure\/23728\/\">1290 Super Adventure S<\/a><\/h2>\t\t\t\t<\/div>\n\t\t\t\t<\/div>\n\t\t\t\t<div class=\"elementor-element elementor-element-44831f4 elementor-widget elementor-widget-heading\" data-id=\"44831f4\" data-element_type=\"widget\" data-e-type=\"widget\" data-widget_type=\"heading.default\">\n\t\t\t\t<div class=\"elementor-widget-container\">\n\t\t\t\t\t<h2 class=\"elementor-heading-title elementor-size-default\"><a href=\"https:\/\/www.m-stickers.com\/configurator\/configure\/49897\/\">1190 RC8<\/a><\/h2>\t\t\t\t<\/div>\n\t\t\t\t<\/div>\n\t\t\t\t\t<\/div>\n\t\t<\/div>\n\t\t\t\t\t<\/div>\n\t\t<\/section>\n\t\t\t\t<section class=\"elementor-section elementor-top-section elementor-element elementor-element-b25ddaf elementor-section-boxed elementor-section-height-default elementor-section-height-default\" data-id=\"b25ddaf\" data-element_type=\"section\" data-e-type=\"section\">\n\t\t\t\t\t\t<div class=\"elementor-container elementor-column-gap-default\">\n\t\t\t\t\t<div class=\"elementor-column elementor-col-100 elementor-top-column elementor-element elementor-element-4d48756\" data-id=\"4d48756\" data-element_type=\"column\" data-e-type=\"column\">\n\t\t\t<div class=\"elementor-widget-wrap elementor-element-populated\">\n\t\t\t\t\t\t<div class=\"elementor-element elementor-element-21ba3bb elementor-widget elementor-widget-heading\" data-id=\"21ba3bb\" data-element_type=\"widget\" data-e-type=\"widget\" data-widget_type=\"heading.default\">\n\t\t\t\t<div class=\"elementor-widget-container\">\n\t\t\t\t\t<h2 class=\"elementor-heading-title elementor-size-large\"><a href=\"https:\/\/www.m-stickers.com\/produit\/ta-moto-nest-pas-referencee\/\">Votre moto n\u2019est pas r\u00e9f\u00e9renc\u00e9e ?<\/a><\/h2>\t\t\t\t<\/div>\n\t\t\t\t<\/div>\n\t\t\t\t<div class=\"elementor-element elementor-element-84e1fbd elementor-button-danger elementor-align-center elementor-widget elementor-widget-button\" data-id=\"84e1fbd\" data-element_type=\"widget\" data-e-type=\"widget\" data-widget_type=\"button.default\">\n\t\t\t\t<div class=\"elementor-widget-container\">\n\t\t\t\t\t\t\t\t\t<div class=\"elementor-button-wrapper\">\n\t\t\t\t\t<a class=\"elementor-button elementor-button-link elementor-size-sm\" href=\"https:\/\/www.m-stickers.com\/produit\/ta-moto-nest-pas-referencee\/\">\n\t\t\t\t\t\t<span class=\"elementor-button-content-wrapper\">\n\t\t\t\t\t\t\t\t\t<span class=\"elementor-button-text\">Cliquez ici !<\/span>\n\t\t\t\t\t<\/span>\n\t\t\t\t\t<\/a>\n\t\t\t\t<\/div>\n\t\t\t\t\t\t\t\t<\/div>\n\t\t\t\t<\/div>\n\t\t\t\t\t<\/div>\n\t\t<\/div>\n\t\t\t\t\t<\/div>\n\t\t<\/section>\n\t\t\t\t<section class=\"elementor-section elementor-top-section elementor-element elementor-element-d6117a5 elementor-section-boxed elementor-section-height-default elementor-section-height-default\" data-id=\"d6117a5\" data-element_type=\"section\" data-e-type=\"section\">\n\t\t\t\t\t\t<div class=\"elementor-container elementor-column-gap-default\">\n\t\t\t\t\t<div class=\"elementor-column elementor-col-100 elementor-top-column elementor-element elementor-element-938943b\" data-id=\"938943b\" data-element_type=\"column\" data-e-type=\"column\">\n\t\t\t<div class=\"elementor-widget-wrap elementor-element-populated\">\n\t\t\t\t\t\t<div class=\"elementor-element elementor-element-bdf04e3 elementor-widget elementor-widget-text-editor\" data-id=\"bdf04e3\" data-element_type=\"widget\" data-e-type=\"widget\" data-widget_type=\"text-editor.default\">\n\t\t\t\t<div class=\"elementor-widget-container\">\n\t\t\t\t\t\t\t\t\t<h1>Personnalisez votre b\u00e9cane avec des stickers jantes moto KTM<\/h1><p><strong>Customise<\/strong> votre KTM facilement et sans casser votre tirelire.<br \/>Les meilleurs <strong>stickers jantes moto KTM<\/strong> 100% personnalisables sont sur notre site.<\/p><p>Pour personnaliser votre moto, vous trouverez aussi sur notre site un <strong>grand choix de stickers<\/strong> : liserets, int\u00e9rieur de jante, anneaux et m\u00eame des stickers de casque ou de car\u00e9nage.<\/p><p>Cr\u00e9\u00e9 le kit de vos r\u00eaves en utilisant notre <a href=\"https:\/\/www.m-stickers.com\/categorie-configurator-ktm\/\">configurateur<\/a>, pour une cr\u00e9ation de A \u00e0 Z unique et qui vous ressemble.<br \/>Vous pouvez aussi opter pour notre kit d\u00e9j\u00e0 configur\u00e9 KTM dans lequel vous pouvez changer les couleurs <a href=\"https:\/\/www.m-stickers.com\/categorie-produit\/kits-stickers-jantes-moto-complet\/kit-deco-jantes-ktm\/\">stickers.<\/a><\/p><p>Dans le <strong>configurateur<\/strong> vous pouvez personnaliser un \u00e0 un <strong>tous les \u00e9l\u00e9ments<\/strong>, pour des combinaisons <strong>infinies<\/strong> :<\/p><ul><li>Liserets,<\/li><li>Stickers de marque,<\/li><li>Logo de marque,<\/li><li>Int\u00e9rieur de jante,<\/li><li>Coloris,<\/li><li>Effet.<\/li><\/ul><p>Vous aurez le choix entre de nombreux designs de stickers, pour coller \u00e0 votre style et vous permettre de cr\u00e9er votre esth\u00e9tique personnelle.<br \/>Les couleurs correspondent \u00e0 la <strong>charte graphique KTM<\/strong> pour un r\u00e9sultat <strong>haut de gamme<\/strong> et harmonieux, mais vous pouvez aussi demander une nuance sp\u00e9ciale en envoyant votre code couleur lors de votre commande : #&#8230;<\/p><p>Le configurateur permet aussi de changer le contenu texte et le remplacer par un nom de team ou un num\u00e9ro.<\/p><p>Pour un style encore plus sportif, vous pouvez choisir d&rsquo;ajouter un sticker d&rsquo;<strong>int\u00e9rieur de jante<\/strong>, ils recouvrent la jante et offrent un r\u00e9sultat intense.<br \/>Vous pouvez choisir entre plusieurs styles : racing, camo, electro&#8230;le choix vous appartient !<\/p><p>Pour finir, s\u00e9lectionnez <a href=\"https:\/\/www.m-stickers.com\/nos-effets-de-stickers\">l&rsquo;effet<\/a> de votre choix en fonction de vos envies.<br \/>L&rsquo;effet de base est brillant mais vous pouvez choisir l&rsquo;effet<em> holographique, photoluminescent, r\u00e9fl\u00e9chissant, fluor\u00e9scent, mat.<\/em> Id\u00e9al pour renforcer le c\u00f4t\u00e9 flashy si appr\u00e9ci\u00e9 des KTM !<\/p><p>Retrouvez nos inspirations et <a href=\"https:\/\/www.m-stickers.com\/2022\/02\/21\/stickers-jantes-moto-ktm\/\">astuces personnalisation<\/a> sur notre site pour un kit r\u00e9ussi !<\/p><h2>Des stickers pour votre mod\u00e8le de moto<\/h2><p>Car nous souhaitons r\u00e9pondre aux besoins de tous les motards, chez <strong>M-Stickers<\/strong>, nous proposons des stickers jantes moto pour toutes les<strong> marques de b\u00e9canes<\/strong> et leurs mod\u00e8les.<br \/>Urbaine, sportive, trail ou quotidienne, vous trouverez <strong>LE<\/strong> kit de stickers pour sublimer votre monture et vous d\u00e9marquer sur les parking des meilleurs points de vue !<\/p><p>Retrouvez les stickers jantes moto <strong>KTM<\/strong> pour les mod\u00e8les : <span style=\"color: #ff0000;\">Adventure \/ Duke \/ EXC \/ Supermoto \/ SX \/ Super Duke \/ Super Adventure<\/span> et bien d&rsquo;autres.<\/p><p>Et si votre mod\u00e8le n&rsquo;est pas r\u00e9f\u00e9renc\u00e9 et que vous voulez un kit de stickers pour vos jantes, vous pouvez nous <a href=\"https:\/\/www.m-stickers.com\/contact\/\">contacter<\/a> ici pour un kit sur-mesure !<br \/>Vous pouvez aussi nous envoyer vos inspirations ou des id\u00e9es pour un kit de stickers de jantes unique sans vous limiter \u00e0 notre s\u00e9lection actuelle.<\/p><h2>Des stickers durables et de haute qualit\u00e9 100% fran\u00e7ais<\/h2><p>Parce qu&rsquo;en tant que motards, nous savons que les motos subissent des contraintes physiques, nos stickers jantes moto KTM sont con\u00e7us avec les meilleurs mat\u00e9riaux : <strong>vinyle de haute qualit\u00e9<\/strong> pour une tenue durable, <strong>colle monom\u00e8re 100\u03bc permanente<\/strong> pour une tenue optimale et vernis <strong>r\u00e9sistant aux UV et aux intemp\u00e9ries<\/strong> pour rouler partout et par tous les temps !<\/p><p>Notre \u00e9quipe cr\u00e9\u00e9e les <strong>stickers jantes moto KTM<\/strong> sur Lyon. Pour ne plus avoir des stickers qui prennent 1 mois \u00e0 arriver dans votre bo\u00eete \u00e0 lettres.<br \/>Cr\u00e9er par des motards, pour les motards, choisir ses stickers chez <strong>M-Stickers<\/strong>, c&rsquo;est s&rsquo;offrir la<strong> meilleure qualit\u00e9 au meilleur prix.<\/strong><\/p><p>Vous pouvez aussi <a href=\"https:\/\/www.m-stickers.com\/contact\/\">nous \u00e9crire<\/a> pour tous vos projets de cr\u00e9ation et de personnalisation.<br \/>Cr\u00e9ons ensemble les kits de stickers pour personnaliser votre Katoche.<\/p><p>Pour une pose optimale, digne d&rsquo;une moto et une tenue longue dur\u00e9e, consultez nos <a href=\"https:\/\/www.m-stickers.com\/tuto-comment-poser-ses-stickers-de-jantes-moto\/\">guides de pose<\/a> !<\/p>\t\t\t\t\t\t\t\t<\/div>\n\t\t\t\t<\/div>\n\t\t\t\t<div class=\"elementor-element elementor-element-eac2a35 elementor-widget elementor-widget-html\" data-id=\"eac2a35\" data-element_type=\"widget\" data-e-type=\"widget\" data-widget_type=\"html.default\">\n\t\t\t\t<div class=\"elementor-widget-container\">\n\t\t\t\t\t<!-- Google Tag Manager -->\r\n<script>(function(w,d,s,l,i){w[l]=w[l]||[];w[l].push({'gtm.start':\r\nnew Date().getTime(),event:'gtm.js'});var f=d.getElementsByTagName(s)[0],\r\nj=d.createElement(s),dl=l!='dataLayer'?'&l='+l:'';j.async=true;j.src=\r\n'https:\/\/www.googletagmanager.com\/gtm.js?id='+i+dl;f.parentNode.insertBefore(j,f);\r\n})(window,document,'script','dataLayer','GTM-5WBV2JH');<\/script>\r\n<!-- End Google Tag Manager -->\r\n<head>\r\n\r\n<!-- Global site tag (gtag.js) - Google Ads: 966835575 --> <script async src=\"https:\/\/www.googletagmanager.com\/gtag\/js?id=AW-966835575\"><\/script> <script> window.dataLayer = window.dataLayer || []; function gtag(){dataLayer.push(arguments);} gtag('js', new Date()); gtag('config', 'AW-966835575'); <\/script>\r\n\r\n<\/head>\r\n<!-- Google Tag Manager (noscript) -->\r\n<noscript><iframe src=\"https:\/\/www.googletagmanager.com\/ns.html?id=GTM-5WBV2JH\"\r\nheight=\"0\" width=\"0\" style=\"display:none;visibility:hidden\"><\/iframe><\/noscript>\r\n<!-- End Google Tag Manager (noscript) -->\t\t\t\t<\/div>\n\t\t\t\t<\/div>\n\t\t\t\t\t<\/div>\n\t\t<\/div>\n\t\t\t\t\t<\/div>\n\t\t<\/section>\n\t\t\t\t<\/div>\n\t\t","protected":false},"excerpt":{"rendered":"<p>Configurateur Personnalisez vos stickers de jantes KTM 125 Duke 690 Duke 790 Duke 890 Duke 990 SuperDuke 1290 SuperDuke 1290 SuperDuke R 1090 Adventur R 1290 Adventur R 1290 Super Adventure S 1190 RC8 Votre moto n\u2019est pas r\u00e9f\u00e9renc\u00e9e ? Cliquez ici ! Personnalisez votre b\u00e9cane avec des stickers jantes moto KTM Customisez votre KTM [&hellip;]<\/p>\n","protected":false},"author":1,"featured_media":0,"parent":0,"menu_order":0,"comment_status":"closed","ping_status":"closed","template":"","meta":{"footnotes":""},"class_list":["post-6066","page","type-page","status-publish","hentry","entry","owp-thumbs-layout-horizontal","owp-btn-big","owp-tabs-layout-horizontal","has-no-thumbnails"],"_links":{"self":[{"href":"https:\/\/www.m-stickers.com\/en_gb\/wp-json\/wp\/v2\/pages\/6066","targetHints":{"allow":["GET"]}}],"collection":[{"href":"https:\/\/www.m-stickers.com\/en_gb\/wp-json\/wp\/v2\/pages"}],"about":[{"href":"https:\/\/www.m-stickers.com\/en_gb\/wp-json\/wp\/v2\/types\/page"}],"author":[{"embeddable":true,"href":"https:\/\/www.m-stickers.com\/en_gb\/wp-json\/wp\/v2\/users\/1"}],"replies":[{"embeddable":true,"href":"https:\/\/www.m-stickers.com\/en_gb\/wp-json\/wp\/v2\/comments?post=6066"}],"version-history":[{"count":12,"href":"https:\/\/www.m-stickers.com\/en_gb\/wp-json\/wp\/v2\/pages\/6066\/revisions"}],"predecessor-version":[{"id":59174,"href":"https:\/\/www.m-stickers.com\/en_gb\/wp-json\/wp\/v2\/pages\/6066\/revisions\/59174"}],"wp:attachment":[{"href":"https:\/\/www.m-stickers.com\/en_gb\/wp-json\/wp\/v2\/media?parent=6066"}],"curies":[{"name":"Motorcycle parts","href":"https:\/\/api.w.org\/{rel}","templated":true}]}}