{"id":62370,"date":"2025-05-23T22:06:38","date_gmt":"2025-05-23T20:06:38","guid":{"rendered":"https:\/\/www.m-stickers.com\/?page_id=62370"},"modified":"2025-05-25T15:32:27","modified_gmt":"2025-05-25T13:32:27","slug":"m-stickers-reviews-2","status":"publish","type":"page","link":"https:\/\/www.m-stickers.com\/en_gb\/avis-m-stickers\/","title":{"rendered":"M-Stickers Reviews"},"content":{"rendered":"<div data-elementor-type=\"wp-page\" data-elementor-id=\"62370\" class=\"elementor elementor-62370\" data-elementor-post-type=\"page\">\n\t\t\t\t\t\t<section class=\"elementor-section elementor-top-section elementor-element elementor-element-b1afef7 elementor-section-boxed elementor-section-height-default elementor-section-height-default\" data-id=\"b1afef7\" data-element_type=\"section\" data-e-type=\"section\">\n\t\t\t\t\t\t<div class=\"elementor-container elementor-column-gap-default\">\n\t\t\t\t\t<div class=\"elementor-column elementor-col-100 elementor-top-column elementor-element elementor-element-612e312\" data-id=\"612e312\" data-element_type=\"column\" data-e-type=\"column\">\n\t\t\t<div class=\"elementor-widget-wrap elementor-element-populated\">\n\t\t\t\t\t\t<section class=\"elementor-section elementor-inner-section elementor-element elementor-element-39ffd49 elementor-section-boxed elementor-section-height-default elementor-section-height-default\" data-id=\"39ffd49\" data-element_type=\"section\" data-e-type=\"section\">\n\t\t\t\t\t\t<div class=\"elementor-container elementor-column-gap-default\">\n\t\t\t\t\t<div class=\"elementor-column elementor-col-33 elementor-inner-column elementor-element elementor-element-ab960d9\" data-id=\"ab960d9\" data-element_type=\"column\" data-e-type=\"column\">\n\t\t\t<div class=\"elementor-widget-wrap elementor-element-populated\">\n\t\t\t\t\t\t<div class=\"elementor-element elementor-element-0885f0a elementor-widget elementor-widget-heading\" data-id=\"0885f0a\" data-element_type=\"widget\" data-e-type=\"widget\" data-widget_type=\"heading.default\">\n\t\t\t\t<div class=\"elementor-widget-container\">\n\t\t\t\t\t<h1 class=\"elementor-heading-title elementor-size-default\">Customer Reviews - M-Stickers Reviews<\/h1>\t\t\t\t<\/div>\n\t\t\t\t<\/div>\n\t\t\t\t\t<\/div>\n\t\t<\/div>\n\t\t\t\t<div class=\"elementor-column elementor-col-33 elementor-inner-column elementor-element elementor-element-94584df\" data-id=\"94584df\" data-element_type=\"column\" data-e-type=\"column\">\n\t\t\t<div class=\"elementor-widget-wrap elementor-element-populated\">\n\t\t\t\t\t\t<div class=\"elementor-element elementor-element-2420756 elementor-widget__width-initial elementor-widget elementor-widget-rating\" data-id=\"2420756\" data-element_type=\"widget\" data-e-type=\"widget\" data-widget_type=\"rating.default\">\n\t\t\t\t<div class=\"elementor-widget-container\">\n\t\t\t\t\t\t\t<div class=\"e-rating\" itemtype=\"https:\/\/schema.org\/Rating\" itemscope=\"\" itemprop=\"reviewRating\">\n\t\t\t<meta itemprop=\"worstRating\" content=\"0\">\n\t\t\t<meta itemprop=\"bestRating\" content=\"5\">\n\t\t\t<div class=\"e-rating-wrapper\" itemprop=\"ratingValue\" content=\"4.7\" role=\"img\" aria-label=\"Rated 4.7 out of 5\">\n\t\t\t\t\t\t\t<div class=\"e-icon\">\n\t\t\t\t<div class=\"e-icon-wrapper e-icon-marked\">\n\t\t\t\t\t<i aria-hidden=\"true\" class=\"eicon-star\"><\/i>\t\t\t\t<\/div>\n\t\t\t\t<div class=\"e-icon-wrapper e-icon-unmarked\">\n\t\t\t\t\t<i aria-hidden=\"true\" class=\"eicon-star\"><\/i>\t\t\t\t<\/div>\n\t\t\t<\/div>\n\t\t\t\t\t\t<div class=\"e-icon\">\n\t\t\t\t<div class=\"e-icon-wrapper e-icon-marked\">\n\t\t\t\t\t<i aria-hidden=\"true\" class=\"eicon-star\"><\/i>\t\t\t\t<\/div>\n\t\t\t\t<div class=\"e-icon-wrapper e-icon-unmarked\">\n\t\t\t\t\t<i aria-hidden=\"true\" class=\"eicon-star\"><\/i>\t\t\t\t<\/div>\n\t\t\t<\/div>\n\t\t\t\t\t\t<div class=\"e-icon\">\n\t\t\t\t<div class=\"e-icon-wrapper e-icon-marked\">\n\t\t\t\t\t<i aria-hidden=\"true\" class=\"eicon-star\"><\/i>\t\t\t\t<\/div>\n\t\t\t\t<div class=\"e-icon-wrapper e-icon-unmarked\">\n\t\t\t\t\t<i aria-hidden=\"true\" class=\"eicon-star\"><\/i>\t\t\t\t<\/div>\n\t\t\t<\/div>\n\t\t\t\t\t\t<div class=\"e-icon\">\n\t\t\t\t<div class=\"e-icon-wrapper e-icon-marked\">\n\t\t\t\t\t<i aria-hidden=\"true\" class=\"eicon-star\"><\/i>\t\t\t\t<\/div>\n\t\t\t\t<div class=\"e-icon-wrapper e-icon-unmarked\">\n\t\t\t\t\t<i aria-hidden=\"true\" class=\"eicon-star\"><\/i>\t\t\t\t<\/div>\n\t\t\t<\/div>\n\t\t\t\t\t\t<div class=\"e-icon\">\n\t\t\t\t<div class=\"e-icon-wrapper e-icon-marked\" style=\"--e-rating-icon-marked-width: 70%;\">\n\t\t\t\t\t<i aria-hidden=\"true\" class=\"eicon-star\"><\/i>\t\t\t\t<\/div>\n\t\t\t\t<div class=\"e-icon-wrapper e-icon-unmarked\">\n\t\t\t\t\t<i aria-hidden=\"true\" class=\"eicon-star\"><\/i>\t\t\t\t<\/div>\n\t\t\t<\/div>\n\t\t\t\t\t\t<\/div>\n\t\t<\/div>\n\t\t\t\t\t\t<\/div>\n\t\t\t\t<\/div>\n\t\t\t\t\t<\/div>\n\t\t<\/div>\n\t\t\t\t<div class=\"elementor-column elementor-col-33 elementor-inner-column elementor-element elementor-element-473ab13\" data-id=\"473ab13\" data-element_type=\"column\" data-e-type=\"column\">\n\t\t\t<div class=\"elementor-widget-wrap elementor-element-populated\">\n\t\t\t\t\t\t<div class=\"elementor-element elementor-element-829f06c elementor-widget elementor-widget-text-editor\" data-id=\"829f06c\" data-element_type=\"widget\" data-e-type=\"widget\" data-widget_type=\"text-editor.default\">\n\t\t\t\t<div class=\"elementor-widget-container\">\n\t\t\t\t\t\t\t\t\t<p><span style=\"color: #ffffff;\"><strong>4,7\/5<\/strong><\/span><\/p>\t\t\t\t\t\t\t\t<\/div>\n\t\t\t\t<\/div>\n\t\t\t\t\t<\/div>\n\t\t<\/div>\n\t\t\t\t\t<\/div>\n\t\t<\/section>\n\t\t\t\t<div class=\"elementor-element elementor-element-7704c0f elementor-widget elementor-widget-text-editor\" data-id=\"7704c0f\" data-element_type=\"widget\" data-e-type=\"widget\" data-widget_type=\"text-editor.default\">\n\t\t\t\t<div class=\"elementor-widget-container\">\n\t\t\t\t\t\t\t\t\t<p>Our customers' satisfaction is at the heart of our business. Whether it's for custom stickers, motorcycle decorative kits, or custom prints, we strive to ensure impeccable quality and responsive service.  Here's what our customers say about their experience with M-Stickers.<\/p>\t\t\t\t\t\t\t\t<\/div>\n\t\t\t\t<\/div>\n\t\t\t\t<div class=\"elementor-element elementor-element-0cd3361 elementor-widget elementor-widget-text-editor\" data-id=\"0cd3361\" data-element_type=\"widget\" data-e-type=\"widget\" data-widget_type=\"text-editor.default\">\n\t\t\t\t<div class=\"elementor-widget-container\">\n\t\t\t\t\t\t\t\t\t<!-- Elfsight Google Reviews | Untitled Google Reviews -->\n<script src=\"https:\/\/static.elfsight.com\/platform\/platform.js\" async><\/script>\n<div class=\"elfsight-app-108764a6-de94-4c8e-ba22-271e02f886cd\" data-elfsight-app-lazy><\/div>\t\t\t\t\t\t\t\t<\/div>\n\t\t\t\t<\/div>\n\t\t\t\t<section class=\"elementor-section elementor-inner-section elementor-element elementor-element-11720bb elementor-section-boxed elementor-section-height-default elementor-section-height-default\" data-id=\"11720bb\" data-element_type=\"section\" data-e-type=\"section\" data-settings=\"{&quot;background_background&quot;:&quot;classic&quot;}\">\n\t\t\t\t\t\t<div class=\"elementor-container elementor-column-gap-default\">\n\t\t\t\t\t<div class=\"elementor-column elementor-col-100 elementor-inner-column elementor-element elementor-element-c5dd5e3\" data-id=\"c5dd5e3\" data-element_type=\"column\" data-e-type=\"column\">\n\t\t\t<div class=\"elementor-widget-wrap\">\n\t\t\t\t\t\t\t<\/div>\n\t\t<\/div>\n\t\t\t\t\t<\/div>\n\t\t<\/section>\n\t\t\t\t<div class=\"elementor-element elementor-element-2a4ca50 elementor-widget elementor-widget-text-editor\" data-id=\"2a4ca50\" data-element_type=\"widget\" data-e-type=\"widget\" data-widget_type=\"text-editor.default\">\n\t\t\t\t<div class=\"elementor-widget-container\">\n\t\t\t\t\t\t\t\t\t<p><!-- Elfsight Facebook Reviews | Untitled Facebook Reviews --><br \/><script src=\"https:\/\/static.elfsight.com\/platform\/platform.js\" async><\/script><\/p><div class=\"elfsight-app-43d671fb-3fac-49a1-bab9-5013fec9c134\" data-elfsight-app-lazy=\"\">\u00a0<\/div>\t\t\t\t\t\t\t\t<\/div>\n\t\t\t\t<\/div>\n\t\t\t\t\t<\/div>\n\t\t<\/div>\n\t\t\t\t\t<\/div>\n\t\t<\/section>\n\t\t\t\t<section class=\"elementor-section elementor-top-section elementor-element elementor-element-aaa1d99 elementor-section-boxed elementor-section-height-default elementor-section-height-default\" data-id=\"aaa1d99\" data-element_type=\"section\" data-e-type=\"section\" data-settings=\"{&quot;background_background&quot;:&quot;classic&quot;}\">\n\t\t\t\t\t\t<div class=\"elementor-container elementor-column-gap-default\">\n\t\t\t\t\t<div class=\"elementor-column elementor-col-100 elementor-top-column elementor-element elementor-element-4d017e1\" data-id=\"4d017e1\" data-element_type=\"column\" data-e-type=\"column\">\n\t\t\t<div class=\"elementor-widget-wrap\">\n\t\t\t\t\t\t\t<\/div>\n\t\t<\/div>\n\t\t\t\t\t<\/div>\n\t\t<\/section>\n\t\t\t\t<section class=\"elementor-section elementor-top-section elementor-element elementor-element-f07c60f elementor-section-boxed elementor-section-height-default elementor-section-height-default\" data-id=\"f07c60f\" data-element_type=\"section\" data-e-type=\"section\">\n\t\t\t\t\t\t<div class=\"elementor-container elementor-column-gap-default\">\n\t\t\t\t\t<div class=\"elementor-column elementor-col-100 elementor-top-column elementor-element elementor-element-01799d6\" data-id=\"01799d6\" data-element_type=\"column\" data-e-type=\"column\">\n\t\t\t<div class=\"elementor-widget-wrap elementor-element-populated\">\n\t\t\t\t\t\t<div class=\"elementor-element elementor-element-0c4f080 elementor-widget elementor-widget-text-editor\" data-id=\"0c4f080\" data-element_type=\"widget\" data-e-type=\"widget\" data-widget_type=\"text-editor.default\">\n\t\t\t\t<div class=\"elementor-widget-container\">\n\t\t\t\t\t\t\t\t\t<section class=\"faq-section\"><h2>Frequently Asked Questions about M-Stickers<\/h2><div class=\"faq-item\"><h3>Is M-Stickers a reliable company?<\/h3><p>Yes, M-Stickers is a French company specializing in motorcycle decal printing, with an average rating of <strong>4.6\/5 on Google and Facebook<\/strong>We work with quality materials, responsive customer service, and custom production in our workshop near Lyon.<\/p><\/div><div class=\"faq-item\"><h3>Where can I see M-Stickers reviews?<\/h3><p>You can read our customer reviews directly on this page, or view our profile on<br \/><a href=\"https:\/\/www.google.com\/search?q=avis+m-stickers\" target=\"_blank\" rel=\"noopener\">Google<\/a> and\u00a0<a href=\"https:\/\/www.facebook.com\/mstickers.official\/reviews\/\" target=\"_blank\" rel=\"noopener\">Facebook<\/a>Reviews are left by real customers after their order.<\/p><\/div><div class=\"faq-item\"><h3>Are the products of good quality?<\/h3><p>Yes, we use high-quality vinyl (Avery Dennison, Hexis, Oracal\u2026) and all our prints are made with professional inks to guarantee durability, UV resistance, and a perfect finish.<\/p><\/div><div class=\"faq-item\"><h3>What to do if I have a problem with my order?<\/h3><p>You can contact us directly at<br \/><a href=\"mailto:m.stickers.pro@gmail.com\">m.stickers.pro@gmail.com<\/a>.<br \/>Our customer service is responsive and we do our best to resolve issues quickly (replacement, adjustment, etc.).<\/p><\/div><div class=\"faq-item\"><h3>Why are there negative reviews of \"My-Sticker.com\"?<\/h3><p>Be careful not to confuse <strong>M-Stickers<\/strong> with <strong>My-Stickers.com<\/strong>Another company now inactive. Some negative online reviews do not concern our company. Our genuine customer reviews are available here, on Google and Facebook.<\/p><\/div><div class=\"faq-item\"><h3>Are the decals easy to apply?<\/h3><p>Yes! Every order includes a clear and simple application guide. Our decals are repositionable and can be applied bubble-free with a squeegee. We even offer instructional videos if needed.<\/p><\/div><div class=\"faq-item\"><h3>What are the delivery times?<\/h3><p>Orders are typically produced within 10 business days, then shipped via tracked mail or Colissimo.  Total delivery time varies from 10 to 20 business days, depending on the decal type and carrier.<\/p><\/div><\/section>\t\t\t\t\t\t\t\t<\/div>\n\t\t\t\t<\/div>\n\t\t\t\t\t<\/div>\n\t\t<\/div>\n\t\t\t\t\t<\/div>\n\t\t<\/section>\n\t\t\t\t<\/div>","protected":false},"excerpt":{"rendered":"<p>Ce que pensent nos clients \u2014 Avis MStickers 4,7\/5 la satisfaction de nos clients est au c\u0153ur de notre m\u00e9tier. Que ce soit pour des stickers personnalis\u00e9s, des kits d\u00e9co pour moto ou des impressions sur mesure, nous mettons tout en \u0153uvre pour garantir une qualit\u00e9 irr\u00e9prochable et un service r\u00e9actif. Voici ce que disent [&hellip;]<\/p>\n","protected":false},"author":1,"featured_media":0,"parent":0,"menu_order":0,"comment_status":"closed","ping_status":"closed","template":"","meta":{"footnotes":""},"class_list":["post-62370","page","type-page","status-publish","hentry","entry","owp-thumbs-layout-horizontal","owp-btn-big","owp-tabs-layout-horizontal","has-no-thumbnails"],"ase":null,"_links":{"self":[{"href":"https:\/\/www.m-stickers.com\/en_gb\/wp-json\/wp\/v2\/pages\/62370","targetHints":{"allow":["GET"]}}],"collection":[{"href":"https:\/\/www.m-stickers.com\/en_gb\/wp-json\/wp\/v2\/pages"}],"about":[{"href":"https:\/\/www.m-stickers.com\/en_gb\/wp-json\/wp\/v2\/types\/page"}],"author":[{"embeddable":true,"href":"https:\/\/www.m-stickers.com\/en_gb\/wp-json\/wp\/v2\/users\/1"}],"replies":[{"embeddable":true,"href":"https:\/\/www.m-stickers.com\/en_gb\/wp-json\/wp\/v2\/comments?post=62370"}],"version-history":[{"count":17,"href":"https:\/\/www.m-stickers.com\/en_gb\/wp-json\/wp\/v2\/pages\/62370\/revisions"}],"predecessor-version":[{"id":62405,"href":"https:\/\/www.m-stickers.com\/en_gb\/wp-json\/wp\/v2\/pages\/62370\/revisions\/62405"}],"wp:attachment":[{"href":"https:\/\/www.m-stickers.com\/en_gb\/wp-json\/wp\/v2\/media?parent=62370"}],"curies":[{"name":"Motorcycle parts","href":"https:\/\/api.w.org\/{rel}","templated":true}]}}