{"id":14,"date":"2020-11-06T18:42:43","date_gmt":"2020-11-06T17:42:43","guid":{"rendered":"https:\/\/www.m-stickers.com\/?page_id=14"},"modified":"2025-04-14T19:42:37","modified_gmt":"2025-04-14T17:42:37","slug":"configurador","status":"publish","type":"page","link":"https:\/\/www.m-stickers.com\/es\/configurator\/","title":{"rendered":"Configurador"},"content":{"rendered":"<div class='VpcMsg'>Parece que est\u00e1s intentando acceder a la p\u00e1gina de configuraci\u00f3n directamente. Esta p\u00e1gina solo se puede acceder haciendo clic en el bot\u00f3n \"Crea el tuyo\" desde el producto o la p\u00e1gina de la tienda.<\/div>","protected":false},"excerpt":{"rendered":"<p>Parece que intentas acceder a la p\u00e1gina de configuraci\u00f3n directamente. Esta p\u00e1gina solo se puede acceder haciendo clic en el bot\u00f3n \"Crea el tuyo\" desde el producto o la p\u00e1gina de la tienda.<\/p>","protected":false},"author":1,"featured_media":0,"parent":0,"menu_order":0,"comment_status":"closed","ping_status":"closed","template":"","meta":{"footnotes":""},"class_list":["post-14","page","type-page","status-publish","hentry","entry","owp-thumbs-layout-horizontal","owp-btn-big","owp-tabs-layout-horizontal","has-no-thumbnails"],"ase":null,"_links":{"self":[{"href":"https:\/\/www.m-stickers.com\/es\/wp-json\/wp\/v2\/pages\/14","targetHints":{"allow":["GET"]}}],"collection":[{"href":"https:\/\/www.m-stickers.com\/es\/wp-json\/wp\/v2\/pages"}],"about":[{"href":"https:\/\/www.m-stickers.com\/es\/wp-json\/wp\/v2\/types\/page"}],"author":[{"embeddable":true,"href":"https:\/\/www.m-stickers.com\/es\/wp-json\/wp\/v2\/users\/1"}],"replies":[{"embeddable":true,"href":"https:\/\/www.m-stickers.com\/es\/wp-json\/wp\/v2\/comments?post=14"}],"version-history":[{"count":1,"href":"https:\/\/www.m-stickers.com\/es\/wp-json\/wp\/v2\/pages\/14\/revisions"}],"predecessor-version":[{"id":62113,"href":"https:\/\/www.m-stickers.com\/es\/wp-json\/wp\/v2\/pages\/14\/revisions\/62113"}],"wp:attachment":[{"href":"https:\/\/www.m-stickers.com\/es\/wp-json\/wp\/v2\/media?parent=14"}],"curies":[{"name":"(No translation possible without context.  \"wp\" is ambiguous.)","href":"https:\/\/api.w.org\/{rel}","templated":true}]}}