{"id":20436,"date":"2021-12-07T16:01:41","date_gmt":"2021-12-07T15:01:41","guid":{"rendered":"https:\/\/www.m-stickers.com\/?page_id=20436"},"modified":"2024-08-29T11:12:41","modified_gmt":"2024-08-29T09:12:41","slug":"configurador-de-categorias-buell","status":"publish","type":"page","link":"https:\/\/www.m-stickers.com\/es\/categorie-configurator-buell\/","title":{"rendered":"Configurador de Categor\u00edas Buell"},"content":{"rendered":"\t\t<div data-elementor-type=\"wp-page\" data-elementor-id=\"20436\" class=\"elementor elementor-20436\" data-elementor-post-type=\"page\">\n\t\t\t\t\t\t<section class=\"elementor-section elementor-top-section elementor-element elementor-element-379d8db8 elementor-section-boxed elementor-section-height-default elementor-section-height-default\" data-id=\"379d8db8\" data-element_type=\"section\" data-e-type=\"section\">\n\t\t\t\t\t\t<div class=\"elementor-container elementor-column-gap-default\">\n\t\t\t\t\t<div class=\"elementor-column elementor-col-20 elementor-top-column elementor-element elementor-element-2089f0e5\" data-id=\"2089f0e5\" data-element_type=\"column\" data-e-type=\"column\">\n\t\t\t<div class=\"elementor-widget-wrap elementor-element-populated\">\n\t\t\t\t\t\t<div class=\"elementor-element elementor-element-f956a4e elementor-widget elementor-widget-heading\" data-id=\"f956a4e\" data-element_type=\"widget\" data-e-type=\"widget\" data-widget_type=\"heading.default\">\n\t\t\t\t<div class=\"elementor-widget-container\">\n\t\t\t\t\t<h1 class=\"elementor-heading-title elementor-size-default\">Configurateur<\/h1>\t\t\t\t<\/div>\n\t\t\t\t<\/div>\n\t\t\t\t<div class=\"elementor-element elementor-element-2168e52 elementor-widget elementor-widget-image\" data-id=\"2168e52\" data-element_type=\"widget\" data-e-type=\"widget\" data-widget_type=\"image.default\">\n\t\t\t\t<div class=\"elementor-widget-container\">\n\t\t\t\t\t\t\t\t\t\t\t\t\t\t\t<img fetchpriority=\"high\" decoding=\"async\" width=\"600\" height=\"400\" src=\"https:\/\/www.m-stickers.com\/wp-content\/uploads\/2021\/12\/miniature-Buell.webp\" class=\"attachment-large size-large wp-image-20441\" alt=\"\" srcset=\"https:\/\/www.m-stickers.com\/wp-content\/uploads\/2021\/12\/miniature-Buell.webp 600w, https:\/\/www.m-stickers.com\/wp-content\/uploads\/2021\/12\/miniature-Buell-300x200.webp 300w\" sizes=\"(max-width: 600px) 100vw, 600px\" \/>\t\t\t\t\t\t\t\t\t\t\t\t\t\t\t<\/div>\n\t\t\t\t<\/div>\n\t\t\t\t<div class=\"elementor-element elementor-element-a282136 elementor-widget elementor-widget-heading\" data-id=\"a282136\" data-element_type=\"widget\" data-e-type=\"widget\" data-widget_type=\"heading.default\">\n\t\t\t\t<div class=\"elementor-widget-container\">\n\t\t\t\t\t<h1 class=\"elementor-heading-title elementor-size-default\">Personnalisez vos stickers de jantes Buell<\/h1>\t\t\t\t<\/div>\n\t\t\t\t<\/div>\n\t\t\t\t\t<\/div>\n\t\t<\/div>\n\t\t\t\t<div class=\"elementor-column elementor-col-20 elementor-top-column elementor-element elementor-element-462ed814\" data-id=\"462ed814\" data-element_type=\"column\" data-e-type=\"column\" data-settings=\"{&quot;background_background&quot;:&quot;classic&quot;}\">\n\t\t\t<div class=\"elementor-widget-wrap\">\n\t\t\t\t\t\t\t<\/div>\n\t\t<\/div>\n\t\t\t\t<div class=\"elementor-column elementor-col-20 elementor-top-column elementor-element elementor-element-7c3aaed3\" data-id=\"7c3aaed3\" data-element_type=\"column\" data-e-type=\"column\" data-settings=\"{&quot;background_background&quot;:&quot;gradient&quot;}\">\n\t\t\t<div class=\"elementor-widget-wrap\">\n\t\t\t\t\t\t\t<\/div>\n\t\t<\/div>\n\t\t\t\t<div class=\"elementor-column elementor-col-20 elementor-top-column elementor-element elementor-element-77973a3f\" data-id=\"77973a3f\" data-element_type=\"column\" data-e-type=\"column\">\n\t\t\t<div class=\"elementor-widget-wrap elementor-element-populated\">\n\t\t\t\t\t\t<div class=\"elementor-element elementor-element-0c84686 elementor-widget elementor-widget-heading\" data-id=\"0c84686\" data-element_type=\"widget\" data-e-type=\"widget\" data-widget_type=\"heading.default\">\n\t\t\t\t<div class=\"elementor-widget-container\">\n\t\t\t\t\t<h2 class=\"elementor-heading-title elementor-size-default\"><a href=\"https:\/\/www.m-stickers.com\/configurator\/configure\/30662\/\">Buell 1125 R<\/a><\/h2>\t\t\t\t<\/div>\n\t\t\t\t<\/div>\n\t\t\t\t<div class=\"elementor-element elementor-element-4b5dec3 elementor-widget elementor-widget-heading\" data-id=\"4b5dec3\" data-element_type=\"widget\" data-e-type=\"widget\" data-widget_type=\"heading.default\">\n\t\t\t\t<div class=\"elementor-widget-container\">\n\t\t\t\t\t<h2 class=\"elementor-heading-title elementor-size-default\"><a href=\"https:\/\/www.m-stickers.com\/configurator\/configure\/20445\/\">Buell 1125 CR<\/a><\/h2>\t\t\t\t<\/div>\n\t\t\t\t<\/div>\n\t\t\t\t\t<\/div>\n\t\t<\/div>\n\t\t\t\t<div class=\"elementor-column elementor-col-20 elementor-top-column elementor-element elementor-element-100c2529\" data-id=\"100c2529\" data-element_type=\"column\" data-e-type=\"column\">\n\t\t\t<div class=\"elementor-widget-wrap\">\n\t\t\t\t\t\t\t<\/div>\n\t\t<\/div>\n\t\t\t\t\t<\/div>\n\t\t<\/section>\n\t\t\t\t<section class=\"elementor-section elementor-top-section elementor-element elementor-element-f1b983d elementor-section-boxed elementor-section-height-default elementor-section-height-default\" data-id=\"f1b983d\" data-element_type=\"section\" data-e-type=\"section\">\n\t\t\t\t\t\t<div class=\"elementor-container elementor-column-gap-default\">\n\t\t\t\t\t<div class=\"elementor-column elementor-col-100 elementor-top-column elementor-element elementor-element-0c3e397\" data-id=\"0c3e397\" data-element_type=\"column\" data-e-type=\"column\">\n\t\t\t<div class=\"elementor-widget-wrap elementor-element-populated\">\n\t\t\t\t\t\t<div class=\"elementor-element elementor-element-97da38d elementor-widget elementor-widget-heading\" data-id=\"97da38d\" data-element_type=\"widget\" data-e-type=\"widget\" data-widget_type=\"heading.default\">\n\t\t\t\t<div class=\"elementor-widget-container\">\n\t\t\t\t\t<h2 class=\"elementor-heading-title elementor-size-large\"><a href=\"https:\/\/www.m-stickers.com\/produit\/ta-moto-nest-pas-referencee\/\">Votre moto n\u2019est pas r\u00e9f\u00e9renc\u00e9e ?<\/a><\/h2>\t\t\t\t<\/div>\n\t\t\t\t<\/div>\n\t\t\t\t<div class=\"elementor-element elementor-element-9317201 elementor-button-danger elementor-align-center elementor-widget elementor-widget-button\" data-id=\"9317201\" data-element_type=\"widget\" data-e-type=\"widget\" data-widget_type=\"button.default\">\n\t\t\t\t<div class=\"elementor-widget-container\">\n\t\t\t\t\t\t\t\t\t<div class=\"elementor-button-wrapper\">\n\t\t\t\t\t<a class=\"elementor-button elementor-button-link elementor-size-sm\" href=\"https:\/\/www.m-stickers.com\/produit\/ta-moto-nest-pas-referencee\/\">\n\t\t\t\t\t\t<span class=\"elementor-button-content-wrapper\">\n\t\t\t\t\t\t\t\t\t<span class=\"elementor-button-text\">Cliquez ici !<\/span>\n\t\t\t\t\t<\/span>\n\t\t\t\t\t<\/a>\n\t\t\t\t<\/div>\n\t\t\t\t\t\t\t\t<\/div>\n\t\t\t\t<\/div>\n\t\t\t\t\t<\/div>\n\t\t<\/div>\n\t\t\t\t\t<\/div>\n\t\t<\/section>\n\t\t\t\t<section class=\"elementor-section elementor-top-section elementor-element elementor-element-4f05d05 elementor-section-boxed elementor-section-height-default elementor-section-height-default\" data-id=\"4f05d05\" data-element_type=\"section\" data-e-type=\"section\">\n\t\t\t\t\t\t<div class=\"elementor-container elementor-column-gap-default\">\n\t\t\t\t\t<div class=\"elementor-column elementor-col-100 elementor-top-column elementor-element elementor-element-3bb5ca1\" data-id=\"3bb5ca1\" data-element_type=\"column\" data-e-type=\"column\">\n\t\t\t<div class=\"elementor-widget-wrap elementor-element-populated\">\n\t\t\t\t\t\t<div class=\"elementor-element elementor-element-f6b91cc elementor-widget-divider--view-line elementor-widget elementor-widget-divider\" data-id=\"f6b91cc\" data-element_type=\"widget\" data-e-type=\"widget\" data-widget_type=\"divider.default\">\n\t\t\t\t<div class=\"elementor-widget-container\">\n\t\t\t\t\t\t\t<div class=\"elementor-divider\">\n\t\t\t<span class=\"elementor-divider-separator\">\n\t\t\t\t\t\t<\/span>\n\t\t<\/div>\n\t\t\t\t\t\t<\/div>\n\t\t\t\t<\/div>\n\t\t\t\t<div class=\"elementor-element elementor-element-4e0744e elementor-widget elementor-widget-text-editor\" data-id=\"4e0744e\" data-element_type=\"widget\" data-e-type=\"widget\" data-widget_type=\"text-editor.default\">\n\t\t\t\t<div class=\"elementor-widget-container\">\n\t\t\t\t\t\t\t\t\t<h1>Rendez votre moto unique avec des stickers jantes moto Buell<\/h1><p>Transformez rapidement et au meilleur prix votre moto avec des <strong>stickers jantes moto Buell <\/strong>permanents.<br \/>Vous trouverez des stickers de jantes moto, mais aussi des <a href=\"https:\/\/www.m-stickers.com\/categorie-produit\/liserets-jantes-moto\/\">liserets<\/a> ou des kits complets pour <strong>customiser<\/strong> votre Buell.<\/p><p>Ce sont les d\u00e9tails qui font la diff\u00e9rence, parfaits pour se d\u00e9marquer, nos stickers sont <strong>100% personnalisables<\/strong> afin de r\u00e9pondre \u00e0 vos envies !<br \/>Vous pouvez choisir notre <a href=\"https:\/\/www.m-stickers.com\/categorie-produit\/kits-stickers-jantes-moto-complet\/buell\/\">kit<\/a> pr\u00e9-configur\u00e9 dans lequel vous pouvez changer la couleur ou bien pousser plus loin la personnalisation et aller sur notre <a href=\"https:\/\/www.m-stickers.com\/categorie-configurator-buell\/\">configurateur<\/a>, pour une cr\u00e9ation de A \u00e0 Z. Visualisez en <strong>direct<\/strong> les changements.<\/p><p>Personnalisez :<\/p><ul><li>Liserets,<\/li><li>Stickers de marque,<\/li><li>Logo Buell,<\/li><li>Int\u00e9rieur de jante,<\/li><li>Coloris,<\/li><li>Effet.<\/li><\/ul><p>Vous aurez le choix entre plusieurs <strong>designs de stickers<\/strong>, pour coller \u00e0 votre style et vous permettre de cr\u00e9er votre esth\u00e9tique personnelle.<br \/>Les couleurs correspondent \u00e0 la charte du constructeur mais vous pouvez aussi demander une<strong> nuance de votre choix <\/strong>en envoyant votre code couleur lors de votre commande : #&#8230;<br \/>Vous pourrez aussi changer le contenu texte pour personnaliser encore plus votre kit de stickers.<\/p><p>Pour un styl\u00e9 plus aboutit, vous pouvez choisir d&rsquo;ajouter un sticker d&rsquo;int\u00e9rieur de jante : <strong>racing, camo, electro<\/strong>&#8230;le choix vous appartient !<br \/>Et finalement, donnez un style de folie \u00e0 votre b\u00e9cane en ajoutant un <a href=\"https:\/\/www.m-stickers.com\/nos-effets-de-stickers\">effet<\/a> de finition \u00e0 vos stickers.<\/p><p>L&rsquo;effet de base est brillant mais vous pouvez choisir l&rsquo;effet <em>holographique, photoluminescent, r\u00e9fl\u00e9chissant, fluor\u00e9scent, mat.<\/em><br \/>Chaque effet \u00e0 son propre style, vous pouvez \u00eatre plus visible dans le noir par exemple.<\/p><p>Retrouvez nos <a href=\"https:\/\/www.m-stickers.com\/2022\/01\/24\/stickers-jante-moto-personnalise-choisir\/\">astuces personnalisation<\/a>, pose et int\u00e9r\u00eats des stickers sur notre blog !<\/p><h2>Des stickers pour chaque moto Buell<\/h2><p>Car chez M-Stickers, la philosophie c&rsquo;est : pas de limite \u00e0 la personnalisation, nous proposons des <strong>stickers jantes moto<\/strong> pour toutes les b\u00e9canes.<br \/>Trouve <strong>LE<\/strong> kit de stickers pour sublimer votre monture, peu importe son utilisation.<\/p><p>Nous proposons des kits en accord avec les gammes du constructeur pour un effet original, haut de gamme et harmonieux.<\/p><p>Retrouvez nos kits pour les mod\u00e8les <strong>Buell<\/strong> : <span style=\"color: #ff0000;\">RR1000 \/ Battlewin \/ RR1200 \/ Rs1200 \/ Westwind \/ S1 \/ XB9R XB9Sx \/ Firebolt \/ XB12S \/ XB12Scg \/ Lighting \/ CR.<\/span><\/p><p>Et si votre mod\u00e8le n&rsquo;est pas r\u00e9f\u00e9renc\u00e9, vous pouvez <a href=\"https:\/\/www.m-stickers.com\/contact\/\">nous contacter ici<\/a> pour un <strong>kit stickers jantes moto sur-mesure<\/strong> !<br \/>Vous pouvez aussi nous envoyer vos inspirations pour un kit de stickers de jantes unique.<\/p><h2>Des stickers de top qualit\u00e9, durables et 100% fran\u00e7ais<\/h2><p>Parce qu&rsquo;en tant que motards, nous savons que les motos subissent des contraintes physiques, nos stickers jantes moto Buell sont con\u00e7us avec des mat\u00e9riaux de haute qualit\u00e9 : <strong>vinyle top qualit\u00e9<\/strong> pour une tenue durable, <strong>colle monom\u00e8re 100\u03bc permanente<\/strong> pour une tenue optimale et vernis <strong>r\u00e9sistant aux UV et aux intemp\u00e9ries<\/strong> pour ne pas brider vos sorties.<\/p><p>Notre \u00e9quipe cr\u00e9\u00e9e avec passion vos <strong>stickers jantes moto Buell<\/strong> sur Lyon et vous \u00e9viter d&rsquo;attendre 1 mois la livraison de votre kit !<br \/>Cr\u00e9er par des motards, pour les motards, les stickers M-Stickers sont durables et 100% styl\u00e9s.<\/p><p>Vous pouvez aussi <a href=\"https:\/\/www.m-stickers.com\/contact\/\">nous contacter<\/a> pour tous vos projets de cr\u00e9ation et de personnalisation.<br \/>Cr\u00e9ons ensemble les kits de stickers pour personnaliser votre <strong>Buell<\/strong>.<\/p><p>Pour une pose optimale et une tenue longue dur\u00e9e, consultez nos <a href=\"https:\/\/www.m-stickers.com\/tuto-comment-poser-ses-stickers-de-jantes-moto\/\">guides de pose<\/a> dans lequel vous trouverez des conseils mais aussi des id\u00e9es <strong>d&rsquo;inspiration<\/strong> !<\/p>\t\t\t\t\t\t\t\t<\/div>\n\t\t\t\t<\/div>\n\t\t\t\t<div class=\"elementor-element elementor-element-efcd113 elementor-widget elementor-widget-html\" data-id=\"efcd113\" data-element_type=\"widget\" data-e-type=\"widget\" data-widget_type=\"html.default\">\n\t\t\t\t<div class=\"elementor-widget-container\">\n\t\t\t\t\t<!-- Google Tag Manager -->\r\n<script>(function(w,d,s,l,i){w[l]=w[l]||[];w[l].push({'gtm.start':\r\nnew Date().getTime(),event:'gtm.js'});var f=d.getElementsByTagName(s)[0],\r\nj=d.createElement(s),dl=l!='dataLayer'?'&l='+l:'';j.async=true;j.src=\r\n'https:\/\/www.googletagmanager.com\/gtm.js?id='+i+dl;f.parentNode.insertBefore(j,f);\r\n})(window,document,'script','dataLayer','GTM-5WBV2JH');<\/script>\r\n<!-- End Google Tag Manager -->\r\n<head>\r\n\r\n<!-- Global site tag (gtag.js) - Google Ads: 966835575 --> <script async src=\"https:\/\/www.googletagmanager.com\/gtag\/js?id=AW-966835575\"><\/script> <script> window.dataLayer = window.dataLayer || []; function gtag(){dataLayer.push(arguments);} gtag('js', new Date()); gtag('config', 'AW-966835575'); <\/script>\r\n\r\n<\/head>\r\n<!-- Google Tag Manager (noscript) -->\r\n<noscript><iframe src=\"https:\/\/www.googletagmanager.com\/ns.html?id=GTM-5WBV2JH\"\r\nheight=\"0\" width=\"0\" style=\"display:none;visibility:hidden\"><\/iframe><\/noscript>\r\n<!-- End Google Tag Manager (noscript) -->\t\t\t\t<\/div>\n\t\t\t\t<\/div>\n\t\t\t\t\t<\/div>\n\t\t<\/div>\n\t\t\t\t\t<\/div>\n\t\t<\/section>\n\t\t\t\t<\/div>\n\t\t","protected":false},"excerpt":{"rendered":"<p>Configurateur Personnalisez vos stickers de jantes Buell Buell 1125 R Buell 1125 CR Votre moto n\u2019est pas r\u00e9f\u00e9renc\u00e9e ? Cliquez ici ! Rendez votre moto unique avec des stickers jantes moto Buell Transformez rapidement et au meilleur prix votre moto avec des stickers jantes moto Buell permanents.Vous trouverez des stickers de jantes moto, mais aussi [&hellip;]<\/p>\n","protected":false},"author":1,"featured_media":20440,"parent":0,"menu_order":0,"comment_status":"closed","ping_status":"closed","template":"","meta":{"footnotes":""},"class_list":["post-20436","page","type-page","status-publish","has-post-thumbnail","hentry","entry","has-media","owp-thumbs-layout-horizontal","owp-btn-big","owp-tabs-layout-horizontal","has-no-thumbnails"],"_links":{"self":[{"href":"https:\/\/www.m-stickers.com\/es\/wp-json\/wp\/v2\/pages\/20436","targetHints":{"allow":["GET"]}}],"collection":[{"href":"https:\/\/www.m-stickers.com\/es\/wp-json\/wp\/v2\/pages"}],"about":[{"href":"https:\/\/www.m-stickers.com\/es\/wp-json\/wp\/v2\/types\/page"}],"author":[{"embeddable":true,"href":"https:\/\/www.m-stickers.com\/es\/wp-json\/wp\/v2\/users\/1"}],"replies":[{"embeddable":true,"href":"https:\/\/www.m-stickers.com\/es\/wp-json\/wp\/v2\/comments?post=20436"}],"version-history":[{"count":7,"href":"https:\/\/www.m-stickers.com\/es\/wp-json\/wp\/v2\/pages\/20436\/revisions"}],"predecessor-version":[{"id":59145,"href":"https:\/\/www.m-stickers.com\/es\/wp-json\/wp\/v2\/pages\/20436\/revisions\/59145"}],"wp:featuredmedia":[{"embeddable":true,"href":"https:\/\/www.m-stickers.com\/es\/wp-json\/wp\/v2\/media\/20440"}],"wp:attachment":[{"href":"https:\/\/www.m-stickers.com\/es\/wp-json\/wp\/v2\/media?parent=20436"}],"curies":[{"name":"(No translation possible without context.  \"wp\" is ambiguous.)","href":"https:\/\/api.w.org\/{rel}","templated":true}]}}