{"id":3,"date":"2020-11-06T17:15:35","date_gmt":"2020-11-06T16:15:35","guid":{"rendered":"https:\/\/www.m-stickers.com\/?page_id=3"},"modified":"2026-01-14T19:18:13","modified_gmt":"2026-01-14T18:18:13","slug":"politica-de-privacidad","status":"publish","type":"page","link":"https:\/\/www.m-stickers.com\/es\/politique-de-confidentialite\/","title":{"rendered":"Pol\u00edticas de privacidad"},"content":{"rendered":"<div data-elementor-type=\"wp-page\" data-elementor-id=\"3\" class=\"elementor elementor-3\" data-elementor-post-type=\"page\">\n\t\t\t\t\t\t<section class=\"elementor-section elementor-top-section elementor-element elementor-element-61d10604 elementor-section-boxed elementor-section-height-default elementor-section-height-default\" data-id=\"61d10604\" data-element_type=\"section\" data-e-type=\"section\">\n\t\t\t\t\t\t<div class=\"elementor-container elementor-column-gap-default\">\n\t\t\t\t\t<div class=\"elementor-column elementor-col-100 elementor-top-column elementor-element elementor-element-6e9344dc\" data-id=\"6e9344dc\" data-element_type=\"column\" data-e-type=\"column\">\n\t\t\t<div class=\"elementor-widget-wrap elementor-element-populated\">\n\t\t\t\t\t\t<div class=\"elementor-element elementor-element-374846cd elementor-widget elementor-widget-text-editor\" data-id=\"374846cd\" data-element_type=\"widget\" data-e-type=\"widget\" data-widget_type=\"text-editor.default\">\n\t\t\t\t<div class=\"elementor-widget-container\">\n\t\t\t\t\t\t\t\t\t<p><\/p>\n<h1 class=\"wp-block-heading\" style=\"text-align: center;\" data-start=\"376\" data-end=\"408\">POL\u00cdTICA DE PRIVACIDAD<\/h1>\n<p data-start=\"409\" data-end=\"451\"><strong data-start=\"409\" data-end=\"451\">Sitio: M-Stickers \u2013 <a class=\"decorated-link\" href=\"http:\/\/www.m-stickers.com\/es\/\" target=\"_new\" rel=\"noopener\" data-start=\"431\" data-end=\"449\">www.m-stickers.com<\/a><\/strong><\/p>\n<hr data-start=\"511\" data-end=\"514\" \/>\n<h2 data-start=\"516\" data-end=\"540\">ART\u00cdCULO 1 \u2013 PRE\u00c1MBULO<\/h2>\n<p data-start=\"542\" data-end=\"674\">La presente pol\u00edtica de privacidad se aplica al sitio web <strong data-start=\"611\" data-end=\"633\"><a class=\"decorated-link\" href=\"http:\/\/www.m-stickers.com\/es\/\" target=\"_new\" rel=\"noopener\" data-start=\"613\" data-end=\"631\">www.m-stickers.com<\/a><\/strong>, operado bajo la marca <strong data-start=\"659\" data-end=\"673\">M-Stickers<\/strong>.<br \/><span style=\"font-size: 17px;\">La marca <\/span><strong style=\"font-size: 17px;\" data-start=\"686\" data-end=\"700\">M-Stickers<\/strong><span style=\"font-size: 17px;\"> es una marca comercial operada por la empresa <\/span><strong style=\"font-size: 17px;\" data-start=\"753\" data-end=\"773\">MSTKS HOLDING<\/strong><span style=\"font-size: 17px;\">, en adelante denominado \u00abel Editor\u00bb.<\/span><\/p>\n<p data-start=\"809\" data-end=\"882\">Esta pol\u00edtica tiene como objetivo informar a los usuarios del sitio web sobre:<\/p>\n<ul>\n<li data-start=\"886\" data-end=\"958\">la forma en que se recopilan y procesan sus datos personales; ;<\/li>\n<li data-start=\"886\" data-end=\"958\"><span style=\"font-size: 17px;\">Los derechos que tienen sobre estos datos; ;<\/span><\/li>\n<li data-start=\"1018\" data-end=\"1089\">las responsabilidades del Editor en materia de protecci\u00f3n de datos; ;<\/li>\n<li data-start=\"1092\" data-end=\"1128\">el posible uso de cookies.<\/li>\n<\/ul>\n<p data-start=\"1130\" data-end=\"1245\">Esta pol\u00edtica complementa la <strong data-start=\"1159\" data-end=\"1179\">Aviso Legal<\/strong> and the <strong data-start=\"1187\" data-end=\"1220\">Condiciones Generales de Venta<\/strong> accesibles en el sitio web.<\/p>\n<p data-start=\"1130\" data-end=\"1245\">\u00a0<\/p>\n<hr data-start=\"1247\" data-end=\"1250\" \/>\n<h2 data-start=\"1252\" data-end=\"1326\">ART\u00cdCULO 2 \u2013 PRINCIPIOS GENERALES DE RECOPILACI\u00d3N Y PROCESAMIENTO DE DATOS<\/h2>\n<p data-start=\"1328\" data-end=\"1449\">De conformidad con el <strong data-start=\"1344\" data-end=\"1416\">Reglamento General de Protecci\u00f3n de Datos (RGPD \u2013 UE 2016\/679)<\/strong>, los datos personales son:<\/p>\n<ul>\n<li data-start=\"1453\" data-end=\"1511\">recopiladas de forma <strong data-start=\"1475\" data-end=\"1509\">l\u00edcita, leal y transparente<\/strong> ;<\/li>\n<li data-start=\"1514\" data-end=\"1585\">utilizadas para <strong data-start=\"1533\" data-end=\"1583\">finalidades determinadas, expl\u00edcitas y leg\u00edtimas<\/strong> ;<\/li>\n<li data-start=\"1588\" data-end=\"1638\"><strong data-start=\"1588\" data-end=\"1600\">limitadas<\/strong> a lo estrictamente necesario; ;<\/li>\n<li data-start=\"1641\" data-end=\"1680\"><strong data-start=\"1641\" data-end=\"1678\">conservadas por un tiempo limitado<\/strong> ;<\/li>\n<li data-start=\"1683\" data-end=\"1759\">protegidas por medidas que garantizan su <strong data-start=\"1727\" data-end=\"1758\">seguridad y confidencialidad<\/strong>.<\/li>\n<\/ul>\n<p data-start=\"1761\" data-end=\"1833\">El tratamiento de datos se basa en una de las siguientes bases legales:<\/p>\n<ul>\n<li data-start=\"1836\" data-end=\"1870\">el consentimiento del usuario; ;<\/li>\n<li data-start=\"1873\" data-end=\"1937\">la ejecuci\u00f3n de un contrato (pedido, entrega, servicio al cliente); ;<\/li>\n<li data-start=\"1940\" data-end=\"1974\">el cumplimiento de obligaciones legales; ;<\/li>\n<li data-start=\"1977\" data-end=\"2045\">el inter\u00e9s leg\u00edtimo del Editor (mejora del servicio, seguridad).<\/li>\n<\/ul>\n<p>\u00a0<\/p>\n<hr data-start=\"2047\" data-end=\"2050\" \/>\n<h2 data-start=\"2052\" data-end=\"2098\">ART\u00cdCULO 3 \u2013 DATOS PERSONALES RECOPILADOS<\/h2>\n<h3 data-start=\"2100\" data-end=\"2126\">3.1 Datos recopilados<\/h3>\n<p data-start=\"2128\" data-end=\"2210\">Los datos que pueden ser recogidos en el sitio M-Stickers son, entre otros:<\/p>\n<ul>\n<li data-start=\"2214\" data-end=\"2229\">Nombre y apellidos<\/li>\n<li data-start=\"2232\" data-end=\"2249\">Direcci\u00f3n postal<\/li>\n<li data-start=\"2252\" data-end=\"2268\">Direcci\u00f3n de correo electr\u00f3nico<\/li>\n<li data-start=\"2271\" data-end=\"2292\">N\u00famero de tel\u00e9fono<\/li>\n<li data-start=\"2295\" data-end=\"2365\">Informaci\u00f3n de pedido y pago (a trav\u00e9s de proveedores seguros)<\/li>\n<li data-start=\"2368\" data-end=\"2413\">Direcci\u00f3n IP y datos de navegaci\u00f3n (cookies)<\/li>\n<\/ul>\n<h3 data-start=\"2415\" data-end=\"2439\">3.2 M\u00e9todo de recolecci\u00f3n<\/h3>\n<p data-start=\"2441\" data-end=\"2492\">Estos datos se recopilan cuando el usuario:<\/p>\n<ul>\n<li data-start=\"2496\" data-end=\"2528\">haga un pedido en el sitio web; ;<\/li>\n<li data-start=\"2531\" data-end=\"2554\">Crea una cuenta de cliente; ;<\/li>\n<li data-start=\"2557\" data-end=\"2591\">rellenar un formulario de contacto; ;<\/li>\n<li data-start=\"2594\" data-end=\"2626\">intercambio con el servicio al cliente; ;<\/li>\n<li data-start=\"2629\" data-end=\"2659\">navega por el sitio (cookies).<\/li>\n<\/ul>\n<p>\u00a0<\/p>\n<hr data-start=\"2661\" data-end=\"2664\" \/>\n<h2 data-start=\"2666\" data-end=\"2704\">ART\u00cdCULO 4 \u2013 FINES DEL TRATAMIENTO<\/h2>\n<p data-start=\"2706\" data-end=\"2766\">Los datos personales se utilizan exclusivamente para:<\/p>\n<ul>\n<li data-start=\"2770\" data-end=\"2811\">el procesamiento y el seguimiento de los pedidos; ;<\/li>\n<li data-start=\"2814\" data-end=\"2848\">gesti\u00f3n de relaciones con el cliente; ;<\/li>\n<li data-start=\"2851\" data-end=\"2882\">la facturaci\u00f3n y el pago; ;<\/li>\n<li data-start=\"2885\" data-end=\"2912\">la entrega de los productos; ;<\/li>\n<li data-start=\"2915\" data-end=\"2967\">el servicio de posventa y la gesti\u00f3n de garant\u00edas; ;<\/li>\n<li data-start=\"2970\" data-end=\"3014\">la mejora de la experiencia del usuario; ;<\/li>\n<li data-start=\"3017\" data-end=\"3055\">la conformidad con las obligaciones legales.<\/li>\n<\/ul>\n<p data-start=\"3057\" data-end=\"3170\">No se utilizan datos con fines comerciales no previstos sin el consentimiento expl\u00edcito del usuario.<\/p>\n<p data-start=\"3057\" data-end=\"3170\">\u00a0<\/p>\n<hr data-start=\"3172\" data-end=\"3175\" \/>\n<h2 data-start=\"3177\" data-end=\"3228\">ART\u00cdCULO 5 \u2013 TRANSMISI\u00d3N DE DATOS A TERCEROS<\/h2>\n<p data-start=\"3230\" data-end=\"3365\">Los datos personales pueden ser transmitidos \u00fanicamente a terceros estrictamente necesarios para la ejecuci\u00f3n de los servicios, en particular:<\/p>\n<ul>\n<li data-start=\"3369\" data-end=\"3412\">proveedores de pago (Stripe, PayPal); ;<\/li>\n<li data-start=\"3415\" data-end=\"3457\">proveedores de log\u00edstica y entrega; ;<\/li>\n<li data-start=\"3460\" data-end=\"3479\">anfitri\u00f3n del sitio; ;<\/li>\n<li data-start=\"3482\" data-end=\"3523\">herramientas de an\u00e1lisis y medici\u00f3n de audiencia.<\/li>\n<\/ul>\n<p data-start=\"3525\" data-end=\"3652\">Estos proveedores est\u00e1n obligados contractualmente a respetar la confidencialidad y la seguridad de los datos, de conformidad con el RGPD.<\/p>\n<p data-start=\"3654\" data-end=\"3739\">Los datos no son <strong data-start=\"3674\" data-end=\"3692\">nunca vendidos<\/strong> ni cedidas a terceros con fines comerciales.<\/p>\n<p data-start=\"3654\" data-end=\"3739\">\u00a0<\/p>\n<hr data-start=\"3741\" data-end=\"3744\" \/>\n<h2 data-start=\"3746\" data-end=\"3784\">ART\u00cdCULO 6 \u2013 ALOJAMIENTO DE LOS DATOS<\/h2>\n<p data-start=\"3786\" data-end=\"3822\">El sitio web de M-Stickers est\u00e1 alojado por:<\/p>\n<ul>\n<li><strong data-start=\"3824\" data-end=\"3831\">OVH<\/strong><\/li>\n<\/ul>\n<p>Los datos se alojan dentro de la Uni\u00f3n Europea o en pa\u00edses que ofrecen un nivel de protecci\u00f3n adecuado seg\u00fan el RGPD.<\/p>\n<p>\u00a0<\/p>\n<hr data-start=\"3966\" data-end=\"3969\" \/>\n<h2 data-start=\"3971\" data-end=\"4011\">ART\u00cdCULO 7 \u2013 RESPONSABLE DEL TRATAMIENTO<\/h2>\n<p data-start=\"4013\" data-end=\"4059\">El responsable del tratamiento de los datos es:<\/p>\n<p data-start=\"4061\" data-end=\"4122\"><strong data-start=\"4061\" data-end=\"4081\">MSTKS HOLDING<\/strong><br data-start=\"4081\" data-end=\"4084\" \/>Operador de la marca <strong data-start=\"4108\" data-end=\"4122\">M-Stickers<\/strong><\/p>\n<p data-start=\"4124\" data-end=\"4165\">Contacto:<br data-start=\"4133\" data-end=\"4136\" \/><img decoding=\"async\" class=\"emoji\" role=\"img\" draggable=\"false\" src=\"https:\/\/s.w.org\/images\/core\/emoji\/17.0.2\/svg\/1f4e7.svg\" alt=\"\ud83d\udce7\" \/> <strong data-start=\"4139\" data-end=\"4165\"><a class=\"decorated-link cursor-pointer\" rel=\"noopener\" data-start=\"4141\" data-end=\"4163\">contact@m-stickers.com<\/a><\/strong><\/p>\n<p data-start=\"4167\" data-end=\"4273\">El responsable del tratamiento determina los fines y los medios del tratamiento de los datos personales.<\/p>\n<p data-start=\"4167\" data-end=\"4273\">\u00a0<\/p>\n<hr data-start=\"4275\" data-end=\"4278\" \/>\n<h2 data-start=\"4280\" data-end=\"4328\">ART\u00cdCULO 8 \u2013 DURACI\u00d3N DE LA CONSERVACI\u00d3N DE LOS DATOS<\/h2>\n<p data-start=\"4330\" data-end=\"4372\">Los datos personales se conservan:<\/p>\n<ul>\n<li data-start=\"4376\" data-end=\"4430\">durante el tiempo necesario para la ejecuci\u00f3n del contrato; ;<\/li>\n<li data-start=\"4433\" data-end=\"4531\">y luego archivadas por un per\u00edodo m\u00e1ximo de <strong data-start=\"4475\" data-end=\"4484\">5 a\u00f1os<\/strong> a efectos legales, contables o probatorios.<\/li>\n<\/ul>\n<p data-start=\"4533\" data-end=\"4585\">A partir de ese momento, los datos se suprimen o se anonimizan.<\/p>\n<p data-start=\"4533\" data-end=\"4585\">\u00a0<\/p>\n<hr data-start=\"4587\" data-end=\"4590\" \/>\n<h2 data-start=\"4592\" data-end=\"4630\">ART\u00cdCULO 9 \u2013 DERECHOS DE LOS USUARIOS<\/h2>\n<p data-start=\"4632\" data-end=\"4697\">De acuerdo con el RGPD, el usuario tiene los siguientes derechos:<\/p>\n<ul>\n<li data-start=\"4701\" data-end=\"4734\"><strong data-start=\"4701\" data-end=\"4718\">derecho de acceso<\/strong> a sus datos; ;<\/li>\n<li data-start=\"4737\" data-end=\"4765\"><strong data-start=\"4737\" data-end=\"4763\">derecho de rectificaci\u00f3n<\/strong> ;<\/li>\n<li data-start=\"4768\" data-end=\"4794\"><strong data-start=\"4768\" data-end=\"4792\">derecho de supresi\u00f3n<\/strong> ;<\/li>\n<li data-start=\"4797\" data-end=\"4838\"><strong data-start=\"4797\" data-end=\"4836\">derecho a la limitaci\u00f3n del tratamiento<\/strong> ;<\/li>\n<li data-start=\"4841\" data-end=\"4865\"><strong data-start=\"4841\" data-end=\"4863\">derecho de oposici\u00f3n<\/strong> ;<\/li>\n<li data-start=\"4868\" data-end=\"4908\"><strong data-start=\"4868\" data-end=\"4894\">derecho a la portabilidad<\/strong> datos; ;<\/li>\n<li data-start=\"4911\" data-end=\"4963\"><strong data-start=\"4911\" data-end=\"4948\">derecho a retirar el consentimiento<\/strong> en cualquier momento.<\/li>\n<\/ul>\n<p data-start=\"4965\" data-end=\"5052\">Para ejercer sus derechos, el usuario puede contactar con:<br data-start=\"5020\" data-end=\"5023\" \/><img decoding=\"async\" class=\"emoji\" role=\"img\" draggable=\"false\" src=\"https:\/\/s.w.org\/images\/core\/emoji\/17.0.2\/svg\/1f4e7.svg\" alt=\"\ud83d\udce7\" \/> <strong data-start=\"5026\" data-end=\"5052\"><a class=\"decorated-link cursor-pointer\" rel=\"noopener\" data-start=\"5028\" data-end=\"5050\">contact@m-stickers.com<\/a><\/strong><\/p>\n<p data-start=\"5054\" data-end=\"5118\">Una respuesta se dar\u00e1 en un plazo m\u00e1ximo de <strong data-start=\"5105\" data-end=\"5117\">30 d\u00edas<\/strong>.<\/p>\n<p data-start=\"5120\" data-end=\"5251\">El usuario tambi\u00e9n puede presentar una reclamaci\u00f3n ante la autoridad de control competente (CNIL o autoridad equivalente).<\/p>\n<p data-start=\"5120\" data-end=\"5251\">\u00a0<\/p>\n<hr data-start=\"5253\" data-end=\"5256\" \/>\n<h2 data-start=\"5258\" data-end=\"5293\">ART\u00cdCULO 10 \u2013 DATOS DE MENORES<\/h2>\n<p data-start=\"5295\" data-end=\"5439\">Le sitio web de M-Stickers no est\u00e1 destinado a personas menores de <strong data-start=\"5358\" data-end=\"5368\">15 a\u00f1os<\/strong>.<br data-start=\"5369\" data-end=\"5372\" \/>No se recopilan intencionadamente datos personales de menores.<\/p>\n<p data-start=\"5295\" data-end=\"5439\">\u00a0<\/p>\n<hr data-start=\"5441\" data-end=\"5444\" \/>\n<h2 data-start=\"5446\" data-end=\"5469\">ART\u00cdCULO 11 \u2013 COOKIES<\/h2>\n<p data-start=\"5471\" data-end=\"5508\">El sitio utiliza cookies para:<\/p>\n<ul>\n<li data-start=\"5512\" data-end=\"5551\">garantizar el buen funcionamiento del sitio; ;<\/li>\n<li data-start=\"5554\" data-end=\"5604\">medir la audiencia y mejorar el rendimiento; ;<\/li>\n<li data-start=\"5607\" data-end=\"5642\">mejorar la experiencia del usuario.<\/li>\n<\/ul>\n<p data-start=\"5644\" data-end=\"5751\">Las cookies no esenciales est\u00e1n sujetas a tu <strong data-start=\"5686\" data-end=\"5712\">consentimiento previo<\/strong> del usuario a trav\u00e9s de una banda dedicada.<\/p>\n<p data-start=\"5753\" data-end=\"5864\">El usuario puede modificar sus preferencias en cualquier momento a trav\u00e9s de su navegador o la herramienta de gesti\u00f3n de cookies.<\/p>\n<p data-start=\"5753\" data-end=\"5864\">\u00a0<\/p>\n<hr data-start=\"5866\" data-end=\"5869\" \/>\n<h2 data-start=\"5871\" data-end=\"5907\">ART\u00cdCULO 12 \u2013 SEGURIDAD DE LOS DATOS<\/h2>\n<p data-start=\"5909\" data-end=\"6115\">El sitio est\u00e1 asegurado mediante un certificado SSL.<br data-start=\"5952\" data-end=\"5955\" \/>Se implementan medidas t\u00e9cnicas y organizativas para proteger los datos contra cualquier p\u00e9rdida, alteraci\u00f3n, acceso no autorizado o divulgaci\u00f3n.<\/p>\n<p data-start=\"5909\" data-end=\"6115\">\u00a0<\/p>\n<hr data-start=\"6117\" data-end=\"6120\" \/>\n<h2 data-start=\"6122\" data-end=\"6166\">ART\u00cdCULO 13 \u2013 MODIFICACI\u00d3N DE LA POL\u00cdTICA<\/h2>\n<p data-start=\"6168\" data-end=\"6297\">La presente pol\u00edtica de privacidad puede ser modificada en cualquier momento con el fin de seguir cumpliendo con la normativa vigente.<\/p>\n<p data-start=\"6299\" data-end=\"6358\">Se recomienda a los usuarios que la consulten regularmente.<\/p>\n<p><\/p>\t\t\t\t\t\t\t\t<\/div>\n\t\t\t\t<\/div>\n\t\t\t\t\t<\/div>\n\t\t<\/div>\n\t\t\t\t\t<\/div>\n\t\t<\/section>\n\t\t\t\t<\/div>","protected":false},"excerpt":{"rendered":"<p>POLITIQUE DE CONFIDENTIALIT\u00c9 Site : M-Stickers \u2013 www.m-stickers.com ARTICLE 1 \u2013 PR\u00c9AMBULE La pr\u00e9sente politique de confidentialit\u00e9 s\u2019applique au site internet www.m-stickers.com, exploit\u00e9 sous la marque M-Stickers.La marque M-Stickers est une marque commerciale exploit\u00e9e par la soci\u00e9t\u00e9 MSTKS HOLDING, ci-apr\u00e8s d\u00e9nomm\u00e9e \u00ab l\u2019\u00c9diteur \u00bb. Cette politique a pour objectif d\u2019informer les utilisateurs du site sur [&hellip;]<\/p>\n","protected":false},"author":1,"featured_media":0,"parent":0,"menu_order":0,"comment_status":"closed","ping_status":"closed","template":"","meta":{"footnotes":""},"class_list":["post-3","page","type-page","status-publish","hentry","entry","owp-thumbs-layout-horizontal","owp-btn-big","owp-tabs-layout-horizontal","has-no-thumbnails"],"ase":null,"_links":{"self":[{"href":"https:\/\/www.m-stickers.com\/es\/wp-json\/wp\/v2\/pages\/3","targetHints":{"allow":["GET"]}}],"collection":[{"href":"https:\/\/www.m-stickers.com\/es\/wp-json\/wp\/v2\/pages"}],"about":[{"href":"https:\/\/www.m-stickers.com\/es\/wp-json\/wp\/v2\/types\/page"}],"author":[{"embeddable":true,"href":"https:\/\/www.m-stickers.com\/es\/wp-json\/wp\/v2\/users\/1"}],"replies":[{"embeddable":true,"href":"https:\/\/www.m-stickers.com\/es\/wp-json\/wp\/v2\/comments?post=3"}],"version-history":[{"count":6,"href":"https:\/\/www.m-stickers.com\/es\/wp-json\/wp\/v2\/pages\/3\/revisions"}],"predecessor-version":[{"id":63932,"href":"https:\/\/www.m-stickers.com\/es\/wp-json\/wp\/v2\/pages\/3\/revisions\/63932"}],"wp:attachment":[{"href":"https:\/\/www.m-stickers.com\/es\/wp-json\/wp\/v2\/media?parent=3"}],"curies":[{"name":"(No translation possible without context.  \"wp\" is ambiguous.)","href":"https:\/\/api.w.org\/{rel}","templated":true}]}}