{"id":41478,"date":"2023-01-06T14:57:35","date_gmt":"2023-01-06T13:57:35","guid":{"rendered":"https:\/\/www.m-stickers.com\/?page_id=41478"},"modified":"2023-01-06T19:16:34","modified_gmt":"2023-01-06T18:16:34","slug":"cubriendo-calcomanias-de-moto-m","status":"publish","type":"page","link":"https:\/\/www.m-stickers.com\/es\/covering-moto-m-stickers\/","title":{"rendered":"Cubiertas de pegatinas de moto M"},"content":{"rendered":"<div data-elementor-type=\"wp-page\" data-elementor-id=\"41478\" class=\"elementor elementor-41478\" data-elementor-post-type=\"page\">\n\t\t\t\t\t\t<section class=\"elementor-section elementor-top-section elementor-element elementor-element-0a1408b elementor-section-boxed elementor-section-height-default elementor-section-height-default\" data-id=\"0a1408b\" data-element_type=\"section\" data-e-type=\"section\">\n\t\t\t\t\t\t<div class=\"elementor-container elementor-column-gap-default\">\n\t\t\t\t\t<div class=\"elementor-column elementor-col-100 elementor-top-column elementor-element elementor-element-7ab759e\" data-id=\"7ab759e\" data-element_type=\"column\" data-e-type=\"column\">\n\t\t\t<div class=\"elementor-widget-wrap elementor-element-populated\">\n\t\t\t\t\t\t<div class=\"elementor-element elementor-element-1da88e9 elementor-widget elementor-widget-heading\" data-id=\"1da88e9\" data-element_type=\"widget\" data-e-type=\"widget\" data-widget_type=\"heading.default\">\n\t\t\t\t<div class=\"elementor-widget-container\">\n\t\t\t\t\t<h1 class=\"elementor-heading-title elementor-size-xxl\">Cubremoto<\/h1>\t\t\t\t<\/div>\n\t\t\t\t<\/div>\n\t\t\t\t<div class=\"elementor-element elementor-element-d94bdeb elementor-widget elementor-widget-heading\" data-id=\"d94bdeb\" data-element_type=\"widget\" data-e-type=\"widget\" data-widget_type=\"heading.default\">\n\t\t\t\t<div class=\"elementor-widget-container\">\n\t\t\t\t\t<h2 class=\"elementor-heading-title elementor-size-large\">100\u00a0% Personalizable<\/h2>\t\t\t\t<\/div>\n\t\t\t\t<\/div>\n\t\t\t\t<div class=\"elementor-element elementor-element-ca69e9b elementor-widget elementor-widget-image\" data-id=\"ca69e9b\" data-element_type=\"widget\" data-e-type=\"widget\" data-widget_type=\"image.default\">\n\t\t\t\t<div class=\"elementor-widget-container\">\n\t\t\t\t\t\t\t\t\t\t\t\t\t\t\t<img fetchpriority=\"high\" decoding=\"async\" width=\"819\" height=\"1024\" src=\"https:\/\/www.m-stickers.com\/wp-content\/uploads\/2023\/01\/pexels-photo-10649676-819x1024.jpeg\" class=\"attachment-large size-large wp-image-41483\" alt=\"\" srcset=\"https:\/\/www.m-stickers.com\/wp-content\/uploads\/2023\/01\/pexels-photo-10649676-819x1024.jpeg 819w, https:\/\/www.m-stickers.com\/wp-content\/uploads\/2023\/01\/pexels-photo-10649676-240x300.jpeg 240w, https:\/\/www.m-stickers.com\/wp-content\/uploads\/2023\/01\/pexels-photo-10649676-768x960.jpeg 768w, https:\/\/www.m-stickers.com\/wp-content\/uploads\/2023\/01\/pexels-photo-10649676-scaled-600x750.jpeg 600w, https:\/\/www.m-stickers.com\/wp-content\/uploads\/2023\/01\/pexels-photo-10649676-1229x1536.jpeg 1229w, https:\/\/www.m-stickers.com\/wp-content\/uploads\/2023\/01\/pexels-photo-10649676-scaled.jpeg 1500w\" sizes=\"(max-width: 819px) 100vw, 819px\" \/>\t\t\t\t\t\t\t\t\t\t\t\t\t\t\t<\/div>\n\t\t\t\t<\/div>\n\t\t\t\t\t<\/div>\n\t\t<\/div>\n\t\t\t\t\t<\/div>\n\t\t<\/section>\n\t\t\t\t<section class=\"elementor-section elementor-top-section elementor-element elementor-element-10d8246 elementor-section-boxed elementor-section-height-default elementor-section-height-default\" data-id=\"10d8246\" data-element_type=\"section\" data-e-type=\"section\">\n\t\t\t\t\t\t<div class=\"elementor-container elementor-column-gap-default\">\n\t\t\t\t\t<div class=\"elementor-column elementor-col-50 elementor-top-column elementor-element elementor-element-63d29a9\" data-id=\"63d29a9\" data-element_type=\"column\" data-e-type=\"column\">\n\t\t\t<div class=\"elementor-widget-wrap elementor-element-populated\">\n\t\t\t\t\t\t<div class=\"elementor-element elementor-element-272284d elementor-widget elementor-widget-text-editor\" data-id=\"272284d\" data-element_type=\"widget\" data-e-type=\"widget\" data-widget_type=\"text-editor.default\">\n\t\t\t\t<div class=\"elementor-widget-container\">\n\t\t\t\t\t\t\t\t\t<p>El recubrimiento para motos es una t\u00e9cnica de revestimiento superficial que no requiere lijado ni tiempo de secado en su aplicaci\u00f3n, a diferencia de la pintura. Esta soluci\u00f3n es pr\u00e1ctica, econ\u00f3mica y garantiza un acabado impecable en las motos. Puede utilizarse en todo tipo de motos, roadster, deportivas, trail, motocross. Al aplicar esta \u00absegunda piel\u00bb a las partes repintadas, proteger\u00e1 su motocicleta de forma \u00f3ptima y \u00fanica.<\/p>\t\t\t\t\t\t\t\t<\/div>\n\t\t\t\t<\/div>\n\t\t\t\t\t<\/div>\n\t\t<\/div>\n\t\t\t\t<div class=\"elementor-column elementor-col-50 elementor-top-column elementor-element elementor-element-77e832b\" data-id=\"77e832b\" data-element_type=\"column\" data-e-type=\"column\">\n\t\t\t<div class=\"elementor-widget-wrap elementor-element-populated\">\n\t\t\t\t\t\t<div class=\"elementor-element elementor-element-ba6e0e3 elementor-button-danger elementor-align-center elementor-widget elementor-widget-button\" data-id=\"ba6e0e3\" data-element_type=\"widget\" data-e-type=\"widget\" data-widget_type=\"button.default\">\n\t\t\t\t<div class=\"elementor-widget-container\">\n\t\t\t\t\t\t\t\t\t<div class=\"elementor-button-wrapper\">\n\t\t\t\t\t<a class=\"elementor-button elementor-button-link elementor-size-lg\" href=\"https:\/\/www.m-stickers.com\/es\/contacto\/\">\n\t\t\t\t\t\t<span class=\"elementor-button-content-wrapper\">\n\t\t\t\t\t\t\t\t\t<span class=\"elementor-button-text\">Cont\u00e1ctanos<\/span>\n\t\t\t\t\t<\/span>\n\t\t\t\t\t<\/a>\n\t\t\t\t<\/div>\n\t\t\t\t\t\t\t\t<\/div>\n\t\t\t\t<\/div>\n\t\t\t\t\t<\/div>\n\t\t<\/div>\n\t\t\t\t\t<\/div>\n\t\t<\/section>\n\t\t\t\t<section class=\"elementor-section elementor-top-section elementor-element elementor-element-dc853a7 elementor-section-boxed elementor-section-height-default elementor-section-height-default\" data-id=\"dc853a7\" data-element_type=\"section\" data-e-type=\"section\" data-settings=\"{&quot;background_background&quot;:&quot;classic&quot;}\">\n\t\t\t\t\t\t<div class=\"elementor-container elementor-column-gap-default\">\n\t\t\t\t\t<div class=\"elementor-column elementor-col-100 elementor-top-column elementor-element elementor-element-5f2570c\" data-id=\"5f2570c\" data-element_type=\"column\" data-e-type=\"column\">\n\t\t\t<div class=\"elementor-widget-wrap elementor-element-populated\">\n\t\t\t\t\t\t<div class=\"elementor-element elementor-element-e36816c elementor-widget elementor-widget-heading\" data-id=\"e36816c\" data-element_type=\"widget\" data-e-type=\"widget\" data-widget_type=\"heading.default\">\n\t\t\t\t<div class=\"elementor-widget-container\">\n\t\t\t\t\t<h2 class=\"elementor-heading-title elementor-size-xl\">Cubriendo moto: creaciones sin l\u00edmites<\/h2>\t\t\t\t<\/div>\n\t\t\t\t<\/div>\n\t\t\t\t<div class=\"elementor-element elementor-element-f7519a6 elementor-widget-divider--view-line elementor-widget elementor-widget-divider\" data-id=\"f7519a6\" data-element_type=\"widget\" data-e-type=\"widget\" data-widget_type=\"divider.default\">\n\t\t\t\t<div class=\"elementor-widget-container\">\n\t\t\t\t\t\t\t<div class=\"elementor-divider\">\n\t\t\t<span class=\"elementor-divider-separator\">\n\t\t\t\t\t\t<\/span>\n\t\t<\/div>\n\t\t\t\t\t\t<\/div>\n\t\t\t\t<\/div>\n\t\t\t\t<div class=\"elementor-element elementor-element-978b3a2 elementor-widget elementor-widget-text-editor\" data-id=\"978b3a2\" data-element_type=\"widget\" data-e-type=\"widget\" data-widget_type=\"text-editor.default\">\n\t\t\t\t<div class=\"elementor-widget-container\">\n\t\t\t\t\t\t\t\t\t<p><span style=\"color: #ff0000;\"><span style=\"color: #ffffff;\">Chez<\/span><strong> M-Stickers<\/strong><\/span> Le ofrecemos un servicio de creaci\u00f3n y colocaci\u00f3n de covering para motos, por supuesto. <strong>100% personalizable<\/strong> \u00a1 \u00bfQuieres cambiar el color y el estilo de tu moto r\u00e1pida y econ\u00f3micamente? <strong>As\u00ed que no lo dudes m\u00e1s y conf\u00edanos tu proyecto.<\/strong>\u00a0 Una personalizaci\u00f3n sin l\u00edmites gracias a cientos de colores, elecci\u00f3n de materiales, de texturas como:\u00a0<\/p><ul><li><strong>Color s\u00f3lido<\/strong> En mate, brillante, satinado, metalizado, etc.<\/li><li><strong>Efecto carbono<\/strong>\u00a1En relieve!<\/li><li><strong>Cubiertas Imprimibles<\/strong> para un aspecto \u00fanico. Con infinitas posibilidades de creaci\u00f3n, imagen, patr\u00f3n, ilustraci\u00f3n. Deja que tu imaginaci\u00f3n hable.<\/li><li><strong>Camuflaje<\/strong> Para un resultado discreto<\/li><li><strong>Hologr\u00e1fico<\/strong> Para un resultado \u00fanico<\/li><\/ul><p style=\"text-align: center;\">Las posibilidades son todav\u00eda numerosas. <a href=\"https:\/\/www.m-stickers.com\/es\/2023\/01\/06\/el-recubrimiento-de-moto-una-personalizacion-economica\/\"><strong>\u00a1Desc\u00fabrelo aqu\u00ed!<\/strong><\/a><\/p>\t\t\t\t\t\t\t\t<\/div>\n\t\t\t\t<\/div>\n\t\t\t\t\t<\/div>\n\t\t<\/div>\n\t\t\t\t\t<\/div>\n\t\t<\/section>\n\t\t\t\t<section class=\"elementor-section elementor-top-section elementor-element elementor-element-63e121e elementor-section-boxed elementor-section-height-default elementor-section-height-default\" data-id=\"63e121e\" data-element_type=\"section\" data-e-type=\"section\">\n\t\t\t\t\t\t<div class=\"elementor-container elementor-column-gap-default\">\n\t\t\t\t\t<div class=\"elementor-column elementor-col-100 elementor-top-column elementor-element elementor-element-ef7d42e\" data-id=\"ef7d42e\" data-element_type=\"column\" data-e-type=\"column\">\n\t\t\t<div class=\"elementor-widget-wrap elementor-element-populated\">\n\t\t\t\t\t\t<div class=\"elementor-element elementor-element-2920a74 elementor-widget elementor-widget-heading\" data-id=\"2920a74\" data-element_type=\"widget\" data-e-type=\"widget\" data-widget_type=\"heading.default\">\n\t\t\t\t<div class=\"elementor-widget-container\">\n\t\t\t\t\t<h3 class=\"elementor-heading-title elementor-size-xxl\">Personaliza tu moto<\/h3>\t\t\t\t<\/div>\n\t\t\t\t<\/div>\n\t\t\t\t<div class=\"elementor-element elementor-element-e307ce4 elementor-widget elementor-widget-heading\" data-id=\"e307ce4\" data-element_type=\"widget\" data-e-type=\"widget\" data-widget_type=\"heading.default\">\n\t\t\t\t<div class=\"elementor-widget-container\">\n\t\t\t\t\t<h3 class=\"elementor-heading-title elementor-size-large\">Con un recubrimiento <\/h3>\t\t\t\t<\/div>\n\t\t\t\t<\/div>\n\t\t\t\t<div class=\"elementor-element elementor-element-1744f5b elementor-widget elementor-widget-image\" data-id=\"1744f5b\" data-element_type=\"widget\" data-e-type=\"widget\" data-widget_type=\"image.default\">\n\t\t\t\t<div class=\"elementor-widget-container\">\n\t\t\t\t\t\t\t\t\t\t\t\t\t\t\t<img decoding=\"async\" width=\"1024\" height=\"683\" src=\"https:\/\/www.m-stickers.com\/wp-content\/uploads\/2023\/01\/pexels-photo-9166718-1024x683.jpeg\" class=\"attachment-large size-large wp-image-41486\" alt=\"\" srcset=\"https:\/\/www.m-stickers.com\/wp-content\/uploads\/2023\/01\/pexels-photo-9166718-1024x683.jpeg 1024w, https:\/\/www.m-stickers.com\/wp-content\/uploads\/2023\/01\/pexels-photo-9166718-600x400.jpeg 600w, https:\/\/www.m-stickers.com\/wp-content\/uploads\/2023\/01\/pexels-photo-9166718-300x200.jpeg 300w, https:\/\/www.m-stickers.com\/wp-content\/uploads\/2023\/01\/pexels-photo-9166718-768x512.jpeg 768w, https:\/\/www.m-stickers.com\/wp-content\/uploads\/2023\/01\/pexels-photo-9166718.jpeg 1124w\" sizes=\"(max-width: 1024px) 100vw, 1024px\" \/>\t\t\t\t\t\t\t\t\t\t\t\t\t\t\t<\/div>\n\t\t\t\t<\/div>\n\t\t\t\t<div class=\"elementor-element elementor-element-afab710 elementor-button-danger elementor-align-center elementor-widget elementor-widget-button\" data-id=\"afab710\" data-element_type=\"widget\" data-e-type=\"widget\" data-widget_type=\"button.default\">\n\t\t\t\t<div class=\"elementor-widget-container\">\n\t\t\t\t\t\t\t\t\t<div class=\"elementor-button-wrapper\">\n\t\t\t\t\t<a class=\"elementor-button elementor-button-link elementor-size-lg\" href=\"https:\/\/www.m-stickers.com\/es\/contacto\/\">\n\t\t\t\t\t\t<span class=\"elementor-button-content-wrapper\">\n\t\t\t\t\t\t\t\t\t<span class=\"elementor-button-text\">Solicita un presupuesto<\/span>\n\t\t\t\t\t<\/span>\n\t\t\t\t\t<\/a>\n\t\t\t\t<\/div>\n\t\t\t\t\t\t\t\t<\/div>\n\t\t\t\t<\/div>\n\t\t\t\t\t<\/div>\n\t\t<\/div>\n\t\t\t\t\t<\/div>\n\t\t<\/section>\n\t\t\t\t<section class=\"elementor-section elementor-top-section elementor-element elementor-element-c90e697 elementor-section-boxed elementor-section-height-default elementor-section-height-default\" data-id=\"c90e697\" data-element_type=\"section\" data-e-type=\"section\">\n\t\t\t\t\t\t<div class=\"elementor-container elementor-column-gap-default\">\n\t\t\t\t\t<div class=\"elementor-column elementor-col-100 elementor-top-column elementor-element elementor-element-19469c6\" data-id=\"19469c6\" data-element_type=\"column\" data-e-type=\"column\">\n\t\t\t<div class=\"elementor-widget-wrap elementor-element-populated\">\n\t\t\t\t\t\t<div class=\"elementor-element elementor-element-bd01d5e elementor-widget elementor-widget-heading\" data-id=\"bd01d5e\" data-element_type=\"widget\" data-e-type=\"widget\" data-widget_type=\"heading.default\">\n\t\t\t\t<div class=\"elementor-widget-container\">\n\t\t\t\t\t<h2 class=\"elementor-heading-title elementor-size-xl\">Una aplicaci\u00f3n de revestimiento profesional<\/h2>\t\t\t\t<\/div>\n\t\t\t\t<\/div>\n\t\t\t\t<div class=\"elementor-element elementor-element-333c663 elementor-widget elementor-widget-text-editor\" data-id=\"333c663\" data-element_type=\"widget\" data-e-type=\"widget\" data-widget_type=\"text-editor.default\">\n\t\t\t\t<div class=\"elementor-widget-container\">\n\t\t\t\t\t\t\t\t\t<p>\u00a1Conf\u00edenos la creaci\u00f3n e instalaci\u00f3n del *covering* de su moto! Ya tenga una idea precisa o simplemente desee un *covering*, le acompa\u00f1aremos en la realizaci\u00f3n de su proyecto con nuestro equipo de dise\u00f1adores gr\u00e1ficos e instaladores profesionales.\u00a0<\/p><p>Cu\u00e9ntenos sobre su proyecto y juntos veremos c\u00f3mo llevarlo a cabo de acuerdo con sus expectativas y presupuesto. Desde la colocaci\u00f3n de un revestimiento de un solo color hasta la creaci\u00f3n e impresi\u00f3n de un dise\u00f1o complejo y \u00fanico. Un equipo de profesionales estar\u00e1 ah\u00ed para asesorarle.<\/p>\t\t\t\t\t\t\t\t<\/div>\n\t\t\t\t<\/div>\n\t\t\t\t<div class=\"elementor-element elementor-element-10a3b50 elementor-widget-divider--view-line elementor-widget elementor-widget-divider\" data-id=\"10a3b50\" data-element_type=\"widget\" data-e-type=\"widget\" data-widget_type=\"divider.default\">\n\t\t\t\t<div class=\"elementor-widget-container\">\n\t\t\t\t\t\t\t<div class=\"elementor-divider\">\n\t\t\t<span class=\"elementor-divider-separator\">\n\t\t\t\t\t\t<\/span>\n\t\t<\/div>\n\t\t\t\t\t\t<\/div>\n\t\t\t\t<\/div>\n\t\t\t\t<div class=\"elementor-element elementor-element-dd28038 elementor-widget elementor-widget-heading\" data-id=\"dd28038\" data-element_type=\"widget\" data-e-type=\"widget\" data-widget_type=\"heading.default\">\n\t\t\t\t<div class=\"elementor-widget-container\">\n\t\t\t\t\t<h2 class=\"elementor-heading-title elementor-size-large\">La ventaja de un covering para moto<\/h2>\t\t\t\t<\/div>\n\t\t\t\t<\/div>\n\t\t\t\t<div class=\"elementor-element elementor-element-023f91c elementor-widget elementor-widget-text-editor\" data-id=\"023f91c\" data-element_type=\"widget\" data-e-type=\"widget\" data-widget_type=\"text-editor.default\">\n\t\t\t\t<div class=\"elementor-widget-container\">\n\t\t\t\t\t\t\t\t\t<p><strong>El recubrimiento de moto<\/strong> Tiene muchas ventajas en comparaci\u00f3n con una pintura completa o un kit de decoraci\u00f3n tradicional.<\/p><ul><li>Primero, es <strong>m\u00e1s barato<\/strong>, sobre todo si deseas cambiar frecuentemente el color de tu motocicleta. En efecto, la aplicaci\u00f3n de un recubrimiento en tu motocicleta es muy f\u00e1cil de quitar y reemplazar.<\/li><li>Adem\u00e1s, el revestimiento es una soluci\u00f3n eficaz para <strong>proteger la pintura<\/strong> De origen del veh\u00edculo. La preserva de posibles rayaduras y variaciones de color causadas por el sol y las inclemencias del tiempo.<\/li><li><strong>La personnalisation<\/strong> de su motocicleta es tambi\u00e9n un punto fuerte notable. Gracias al covering, es posible crear cualquier dise\u00f1o, forma, color y degradado. Ya sea su idea o una creaci\u00f3n \u00fanica de nuestros dise\u00f1adores gr\u00e1ficos.\u00a0<\/li><li><strong>Un d\u00eda<\/strong>Ese es el tiempo que nuestro equipo necesita para aplicar un revestimiento completo a tu motocicleta. Puede variar seg\u00fan el modelo y la complejidad del carenado.<\/li><\/ul>\t\t\t\t\t\t\t\t<\/div>\n\t\t\t\t<\/div>\n\t\t\t\t<div class=\"elementor-element elementor-element-53e115c elementor-widget elementor-widget-heading\" data-id=\"53e115c\" data-element_type=\"widget\" data-e-type=\"widget\" data-widget_type=\"heading.default\">\n\t\t\t\t<div class=\"elementor-widget-container\">\n\t\t\t\t\t<h2 class=\"elementor-heading-title elementor-size-default\">Cubriendo moto en Lyon<\/h2>\t\t\t\t<\/div>\n\t\t\t\t<\/div>\n\t\t\t\t<div class=\"elementor-element elementor-element-0466f5c elementor-widget elementor-widget-text-editor\" data-id=\"0466f5c\" data-element_type=\"widget\" data-e-type=\"widget\" data-widget_type=\"text-editor.default\">\n\t\t\t\t<div class=\"elementor-widget-container\">\n\t\t\t\t\t\t\t\t\t<p>Nuestro taller M-Stickers se encuentra en Lyon, es posible venir presencialmente con cita previa para la instalaci\u00f3n. Su moto no permanecer\u00e1 m\u00e1s de un d\u00eda. Nuestro equipo de instaladores tambi\u00e9n puede desplazarse seg\u00fan el caso.<\/p>\t\t\t\t\t\t\t\t<\/div>\n\t\t\t\t<\/div>\n\t\t\t\t<div class=\"elementor-element elementor-element-63acacc elementor-button-danger elementor-align-center elementor-widget elementor-widget-button\" data-id=\"63acacc\" data-element_type=\"widget\" data-e-type=\"widget\" data-widget_type=\"button.default\">\n\t\t\t\t<div class=\"elementor-widget-container\">\n\t\t\t\t\t\t\t\t\t<div class=\"elementor-button-wrapper\">\n\t\t\t\t\t<a class=\"elementor-button elementor-button-link elementor-size-md\" href=\"https:\/\/www.m-stickers.com\/es\/contacto\/\">\n\t\t\t\t\t\t<span class=\"elementor-button-content-wrapper\">\n\t\t\t\t\t\t\t\t\t<span class=\"elementor-button-text\">Cont\u00e1ctanos<\/span>\n\t\t\t\t\t<\/span>\n\t\t\t\t\t<\/a>\n\t\t\t\t<\/div>\n\t\t\t\t\t\t\t\t<\/div>\n\t\t\t\t<\/div>\n\t\t\t\t<div class=\"elementor-element elementor-element-85982f6 elementor-widget-divider--view-line elementor-widget elementor-widget-divider\" data-id=\"85982f6\" data-element_type=\"widget\" data-e-type=\"widget\" data-widget_type=\"divider.default\">\n\t\t\t\t<div class=\"elementor-widget-container\">\n\t\t\t\t\t\t\t<div class=\"elementor-divider\">\n\t\t\t<span class=\"elementor-divider-separator\">\n\t\t\t\t\t\t<\/span>\n\t\t<\/div>\n\t\t\t\t\t\t<\/div>\n\t\t\t\t<\/div>\n\t\t\t\t<div class=\"elementor-element elementor-element-5a99296 elementor-widget elementor-widget-heading\" data-id=\"5a99296\" data-element_type=\"widget\" data-e-type=\"widget\" data-widget_type=\"heading.default\">\n\t\t\t\t<div class=\"elementor-widget-container\">\n\t\t\t\t\t<h3 class=\"elementor-heading-title elementor-size-large\">Nuestros otros productos - pegatinas para motos<\/h3>\t\t\t\t<\/div>\n\t\t\t\t<\/div>\n\t\t\t\t<div class=\"elementor-element elementor-element-67b145d elementor-grid-3 elementor-grid-tablet-3 elementor-grid-mobile-2 elementor-products-grid elementor-wc-products elementor-widget elementor-widget-wc-categories\" data-id=\"67b145d\" data-element_type=\"widget\" data-e-type=\"widget\" data-widget_type=\"wc-categories.default\">\n\t\t\t\t<div class=\"elementor-widget-container\">\n\t\t\t\t\t<div class=\"woocommerce columns-3\">\r\n<ul class=\"products elementor-grid oceanwp-row clr grid tablet-col tablet-2-col mobile-col mobile-1-col infinite-scroll-wrap\">\r\n<li class=\"product-category product first col span_1_of_3\">\n\t<a aria-label=\"Visitar la categor\u00eda de producto Stickers Jante\" href=\"https:\/\/www.m-stickers.com\/es\/categorie-produit\/kits-stickers-jantes-moto-complet\/\" data-no-translation-aria-label=\"\"><div class=\"product-inner clr\"><div class=\"woo-entry-image clr\"><a href=\"https:\/\/www.m-stickers.com\/es\/categorie-produit\/kits-stickers-jantes-moto-complet\/\"><img decoding=\"async\" src=\"https:\/\/www.m-stickers.com\/wp-content\/uploads\/2021\/01\/liniature-Kit-deco-300x300.png\" alt=\"Adhesivos para ruedas\" width=\"300\" height=\"300\" srcset=\"https:\/\/www.m-stickers.com\/wp-content\/uploads\/2021\/01\/liniature-Kit-deco-300x300.png 300w, https:\/\/www.m-stickers.com\/wp-content\/uploads\/2021\/01\/liniature-Kit-deco-100x100.png 100w, https:\/\/www.m-stickers.com\/wp-content\/uploads\/2021\/01\/liniature-Kit-deco-150x150.png 150w\" sizes=\"(max-width: 300px) 100vw, 300px\" \/><\/a><\/div><div class=\"woo-entry-inner clr\"><a href=\"https:\/\/www.m-stickers.com\/es\/categorie-produit\/kits-stickers-jantes-moto-complet\/\">\t\t<h2 class=\"woocommerce-loop-category__title\">\n\t\t\tAdhesivos para ruedas <mark class=\"count\">(223)<\/mark>\t\t<\/h2>\n\t\t<\/a><div class=\"woo-desc\"><div class=\"description\">D\u00e9couvrez nos kits stickers jante Con\u00e7us en France, nos kits d\u00e9co jante moto, stickers et liserets de jante\u00a0sont uniques.&hellip;<\/div><\/div><\/div><\/div><\/a><\/li>\n<li class=\"product-category product col span_1_of_3\">\n\t<a aria-label=\"Visitar la categor\u00eda de producto Kit D\u00e9co\" href=\"https:\/\/www.m-stickers.com\/es\/categorie-produit\/kit-deco\/\" data-no-translation-aria-label=\"\"><div class=\"product-inner clr\"><div class=\"woo-entry-image clr\"><a href=\"https:\/\/www.m-stickers.com\/es\/categorie-produit\/kit-deco\/\"><img loading=\"lazy\" decoding=\"async\" src=\"https:\/\/www.m-stickers.com\/wp-content\/uploads\/2021\/11\/kit-deco-1-300x300.png\" alt=\"Kit de calcoman\u00edas\" width=\"300\" height=\"300\" srcset=\"https:\/\/www.m-stickers.com\/wp-content\/uploads\/2021\/11\/kit-deco-1-300x300.png 300w, https:\/\/www.m-stickers.com\/wp-content\/uploads\/2021\/11\/kit-deco-1-100x100.png 100w, https:\/\/www.m-stickers.com\/wp-content\/uploads\/2021\/11\/kit-deco-1-150x150.png 150w\" sizes=\"(max-width: 300px) 100vw, 300px\" \/><\/a><\/div><div class=\"woo-entry-inner clr\"><a href=\"https:\/\/www.m-stickers.com\/es\/categorie-produit\/kit-deco\/\">\t\t<h2 class=\"woocommerce-loop-category__title\">\n\t\t\tKit de calcoman\u00edas <mark class=\"count\">(29)<\/mark>\t\t<\/h2>\n\t\t<\/a><div class=\"woo-desc\"><div class=\"description\">M-Stickers cr\u00e9e et pose des covering uniques pour votre moto. Rendez-vous ici pour en savoir plus ! D\u00e9couvrez nos&hellip;<\/div><\/div><\/div><\/div><\/a><\/li>\n<li class=\"product-category product last col span_1_of_3\">\n\t<a aria-label=\"Visitar la categor\u00eda de producto Stickers casque\" href=\"https:\/\/www.m-stickers.com\/es\/categorie-produit\/destockage\/stickers-casque\/\" data-no-translation-aria-label=\"\"><div class=\"product-inner clr\"><div class=\"woo-entry-image clr\"><a href=\"https:\/\/www.m-stickers.com\/es\/categorie-produit\/destockage\/stickers-casque\/\"><img loading=\"lazy\" decoding=\"async\" src=\"https:\/\/www.m-stickers.com\/wp-content\/uploads\/2022\/07\/miniature-casque-300x300.webp\" alt=\"Calcoman\u00edas para casco\" width=\"300\" height=\"300\" srcset=\"https:\/\/www.m-stickers.com\/wp-content\/uploads\/2022\/07\/miniature-casque-300x300.png 300w, https:\/\/www.m-stickers.com\/wp-content\/uploads\/2022\/07\/miniature-casque-100x100.png 100w, https:\/\/www.m-stickers.com\/wp-content\/uploads\/2022\/07\/miniature-casque-150x150.webp 150w\" sizes=\"(max-width: 300px) 100vw, 300px\" \/><\/a><\/div><div class=\"woo-entry-inner clr\"><a href=\"https:\/\/www.m-stickers.com\/es\/categorie-produit\/destockage\/stickers-casque\/\">\t\t<h2 class=\"woocommerce-loop-category__title\">\n\t\t\tCalcoman\u00edas para casco <mark class=\"count\">(2)<\/mark>\t\t<\/h2>\n\t\t<\/a><div class=\"woo-desc\"><div class=\"description\">Liquidaci\u00f3n y promociones en nuestros productos y pegatinas para casco de moto. Hasta -50%.<\/div><\/div><\/div><\/div><\/a><\/li>\n<\/ul>\n<\/div>\t\t\t\t<\/div>\n\t\t\t\t<\/div>\n\t\t\t\t\t<\/div>\n\t\t<\/div>\n\t\t\t\t\t<\/div>\n\t\t<\/section>\n\t\t\t\t<\/div>","protected":false},"excerpt":{"rendered":"<p>Covering moto 100\u2009% Personnalisable Le covering moto est une technique de rev\u00eatement de surface qui ne n\u00e9cessite ni pon\u00e7age ni temps de s\u00e9chage lors de son application, contrairement \u00e0 la peinture. Cette solution est pratique, \u00e9conomique et garantit un rendu impeccable sur les motos. Elle peut \u00eatre utilis\u00e9e sur tous types de moto, roadster, sportive, [&hellip;]<\/p>\n","protected":false},"author":1,"featured_media":0,"parent":0,"menu_order":0,"comment_status":"closed","ping_status":"closed","template":"","meta":{"footnotes":""},"class_list":["post-41478","page","type-page","status-publish","hentry","entry","owp-thumbs-layout-horizontal","owp-btn-big","owp-tabs-layout-horizontal","has-no-thumbnails"],"ase":null,"_links":{"self":[{"href":"https:\/\/www.m-stickers.com\/es\/wp-json\/wp\/v2\/pages\/41478","targetHints":{"allow":["GET"]}}],"collection":[{"href":"https:\/\/www.m-stickers.com\/es\/wp-json\/wp\/v2\/pages"}],"about":[{"href":"https:\/\/www.m-stickers.com\/es\/wp-json\/wp\/v2\/types\/page"}],"author":[{"embeddable":true,"href":"https:\/\/www.m-stickers.com\/es\/wp-json\/wp\/v2\/users\/1"}],"replies":[{"embeddable":true,"href":"https:\/\/www.m-stickers.com\/es\/wp-json\/wp\/v2\/comments?post=41478"}],"version-history":[{"count":0,"href":"https:\/\/www.m-stickers.com\/es\/wp-json\/wp\/v2\/pages\/41478\/revisions"}],"wp:attachment":[{"href":"https:\/\/www.m-stickers.com\/es\/wp-json\/wp\/v2\/media?parent=41478"}],"curies":[{"name":"(No translation possible without context.  \"wp\" is ambiguous.)","href":"https:\/\/api.w.org\/{rel}","templated":true}]}}