{"id":4264,"date":"2020-11-12T14:52:26","date_gmt":"2020-11-12T13:52:26","guid":{"rendered":"https:\/\/www.m-stickers.com\/?page_id=4264"},"modified":"2021-11-25T20:53:41","modified_gmt":"2021-11-25T19:53:41","slug":"boutique","status":"publish","type":"page","link":"https:\/\/www.m-stickers.com\/es\/boutique\/","title":{"rendered":"Tienda"},"content":{"rendered":"<p>Encuentra todos nuestros stickers de llantas \u00fanicos y 100% personalizables. Dise\u00f1ados en Francia, nuestros <strong>Kits de decoraci\u00f3n<\/strong>\u00a0and\u00a0<strong>Calcoman\u00edas para llantas de motos<\/strong>\u00a0 sont uniques et\u00a0<strong>100% personalizables<\/strong>. Notre gamme de<strong>\u00a0Calcoman\u00edas de llantas<\/strong>\u00a0<strong>motos<\/strong>\u00a0sont fabriqu\u00e9s \u00e0 partir des meilleurs vinyles dans le but de vous offrir le meilleur adh\u00e9sif possible pour une tenue longue dur\u00e9e. Notre collection de\u00a0<strong>Pegatinas de moto<\/strong>\u00a0est d\u00e9clin\u00e9e afin de correspondre parfaitement \u00e0 tout type d\u2019usage : sportif, urbain, quotidien.\u00a0<strong>El kit de decoraci\u00f3n<\/strong>\u00a0est l\u2019habillage final de votre moto qui la rendra \u00e0 la fois personnelle, mais aussi unique ! Vous trouverez ici un large choix de mod\u00e8les de\u00a0<strong>kits d\u00e9co moto<\/strong>\u00a0and<strong>\u00a0Bordillos de llanta<\/strong>\u00a0pour un large choix de gamme de moto. Si votre mod\u00e8le de moto n\u2019est pas pr\u00e9sent ou que vous souhaitez r\u00e9aliser un\u00a0<strong>Kit de decoraci\u00f3n de motocicleta<\/strong> sur mesure : n\u2019h\u00e9sitez pas \u00e0 nous contacter !<\/p>","protected":false},"excerpt":{"rendered":"<p>Retrouvez tous nos stickers de jantes uniques et 100% personnalisables. Con\u00e7us en France, nos kits d\u00e9co\u00a0et\u00a0stickers de jantes motos\u00a0 sont uniques et\u00a0100% personnalisables. Notre gamme de\u00a0stickers de jantes\u00a0motos\u00a0sont fabriqu\u00e9s \u00e0 partir des meilleurs vinyles dans le but de vous offrir le meilleur adh\u00e9sif possible pour une tenue longue dur\u00e9e. Notre collection de\u00a0stickers moto\u00a0est d\u00e9clin\u00e9e afin [&hellip;]<\/p>\n","protected":false},"author":1,"featured_media":0,"parent":0,"menu_order":0,"comment_status":"closed","ping_status":"closed","template":"elementor_canvas","meta":{"footnotes":""},"class_list":["post-4264","page","type-page","status-publish","hentry","entry","owp-thumbs-layout-horizontal","owp-btn-big","owp-tabs-layout-horizontal","has-no-thumbnails"],"ase":null,"_links":{"self":[{"href":"https:\/\/www.m-stickers.com\/es\/wp-json\/wp\/v2\/pages\/4264","targetHints":{"allow":["GET"]}}],"collection":[{"href":"https:\/\/www.m-stickers.com\/es\/wp-json\/wp\/v2\/pages"}],"about":[{"href":"https:\/\/www.m-stickers.com\/es\/wp-json\/wp\/v2\/types\/page"}],"author":[{"embeddable":true,"href":"https:\/\/www.m-stickers.com\/es\/wp-json\/wp\/v2\/users\/1"}],"replies":[{"embeddable":true,"href":"https:\/\/www.m-stickers.com\/es\/wp-json\/wp\/v2\/comments?post=4264"}],"version-history":[{"count":0,"href":"https:\/\/www.m-stickers.com\/es\/wp-json\/wp\/v2\/pages\/4264\/revisions"}],"wp:attachment":[{"href":"https:\/\/www.m-stickers.com\/es\/wp-json\/wp\/v2\/media?parent=4264"}],"curies":[{"name":"(No translation possible without context.  \"wp\" is ambiguous.)","href":"https:\/\/api.w.org\/{rel}","templated":true}]}}