{"id":4390,"date":"2020-11-18T23:42:20","date_gmt":"2020-11-18T22:42:20","guid":{"rendered":"https:\/\/www.m-stickers.com\/?page_id=4390"},"modified":"2026-01-14T20:12:11","modified_gmt":"2026-01-14T19:12:11","slug":"condiciones-generales-de-venta","status":"publish","type":"page","link":"https:\/\/www.m-stickers.com\/es\/conditions-generales-de-vente\/","title":{"rendered":"Condiciones generales de venta"},"content":{"rendered":"<div data-elementor-type=\"wp-page\" data-elementor-id=\"4390\" class=\"elementor elementor-4390\" data-elementor-post-type=\"page\">\n\t\t\t\t\t\t<section class=\"elementor-section elementor-top-section elementor-element elementor-element-2ce336a9 elementor-section-boxed elementor-section-height-default elementor-section-height-default\" data-id=\"2ce336a9\" data-element_type=\"section\" data-e-type=\"section\">\n\t\t\t\t\t\t<div class=\"elementor-container elementor-column-gap-default\">\n\t\t\t\t\t<div class=\"elementor-column elementor-col-100 elementor-top-column elementor-element elementor-element-27358880\" data-id=\"27358880\" data-element_type=\"column\" data-e-type=\"column\">\n\t\t\t<div class=\"elementor-widget-wrap elementor-element-populated\">\n\t\t\t\t\t\t<div class=\"elementor-element elementor-element-61298ac7 elementor-widget elementor-widget-text-editor\" data-id=\"61298ac7\" data-element_type=\"widget\" data-e-type=\"widget\" data-widget_type=\"text-editor.default\">\n\t\t\t\t<div class=\"elementor-widget-container\">\n\t\t\t\t\t\t\t\t\t<hr data-start=\"696\" data-end=\"699\">\n<h1 style=\"text-align: center;\" data-start=\"701\" data-end=\"734\">CONDICIONES GENERALES DE VENTA<\/h1>\n<p data-start=\"735\" data-end=\"770\"><strong data-start=\"735\" data-end=\"770\">M-Stickers \u2013 <a class=\"decorated-link\" href=\"http:\/\/www.m-stickers.com\/es\/\" target=\"_new\" rel=\"noopener\" data-start=\"750\" data-end=\"768\">www.m-stickers.com<\/a><\/strong><\/p>\n<hr data-start=\"814\" data-end=\"817\">\n<h2 data-start=\"819\" data-end=\"831\">PRE\u00c1MBULO<\/h2>\n<p data-start=\"833\" data-end=\"981\">Las presentes Condiciones Generales de Venta (en adelante, \u00abCGV\u00bb) rigen todas las ventas realizadas a trav\u00e9s del sitio web <strong data-start=\"958\" data-end=\"980\"><a class=\"decorated-link\" href=\"http:\/\/www.m-stickers.com\/es\/\" target=\"_new\" rel=\"noopener\" data-start=\"960\" data-end=\"978\">www.m-stickers.com<\/a><\/strong>.<\/p>\n<p data-start=\"983\" data-end=\"1112\">La marca <strong data-start=\"993\" data-end=\"1007\">M-Stickers<\/strong> es una marca comercial operada por la empresa <strong data-start=\"1060\" data-end=\"1077\">MSTKS HOLDING<\/strong>, en adelante denominado \u00ab el Vendedor \u00bb.<\/p>\n<p data-start=\"1114\" data-end=\"1236\">Cualquier pedido realizado en el sitio implica la aceptaci\u00f3n plena, completa y sin reservas de las presentes Condiciones Generales de Venta por parte del Comprador.<\/p>\n<hr data-start=\"1238\" data-end=\"1241\">\n<h2 data-start=\"1243\" data-end=\"1278\">ART\u00cdCULO 1 \u2013 IDENTIDAD DE LAS PARTES<\/h2>\n<h3 data-start=\"1280\" data-end=\"1294\">El Vendedor<\/h3>\n<p data-start=\"1296\" data-end=\"1390\">La marca <strong data-start=\"1306\" data-end=\"1320\">M-Stickers<\/strong>, explotada por <strong data-start=\"1336\" data-end=\"1353\">MSTKS HOLDING<\/strong>,<br data-start=\"1354\" data-end=\"1357\">en adelante denominado \u00ab el Vendedor \u00bb.<\/p>\n<p data-start=\"1392\" data-end=\"1453\">Contacto:<br data-start=\"1401\" data-end=\"1404\"><img decoding=\"async\" draggable=\"false\" role=\"img\" class=\"emoji\" alt=\"\ud83d\udce7\" src=\"https:\/\/s.w.org\/images\/core\/emoji\/17.0.2\/svg\/1f4e7.svg\"> <a class=\"decorated-link cursor-pointer\" rel=\"noopener\" data-start=\"1407\" data-end=\"1429\">contact@m-stickers.com<\/a><br data-start=\"1429\" data-end=\"1432\"><img decoding=\"async\" draggable=\"false\" role=\"img\" class=\"emoji\" alt=\"\ud83c\udf10\" src=\"https:\/\/s.w.org\/images\/core\/emoji\/17.0.2\/svg\/1f310.svg\"> <a class=\"decorated-link\" href=\"http:\/\/www.m-stickers.com\/es\/\" target=\"_new\" rel=\"noopener\" data-start=\"1435\" data-end=\"1453\">www.m-stickers.com<\/a><\/p>\n<hr data-start=\"1455\" data-end=\"1458\">\n<h3 data-start=\"1460\" data-end=\"1474\">El Comprador<\/h3>\n<p data-start=\"1476\" data-end=\"1609\">Toda persona f\u00edsica o jur\u00eddica que adquiera productos a trav\u00e9s del sitio web <a class=\"decorated-link\" href=\"http:\/\/www.m-stickers.com\/es\/\" target=\"_new\" rel=\"noopener\" data-start=\"1554\" data-end=\"1572\">www.m-stickers.com<\/a>,<br data-start=\"1573\" data-end=\"1576\">en adelante, \u00abel Comprador\u00bb.<\/p>\n<hr data-start=\"1611\" data-end=\"1614\">\n<h2 data-start=\"1616\" data-end=\"1644\">ART\u00cdCULO 2 \u2013 OBJETO DE LAS CGC<\/h2>\n<p data-start=\"1646\" data-end=\"1691\">Las presentes Condiciones Generales de Venta tienen como objeto definir:<\/p>\n<ul>\n<li data-start=\"1695\" data-end=\"1756\">las condiciones de venta de los productos ofrecidos por M-Stickers,<\/li>\n<li data-start=\"1759\" data-end=\"1824\">los derechos y obligaciones respectivos del Vendedor y del Comprador,<\/li>\n<li data-start=\"1827\" data-end=\"1895\">las condiciones de pedido, pago, entrega y garant\u00eda.<\/li>\n<\/ul>\n<p data-start=\"1897\" data-end=\"1984\">Est\u00e1n disponibles en todo momento en el sitio web y prevalecen sobre cualquier otro documento.<\/p>\n<hr data-start=\"1986\" data-end=\"1989\">\n<h2 data-start=\"1991\" data-end=\"2014\">ART\u00cdCULO 3 \u2013 PRODUCTOS<\/h2>\n<h3 data-start=\"2016\" data-end=\"2043\">3.1 Naturaleza de los productos<\/h3>\n<p data-start=\"2045\" data-end=\"2099\">Los productos ofrecidos a la venta son principalmente:<\/p>\n<ul>\n<li data-start=\"2103\" data-end=\"2132\">kits decorativos de llantas de moto,<\/li>\n<li data-start=\"2135\" data-end=\"2148\">rayas,<\/li>\n<li data-start=\"2151\" data-end=\"2185\">adhesivos y productos relacionados.<\/li>\n<\/ul>\n<p data-start=\"2187\" data-end=\"2358\">La mayor\u00eda de los productos son <strong data-start=\"2217\" data-end=\"2244\">fabricados bajo pedido<\/strong>, a menudo <strong data-start=\"2254\" data-end=\"2271\">personalizados<\/strong> seg\u00fan las elecciones del Comprador (dimensiones, colores, acabados, efectos, textos, etc.).<\/p>\n<hr data-start=\"2360\" data-end=\"2363\">\n<h3 data-start=\"2365\" data-end=\"2385\">3.2 Presentaci\u00f3n<\/h3>\n<p data-start=\"2387\" data-end=\"2495\">Cada producto se presenta en el sitio web con una descripci\u00f3n detallada de sus caracter\u00edsticas esenciales.<\/p>\n<p data-start=\"2497\" data-end=\"2789\">Las im\u00e1genes, fotograf\u00edas, renders 3D, simulaciones del configurador o ejemplos de realizaciones se proporcionan <strong data-start=\"2613\" data-end=\"2653\">A t\u00edtulo indicativo y no contractual.<\/strong>.<br data-start=\"2654\" data-end=\"2657\">Pueden existir ligeras variaciones de color, de representaci\u00f3n o de acabado en funci\u00f3n de las pantallas, soportes o procesos de impresi\u00f3n.<\/p>\n<hr data-start=\"2791\" data-end=\"2794\">\n<h2 data-start=\"2796\" data-end=\"2815\">ART\u00cdCULO 4 \u2013 PRECIO<\/h2>\n<h3 data-start=\"2817\" data-end=\"2838\">4.1 Precios mostrados<\/h3>\n<p data-start=\"2635\" data-end=\"2688\">Los precios de los productos est\u00e1n indicados en euros <strong data-start=\"2680\" data-end=\"2687\">IVA incluido<\/strong>.<\/p><p data-start=\"2690\" data-end=\"2863\">De conformidad con el art\u00edculo <strong data-start=\"2715\" data-end=\"2750\">293B del C\u00f3digo General de Impuestos<\/strong>, la <strong data-start=\"2755\" data-end=\"2783\">El IVA no es aplicable<\/strong>.<br data-start=\"2784\" data-end=\"2787\">\nLos precios mostrados no incluyen <strong data-start=\"2825\" data-end=\"2862\">ning\u00fan impuesto sobre el valor a\u00f1adido<\/strong>.<\/p><p data-start=\"2865\" data-end=\"2968\">Los gastos de env\u00edo se indican antes de la validaci\u00f3n del pedido y se a\u00f1aden al importe total.<\/p><p data-start=\"2840\" data-end=\"2930\">\n\n\n<\/p><p data-start=\"2970\" data-end=\"3155\">M-Stickers se reserva el derecho de modificar sus precios en cualquier momento.<br data-start=\"3036\" data-end=\"3039\">\nSin embargo, los productos se facturar\u00e1n seg\u00fan las tarifas vigentes en el momento de la validaci\u00f3n del pedido.<\/p>\n<p data-start=\"2932\" data-end=\"3015\">Los gastos de env\u00edo se especifican antes de la confirmaci\u00f3n final del pedido.<\/p>\n<hr data-start=\"3017\" data-end=\"3020\">\n<h3 data-start=\"3022\" data-end=\"3051\">4.2 Modificaci\u00f3n de precios<\/h3>\n<p data-start=\"3053\" data-end=\"3119\">El Vendedor se reserva el derecho de modificar sus precios en cualquier momento.<\/p>\n<p data-start=\"3121\" data-end=\"3248\">Sin embargo, los productos se facturan seg\u00fan la tarifa vigente en el momento de la validaci\u00f3n del pedido por parte del Comprador.<\/p>\n<hr data-start=\"3250\" data-end=\"3253\">\n<h2 data-start=\"3255\" data-end=\"3278\">ART\u00cdCULO 5 \u2013 PEDIDO<\/h2>\n<h3 data-start=\"3280\" data-end=\"3309\">5.1 Proceso de pedido<\/h3>\n<p data-start=\"3311\" data-end=\"3448\">El Comprador selecciona sus productos, verifica el resumen del pedido (productos, opciones, precio, entrega), y luego procede al pago.<\/p>\n<p data-start=\"3450\" data-end=\"3485\">La validaci\u00f3n del pedido equivale a:<\/p>\n<ul>\n<li data-start=\"3489\" data-end=\"3510\">aceptaci\u00f3n de precios,<\/li>\n<li data-start=\"3513\" data-end=\"3551\">aceptaci\u00f3n de las descripciones de los productos,<\/li>\n<li data-start=\"3554\" data-end=\"3584\">aceptaci\u00f3n de las presentes CGV,<\/li>\n<li data-start=\"3587\" data-end=\"3628\">formaci\u00f3n definitiva del contrato de venta.<\/li>\n<\/ul>\n<hr data-start=\"3630\" data-end=\"3633\">\n<h3 data-start=\"3635\" data-end=\"3674\">5.2 Rechazo o anulaci\u00f3n del pedido<\/h3>\n<p data-start=\"3676\" data-end=\"3754\">El Vendedor se reserva el derecho de rechazar o cancelar cualquier pedido en caso de:<\/p>\n<ul>\n<li data-start=\"3758\" data-end=\"3794\">disputa previa con el Comprador,<\/li>\n<li data-start=\"3797\" data-end=\"3813\">de impago,<\/li>\n<li data-start=\"3816\" data-end=\"3839\">de sospecha de fraude,<\/li>\n<li data-start=\"3842\" data-end=\"3893\">error manifiesto en el precio o la configuraci\u00f3n.<\/li>\n<\/ul>\n<hr data-start=\"3895\" data-end=\"3898\">\n<h2 data-start=\"3900\" data-end=\"3923\">ART\u00cdCULO 6 \u2013 PAGO<\/h2>\n<h3 data-start=\"3925\" data-end=\"3942\">6.1 Modalidades<\/h3>\n<p data-start=\"3944\" data-end=\"3997\">El pago es exigible inmediatamente con el pedido.<\/p>\n<p data-start=\"3999\" data-end=\"4028\">Formas de pago aceptadas:<\/p>\n<ul>\n<li data-start=\"4031\" data-end=\"4046\">tarjeta bancaria,<\/li>\n<li data-start=\"4049\" data-end=\"4056\">PayPal.<\/li>\n<\/ul>\n<p data-start=\"4058\" data-end=\"4130\">Los pagos son seguros a trav\u00e9s de proveedores de pago certificados.<\/p>\n<hr data-start=\"4132\" data-end=\"4135\">\n<h3 data-start=\"4137\" data-end=\"4153\">6.2 Seguridad<\/h3>\n<p data-start=\"4155\" data-end=\"4260\">En ning\u00fan momento la informaci\u00f3n bancaria del Comprador es transmitida o almacenada por el Vendedor.<\/p>\n<hr data-start=\"4262\" data-end=\"4265\">\n<h2 data-start=\"4267\" data-end=\"4302\">ART\u00cdCULO 7 \u2013 RESERVA DE PROPIEDAD<\/h2>\n<p data-start=\"4304\" data-end=\"4408\">Los productos siguen siendo propiedad del Vendedor hasta el pago completo del precio, incluidos los gastos e impuestos.<\/p>\n<hr data-start=\"4410\" data-end=\"4413\">\n<h2 data-start=\"4415\" data-end=\"4451\">ART\u00cdCULO 8 \u2013 DERECHO DE DESISTIMIENTO<\/h2>\n<h3 data-start=\"4453\" data-end=\"4477\">8.1 Principio general<\/h3>\n<p data-start=\"4479\" data-end=\"4675\">Seg\u00fan los art\u00edculos L221-18 y siguientes del C\u00f3digo de Consumo, el comprador dispone de un plazo de <strong data-start=\"4586\" data-end=\"4598\">14 d\u00edas<\/strong> a partir de la recepci\u00f3n del producto para ejercer su derecho de retractaci\u00f3n.<\/p>\n<hr data-start=\"4677\" data-end=\"4680\">\n<h3 data-start=\"4682\" data-end=\"4724\">8.2 Excepci\u00f3n \u2013 Productos personalizados<\/h3>\n<p data-start=\"4726\" data-end=\"4742\"><img decoding=\"async\" draggable=\"false\" role=\"img\" class=\"emoji\" alt=\"\u26a0\ufe0f\" src=\"https:\/\/s.w.org\/images\/core\/emoji\/17.0.2\/svg\/26a0.svg\"> <strong data-start=\"4729\" data-end=\"4742\">IMPORTANTE<\/strong><\/p>\n<p data-start=\"4744\" data-end=\"4891\">De conformidad con el art\u00edculo L221-28 del C\u00f3digo de Consumo, <strong data-start=\"4805\" data-end=\"4878\">el derecho de desistimiento no se aplica a los productos personalizados<\/strong>, en particular:<\/p>\n<ul>\n<li data-start=\"4895\" data-end=\"4914\">formas espec\u00edficas,<\/li>\n<li data-start=\"4917\" data-end=\"4941\">colores personalizados,<\/li>\n<li data-start=\"4944\" data-end=\"4976\">textos o gr\u00e1ficos personalizados,<\/li>\n<li data-start=\"4979\" data-end=\"5004\">dimensiones particulares,<\/li>\n<li data-start=\"5007\" data-end=\"5046\">productos creados a trav\u00e9s del configurador.<\/li>\n<\/ul>\n<p data-start=\"5048\" data-end=\"5155\">No se admitir\u00e1n devoluciones, cambios ni reembolsos para estos productos, salvo en caso de defecto probado.<\/p>\n<hr data-start=\"5157\" data-end=\"5160\">\n<h2 data-start=\"5162\" data-end=\"5186\">ART\u00cdCULO 9 \u2013 ENTREGA<\/h2>\n<h3 data-start=\"5188\" data-end=\"5205\">9.1 Modalidades<\/h3>\n<p data-start=\"5207\" data-end=\"5288\">Los productos se entregan en la direcci\u00f3n indicada por el Comprador al realizar el pedido.<\/p>\n<p data-start=\"5290\" data-end=\"5414\">Se env\u00edan en sobres de cart\u00f3n reforzados o cajas adaptadas seg\u00fan el tama\u00f1o y la cantidad del pedido.<\/p>\n<hr data-start=\"5416\" data-end=\"5419\">\n<h3 data-start=\"5421\" data-end=\"5435\">9.2 Plazos de entrega<\/h3>\n<p data-start=\"5437\" data-end=\"5492\">Los plazos de entrega son indicativos:<\/p>\n<ul>\n<li data-start=\"5496\" data-end=\"5538\"><strong data-start=\"5496\" data-end=\"5515\">10 d\u00edas h\u00e1biles<\/strong> en env\u00edo est\u00e1ndar,<\/li>\n<li data-start=\"5541\" data-end=\"5633\">hasta <strong data-start=\"5549\" data-end=\"5569\">20 d\u00edas m\u00e1ximo<\/strong> Para productos personalizados o en per\u00edodos de alta demanda.<\/li>\n<\/ul>\n<p data-start=\"5635\" data-end=\"5697\">M-Stickers trabaja bajo pedido, sin stock.<\/p>\n<hr data-start=\"5699\" data-end=\"5702\">\n<h3 data-start=\"5704\" data-end=\"5719\">9.3 Retrasos<\/h3>\n<p data-start=\"5721\" data-end=\"5888\">En caso de retraso superior a <strong data-start=\"5750\" data-end=\"5762\">30 d\u00edas<\/strong>, no justificado por un caso de fuerza mayor, el Comprador puede solicitar la cancelaci\u00f3n del pedido y el reembolso \u00edntegro.<\/p>\n<hr data-start=\"5890\" data-end=\"5893\">\n<h3 data-start=\"5895\" data-end=\"5912\">9.4 Recepci\u00f3n<\/h3>\n<p data-start=\"5914\" data-end=\"6077\">Es responsabilidad del comprador verificar el estado del paquete al recibirlo.<br data-start=\"5981\" data-end=\"5984\">Cualquier anomal\u00eda debe ser notificada al transportista y al Vendedor en un plazo de <strong data-start=\"6065\" data-end=\"6076\">3 d\u00edas<\/strong>.<\/p>\n<hr data-start=\"6079\" data-end=\"6082\">\n<h2 data-start=\"6084\" data-end=\"6109\">ART\u00cdCULO 10 \u2013 GARANT\u00cdAS<\/h2>\n<h3 data-start=\"6111\" data-end=\"6137\">10.1 Garant\u00edas legales<\/h3>\n<p data-start=\"6139\" data-end=\"6161\">El Comprador se beneficia de:<\/p>\n<ul>\n<li data-start=\"6165\" data-end=\"6258\">de la garant\u00eda legal de conformidad (art\u00edculos L217-3 y siguientes del C\u00f3digo de Consumo)<\/li>\n<li data-start=\"6261\" data-end=\"6342\">Garant\u00eda por vicios ocultos (art\u00edculos 1641 y siguientes del C\u00f3digo Civil).<\/li>\n<\/ul>\n<hr data-start=\"6344\" data-end=\"6347\">\n<h3 data-start=\"6349\" data-end=\"6400\">10.2 Garant\u00eda comercial de durabilidad \u2013 6 a\u00f1os<\/h3>\n<p data-start=\"6402\" data-end=\"6558\">Independientemente de las garant\u00edas legales, M-Stickers propone una <strong data-start=\"6463\" data-end=\"6510\">garant\u00eda comercial de durabilidad de 6 a\u00f1os<\/strong> que cubre el desprendimiento prematuro de las pegatinas.<\/p>\n<h4 data-start=\"6560\" data-end=\"6596\">Condiciones de instalaci\u00f3n obligatorias<\/h4>\n<p data-start=\"6598\" data-end=\"6659\">Para beneficiarse de la garant\u00eda, la instalaci\u00f3n debe realizarse:<\/p>\n<ul>\n<li data-start=\"6663\" data-end=\"6707\">sobre una superficie limpia, seca y desengrasada,<\/li>\n<li data-start=\"6710\" data-end=\"6752\">conforme a las recomendaciones proporcionadas,<\/li>\n<li data-start=\"6755\" data-end=\"6805\">con un tiempo de secado m\u00ednimo de <strong data-start=\"6791\" data-end=\"6804\">48 horas<\/strong>.<\/li>\n<\/ul>\n<hr data-start=\"6807\" data-end=\"6810\">\n<h4 data-start=\"6812\" data-end=\"6841\">Procedimiento de reclamaci\u00f3n<\/h4>\n<p data-start=\"6843\" data-end=\"6868\">El comprador debe facilitar:<\/p>\n<ol>\n<li data-start=\"6872\" data-end=\"6908\">fotograf\u00edas claras y fechadas,<\/li>\n<li data-start=\"6912\" data-end=\"6951\">una descripci\u00f3n de las condiciones de uso,<\/li>\n<li data-start=\"6955\" data-end=\"6979\">una copia de la factura.<\/li>\n<\/ol>\n<p data-start=\"6981\" data-end=\"7088\">Despu\u00e9s de la verificaci\u00f3n, se realizar\u00e1 un reembolso del producto en un plazo m\u00e1ximo de <strong data-start=\"7068\" data-end=\"7087\">60 d\u00edas h\u00e1biles<\/strong>.<\/p>\n<hr data-start=\"7090\" data-end=\"7093\">\n<h4 data-start=\"7095\" data-end=\"7110\">Exclusiones<\/h4>\n<p data-start=\"7112\" data-end=\"7139\">La garant\u00eda no cubre:<\/p>\n<ul>\n<li data-start=\"7142\" data-end=\"7160\">una mala instalaci\u00f3n,<\/li>\n<li data-start=\"7163\" data-end=\"7192\">un uso inapropiado,<\/li>\n<li data-start=\"7195\" data-end=\"7234\">la exposici\u00f3n a condiciones extremas,<\/li>\n<li data-start=\"7237\" data-end=\"7276\">la negligencia o la falta de mantenimiento.<\/li>\n<\/ul>\n<hr data-start=\"7278\" data-end=\"7281\">\n<h2 data-start=\"7283\" data-end=\"7313\">ART\u00cdCULO 11 \u2013 RESPONSABILIDAD<\/h2>\n<p data-start=\"7315\" data-end=\"7366\">El Vendedor est\u00e1 obligado a un <strong data-start=\"7341\" data-end=\"7365\">obligaci\u00f3n de medios<\/strong>.<\/p>\n<p data-start=\"7368\" data-end=\"7418\">Su responsabilidad no podr\u00e1 ser exigida en caso de:<\/p>\n<ul>\n<li data-start=\"7421\" data-end=\"7445\">de mal uso,<\/li>\n<li data-start=\"7448\" data-end=\"7469\">de instalaci\u00f3n no conforme,<\/li>\n<li data-start=\"7472\" data-end=\"7494\">da\u00f1os indirectos,<\/li>\n<li data-start=\"7497\" data-end=\"7513\">de desgaste normal.<\/li>\n<\/ul>\n<hr data-start=\"7515\" data-end=\"7518\">\n<h2 data-start=\"7520\" data-end=\"7560\">ART\u00cdCULO 12 \u2013 PROPIEDAD INTELECTUAL<\/h2>\n<p data-start=\"7562\" data-end=\"7678\">Todos los elementos del sitio (textos, elementos visuales, logotipos, im\u00e1genes, configurador) son propiedad exclusiva de M-Stickers.<\/p>\n<p data-start=\"7680\" data-end=\"7747\">Prohibida toda reproducci\u00f3n o explotaci\u00f3n sin autorizaci\u00f3n.<\/p>\n<hr data-start=\"7749\" data-end=\"7752\">\n<h2 data-start=\"7754\" data-end=\"7790\">ART\u00cdCULO 13 \u2013 DATOS PERSONALES<\/h2>\n<p data-start=\"7792\" data-end=\"7905\">Los datos personales se procesan de acuerdo con la <strong data-start=\"7849\" data-end=\"7881\">Pol\u00edtica de privacidad<\/strong> disponible en el sitio web.<\/p>\n<hr data-start=\"7907\" data-end=\"7910\">\n<h2 data-start=\"7912\" data-end=\"7955\">ART\u00cdCULO 14 \u2013 LEY APLICABLE Y DISPUTAS<\/h2>\n<p data-start=\"7957\" data-end=\"8011\">Las presentes Condiciones Generales de Venta est\u00e1n sujetas a <strong data-start=\"7992\" data-end=\"8010\">Derecho franc\u00e9s<\/strong>.<\/p>\n<p data-start=\"8013\" data-end=\"8188\">En caso de disputa, el Comprador puede recurrir a un mediador de consumo.<br data-start=\"8090\" data-end=\"8093\">En ausencia de un acuerdo amistoso, los tribunales competentes ser\u00e1n los de la jurisdicci\u00f3n de la sede del Vendedor.<\/p>\t\t\t\t\t\t\t\t<\/div>\n\t\t\t\t<\/div>\n\t\t\t\t\t<\/div>\n\t\t<\/div>\n\t\t\t\t\t<\/div>\n\t\t<\/section>\n\t\t\t\t<\/div>","protected":false},"excerpt":{"rendered":"<p>CONDITIONS G\u00c9N\u00c9RALES DE VENTE M-Stickers \u2013 www.m-stickers.com PR\u00c9AMBULE Les pr\u00e9sentes Conditions G\u00e9n\u00e9rales de Vente (ci-apr\u00e8s \u00ab CGV \u00bb) r\u00e9gissent l\u2019ensemble des ventes conclues via le site internet www.m-stickers.com. La marque M-Stickers est une marque commerciale exploit\u00e9e par la soci\u00e9t\u00e9 MSTKS HOLDING, ci-apr\u00e8s d\u00e9nomm\u00e9e \u00ab le Vendeur \u00bb. Toute commande pass\u00e9e sur le site implique l\u2019acceptation [&hellip;]<\/p>\n","protected":false},"author":1,"featured_media":0,"parent":0,"menu_order":0,"comment_status":"closed","ping_status":"closed","template":"","meta":{"footnotes":""},"class_list":["post-4390","page","type-page","status-publish","hentry","entry","owp-thumbs-layout-horizontal","owp-btn-big","owp-tabs-layout-horizontal","has-no-thumbnails"],"ase":null,"_links":{"self":[{"href":"https:\/\/www.m-stickers.com\/es\/wp-json\/wp\/v2\/pages\/4390","targetHints":{"allow":["GET"]}}],"collection":[{"href":"https:\/\/www.m-stickers.com\/es\/wp-json\/wp\/v2\/pages"}],"about":[{"href":"https:\/\/www.m-stickers.com\/es\/wp-json\/wp\/v2\/types\/page"}],"author":[{"embeddable":true,"href":"https:\/\/www.m-stickers.com\/es\/wp-json\/wp\/v2\/users\/1"}],"replies":[{"embeddable":true,"href":"https:\/\/www.m-stickers.com\/es\/wp-json\/wp\/v2\/comments?post=4390"}],"version-history":[{"count":20,"href":"https:\/\/www.m-stickers.com\/es\/wp-json\/wp\/v2\/pages\/4390\/revisions"}],"predecessor-version":[{"id":63953,"href":"https:\/\/www.m-stickers.com\/es\/wp-json\/wp\/v2\/pages\/4390\/revisions\/63953"}],"wp:attachment":[{"href":"https:\/\/www.m-stickers.com\/es\/wp-json\/wp\/v2\/media?parent=4390"}],"curies":[{"name":"(No translation possible without context.  \"wp\" is ambiguous.)","href":"https:\/\/api.w.org\/{rel}","templated":true}]}}