{"id":51796,"date":"2023-12-18T09:10:53","date_gmt":"2023-12-18T08:10:53","guid":{"rendered":"https:\/\/www.m-stickers.com\/?page_id=51796"},"modified":"2024-02-16T10:42:31","modified_gmt":"2024-02-16T09:42:31","slug":"nuestros-adhesivos-2","status":"publish","type":"page","link":"https:\/\/www.m-stickers.com\/es\/nos-stickers\/","title":{"rendered":"Nuestros Stickers"},"content":{"rendered":"<div data-elementor-type=\"wp-page\" data-elementor-id=\"51796\" class=\"elementor elementor-51796\" data-elementor-post-type=\"page\">\n\t\t\t\t\t\t<section class=\"elementor-section elementor-top-section elementor-element elementor-element-7300698 elementor-section-boxed elementor-section-height-default elementor-section-height-default\" data-id=\"7300698\" data-element_type=\"section\" data-e-type=\"section\">\n\t\t\t\t\t\t<div class=\"elementor-container elementor-column-gap-default\">\n\t\t\t\t\t<div class=\"elementor-column elementor-col-100 elementor-top-column elementor-element elementor-element-f606333\" data-id=\"f606333\" data-element_type=\"column\" data-e-type=\"column\">\n\t\t\t<div class=\"elementor-widget-wrap elementor-element-populated\">\n\t\t\t\t\t\t<div class=\"elementor-element elementor-element-4d95971 elementor-widget elementor-widget-heading\" data-id=\"4d95971\" data-element_type=\"widget\" data-e-type=\"widget\" data-widget_type=\"heading.default\">\n\t\t\t\t<div class=\"elementor-widget-container\">\n\t\t\t\t\t<h2 class=\"elementor-heading-title elementor-size-default\">Nuestros Stickers: \u00a1Calidad Excepcional para una Personalizaci\u00f3n Incomparable!<\/h2>\t\t\t\t<\/div>\n\t\t\t\t<\/div>\n\t\t\t\t<div class=\"elementor-element elementor-element-fa4ad2c elementor-widget-divider--view-line elementor-widget elementor-widget-divider\" data-id=\"fa4ad2c\" data-element_type=\"widget\" data-e-type=\"widget\" data-widget_type=\"divider.default\">\n\t\t\t\t<div class=\"elementor-widget-container\">\n\t\t\t\t\t\t\t<div class=\"elementor-divider\">\n\t\t\t<span class=\"elementor-divider-separator\">\n\t\t\t\t\t\t<\/span>\n\t\t<\/div>\n\t\t\t\t\t\t<\/div>\n\t\t\t\t<\/div>\n\t\t\t\t<div class=\"elementor-element elementor-element-d912ebf elementor-widget elementor-widget-text-editor\" data-id=\"d912ebf\" data-element_type=\"widget\" data-e-type=\"widget\" data-widget_type=\"text-editor.default\">\n\t\t\t\t<div class=\"elementor-widget-container\">\n\t\t\t\t\t\t\t\t\t<p><span style=\"font-size: 17px; color: #ffffff;\"> <img decoding=\"async\" class=\"wp-image-53780 alignleft\" src=\"https:\/\/www.m-stickers.com\/wp-content\/uploads\/2024\/02\/Garantie_6_ans-300x300.png\" alt=\"\" width=\"109\" height=\"109\" srcset=\"https:\/\/www.m-stickers.com\/wp-content\/uploads\/2024\/02\/Garantie_6_ans-300x300.png 300w, https:\/\/www.m-stickers.com\/wp-content\/uploads\/2024\/02\/Garantie_6_ans-150x150.png 150w, https:\/\/www.m-stickers.com\/wp-content\/uploads\/2024\/02\/Garantie_6_ans-100x100.png 100w, https:\/\/www.m-stickers.com\/wp-content\/uploads\/2024\/02\/Garantie_6_ans.png 400w\" sizes=\"(max-width: 109px) 100vw, 109px\" \/>En M-Stickers, estamos orgullosos de ofrecerte pegatinas\/adhesivos de una calidad excepcional, <b><u>Todos nuestros adhesivos tienen garant\u00eda de 6 a\u00f1os.<\/u><\/b> dise\u00f1ados para realzar la personalizaci\u00f3n de su motocicleta. Aqu\u00ed est\u00e1n las especificaciones t\u00e9cnicas de nuestros materiales principales para que sepa exactamente qu\u00e9 distingue a nuestras pegatinas:<\/span><\/p>\t\t\t\t\t\t\t\t<\/div>\n\t\t\t\t<\/div>\n\t\t\t\t<div class=\"elementor-element elementor-element-d9197ac elementor-widget elementor-widget-text-editor\" data-id=\"d9197ac\" data-element_type=\"widget\" data-e-type=\"widget\" data-widget_type=\"text-editor.default\">\n\t\t\t\t<div class=\"elementor-widget-container\">\n\t\t\t\t\t\t\t\t\t<ul><li style=\"list-style-type: none;\"><ul><li><span style=\"color: #ffffff;\"><strong>Vinilo Adhesivo Polimerizado Blanco Brillante - Permanente \/ Gris - 70\u00b5m<\/strong><\/span><\/li><\/ul><\/li><\/ul><p><span style=\"color: #ffffff;\"><em><span style=\"text-decoration: underline;\">Descripci\u00f3n<\/span> :<\/em> Nuestro adhesivo es un pol\u00edmero blanco brillante, con un adhesivo permanente gris. Est\u00e1 especialmente dise\u00f1ado para aplicaciones exteriores, garantizando una adherencia \u00f3ptima en diversas superficies, incluyendo veh\u00edculos.<\/span><\/p><p style=\"text-align: left;\"><span style=\"color: #ffffff;\"><em>Caracter\u00edsticas:<\/em><\/span><\/p><ul><li style=\"list-style-type: none;\"><ul><li style=\"text-align: left;\"><span style=\"color: #ffffff;\">Adhesivo: Permanente, acr\u00edlico avanzado, gris<\/span><\/li><li style=\"text-align: left;\"><span style=\"color: #ffffff;\">Liner: Papel siliconado recubierto de PE, 140 g\/m\u00b2, color blanco<\/span><\/li><li style=\"text-align: left;\"><span style=\"color: #ffffff;\">Espesor: 70 \u00b5m<\/span><\/li><li style=\"text-align: left;\"><span style=\"color: #ffffff;\">Durabilidad: 7 a\u00f1os<\/span><\/li><li style=\"text-align: left;\"><span style=\"color: #ffffff;\">Resistencia a la temperatura: de -30 \u00b0C a 90 \u00b0C<\/span><\/li><li style=\"text-align: left;\"><span style=\"color: #ffffff;\">Resistencia a las tintas: Solvente, Eco-Solvente, UV, L\u00e1tex<\/span><\/li><\/ul><\/li><\/ul><p><span style=\"color: #ffffff;\"><em><span style=\"text-decoration: underline;\">Consejos de Uso<\/span> :<\/em> Nuestros adhesivos de vinilo de pol\u00edmero son adecuados para la colocaci\u00f3n en llantas de moto, ya sean planas o ligeramente curvadas. F\u00e1ciles de aplicar gracias a su adhesivo de calidad y <a href=\"https:\/\/www.m-stickers.com\/es\/tutoriales\/\"><b>nuestros tutoriales de colocaci\u00f3n<\/b><\/a>Garantizan un agarre \u00f3ptimo y una durabilidad excepcional, resistentes a las inclemencias del tiempo y a los rayos UV.<\/span><\/p>\t\t\t\t\t\t\t\t<\/div>\n\t\t\t\t<\/div>\n\t\t\t\t<div class=\"elementor-element elementor-element-8f42db8 elementor-widget elementor-widget-image\" data-id=\"8f42db8\" data-element_type=\"widget\" data-e-type=\"widget\" data-widget_type=\"image.default\">\n\t\t\t\t<div class=\"elementor-widget-container\">\n\t\t\t\t\t\t\t\t\t\t\t\t\t\t\t<img fetchpriority=\"high\" decoding=\"async\" width=\"300\" height=\"225\" src=\"https:\/\/www.m-stickers.com\/wp-content\/uploads\/2022\/01\/387322839_1299213127625743_8525349191360558234_n-300x225.jpg\" class=\"attachment-medium size-medium wp-image-49457\" alt=\"\" srcset=\"https:\/\/www.m-stickers.com\/wp-content\/uploads\/2022\/01\/387322839_1299213127625743_8525349191360558234_n-300x225.jpg 300w, https:\/\/www.m-stickers.com\/wp-content\/uploads\/2022\/01\/387322839_1299213127625743_8525349191360558234_n-600x450.jpg 600w, https:\/\/www.m-stickers.com\/wp-content\/uploads\/2022\/01\/387322839_1299213127625743_8525349191360558234_n-768x576.jpg 768w, https:\/\/www.m-stickers.com\/wp-content\/uploads\/2022\/01\/387322839_1299213127625743_8525349191360558234_n.jpg 960w\" sizes=\"(max-width: 300px) 100vw, 300px\" \/>\t\t\t\t\t\t\t\t\t\t\t\t\t\t\t<\/div>\n\t\t\t\t<\/div>\n\t\t\t\t<div class=\"elementor-element elementor-element-4ff965b elementor-widget elementor-widget-text-editor\" data-id=\"4ff965b\" data-element_type=\"widget\" data-e-type=\"widget\" data-widget_type=\"text-editor.default\">\n\t\t\t\t<div class=\"elementor-widget-container\">\n\t\t\t\t\t\t\t\t\t<ul><li style=\"list-style-type: none;\">\u00a0<\/li><\/ul><div><span style=\"color: #ffffff;\"><b>\u00a0<\/b><\/span><\/div><hr \/><ul><li style=\"list-style-type: none;\"><ul><li><span style=\"color: #ffffff;\"><strong>Laminaci\u00f3n Polimerica Premium \u2013 Transparente Brillante \u2013 70\u00b5m<\/strong><\/span><\/li><\/ul><\/li><\/ul><p><span style=\"color: #ffffff;\"><em><span style=\"text-decoration: underline;\">Descripci\u00f3n<\/span> :<\/em> La laminaci\u00f3n es una protecci\u00f3n adicional que aplicamos a todos nuestros adhesivos. Es un pol\u00edmero brillante Premium. Compuesta por plastificantes polim\u00e9ricos no migratorios y estabilizadores UV espec\u00edficos, ofrece una resistencia m\u00e1xima a la luz y una excelente durabilidad exterior.<\/span><\/p><p><span style=\"color: #ffffff;\"><em>Caracter\u00edsticas:<\/em><\/span><\/p><ul><li style=\"list-style-type: none;\"><ul><li><span style=\"color: #ffffff;\">Adhesivo: Permanente, acr\u00edlico base solvente, transparente<\/span><\/li><li><span style=\"color: #ffffff;\">Liner: Papel siliconado recubierto de PE, 140 g\/m\u00b2, color blanco<\/span><\/li><li><span style=\"color: #ffffff;\">Espesor: 70 \u00b5m<\/span><\/li><li><span style=\"color: #ffffff;\">Durabilidad: 8 a\u00f1os<\/span><\/li><li><span style=\"color: #ffffff;\">Resistencia a la temperatura: de -30 \u00b0C a 90 \u00b0C<\/span><\/li><\/ul><\/li><\/ul><p><span style=\"color: #ffffff;\"><em><span style=\"text-decoration: underline;\">Consejos de Uso<\/span> :<\/em> Nuestra laminaci\u00f3n polim\u00e9rica Premium est\u00e1 dise\u00f1ada para prolongar la vida \u00fatil de sus pegatinas, asegurando una protecci\u00f3n \u00f3ptima. Transparente y brillante o mate, ofrece un acabado impecable a la vez que garantiza una resistencia excepcional a las condiciones exteriores.<\/span><\/p>\t\t\t\t\t\t\t\t<\/div>\n\t\t\t\t<\/div>\n\t\t\t\t<div class=\"elementor-element elementor-element-f926ec1 elementor-widget elementor-widget-image\" data-id=\"f926ec1\" data-element_type=\"widget\" data-e-type=\"widget\" data-widget_type=\"image.default\">\n\t\t\t\t<div class=\"elementor-widget-container\">\n\t\t\t\t\t\t\t\t\t\t\t\t\t\t\t<img decoding=\"async\" width=\"150\" height=\"150\" src=\"https:\/\/www.m-stickers.com\/wp-content\/uploads\/2023\/12\/512ej05XmkL-150x150.jpg\" class=\"attachment-thumbnail size-thumbnail wp-image-51842\" alt=\"\" srcset=\"https:\/\/www.m-stickers.com\/wp-content\/uploads\/2023\/12\/512ej05XmkL-150x150.jpg 150w, https:\/\/www.m-stickers.com\/wp-content\/uploads\/2023\/12\/512ej05XmkL-300x297.jpg 300w, https:\/\/www.m-stickers.com\/wp-content\/uploads\/2023\/12\/512ej05XmkL-100x100.jpg 100w, https:\/\/www.m-stickers.com\/wp-content\/uploads\/2023\/12\/512ej05XmkL-600x600.jpg 600w, https:\/\/www.m-stickers.com\/wp-content\/uploads\/2023\/12\/512ej05XmkL-1024x1015.jpg 1024w, https:\/\/www.m-stickers.com\/wp-content\/uploads\/2023\/12\/512ej05XmkL-768x761.jpg 768w, https:\/\/www.m-stickers.com\/wp-content\/uploads\/2023\/12\/512ej05XmkL.jpg 1500w\" sizes=\"(max-width: 150px) 100vw, 150px\" \/>\t\t\t\t\t\t\t\t\t\t\t\t\t\t\t<\/div>\n\t\t\t\t<\/div>\n\t\t\t\t<div class=\"elementor-element elementor-element-eae01c1 elementor-widget elementor-widget-text-editor\" data-id=\"eae01c1\" data-element_type=\"widget\" data-e-type=\"widget\" data-widget_type=\"text-editor.default\">\n\t\t\t\t<div class=\"elementor-widget-container\">\n\t\t\t\t\t\t\t\t\t<ul><li style=\"list-style-type: none;\">\u00a0<\/li><\/ul><div><span style=\"color: #ffffff;\"><b>\u00a0<\/b><\/span><\/div><hr \/><ul><li style=\"list-style-type: none;\"><ul><li><span style=\"color: #ffffff;\"><strong>Laminaci\u00f3n Ultra Resistente \u2013 Brillante Transparente \u2013 305\u00b5m<\/strong><\/span><\/li><\/ul><\/li><\/ul><p><span style=\"color: #ffffff;\"><em style=\"font-family: Roboto, sans-serif; font-size: 17px; font-variant-ligatures: normal; font-variant-caps: normal; font-weight: 400;\"><span style=\"font-size: 17px;\">Descripci\u00f3n<\/span>\u00a0:<\/em><span style=\"font-family: Roboto, sans-serif; font-size: 17px; font-style: normal; font-variant-ligatures: normal; font-variant-caps: normal; font-weight: 400;\">\u00a0<\/span>Nuestra laminaci\u00f3n gruesa es la soluci\u00f3n ideal para las <a href=\"https:\/\/www.m-stickers.com\/es\/product-category\/kit-de-decoracion\/\"><b>Kit de decoraci\u00f3n de carenado<\/b><\/a> expuesto a una abrasi\u00f3n intensa. Ofrece una barrera extremadamente duradera, protegiendo tus pegatinas y elementos visuales, a la vez que mantiene una claridad excepcional.\u00a0<span style=\"font-size: 17px;\">Dise\u00f1ada para adaptarse a superficies ligeramente curvadas, esta laminaci\u00f3n es vers\u00e1til y se adapta perfectamente a diferentes partes de tu moto.<\/span><\/span><\/p><p><span style=\"color: #ffffff;\"><em>Caracter\u00edsticas:<\/em><\/span><\/p><ul><li style=\"list-style-type: none;\"><ul><li><span style=\"color: #ffffff;\">Espesor: 305 \u00b5m<\/span><\/li><li><span style=\"color: #ffffff;\">Adhesivo: Permanente, alta adherencia, acr\u00edlico a base de solvente<\/span><\/li><li><span style=\"color: #ffffff;\">Liner: Liner sint\u00e9tico transparente<\/span><\/li><li><span style=\"color: #ffffff;\">Temperatura de aplicaci\u00f3n: de 10 \u00b0C a 26 \u00b0C<\/span><\/li><li><span style=\"color: #ffffff;\">Resistencia a la temperatura: de -40 \u00b0C a 80 \u00b0C<\/span><\/li><li><span style=\"color: #ffffff;\">Durabilidad: 8 a\u00f1os<\/span><\/li><\/ul><\/li><\/ul>\t\t\t\t\t\t\t\t<\/div>\n\t\t\t\t<\/div>\n\t\t\t\t<div class=\"elementor-element elementor-element-ca6aaa2 elementor-widget elementor-widget-image\" data-id=\"ca6aaa2\" data-element_type=\"widget\" data-e-type=\"widget\" data-widget_type=\"image.default\">\n\t\t\t\t<div class=\"elementor-widget-container\">\n\t\t\t\t\t\t\t\t\t\t\t\t\t\t\t<img loading=\"lazy\" decoding=\"async\" width=\"298\" height=\"300\" src=\"https:\/\/www.m-stickers.com\/wp-content\/uploads\/2023\/12\/eba5b8dcc45d7467f47150c37fb23ac1-298x300.jpg\" class=\"attachment-medium size-medium wp-image-51843\" alt=\"\" srcset=\"https:\/\/www.m-stickers.com\/wp-content\/uploads\/2023\/12\/eba5b8dcc45d7467f47150c37fb23ac1-298x300.jpg 298w, https:\/\/www.m-stickers.com\/wp-content\/uploads\/2023\/12\/eba5b8dcc45d7467f47150c37fb23ac1-100x100.jpg 100w, https:\/\/www.m-stickers.com\/wp-content\/uploads\/2023\/12\/eba5b8dcc45d7467f47150c37fb23ac1-600x603.jpg 600w, https:\/\/www.m-stickers.com\/wp-content\/uploads\/2023\/12\/eba5b8dcc45d7467f47150c37fb23ac1-150x150.jpg 150w, https:\/\/www.m-stickers.com\/wp-content\/uploads\/2023\/12\/eba5b8dcc45d7467f47150c37fb23ac1-768x772.jpg 768w, https:\/\/www.m-stickers.com\/wp-content\/uploads\/2023\/12\/eba5b8dcc45d7467f47150c37fb23ac1.jpg 886w\" sizes=\"(max-width: 298px) 100vw, 298px\" \/>\t\t\t\t\t\t\t\t\t\t\t\t\t\t\t<\/div>\n\t\t\t\t<\/div>\n\t\t\t\t<div class=\"elementor-element elementor-element-f97bb3f elementor-widget elementor-widget-text-editor\" data-id=\"f97bb3f\" data-element_type=\"widget\" data-e-type=\"widget\" data-widget_type=\"text-editor.default\">\n\t\t\t\t<div class=\"elementor-widget-container\">\n\t\t\t\t\t\t\t\t\t<ul>\n<li style=\"list-style-type: none;\">&nbsp;<\/li>\n<\/ul>\n<hr>\n<ul>\n<li style=\"list-style-type: none;\">\n<ul>\n<li><span style=\"color: #ffffff;\"><strong>Facilidad de Colocaci\u00f3n con Cinta Aplicadora y Tutoriales Detallados:<\/strong><\/span><\/li>\n<\/ul>\n<\/li>\n<\/ul>\n<p><span style=\"color: #ffffff;\">En M-Stickers, la satisfacci\u00f3n de nuestros clientes es primordial. Por eso hemos incluido una cinta aplicadora en cada pedido para facilitar la aplicaci\u00f3n de tus adhesivos. Adem\u00e1s, <a href=\"https:\/\/www.m-stickers.com\/es\/tutoriales\/\"><b>Nuestros tutoriales detallados<\/b><\/a> le guiar\u00e1n paso a paso para una aplicaci\u00f3n impecable.<\/span><\/p>\n<ul>\n<li style=\"list-style-type: none;\">\n<ul>\n<li><span style=\"color: #ffffff;\"><strong>Efectos de calcoman\u00edas disponibles:<\/strong><\/span><\/li>\n<\/ul>\n<\/li>\n<\/ul>\n<p><span style=\"color: #ffffff;\">Descubra nuestra variada gama de efectos de materiales para obtener resultados \u00fanicos:<\/span><\/p>\n<ul>\n<li style=\"list-style-type: none;\">\n<ul>\n<li><span style=\"color: #ffffff;\">Brillo<\/span><\/li>\n<li><span style=\"color: #ffffff;\">M\u00e1quina.<\/span><\/li>\n<li><span style=\"color: #ffffff;\">Hologr\u00e1fico<\/span><\/li>\n<li><span style=\"color: #ffffff;\">Reflexionando<\/span><\/li>\n<li><span style=\"color: #ffffff;\">Transparente<\/span><\/li>\n<li><span style=\"color: #ffffff;\">Diciembre 2024<\/span><\/li>\n<\/ul>\n<\/li>\n<\/ul>\n<p><span style=\"color: #ffffff;\">Para saber m\u00e1s sobre nuestros diferentes efectos, <a href=\"https:\/\/www.m-stickers.com\/es\/nuestros-adhesivos\/\"><b>consulte nuestra p\u00e1gina dedicada a los Efectos de pegatinas.<\/b><\/a><\/span><\/p>\n<hr>\n<p style=\"text-align: center;\"><span style=\"color: #ffffff;\">\u00a1Expr\u00e9sate con M-Stickers y transforma tu moto gracias a nuestros stickers de calidad excepcional!<\/span><\/p>\t\t\t\t\t\t\t\t<\/div>\n\t\t\t\t<\/div>\n\t\t\t\t\t<\/div>\n\t\t<\/div>\n\t\t\t\t\t<\/div>\n\t\t<\/section>\n\t\t\t\t<\/div>","protected":false},"excerpt":{"rendered":"<p>Nos Stickers : Qualit\u00e9 Exceptionnelle pour une Personnalisation Incomparable ! Chez M-Stickers, nous sommes fiers de vous offrir des stickers d&rsquo;une qualit\u00e9 exceptionnelle, tous nos stickers sont garantis pour une dur\u00e9e de 6 ans ! con\u00e7us pour sublimer la personnalisation de votre moto. Voici les sp\u00e9cifications techniques de nos principaux mat\u00e9riaux pour que vous sachiez [&hellip;]<\/p>\n","protected":false},"author":1,"featured_media":0,"parent":0,"menu_order":0,"comment_status":"closed","ping_status":"closed","template":"","meta":{"footnotes":""},"class_list":["post-51796","page","type-page","status-publish","hentry","entry","owp-thumbs-layout-horizontal","owp-btn-big","owp-tabs-layout-horizontal","has-no-thumbnails"],"ase":null,"_links":{"self":[{"href":"https:\/\/www.m-stickers.com\/es\/wp-json\/wp\/v2\/pages\/51796","targetHints":{"allow":["GET"]}}],"collection":[{"href":"https:\/\/www.m-stickers.com\/es\/wp-json\/wp\/v2\/pages"}],"about":[{"href":"https:\/\/www.m-stickers.com\/es\/wp-json\/wp\/v2\/types\/page"}],"author":[{"embeddable":true,"href":"https:\/\/www.m-stickers.com\/es\/wp-json\/wp\/v2\/users\/1"}],"replies":[{"embeddable":true,"href":"https:\/\/www.m-stickers.com\/es\/wp-json\/wp\/v2\/comments?post=51796"}],"version-history":[{"count":20,"href":"https:\/\/www.m-stickers.com\/es\/wp-json\/wp\/v2\/pages\/51796\/revisions"}],"predecessor-version":[{"id":53783,"href":"https:\/\/www.m-stickers.com\/es\/wp-json\/wp\/v2\/pages\/51796\/revisions\/53783"}],"wp:attachment":[{"href":"https:\/\/www.m-stickers.com\/es\/wp-json\/wp\/v2\/media?parent=51796"}],"curies":[{"name":"(No translation possible without context.  \"wp\" is ambiguous.)","href":"https:\/\/api.w.org\/{rel}","templated":true}]}}