{"id":62370,"date":"2025-05-23T22:06:38","date_gmt":"2025-05-23T20:06:38","guid":{"rendered":"https:\/\/www.m-stickers.com\/?page_id=62370"},"modified":"2025-05-25T15:32:27","modified_gmt":"2025-05-25T13:32:27","slug":"opiniones-de-calcomanias-m","status":"publish","type":"page","link":"https:\/\/www.m-stickers.com\/es\/avis-m-stickers\/","title":{"rendered":"Opiniones de M-Stickers"},"content":{"rendered":"<div data-elementor-type=\"wp-page\" data-elementor-id=\"62370\" class=\"elementor elementor-62370\" data-elementor-post-type=\"page\">\n\t\t\t\t\t\t<section class=\"elementor-section elementor-top-section elementor-element elementor-element-b1afef7 elementor-section-boxed elementor-section-height-default elementor-section-height-default\" data-id=\"b1afef7\" data-element_type=\"section\" data-e-type=\"section\">\n\t\t\t\t\t\t<div class=\"elementor-container elementor-column-gap-default\">\n\t\t\t\t\t<div class=\"elementor-column elementor-col-100 elementor-top-column elementor-element elementor-element-612e312\" data-id=\"612e312\" data-element_type=\"column\" data-e-type=\"column\">\n\t\t\t<div class=\"elementor-widget-wrap elementor-element-populated\">\n\t\t\t\t\t\t<section class=\"elementor-section elementor-inner-section elementor-element elementor-element-39ffd49 elementor-section-boxed elementor-section-height-default elementor-section-height-default\" data-id=\"39ffd49\" data-element_type=\"section\" data-e-type=\"section\">\n\t\t\t\t\t\t<div class=\"elementor-container elementor-column-gap-default\">\n\t\t\t\t\t<div class=\"elementor-column elementor-col-33 elementor-inner-column elementor-element elementor-element-ab960d9\" data-id=\"ab960d9\" data-element_type=\"column\" data-e-type=\"column\">\n\t\t\t<div class=\"elementor-widget-wrap elementor-element-populated\">\n\t\t\t\t\t\t<div class=\"elementor-element elementor-element-0885f0a elementor-widget elementor-widget-heading\" data-id=\"0885f0a\" data-element_type=\"widget\" data-e-type=\"widget\" data-widget_type=\"heading.default\">\n\t\t\t\t<div class=\"elementor-widget-container\">\n\t\t\t\t\t<h1 class=\"elementor-heading-title elementor-size-default\">Lo que dicen nuestros clientes \u2014 Comentarios de MStickers<\/h1>\t\t\t\t<\/div>\n\t\t\t\t<\/div>\n\t\t\t\t\t<\/div>\n\t\t<\/div>\n\t\t\t\t<div class=\"elementor-column elementor-col-33 elementor-inner-column elementor-element elementor-element-94584df\" data-id=\"94584df\" data-element_type=\"column\" data-e-type=\"column\">\n\t\t\t<div class=\"elementor-widget-wrap elementor-element-populated\">\n\t\t\t\t\t\t<div class=\"elementor-element elementor-element-2420756 elementor-widget__width-initial elementor-widget elementor-widget-rating\" data-id=\"2420756\" data-element_type=\"widget\" data-e-type=\"widget\" data-widget_type=\"rating.default\">\n\t\t\t\t<div class=\"elementor-widget-container\">\n\t\t\t\t\t\t\t<div class=\"e-rating\" itemtype=\"https:\/\/schema.org\/Rating\" itemscope=\"\" itemprop=\"reviewRating\">\n\t\t\t<meta itemprop=\"worstRating\" content=\"0\">\n\t\t\t<meta itemprop=\"bestRating\" content=\"5\">\n\t\t\t<div class=\"e-rating-wrapper\" itemprop=\"ratingValue\" content=\"4.7\" role=\"img\" aria-label=\"Valorado con 4.7 de 5\" data-no-translation-aria-label=\"\">\n\t\t\t\t\t\t\t<div class=\"e-icon\">\n\t\t\t\t<div class=\"e-icon-wrapper e-icon-marked\">\n\t\t\t\t\t<i aria-hidden=\"true\" class=\"eicon-star\"><\/i>\t\t\t\t<\/div>\n\t\t\t\t<div class=\"e-icon-wrapper e-icon-unmarked\">\n\t\t\t\t\t<i aria-hidden=\"true\" class=\"eicon-star\"><\/i>\t\t\t\t<\/div>\n\t\t\t<\/div>\n\t\t\t\t\t\t<div class=\"e-icon\">\n\t\t\t\t<div class=\"e-icon-wrapper e-icon-marked\">\n\t\t\t\t\t<i aria-hidden=\"true\" class=\"eicon-star\"><\/i>\t\t\t\t<\/div>\n\t\t\t\t<div class=\"e-icon-wrapper e-icon-unmarked\">\n\t\t\t\t\t<i aria-hidden=\"true\" class=\"eicon-star\"><\/i>\t\t\t\t<\/div>\n\t\t\t<\/div>\n\t\t\t\t\t\t<div class=\"e-icon\">\n\t\t\t\t<div class=\"e-icon-wrapper e-icon-marked\">\n\t\t\t\t\t<i aria-hidden=\"true\" class=\"eicon-star\"><\/i>\t\t\t\t<\/div>\n\t\t\t\t<div class=\"e-icon-wrapper e-icon-unmarked\">\n\t\t\t\t\t<i aria-hidden=\"true\" class=\"eicon-star\"><\/i>\t\t\t\t<\/div>\n\t\t\t<\/div>\n\t\t\t\t\t\t<div class=\"e-icon\">\n\t\t\t\t<div class=\"e-icon-wrapper e-icon-marked\">\n\t\t\t\t\t<i aria-hidden=\"true\" class=\"eicon-star\"><\/i>\t\t\t\t<\/div>\n\t\t\t\t<div class=\"e-icon-wrapper e-icon-unmarked\">\n\t\t\t\t\t<i aria-hidden=\"true\" class=\"eicon-star\"><\/i>\t\t\t\t<\/div>\n\t\t\t<\/div>\n\t\t\t\t\t\t<div class=\"e-icon\">\n\t\t\t\t<div class=\"e-icon-wrapper e-icon-marked\" style=\"--e-rating-icon-marked-width: 70%;\">\n\t\t\t\t\t<i aria-hidden=\"true\" class=\"eicon-star\"><\/i>\t\t\t\t<\/div>\n\t\t\t\t<div class=\"e-icon-wrapper e-icon-unmarked\">\n\t\t\t\t\t<i aria-hidden=\"true\" class=\"eicon-star\"><\/i>\t\t\t\t<\/div>\n\t\t\t<\/div>\n\t\t\t\t\t\t<\/div>\n\t\t<\/div>\n\t\t\t\t\t\t<\/div>\n\t\t\t\t<\/div>\n\t\t\t\t\t<\/div>\n\t\t<\/div>\n\t\t\t\t<div class=\"elementor-column elementor-col-33 elementor-inner-column elementor-element elementor-element-473ab13\" data-id=\"473ab13\" data-element_type=\"column\" data-e-type=\"column\">\n\t\t\t<div class=\"elementor-widget-wrap elementor-element-populated\">\n\t\t\t\t\t\t<div class=\"elementor-element elementor-element-829f06c elementor-widget elementor-widget-text-editor\" data-id=\"829f06c\" data-element_type=\"widget\" data-e-type=\"widget\" data-widget_type=\"text-editor.default\">\n\t\t\t\t<div class=\"elementor-widget-container\">\n\t\t\t\t\t\t\t\t\t<p><span style=\"color: #ffffff;\"><strong>4,7\/5<\/strong><\/span><\/p>\t\t\t\t\t\t\t\t<\/div>\n\t\t\t\t<\/div>\n\t\t\t\t\t<\/div>\n\t\t<\/div>\n\t\t\t\t\t<\/div>\n\t\t<\/section>\n\t\t\t\t<div class=\"elementor-element elementor-element-7704c0f elementor-widget elementor-widget-text-editor\" data-id=\"7704c0f\" data-element_type=\"widget\" data-e-type=\"widget\" data-widget_type=\"text-editor.default\">\n\t\t\t\t<div class=\"elementor-widget-container\">\n\t\t\t\t\t\t\t\t\t<p>La satisfacci\u00f3n de nuestros clientes est\u00e1 en el coraz\u00f3n de nuestro trabajo. Ya sean pegatinas personalizadas, kits decorativos para motos o impresiones a medida, hacemos todo lo posible para garantizar una calidad impecable y un servicio \u00e1gil.  Esto es lo que dicen nuestros clientes sobre su experiencia con M-Stickers.<\/p>\t\t\t\t\t\t\t\t<\/div>\n\t\t\t\t<\/div>\n\t\t\t\t<div class=\"elementor-element elementor-element-0cd3361 elementor-widget elementor-widget-text-editor\" data-id=\"0cd3361\" data-element_type=\"widget\" data-e-type=\"widget\" data-widget_type=\"text-editor.default\">\n\t\t\t\t<div class=\"elementor-widget-container\">\n\t\t\t\t\t\t\t\t\t<!-- Elfsight Google Reviews | Untitled Google Reviews -->\n<script src=\"https:\/\/static.elfsight.com\/platform\/platform.js\" async><\/script>\n<div class=\"elfsight-app-108764a6-de94-4c8e-ba22-271e02f886cd\" data-elfsight-app-lazy><\/div>\t\t\t\t\t\t\t\t<\/div>\n\t\t\t\t<\/div>\n\t\t\t\t<section class=\"elementor-section elementor-inner-section elementor-element elementor-element-11720bb elementor-section-boxed elementor-section-height-default elementor-section-height-default\" data-id=\"11720bb\" data-element_type=\"section\" data-e-type=\"section\" data-settings=\"{&quot;background_background&quot;:&quot;classic&quot;}\">\n\t\t\t\t\t\t<div class=\"elementor-container elementor-column-gap-default\">\n\t\t\t\t\t<div class=\"elementor-column elementor-col-100 elementor-inner-column elementor-element elementor-element-c5dd5e3\" data-id=\"c5dd5e3\" data-element_type=\"column\" data-e-type=\"column\">\n\t\t\t<div class=\"elementor-widget-wrap\">\n\t\t\t\t\t\t\t<\/div>\n\t\t<\/div>\n\t\t\t\t\t<\/div>\n\t\t<\/section>\n\t\t\t\t<div class=\"elementor-element elementor-element-2a4ca50 elementor-widget elementor-widget-text-editor\" data-id=\"2a4ca50\" data-element_type=\"widget\" data-e-type=\"widget\" data-widget_type=\"text-editor.default\">\n\t\t\t\t<div class=\"elementor-widget-container\">\n\t\t\t\t\t\t\t\t\t<p><!-- Elfsight Facebook Reviews | Untitled Facebook Reviews --><br \/><script src=\"https:\/\/static.elfsight.com\/platform\/platform.js\" async><\/script><\/p><div class=\"elfsight-app-43d671fb-3fac-49a1-bab9-5013fec9c134\" data-elfsight-app-lazy=\"\">\u00a0<\/div>\t\t\t\t\t\t\t\t<\/div>\n\t\t\t\t<\/div>\n\t\t\t\t\t<\/div>\n\t\t<\/div>\n\t\t\t\t\t<\/div>\n\t\t<\/section>\n\t\t\t\t<section class=\"elementor-section elementor-top-section elementor-element elementor-element-aaa1d99 elementor-section-boxed elementor-section-height-default elementor-section-height-default\" data-id=\"aaa1d99\" data-element_type=\"section\" data-e-type=\"section\" data-settings=\"{&quot;background_background&quot;:&quot;classic&quot;}\">\n\t\t\t\t\t\t<div class=\"elementor-container elementor-column-gap-default\">\n\t\t\t\t\t<div class=\"elementor-column elementor-col-100 elementor-top-column elementor-element elementor-element-4d017e1\" data-id=\"4d017e1\" data-element_type=\"column\" data-e-type=\"column\">\n\t\t\t<div class=\"elementor-widget-wrap\">\n\t\t\t\t\t\t\t<\/div>\n\t\t<\/div>\n\t\t\t\t\t<\/div>\n\t\t<\/section>\n\t\t\t\t<section class=\"elementor-section elementor-top-section elementor-element elementor-element-f07c60f elementor-section-boxed elementor-section-height-default elementor-section-height-default\" data-id=\"f07c60f\" data-element_type=\"section\" data-e-type=\"section\">\n\t\t\t\t\t\t<div class=\"elementor-container elementor-column-gap-default\">\n\t\t\t\t\t<div class=\"elementor-column elementor-col-100 elementor-top-column elementor-element elementor-element-01799d6\" data-id=\"01799d6\" data-element_type=\"column\" data-e-type=\"column\">\n\t\t\t<div class=\"elementor-widget-wrap elementor-element-populated\">\n\t\t\t\t\t\t<div class=\"elementor-element elementor-element-0c4f080 elementor-widget elementor-widget-text-editor\" data-id=\"0c4f080\" data-element_type=\"widget\" data-e-type=\"widget\" data-widget_type=\"text-editor.default\">\n\t\t\t\t<div class=\"elementor-widget-container\">\n\t\t\t\t\t\t\t\t\t<section class=\"faq-section\"><h2>Preguntas frecuentes sobre M-Stickers<\/h2><div class=\"faq-item\"><h3>\u00bfEs M-Stickers una empresa de confianza?<\/h3><p>S\u00ed, M-Stickers es una empresa francesa especializada en la impresi\u00f3n de calcoman\u00edas para motos, con una nota media de <strong>4,6\/5 en Google y Facebook<\/strong>Trabajamos con materiales de calidad, un servicio de atenci\u00f3n al cliente \u00e1gil, y una producci\u00f3n personalizada en nuestro taller cerca de Lyon.<\/p><\/div><div class=\"faq-item\"><h3>\u00bfD\u00f3nde puedo consultar las opiniones de M-Stickers?<\/h3><p>Puedes leer las opiniones de nuestros clientes directamente en esta p\u00e1gina, o consultar nuestro perfil en<br \/><a href=\"https:\/\/www.google.com\/search?q=avis+m-stickers\" target=\"_blank\" rel=\"noopener\">Google<\/a> and\u00a0<a href=\"https:\/\/www.facebook.com\/mstickers.official\/reviews\/\" target=\"_blank\" rel=\"noopener\">Facebook<\/a>Las opiniones las dejan clientes reales tras su pedido.<\/p><\/div><div class=\"faq-item\"><h3>\u00bfSon los productos de buena calidad?<\/h3><p>S\u00ed, utilizamos vinilos de alta calidad (Avery Dennison, Hexis, Oracal\u2026) y todas nuestras impresiones se realizan con tintas profesionales para garantizar la durabilidad, resistencia a los rayos UV y un acabado perfecto.<\/p><\/div><div class=\"faq-item\"><h3>\u00bfQu\u00e9 hacer si tengo un problema con mi pedido?<\/h3><p>Puede contactarnos directamente en la direcci\u00f3n<br \/><a href=\"mailto:m.stickers.pro@gmail.com\">m.stickers.pro@gmail.com<\/a>.<br \/>Nuestro servicio de atenci\u00f3n al cliente es r\u00e1pido y hacemos todo lo posible para resolver los problemas r\u00e1pidamente (reemplazo, ajuste, etc.).<\/p><\/div><div class=\"faq-item\"><h3>\u00bfPor qu\u00e9 hay malas opiniones sobre \"My-Sticker.com\"?<\/h3><p>Cuidado con la confusi\u00f3n <strong>M-Stickers (nuestra p\u00e1gina web oficial: m-stickers.com)<\/strong> con <strong>Mis-Stickers.com<\/strong>Otra empresa inactiva hoy. Algunos comentarios negativos en l\u00ednea no se refieren a nuestra empresa. Nuestras verdaderas rese\u00f1as de clientes est\u00e1n disponibles aqu\u00ed, en Google y Facebook.<\/p><\/div><div class=\"faq-item\"><h3>\u00bfSon f\u00e1ciles de aplicar las calcoman\u00edas?<\/h3><p>\u00a1S\u00ed! Cada pedido incluye una gu\u00eda de instalaci\u00f3n clara y sencilla. Nuestros vinilos son reposicionables en seco y se pueden colocar sin burbujas con una raqueta. Si es necesario, incluso ofrecemos videos tutoriales.<\/p><\/div><div class=\"faq-item\"><h3>\u00bfCu\u00e1les son los plazos de entrega?<\/h3><p>Las \u00f3rdenes se producen generalmente en 10 d\u00edas h\u00e1biles, luego se env\u00edan por correo certificado o Colissimo. El plazo total var\u00eda de 10 a 20 d\u00edas h\u00e1biles seg\u00fan el tipo de calcoman\u00eda y el transportista.<\/p><\/div><\/section>\t\t\t\t\t\t\t\t<\/div>\n\t\t\t\t<\/div>\n\t\t\t\t\t<\/div>\n\t\t<\/div>\n\t\t\t\t\t<\/div>\n\t\t<\/section>\n\t\t\t\t<\/div>","protected":false},"excerpt":{"rendered":"<p>Ce que pensent nos clients \u2014 Avis MStickers 4,7\/5 la satisfaction de nos clients est au c\u0153ur de notre m\u00e9tier. Que ce soit pour des stickers personnalis\u00e9s, des kits d\u00e9co pour moto ou des impressions sur mesure, nous mettons tout en \u0153uvre pour garantir une qualit\u00e9 irr\u00e9prochable et un service r\u00e9actif. Voici ce que disent [&hellip;]<\/p>\n","protected":false},"author":1,"featured_media":0,"parent":0,"menu_order":0,"comment_status":"closed","ping_status":"closed","template":"","meta":{"footnotes":""},"class_list":["post-62370","page","type-page","status-publish","hentry","entry","owp-thumbs-layout-horizontal","owp-btn-big","owp-tabs-layout-horizontal","has-no-thumbnails"],"ase":null,"_links":{"self":[{"href":"https:\/\/www.m-stickers.com\/es\/wp-json\/wp\/v2\/pages\/62370","targetHints":{"allow":["GET"]}}],"collection":[{"href":"https:\/\/www.m-stickers.com\/es\/wp-json\/wp\/v2\/pages"}],"about":[{"href":"https:\/\/www.m-stickers.com\/es\/wp-json\/wp\/v2\/types\/page"}],"author":[{"embeddable":true,"href":"https:\/\/www.m-stickers.com\/es\/wp-json\/wp\/v2\/users\/1"}],"replies":[{"embeddable":true,"href":"https:\/\/www.m-stickers.com\/es\/wp-json\/wp\/v2\/comments?post=62370"}],"version-history":[{"count":17,"href":"https:\/\/www.m-stickers.com\/es\/wp-json\/wp\/v2\/pages\/62370\/revisions"}],"predecessor-version":[{"id":62405,"href":"https:\/\/www.m-stickers.com\/es\/wp-json\/wp\/v2\/pages\/62370\/revisions\/62405"}],"wp:attachment":[{"href":"https:\/\/www.m-stickers.com\/es\/wp-json\/wp\/v2\/media?parent=62370"}],"curies":[{"name":"(No translation possible without context.  \"wp\" is ambiguous.)","href":"https:\/\/api.w.org\/{rel}","templated":true}]}}