{"id":6488,"date":"2021-01-22T10:43:01","date_gmt":"2021-01-22T09:43:01","guid":{"rendered":"https:\/\/www.m-stickers.com\/?page_id=6488"},"modified":"2026-01-14T19:30:29","modified_gmt":"2026-01-14T18:30:29","slug":"entrega","status":"publish","type":"page","link":"https:\/\/www.m-stickers.com\/es\/livraison\/","title":{"rendered":"Entrega"},"content":{"rendered":"<div data-elementor-type=\"wp-page\" data-elementor-id=\"6488\" class=\"elementor elementor-6488\" data-elementor-post-type=\"page\">\n\t\t\t\t\t\t<section class=\"elementor-section elementor-top-section elementor-element elementor-element-3c3aae6 elementor-section-boxed elementor-section-height-default elementor-section-height-default\" data-id=\"3c3aae6\" data-element_type=\"section\" data-e-type=\"section\">\n\t\t\t\t\t\t<div class=\"elementor-container elementor-column-gap-default\">\n\t\t\t\t\t<div class=\"elementor-column elementor-col-100 elementor-top-column elementor-element elementor-element-1998c384\" data-id=\"1998c384\" data-element_type=\"column\" data-e-type=\"column\">\n\t\t\t<div class=\"elementor-widget-wrap elementor-element-populated\">\n\t\t\t\t\t\t<div class=\"elementor-element elementor-element-6133dbfe elementor-widget elementor-widget-text-editor\" data-id=\"6133dbfe\" data-element_type=\"widget\" data-e-type=\"widget\" data-widget_type=\"text-editor.default\">\n\t\t\t\t<div class=\"elementor-widget-container\">\n\t\t\t\t\t\t\t\t\t<h1 style=\"text-align: center;\" data-start=\"281\" data-end=\"294\">ENTREGA<\/h1>\n<p data-start=\"295\" data-end=\"330\"><strong data-start=\"295\" data-end=\"330\">M-Stickers \u2013 <a class=\"decorated-link\" href=\"http:\/\/www.m-stickers.com\/es\/\" target=\"_new\" rel=\"noopener\" data-start=\"310\" data-end=\"328\">www.m-stickers.com<\/a><\/strong><\/p>\n<hr data-start=\"332\" data-end=\"335\" \/>\n<h2 data-start=\"337\" data-end=\"382\">\ud83d\udce6 Preparaci\u00f3n y env\u00edo de pedidos<\/h2>\n<p data-start=\"384\" data-end=\"540\">Los productos M-Stickers se fabrican <strong data-start=\"423\" data-end=\"440\">al pedir<\/strong>, a menudo personalizados seg\u00fan las elecciones del cliente (colores, dimensiones, efectos, textos, acabados).<\/p>\n<p data-start=\"542\" data-end=\"712\">No tenemos stock: cada pedido se prepara y produce espec\u00edficamente para usted, para garantizar un acabado de calidad y una personalizaci\u00f3n \u00f3ptima.<\/p>\n<hr data-start=\"714\" data-end=\"717\" \/>\n<h2 data-start=\"719\" data-end=\"762\">\u23f1\ufe0f Plazos de preparaci\u00f3n y entrega<\/h2>\n<h3 data-start=\"764\" data-end=\"784\">Plazos de entrega est\u00e1ndar<\/h3>\n<p data-start=\"786\" data-end=\"848\">Los plazos de entrega que se indican a continuaci\u00f3n son orientativos:<\/p>\n<ul>\n<li data-start=\"852\" data-end=\"916\"><strong data-start=\"852\" data-end=\"916\">Plazo de preparaci\u00f3n + env\u00edo est\u00e1ndar: 10 d\u00edas h\u00e1biles<\/strong><\/li>\n<li data-start=\"919\" data-end=\"1042\">Para algunos productos personalizados o en periodos de alta demanda, el plazo de entrega puede prolongarse hasta <strong data-start=\"1022\" data-end=\"1042\">20 d\u00edas m\u00e1ximo<\/strong><\/li>\n<\/ul>\n<p data-start=\"1044\" data-end=\"1065\">Estos plazos incluyen:<\/p>\n<ul>\n<li data-start=\"1068\" data-end=\"1094\">la preparaci\u00f3n del archivo,<\/li>\n<li data-start=\"1097\" data-end=\"1110\">la impresi\u00f3n,<\/li>\n<li data-start=\"1113\" data-end=\"1124\">el corte,<\/li>\n<li data-start=\"1127\" data-end=\"1146\">el embalaje,<\/li>\n<li data-start=\"1149\" data-end=\"1162\">el env\u00edo.<\/li>\n<\/ul>\n<hr data-start=\"1164\" data-end=\"1167\" \/>\n<h3 data-start=\"1169\" data-end=\"1191\">Plazos espec\u00edficos<\/h3>\n<p data-start=\"1193\" data-end=\"1250\">Los plazos de entrega pueden extenderse en los siguientes casos:<\/p>\n<ul>\n<li data-start=\"1253\" data-end=\"1295\">productos hechos a medida o altamente personalizados,<\/li>\n<li data-start=\"1298\" data-end=\"1327\">pedidos al por mayor,<\/li>\n<li data-start=\"1330\" data-end=\"1369\">solicitudes espec\u00edficas o fuera de cat\u00e1logo,<\/li>\n<li data-start=\"1372\" data-end=\"1399\">per\u00edodos de alta actividad.<\/li>\n<\/ul>\n<p data-start=\"1401\" data-end=\"1468\">En estas situaciones, recomendamos que <strong data-start=\"1443\" data-end=\"1467\">pedir con antelaci\u00f3n<\/strong>.<\/p>\n<hr data-start=\"1470\" data-end=\"1473\" \/>\n<h2 data-start=\"1475\" data-end=\"1509\">\ud83d\udcec Embalaje del producto<\/h2>\n<p data-start=\"1511\" data-end=\"1601\">Nuestros productos se env\u00edan cuidadosamente para garantizar su protecci\u00f3n durante el transporte:<\/p>\n<ul>\n<li data-start=\"1605\" data-end=\"1690\">los kits decorativos y las tiras de llanta se env\u00edan en <strong data-start=\"1653\" data-end=\"1689\">sobres de cart\u00f3n reforzados<\/strong>,<\/li>\n<li data-start=\"1693\" data-end=\"1785\">seg\u00fan el tama\u00f1o y la cantidad, los productos pueden enviarse en un <strong data-start=\"1767\" data-end=\"1784\">caja adaptada<\/strong>.<\/li>\n<\/ul>\n<hr data-start=\"1787\" data-end=\"1790\" \/>\n<h2 data-start=\"1792\" data-end=\"1816\">\ud83c\udf0d Zonas de entrega<\/h2>\n<h3 data-start=\"1818\" data-end=\"1837\">Francia y Europa<\/h3>\n<p data-start=\"1839\" data-end=\"1853\">Enviamos a:<\/p>\n<ul>\n<li data-start=\"1856\" data-end=\"1881\">en Francia metropolitana,<\/li>\n<li data-start=\"1884\" data-end=\"1920\">en la mayor\u00eda de los pa\u00edses europeos.<\/li>\n<\/ul>\n<p data-start=\"1922\" data-end=\"2031\">Los gastos de env\u00edo se calculan autom\u00e1ticamente al realizar el pedido, en funci\u00f3n del pa\u00eds de destino.<\/p>\n<hr data-start=\"2033\" data-end=\"2036\" \/>\n<h3 data-start=\"2038\" data-end=\"2069\">Internacional \/ Fuera de Europa<\/h3>\n<p data-start=\"2071\" data-end=\"2165\">El env\u00edo tambi\u00e9n es posible a ciertos pa\u00edses fuera de Europa y territorios de ultramar.<\/p>\n<p data-start=\"2167\" data-end=\"2304\">Si tu pa\u00eds no est\u00e1 en la lista ofrecida durante el pedido, <strong data-start=\"2239\" data-end=\"2273\">no dude en contactarnos<\/strong> para evaluar la viabilidad.<\/p>\n<hr data-start=\"2306\" data-end=\"2309\" \/>\n<h2 data-start=\"2311\" data-end=\"2335\">\ud83d\udcb8 Gastos de env\u00edo<\/h2>\n<p data-start=\"2337\" data-end=\"2420\">Los gastos de env\u00edo se indican antes de la validaci\u00f3n final del pedido.<\/p>\n<p data-start=\"2422\" data-end=\"2562\">\ud83c\udf81 <strong data-start=\"2425\" data-end=\"2446\">Env\u00edo gratuito<\/strong><br data-start=\"2446\" data-end=\"2449\" \/>El env\u00edo es gratuito para cualquier pedido de un importe <strong data-start=\"2507\" data-end=\"2535\">igual o superior a 90 \u20ac<\/strong>, excluyendo promociones actuales.<\/p>\n<hr data-start=\"2564\" data-end=\"2567\" \/>\n<h2 data-start=\"2569\" data-end=\"2608\">\u26a0\ufe0f Retrasos e incidentes de entrega<\/h2>\n<p data-start=\"2610\" data-end=\"2665\">Los plazos de entrega se proporcionan a t\u00edtulo indicativo.<\/p>\n<p data-start=\"2667\" data-end=\"2819\">En caso de retraso superior a <strong data-start=\"2696\" data-end=\"2708\">30 d\u00edas<\/strong> (excepto en casos de fuerza mayor), el cliente puede solicitar la cancelaci\u00f3n del pedido y el reembolso total.<\/p>\n<hr data-start=\"2821\" data-end=\"2824\" \/>\n<h2 data-start=\"2826\" data-end=\"2850\">\ud83d\udce6 Recepci\u00f3n del paquete<\/h2>\n<p data-start=\"2852\" data-end=\"2896\">A la recepci\u00f3n, el cliente deber\u00e1:<\/p>\n<ul>\n<li data-start=\"2899\" data-end=\"2924\">verificar el estado del paquete,<\/li>\n<li data-start=\"2927\" data-end=\"3000\">informe de cualquier anomal\u00eda (paquete da\u00f1ado, producto faltante o deteriorado).<\/li>\n<\/ul>\n<p data-start=\"3002\" data-end=\"3041\">Cualquier reclamaci\u00f3n debe realizarse:<\/p>\n<ul>\n<li data-start=\"3044\" data-end=\"3067\">con el transportista,<\/li>\n<li data-start=\"3070\" data-end=\"3153\">y de M-Stickers,<br \/>en un plazo m\u00e1ximo de <strong data-start=\"3120\" data-end=\"3131\">3 d\u00edas<\/strong> seg\u00fan la recepci\u00f3n.<\/li>\n<\/ul>\n<hr data-start=\"3155\" data-end=\"3158\" \/>\n<h2 data-start=\"3160\" data-end=\"3186\">\ud83d\udce9 Contacto y asistencia<\/h2>\n<p data-start=\"3188\" data-end=\"3299\">Para cualquier pregunta sobre la entrega, los plazos o un pedido en curso, nuestro equipo est\u00e1 disponible:<\/p>\n<p data-start=\"3301\" data-end=\"3401\">\ud83d\udce7 <strong data-start=\"3304\" data-end=\"3330\"><a class=\"decorated-link cursor-pointer\" rel=\"noopener\" data-start=\"3306\" data-end=\"3328\">contact@m-stickers.com<\/a><\/strong><br data-start=\"3330\" data-end=\"3333\" \/>\ud83d\udce9 a trav\u00e9s del formulario de contacto del sitio web<br data-start=\"3372\" data-end=\"3375\" \/>\ud83d\udcac a trav\u00e9s de nuestras redes sociales<\/p>\n<p data-start=\"3403\" data-end=\"3484\">Hacemos todo lo posible para responder r\u00e1pidamente y apoyar a cada cliente.<\/p>\n<hr data-start=\"3486\" data-end=\"3489\" \/>\n<p data-start=\"3491\" data-end=\"3532\"><strong data-start=\"3491\" data-end=\"3514\">El equipo M-Stickers<\/strong><br data-start=\"3514\" data-end=\"3517\" \/>Mateo &amp; Maxence<\/p>\t\t\t\t\t\t\t\t<\/div>\n\t\t\t\t<\/div>\n\t\t\t\t\t<\/div>\n\t\t<\/div>\n\t\t\t\t\t<\/div>\n\t\t<\/section>\n\t\t\t\t<\/div>","protected":false},"excerpt":{"rendered":"<p>LIVRAISON M-Stickers \u2013 www.m-stickers.com \ud83d\udce6 Pr\u00e9paration et exp\u00e9dition des commandes Les produits M-Stickers sont fabriqu\u00e9s \u00e0 la commande, souvent personnalis\u00e9s selon les choix du client (couleurs, dimensions, effets, textes, finitions). Nous ne disposons pas de stock : chaque commande est pr\u00e9par\u00e9e et produite sp\u00e9cifiquement pour vous, afin de garantir un rendu de qualit\u00e9 et une [&hellip;]<\/p>\n","protected":false},"author":1,"featured_media":0,"parent":0,"menu_order":0,"comment_status":"closed","ping_status":"closed","template":"","meta":{"footnotes":""},"class_list":["post-6488","page","type-page","status-publish","hentry","entry","owp-thumbs-layout-horizontal","owp-btn-big","owp-tabs-layout-horizontal","has-no-thumbnails"],"_links":{"self":[{"href":"https:\/\/www.m-stickers.com\/es\/wp-json\/wp\/v2\/pages\/6488","targetHints":{"allow":["GET"]}}],"collection":[{"href":"https:\/\/www.m-stickers.com\/es\/wp-json\/wp\/v2\/pages"}],"about":[{"href":"https:\/\/www.m-stickers.com\/es\/wp-json\/wp\/v2\/types\/page"}],"author":[{"embeddable":true,"href":"https:\/\/www.m-stickers.com\/es\/wp-json\/wp\/v2\/users\/1"}],"replies":[{"embeddable":true,"href":"https:\/\/www.m-stickers.com\/es\/wp-json\/wp\/v2\/comments?post=6488"}],"version-history":[{"count":6,"href":"https:\/\/www.m-stickers.com\/es\/wp-json\/wp\/v2\/pages\/6488\/revisions"}],"predecessor-version":[{"id":63938,"href":"https:\/\/www.m-stickers.com\/es\/wp-json\/wp\/v2\/pages\/6488\/revisions\/63938"}],"wp:attachment":[{"href":"https:\/\/www.m-stickers.com\/es\/wp-json\/wp\/v2\/media?parent=6488"}],"curies":[{"name":"(No translation possible without context.  \"wp\" is ambiguous.)","href":"https:\/\/api.w.org\/{rel}","templated":true}]}}