{"id":13956,"date":"2021-07-26T17:07:51","date_gmt":"2021-07-26T15:07:51","guid":{"rendered":"https:\/\/www.m-stickers.com\/?post_type=product&#038;p=13956"},"modified":"2026-02-10T17:25:02","modified_gmt":"2026-02-10T16:25:02","slug":"kit-de-calcomanias-para-llantas-full-camo-1","status":"publish","type":"product","link":"https:\/\/www.m-stickers.com\/es\/produit\/kit-stickers-de-jantes-full-camo-1\/","title":{"rendered":"Calcoman\u00edas llanta Anillo \u2013 Camuflaje 1"},"content":{"rendered":"<h2>Kit Calcoman\u00edas Rines Anillo \u2013 Camuflaje 1 (para 2 rines):<\/h2>\n<p><span style=\"color: #ff0000;\"><strong>\u00a1Atenci\u00f3n! Este kit requiere desmontar las dos llantas para su instalaci\u00f3n.<\/strong><\/span><br \/>\nEl kit de decoraci\u00f3n de llantas Anillo \u2013 Camo 1 incluye:<\/p>\n<ul>\n<li>2 calcoman\u00edas circulares para la llanta delantera.<\/li>\n<li>2 calcoman\u00edas circulares para la llanta trasera.<\/li>\n<\/ul>\n<p>Todos nuestros adhesivos tienen una plastificaci\u00f3n que les asegura una durabilidad permanente, as\u00ed como resistencia a las salpicaduras de agua y a los rayos UV. Fabricados en Francia con vinilos de alta calidad, nuestros adhesivos para llantas <strong>Anillo \u2013 Camuflaje 1<\/strong> Tambi\u00e9n ofrecen una protecci\u00f3n ideal para tus llantas.<\/p>\n<h3>Consejos y tutorial para instalar el Kit de decoraci\u00f3n de llantas de motocicleta de 17 pulgadas Anillo:<\/h3>\n<p>Los stickers de llantas de moto Aro - Bicolor son muy f\u00e1ciles de instalar. Aqu\u00ed tienes un tutorial para ayudarte a instalar correctamente tu kit de stickers Full. <span style=\"color: #ff0000;\">Antes de comenzar, aqu\u00ed tienes las precauciones que debes tomar:<\/span><\/p>\n<ul>\n<li>Aseg\u00farate de que la superficie de la llanta est\u00e9 lisa.<\/li>\n<li>Limpie y desengrase a fondo la **llanta** con nuestro <strong><a href=\"https:\/\/www.m-stickers.com\/es\/product-tag\/limpiador-de-llantas-2\/\">Limpiador de llantas especial para adhesivos<\/a><\/strong> \u00a1Se puede usar agua jabonosa, pero quiz\u00e1s no sea suficiente para eliminar los residuos de grasa persistentes. El alcohol es una alternativa, pero... <span style=\"color: #ff0000;\">no utilice WD40 ni ning\u00fan otro producto que contenga silicona<\/span>El aro debe estar impecablemente limpio.<\/li>\n<li>Evita manipular los adhesivos por el lado adhesivo.<\/li>\n<li>Si no aplica los stickers inmediatamente, gu\u00e1rdelos en un lugar seco y protegido del sol.<\/li>\n<li>Al aplicar, elija un lugar con una temperatura de al menos 15\u00b0C, protegido del viento y del polvo. Calentar ligeramente la llanta antes de la instalaci\u00f3n tambi\u00e9n puede mejorar la adherencia de los vinilos. Una temperatura demasiado baja puede comprometer la adhesi\u00f3n \u00f3ptima de los vinilos.<\/li>\n<li>Despu\u00e9s de la aplicaci\u00f3n, evite la exposici\u00f3n al fr\u00edo y a la humedad para garantizar una buena adhesi\u00f3n.<\/li>\n<\/ul>\n<p><a href=\"https:\/\/www.m-stickers.com\/es\/tutoria-sobre-como-colocar-el-kit-de-decoracion-de-llantas-con-anillos\/\"><strong>Consejos y tutoriales para instalar su kit decorativo <\/strong><\/a><a href=\"https:\/\/www.m-stickers.com\/es\/tutoria-sobre-como-colocar-el-kit-de-decoracion-de-llantas-con-anillos\/\"><img decoding=\"async\" class=\"alignnone wp-image-6382\" src=\"https:\/\/www.m-stickers.com\/wp-content\/uploads\/2021\/01\/bouton-tuto-300x74.png\" alt=\"\" width=\"150\" height=\"37\" srcset=\"https:\/\/www.m-stickers.com\/wp-content\/uploads\/2021\/01\/bouton-tuto-300x74.png 300w, https:\/\/www.m-stickers.com\/wp-content\/uploads\/2021\/01\/bouton-tuto.png 413w\" sizes=\"(max-width: 150px) 100vw, 150px\" \/><\/a><\/p>\n<h4><a href=\"https:\/\/www.youtube.com\/watch?v=0O3GAvq4GVQ\">V\u00eddeo tutorial completo para montar el kit de decoraci\u00f3n de llantas Anillo<\/a><\/h4>\n<hr \/>\n<h2>\u00bfSe pueden personalizar los adhesivos de la llanta de anillo?<\/h2>\n<p>\u00a1Puedes personalizar tu kit decorativo para llantas Anneau eligiendo entre nuestros efectos! Ofrecemos opciones como: Hologr\u00e1fico \/ Fotoluminiscente \/ Retrorreflectante \/ Fl\u00faor \/ Brillante \/ Mate. <strong>Por favor, proporciona el texto en franc\u00e9s que deseas traducir al espa\u00f1ol. <a href=\"https:\/\/www.m-stickers.com\/es\/nuestros-adhesivos\/\">\u00a1Haz clic aqu\u00ed para saber m\u00e1s sobre nuestros efectos de pegatinas!<\/a><\/strong><br \/>\nTambi\u00e9n puedes dise\u00f1ar tu propio kit decorativo de aros de llanta con nuestro <strong><a href=\"https:\/\/www.m-stickers.com\/es\/categorie-configurator\/\">\u00a1Configur\u00e1dor instant\u00e1neo!<\/a><a href=\"https:\/\/www.m-stickers.com\/es\/categorie-configurator\/\"><img decoding=\"async\" class=\"alignnone wp-image-6380\" src=\"https:\/\/www.m-stickers.com\/wp-content\/uploads\/2021\/01\/bouton-configurator-3-300x74.png\" alt=\"\" width=\"150\" height=\"37\" srcset=\"https:\/\/www.m-stickers.com\/wp-content\/uploads\/2021\/01\/bouton-configurator-3-300x74.png 300w, https:\/\/www.m-stickers.com\/wp-content\/uploads\/2021\/01\/bouton-configurator-3.png 413w\" sizes=\"(max-width: 150px) 100vw, 150px\" \/><\/a><\/strong><\/p>\n<hr \/>\n<h3>Kit de decoraci\u00f3n de llantas de motocicleta de 17 pulgadas. Anillo: \u00bfcu\u00e1les son los colores disponibles?<\/h3>\n<p>Nuestros kits decorativos de llantas de moto se ofrecen por defecto en los siguientes colores: Blanco \/ Negro \/ Rojo \/ Naranja \/ Amarillo \/ Verde \/ Cian \/ Azul \/ Rosa. Tambi\u00e9n puedes elegir un color personalizado a trav\u00e9s de nuestra opci\u00f3n de color espec\u00edfica o consultando nuestra tabla de colores: <a href=\"https:\/\/www.m-stickers.com\/es\/etiquetas-de-gama-de-colores\/\">Nuancier M-Stickers<\/a>.<\/p>\n<hr \/>\n<h4>\u00bfTienes alguna pregunta sobre el kit decorativo para llanta? \u00bfNecesitas una personalizaci\u00f3n? No dudes en contactarnos a trav\u00e9s de la p\u00e1gina de contacto: <a href=\"https:\/\/www.m-stickers.com\/es\/contacto\/\"><img decoding=\"async\" class=\"alignnone wp-image-6381\" src=\"https:\/\/www.m-stickers.com\/wp-content\/uploads\/2021\/01\/bouton-contact-300x74.png\" alt=\"\" width=\"150\" height=\"37\" srcset=\"https:\/\/www.m-stickers.com\/wp-content\/uploads\/2021\/01\/bouton-contact-300x74.png 300w, https:\/\/www.m-stickers.com\/wp-content\/uploads\/2021\/01\/bouton-contact.png 413w\" sizes=\"(max-width: 150px) 100vw, 150px\" \/><\/a><\/h4>\n<h4><\/h4>","protected":false},"excerpt":{"rendered":"<h2 style=\"text-align: center;\">Kit Calcoman\u00edas Llantas Anillo \u2013 Camuflaje 1 (para 2 llantas)<\/h2>\n<hr \/>\n<h2 style=\"text-align: center;\"><span style=\"color: #ff0000;\"><strong>KIT DE ANILLO PERSONALIZADO<\/strong><\/span><\/h2>\n<h3 style=\"text-align: justify; text-justify: inter-word;\"><strong><a href=\"https:\/\/www.m-stickers.com\/es\/configurador\/configurar\/53173\/\">\u00a1Personaliza tu kit decorativo para llantas y aros con m\u00e1s dise\u00f1os, m\u00e1s colores y efectos exclusivos gracias a nuestro configurador!<\/a><\/strong><\/h3>\n<h3><strong><a href=\"https:\/\/www.m-stickers.com\/es\/configurador\/configurar\/53173\/\"><img loading=\"lazy\" decoding=\"async\" class=\"aligncenter wp-image-6380\" src=\"https:\/\/www.m-stickers.com\/wp-content\/uploads\/2021\/01\/bouton-configurator-3-300x74.png\" alt=\"\" width=\"150\" height=\"37\" srcset=\"https:\/\/www.m-stickers.com\/wp-content\/uploads\/2021\/01\/bouton-configurator-3-300x74.png 300w, https:\/\/www.m-stickers.com\/wp-content\/uploads\/2021\/01\/bouton-configurator-3.png 413w\" sizes=\"(max-width: 150px) 100vw, 150px\" \/><\/a><\/strong><\/h3>\n<hr \/>\n<h2 style=\"text-align: center;\"><span style=\"color: #ff0000;\"><strong>ANILLO KIT<\/strong><\/span><\/h2>","protected":false},"featured_media":13983,"comment_status":"open","ping_status":"closed","template":"","meta":[],"product_brand":[],"product_cat":[132],"product_tag":[354,400,133,127],"class_list":{"0":"post-13956","1":"product","2":"type-product","3":"status-publish","4":"has-post-thumbnail","6":"product_cat-kits-full","7":"product_tag-anneau","8":"product_tag-anneaux","9":"product_tag-stickers-full","10":"product_tag-stickers-jantes","11":"product_shipping_class-anneau","13":"entry","14":"has-media","16":"first","17":"instock","18":"taxable","19":"shipping-taxable","20":"purchasable","21":"product-type-variable","22":"has-default-attributes","23":"col","24":"span_1_of_5","25":"owp-content-center","26":"item-entry","27":"owp-thumbs-layout-horizontal","28":"owp-btn-big","29":"owp-tabs-layout-horizontal","30":"has-no-thumbnails"},"ase":null,"_links":{"self":[{"href":"https:\/\/www.m-stickers.com\/es\/wp-json\/wp\/v2\/product\/13956","targetHints":{"allow":["GET"]}}],"collection":[{"href":"https:\/\/www.m-stickers.com\/es\/wp-json\/wp\/v2\/product"}],"about":[{"href":"https:\/\/www.m-stickers.com\/es\/wp-json\/wp\/v2\/types\/product"}],"replies":[{"embeddable":true,"href":"https:\/\/www.m-stickers.com\/es\/wp-json\/wp\/v2\/comments?post=13956"}],"wp:featuredmedia":[{"embeddable":true,"href":"https:\/\/www.m-stickers.com\/es\/wp-json\/wp\/v2\/media\/13983"}],"wp:attachment":[{"href":"https:\/\/www.m-stickers.com\/es\/wp-json\/wp\/v2\/media?parent=13956"}],"wp:term":[{"taxonomy":"product_brand","embeddable":true,"href":"https:\/\/www.m-stickers.com\/es\/wp-json\/wp\/v2\/product_brand?post=13956"},{"taxonomy":"product_cat","embeddable":true,"href":"https:\/\/www.m-stickers.com\/es\/wp-json\/wp\/v2\/product_cat?post=13956"},{"taxonomy":"product_tag","embeddable":true,"href":"https:\/\/www.m-stickers.com\/es\/wp-json\/wp\/v2\/product_tag?post=13956"}],"curies":[{"name":"(No translation possible without context.  \"wp\" is ambiguous.)","href":"https:\/\/api.w.org\/{rel}","templated":true}]}}