{"id":14843,"date":"2021-09-05T18:55:36","date_gmt":"2021-09-05T16:55:36","guid":{"rendered":"https:\/\/www.m-stickers.com\/?post_type=product&#038;p=14843"},"modified":"2025-06-11T10:30:33","modified_gmt":"2025-06-11T08:30:33","slug":"juego-de-calcomanias-llantas-superduke-1290r","status":"publish","type":"product","link":"https:\/\/www.m-stickers.com\/es\/produit\/kit-stickers-jantes-superduke-1290r\/","title":{"rendered":"Kit de decoraci\u00f3n Superduke 1290 R de KTM para llantas"},"content":{"rendered":"<h2>Kit deco superduke 1290 r KTM pour jantes<\/h2>\n<p><span style=\"font-weight: 400;\">\u00bfQuieres realzar el aspecto deportivo de tu moto?<br \/>\n\u00a1El kit decorativo Superduke 1200 R KTM para llantas es para ti!\u00a0<\/span><\/p>\n<p><span style=\"font-weight: 400;\">El kit de calcoman\u00edas decorativas<\/span><a href=\"https:\/\/www.m-stickers.com\/es\/2022\/02\/21\/calcomanias-de-llantas-moto-ktm\/\"><span style=\"font-weight: 400;\"> KTM Superduke 1290 R completo<\/span><\/a><span style=\"font-weight: 400;\">En 17 pulgadas incluye las 2 llantas:<\/span><\/p>\n<ul>\n<li><span style=\"font-weight: 400;\">8 Tiradores precurvados de 8 mm KTM,\u00a0<\/span><\/li>\n<li style=\"font-weight: 400;\"><span style=\"font-weight: 400;\">8 Arandelas pre-curvadas de 8mm Superduke 1290 R,<\/span><\/li>\n<li style=\"font-weight: 400;\"><span style=\"font-weight: 400;\">4 Calcoman\u00edas interiores de llantas KTM<\/span><\/li>\n<li style=\"font-weight: 400;\"><span style=\"font-weight: 400;\">4 Calcoman\u00edas interiores de llantas Superduke 1290 R<\/span><\/li>\n<li style=\"font-weight: 400;\"><span style=\"font-weight: 400;\">1 Logo KTM<\/span><\/li>\n<\/ul>\n<p><b>\u00bfPor qu\u00e9 nuestros stickers son los mejores?<br \/>\n<\/b><\/p>\n<p><span style=\"font-weight: 400;\">Nuestros calcoman\u00edas est\u00e1n dise\u00f1adas por motociclistas que conocen las limitaciones de las inclemencias del tiempo y los rayos UV.<br \/>\nPor eso utilizamos materiales de alta calidad: mejor vinilo, adhesivo mon\u00f3mero 100% para una fijaci\u00f3n permanente, resistentes al agua y a los rayos UV.<br \/>\n<\/span><\/p>\n<p><span style=\"font-weight: 400;\">Puntos fuertes: personalizables de la A a la Z y f\u00e1ciles de colocar. <\/span><span style=\"font-weight: 400; color: #ff0000;\">??<\/span><\/p>\n<p><span style=\"font-weight: 400;\">Tambi\u00e9n puedes solicitar la creaci\u00f3n de un kit decorativo completo.<\/span> a medida, a juego con tu motocicleta<a href=\"https:\/\/www.m-stickers.com\/es\/contacto\/\"> <span style=\"font-weight: 400;\">aqu\u00ed<\/span><\/a><span style=\"font-weight: 400;\"> !<\/span><\/p>\n<hr \/>\n<h2><b>Personnaliser mon <\/b>Kit deco superduke 1290 r KTM pour jantes<\/h2>\n<p><span style=\"font-weight: 400;\">Puedes elegir el kit naranja o cambiar el color de nuestra selecci\u00f3n: <\/span><i><span style=\"font-weight: 400;\">Blanco<br \/>\n<\/span><\/i>Tambi\u00e9n puede solicitar un color espec\u00edfico a\u00f1adiendo el c\u00f3digo de color del tono en el comentario del pedido.<\/p>\n<p><span style=\"font-weight: 400;\"><strong>P<\/strong><strong style=\"font-weight: 400;\">ersonnalise<\/strong> compl\u00e8tement le kit deco superduke 1290 R pour jantes dans notre<\/span><a href=\"https:\/\/www.m-stickers.com\/es\/configurador\/configurar\/14896\/\"> <span style=\"font-weight: 400;\">configurator <\/span><\/a><span style=\"font-weight: 400;\">si desea algo \u00fanico.<br \/>\n<\/span><\/p>\n<p><strong><a href=\"https:\/\/www.m-stickers.com\/es\/configurador\/configurar\/14896\/\"><img decoding=\"async\" class=\"aligncenter wp-image-6380\" src=\"https:\/\/www.m-stickers.com\/wp-content\/uploads\/2021\/01\/bouton-configurator-3-300x74.png\" alt=\"Configurador de calcoman\u00edas para llantas Kawasaki Z750\" width=\"150\" height=\"37\" srcset=\"https:\/\/www.m-stickers.com\/wp-content\/uploads\/2021\/01\/bouton-configurator-3-300x74.png 300w, https:\/\/www.m-stickers.com\/wp-content\/uploads\/2021\/01\/bouton-configurator-3.png 413w\" sizes=\"(max-width: 150px) 100vw, 150px\" \/><\/a><\/strong><\/p>\n<p><span style=\"font-weight: 400;\">Elige el dise\u00f1o y el color de cada pegatina una por una y ve el resultado en directo.<br \/>\nA\u00f1adir <a href=\"https:\/\/www.m-stickers.com\/es\/product\/ta-moto-nest-pas-referencee\/\">liser\u00e9s<\/a>\u00a0et des stickers compl\u00e9mentaires.<br \/>\nTambi\u00e9n puedes cambiar el efecto para complementar el estilo: Hologr\u00e1fico \/ Fotoluminiscente \/ Retrorreflectante \/ Fl\u00faor \/ Brillante \/ Mate.<\/span><\/p>\n<p><a href=\"https:\/\/www.m-stickers.com\/es\/nuestros-adhesivos\/\"><b>Comment choisir son effet ?<\/b><\/a><\/p>\n<hr \/>\n<h3><b>Instalar el kit decorativo Superduke 1290 R KTM para llantas <\/b><\/h3>\n<p><span style=\"font-weight: 400;\">La pose des stickers est facile mais demande \u00e0 \u00eatre rigoureux sur le nettoyage.<br \/>\nAqu\u00ed tienes algunos consejos para la colocaci\u00f3n de tus calcoman\u00edas.<\/span><\/p>\n<ul>\n<li style=\"font-weight: 400;\"><span style=\"font-weight: 400;\">Poser les stickers \u00e0 l\u2019abri du vent et de la poussi\u00e8re et lors d\u2019une temp\u00e9rature mod\u00e9r\u00e9e (entre 15 et 25\u00b0)<\/span><\/li>\n<li style=\"font-weight: 400;\"><span style=\"color: #ff0000;\"><b>No utilices WD40 u otros productos con silicona para limpiar tus llantas,<\/b><\/span><\/li>\n<li style=\"font-weight: 400;\"><span style=\"font-weight: 400;\">Las llantas deben estar perfectamente limpias.<\/span><\/li>\n<li style=\"font-weight: 400;\"><span style=\"font-weight: 400;\">Si les stickers ne sont pas utilis\u00e9s de suite, les entreposer dans un endroit sec et \u00e0 l\u2019abri du soleil,<\/span><\/li>\n<li style=\"font-weight: 400;\"><span style=\"font-weight: 400;\">Podr\u00e1s usar nuestro<\/span><a href=\"https:\/\/www.m-stickers.com\/es\/product\/raclette-de-pose-translates-to-bandeja-de-colocacion-or-bandeja-de-aplicacion-in-spanish-the-best-choice-depends-on-the-specific-context\/\"> <span style=\"font-weight: 400;\">Pegatinas de raclette<\/span><\/a><span style=\"font-weight: 400;\"> para obtener acabados limpios y optimizar la longevidad de su kit,<\/span><\/li>\n<li style=\"font-weight: 400;\"><span style=\"font-weight: 400;\">Preferiblemente, un tiempo de reposo despu\u00e9s de la instalaci\u00f3n de 24-48H.<\/span><\/li>\n<\/ul>\n<p><span style=\"font-weight: 400;\">Puedes seguir nuestro tutorial en v\u00eddeo o nuestro<\/span><a href=\"https:\/\/www.m-stickers.com\/es\/como-colocar-tus-calcomanias-de-llantas-de-moto\/\"> <span style=\"font-weight: 400;\">Art\u00edculo<\/span><\/a><span style=\"font-weight: 400;\"> Para conocer todos los pasos.<br \/>\n<\/span><\/p>\n<p><strong><a href=\"https:\/\/www.m-stickers.com\/es\/como-colocar-tus-calcomanias-de-llantas-de-moto\/\"><img decoding=\"async\" class=\"wp-image-6382 aligncenter\" src=\"https:\/\/www.m-stickers.com\/wp-content\/uploads\/2021\/01\/bouton-tuto-300x74.png\" alt=\"\" width=\"150\" height=\"37\" srcset=\"https:\/\/www.m-stickers.com\/wp-content\/uploads\/2021\/01\/bouton-tuto-300x74.png 300w, https:\/\/www.m-stickers.com\/wp-content\/uploads\/2021\/01\/bouton-tuto.png 413w\" sizes=\"(max-width: 150px) 100vw, 150px\" \/><\/a><\/strong><\/p>\n<p><b>\u00a1Coloca tus stickers siguiendo los pasos!<\/b><\/p>\n<hr \/>\n<h2><b>Comentarios de clientes<\/b><\/h2>\n<blockquote><p><span style=\"font-weight: 400;\">\u00a1Genial!\u00a0<\/span><\/p>\n<p>\u00a1Gran impulso para mi venta!<\/p>\n<p><span style=\"font-weight: 400;\">\u00a1Gracias M-Stickers por esta calidad!\u00a0<\/span><\/p>\n<p><span style=\"font-weight: 400;\">Es bonito\u00a0<\/span><\/p>\n<p><span style=\"font-weight: 400;\">Calcoman\u00edas personalizadas de alta calidad para tu Juguete.\u00a0<\/span><\/p><\/blockquote>\n<p><b>Escr\u00edbanos sus preguntas sobre los vinilos, o cualquier solicitud de personalizaci\u00f3n ??:<\/b><\/p>\n<h4><a href=\"https:\/\/www.m-stickers.com\/es\/contacto\/\"><img decoding=\"async\" class=\"wp-image-6381 aligncenter\" src=\"https:\/\/www.m-stickers.com\/wp-content\/uploads\/2021\/01\/bouton-contact-300x74.png\" alt=\"Calcoman\u00edas llantas Kawasaki Z750 contacto\" width=\"150\" height=\"37\" srcset=\"https:\/\/www.m-stickers.com\/wp-content\/uploads\/2021\/01\/bouton-contact-300x74.png 300w, https:\/\/www.m-stickers.com\/wp-content\/uploads\/2021\/01\/bouton-contact.png 413w\" sizes=\"(max-width: 150px) 100vw, 150px\" \/><\/a><\/h4>\n<p>&nbsp;<\/p>","protected":false},"excerpt":{"rendered":"<h2>Kit de decoraci\u00f3n Superduke 1290 R de KTM para llantas<\/h2>\n<p>El kit completo incluye para las 2 llantas:<\/p>\n<ul>\n<li><span style=\"font-weight: 400;\">8 Tiradores precurvados de 8 mm KTM,\u00a0<\/span><\/li>\n<li style=\"font-weight: 400;\"><span style=\"font-weight: 400;\">8 Arandelas pre-curvadas de 8mm Superduke 1290 R,<\/span><\/li>\n<li style=\"font-weight: 400;\"><span style=\"font-weight: 400;\">4 Calcoman\u00edas interiores de llantas KTM<\/span><\/li>\n<li style=\"font-weight: 400;\"><span style=\"font-weight: 400;\">4 Calcoman\u00edas interiores de llantas Superduke 1290 R<\/span><\/li>\n<li style=\"font-weight: 400;\"><span style=\"font-weight: 400;\">1 Logo KTM.<\/span><\/li>\n<\/ul>\n<p>Color a elegir<\/p>\n<h3><strong><a href=\"https:\/\/www.m-stickers.com\/es\/configurador\/configurar\/14896\/\">\u00a1Personaliza tu kit decorativo para llantas con nuestro configurador en l\u00ednea! <\/a><\/strong><\/h3>\n<h3><strong><a href=\"https:\/\/www.m-stickers.com\/es\/configurador\/configurar\/14896\/\"><img loading=\"lazy\" decoding=\"async\" class=\"alignnone wp-image-6380\" src=\"https:\/\/www.m-stickers.com\/wp-content\/uploads\/2021\/01\/bouton-configurator-3-300x74.png\" alt=\"\" width=\"150\" height=\"37\" srcset=\"https:\/\/www.m-stickers.com\/wp-content\/uploads\/2021\/01\/bouton-configurator-3-300x74.png 300w, https:\/\/www.m-stickers.com\/wp-content\/uploads\/2021\/01\/bouton-configurator-3.png 413w\" sizes=\"(max-width: 150px) 100vw, 150px\" \/><\/a><\/strong><\/h3>","protected":false},"featured_media":14162,"comment_status":"open","ping_status":"closed","template":"","meta":[],"product_brand":[],"product_cat":[15,59],"product_tag":[147,527,149,148,127,129,1090],"class_list":{"0":"post-14843","1":"product","2":"type-product","3":"status-publish","4":"has-post-thumbnail","6":"product_cat-kits-stickers-jantes-moto-complet","7":"product_cat-kit-deco-jantes-ktm","8":"product_tag-1290-duke","9":"product_tag-1290-r","10":"product_tag-kit-deco-1290-duke","11":"product_tag-kit-deco-superduke-1290","12":"product_tag-stickers-jantes","13":"product_tag-stickers-jantes-ktm","14":"product_tag-superduke-1290-r","15":"product_shipping_class-standard","17":"entry","18":"has-media","20":"first","21":"instock","22":"taxable","23":"shipping-taxable","24":"purchasable","25":"product-type-variable","26":"has-default-attributes","27":"col","28":"span_1_of_5","29":"owp-content-center","30":"item-entry","31":"owp-thumbs-layout-horizontal","32":"owp-btn-big","33":"owp-tabs-layout-horizontal"},"ase":null,"_links":{"self":[{"href":"https:\/\/www.m-stickers.com\/es\/wp-json\/wp\/v2\/product\/14843","targetHints":{"allow":["GET"]}}],"collection":[{"href":"https:\/\/www.m-stickers.com\/es\/wp-json\/wp\/v2\/product"}],"about":[{"href":"https:\/\/www.m-stickers.com\/es\/wp-json\/wp\/v2\/types\/product"}],"replies":[{"embeddable":true,"href":"https:\/\/www.m-stickers.com\/es\/wp-json\/wp\/v2\/comments?post=14843"}],"wp:featuredmedia":[{"embeddable":true,"href":"https:\/\/www.m-stickers.com\/es\/wp-json\/wp\/v2\/media\/14162"}],"wp:attachment":[{"href":"https:\/\/www.m-stickers.com\/es\/wp-json\/wp\/v2\/media?parent=14843"}],"wp:term":[{"taxonomy":"product_brand","embeddable":true,"href":"https:\/\/www.m-stickers.com\/es\/wp-json\/wp\/v2\/product_brand?post=14843"},{"taxonomy":"product_cat","embeddable":true,"href":"https:\/\/www.m-stickers.com\/es\/wp-json\/wp\/v2\/product_cat?post=14843"},{"taxonomy":"product_tag","embeddable":true,"href":"https:\/\/www.m-stickers.com\/es\/wp-json\/wp\/v2\/product_tag?post=14843"}],"curies":[{"name":"(No translation possible without context.  \"wp\" is ambiguous.)","href":"https:\/\/api.w.org\/{rel}","templated":true}]}}