{"id":14915,"date":"2021-09-07T15:18:49","date_gmt":"2021-09-07T13:18:49","guid":{"rendered":"https:\/\/www.m-stickers.com\/?post_type=product&#038;p=14915"},"modified":"2025-09-30T11:42:15","modified_gmt":"2025-09-30T09:42:15","slug":"plumon-para-neumaticos","status":"publish","type":"product","link":"https:\/\/www.m-stickers.com\/es\/produit\/stylo-feutre-pour-pneus\/","title":{"rendered":"Tinta blanca para neum\u00e1ticos"},"content":{"rendered":"<h2>Pluma\/estilogr\u00e1fica blanca para neum\u00e1ticos<\/h2>\n<p>\u00bfQuiere resaltar la marca de su neum\u00e1tico o pintar su propio texto? \u00a1Gracias a nuestro rotulador blanco para neum\u00e1ticos, personalice a\u00fan m\u00e1s su motocicleta!<br \/>\n\u00a1Usa nuestro marcador permanente, resistente a los rayos UV y al agua para personalizar tu moto como las motos de carreras!<\/p>\n<p>Antes de empezar con sus neum\u00e1ticos, puede hacer una prueba en un neum\u00e1tico gastado o facilitar su trabajo pintando durante un cambio de neum\u00e1tico para estar mejor posicionado.<\/p>\n<p>Aqu\u00ed est\u00e1n los diferentes pasos a seguir para pintar su neum\u00e1tico con el rotulador blanco indeleble para neum\u00e1ticos:<\/p>\n<ul>\n<li><strong>Preparaci\u00f3n de los neum\u00e1ticos: <\/strong>Antes que nada, limpie bien el neum\u00e1tico con un cepillo o un trapo para que quede bien limpio. Agua y jab\u00f3n\/lavavajillas funcionan muy bien,<\/li>\n<li><strong>Pintar el neum\u00e1tico con rotulador indeleble: <\/strong>Agita el rotulador indeleble para mezclar bien la pintura. Puedes aplicar el rotulador directamente sobre el texto y los logotipos del neum\u00e1tico o escribir lo que quieras.,<\/li>\n<li>Puede ser que la coloraci\u00f3n no sea perfecta despu\u00e9s de la primera capa. Puede aplicar 2 o 3 capas para obtener un buen resultado. Si el neum\u00e1tico tiene ranuras, no dude en pasar varias veces vertical y horizontalmente para colorear el neum\u00e1tico de su motocicleta lo mejor posible.,<\/li>\n<li><strong>Secado: <\/strong>No olvide dejar secar el neum\u00e1tico durante unos treinta minutos para asegurar una adherencia \u00f3ptima del color al neum\u00e1tico.<\/li>\n<\/ul>\n<p>Consejo de pintura: La acetona permite borrar el rotulador si hay una mancha o si quieres cambiar de estilo.<br \/>\nIdeal para eventos.<\/p>\n<hr \/>\n<h2>Personalizar su moto<\/h2>\n<p>Despu\u00e9s de personalizar su goma con el rotulador blanco para neum\u00e1ticos, tambi\u00e9n puede equipar sus llantas con <a href=\"https:\/\/www.m-stickers.com\/es\/product-category\/kits-de-calcomanias-para-llantas-de-moto-completos\/\">Calcoman\u00edas para llantas.<\/a><\/p>\n<p>El resultado final vale la pena.<br \/>\nNuestros clientes afirman que esto impulsa las ventas, \u00a1pero tambi\u00e9n hace girar las cabezas!<\/p>\n<hr \/>\n<p>&nbsp;<\/p>\n<h2>Solicitudes especiales<\/h2>\n<p>No dude en ponerse en contacto con nosotros para cualquier solicitud especial o adicional.<br \/>\nTambi\u00e9n puede escribirnos preguntas relacionadas con nuestros productos.<\/p>\n<p><a href=\"https:\/\/www.m-stickers.com\/es\/contacto\/\"><img decoding=\"async\" class=\"wp-image-6381 aligncenter\" src=\"https:\/\/www.m-stickers.com\/wp-content\/uploads\/2021\/01\/bouton-contact-300x74.png\" alt=\"\" width=\"219\" height=\"54\" srcset=\"https:\/\/www.m-stickers.com\/wp-content\/uploads\/2021\/01\/bouton-contact-300x74.png 300w, https:\/\/www.m-stickers.com\/wp-content\/uploads\/2021\/01\/bouton-contact.png 413w\" sizes=\"(max-width: 219px) 100vw, 219px\" \/><\/a><\/p>\n<p>&nbsp;<\/p>","protected":false},"excerpt":{"rendered":"<h2>Tinta blanca para neum\u00e1ticos<\/h2>\n<p>\u00bfQuieres destacar la marca de tu neum\u00e1tico o pintar tu propio texto en la goma? \u00a1Gracias a nuestro rotulador blanco para neum\u00e1ticos, personaliza a\u00fan m\u00e1s tu moto!<\/p>\n<p>Indeleble, resistente a los UV e impermeable para una mejor durabilidad.<\/p>","protected":false},"featured_media":58594,"comment_status":"open","ping_status":"closed","template":"","meta":[],"product_brand":[],"product_cat":[1231],"product_tag":[448,451,449,450],"class_list":{"0":"post-14915","1":"product","2":"type-product","3":"status-publish","4":"has-post-thumbnail","6":"product_cat-nettoyant-jante","7":"product_tag-feutre","8":"product_tag-feutre-pneus","9":"product_tag-pneu","10":"product_tag-stylo-pour-pneu","11":"product_shipping_class-feutre","13":"entry","14":"has-media","16":"first","17":"instock","18":"taxable","19":"shipping-taxable","20":"purchasable","21":"product-type-simple","22":"col","23":"span_1_of_5","24":"owp-content-center","25":"item-entry","26":"owp-thumbs-layout-horizontal","27":"owp-btn-big","28":"owp-tabs-layout-horizontal"},"ase":null,"_links":{"self":[{"href":"https:\/\/www.m-stickers.com\/es\/wp-json\/wp\/v2\/product\/14915","targetHints":{"allow":["GET"]}}],"collection":[{"href":"https:\/\/www.m-stickers.com\/es\/wp-json\/wp\/v2\/product"}],"about":[{"href":"https:\/\/www.m-stickers.com\/es\/wp-json\/wp\/v2\/types\/product"}],"replies":[{"embeddable":true,"href":"https:\/\/www.m-stickers.com\/es\/wp-json\/wp\/v2\/comments?post=14915"}],"wp:featuredmedia":[{"embeddable":true,"href":"https:\/\/www.m-stickers.com\/es\/wp-json\/wp\/v2\/media\/58594"}],"wp:attachment":[{"href":"https:\/\/www.m-stickers.com\/es\/wp-json\/wp\/v2\/media?parent=14915"}],"wp:term":[{"taxonomy":"product_brand","embeddable":true,"href":"https:\/\/www.m-stickers.com\/es\/wp-json\/wp\/v2\/product_brand?post=14915"},{"taxonomy":"product_cat","embeddable":true,"href":"https:\/\/www.m-stickers.com\/es\/wp-json\/wp\/v2\/product_cat?post=14915"},{"taxonomy":"product_tag","embeddable":true,"href":"https:\/\/www.m-stickers.com\/es\/wp-json\/wp\/v2\/product_tag?post=14915"}],"curies":[{"name":"(No translation possible without context.  \"wp\" is ambiguous.)","href":"https:\/\/api.w.org\/{rel}","templated":true}]}}