{"id":14935,"date":"2021-09-07T15:57:56","date_gmt":"2021-09-07T13:57:56","guid":{"rendered":"https:\/\/www.m-stickers.com\/?post_type=product&#038;p=14935"},"modified":"2025-06-11T10:32:31","modified_gmt":"2025-06-11T08:32:31","slug":"tu-moto-no-esta-registrada-como-kit-de-decoracion","status":"publish","type":"product","link":"https:\/\/www.m-stickers.com\/es\/produit\/ta-moto-nest-pas-referencee-kit-deco\/","title":{"rendered":"\u00bfTu motocicleta no est\u00e1 referenciada? (Kit decorativo)"},"content":{"rendered":"<p>Tu moto no est\u00e1 referenciada en M-Stickers pero no puedes esperar m\u00e1s, \u00a1te encantar\u00e1 el kit decorativo para moto a medida!<\/p>\n<p>\u00a1Lo crearemos a medida seg\u00fan sus deseos!<br \/>\nEl kit incluye pegatinas para todo el carenado de tu moto.<\/p>\n<p><strong>IMPORTANTE<\/strong> !<\/p>\n<ul>\n<li>Rellene todos los campos para que podamos crear su kit,<\/li>\n<li>El plazo de creaci\u00f3n es de 10 d\u00edas como m\u00ednimo.<\/li>\n<li><strong>\u00a1Se le enviar\u00e1 una vista previa del kit antes de la validaci\u00f3n!<\/strong><\/li>\n<\/ul>\n<ol>\n<li>\u00a1Haga su pedido aqu\u00ed!<\/li>\n<li>\u00a0<strong>a.<\/strong> Debemos crear los patrones del modelo (10 d\u00edas) <strong>b.<\/strong> Nos ha proporcionado las plantillas antes del pedido o ya tenemos las plantillas (0 d\u00edas)<\/li>\n<li>Le enviaremos una propuesta de dise\u00f1o por correo electr\u00f3nico (10 d\u00edas)<\/li>\n<li>\u00a1Nada se imprime sin su validaci\u00f3n! Satisfecho o reembolsado <strong>Por favor, proporciona el texto en franc\u00e9s que deseas traducir al espa\u00f1ol.<\/strong> Si ninguna de las propuestas le conviene, el kit ser\u00e1 reembolsado.<\/li>\n<\/ol>\n<p>Si tiene alguna pregunta, no dude en contactarnos. <a href=\"https:\/\/www.m-stickers.com\/es\/contacto\/\">aqu\u00ed<\/a> : <a href=\"https:\/\/www.m-stickers.com\/es\/contacto\/\"><img decoding=\"async\" class=\"alignnone wp-image-6381\" src=\"https:\/\/www.m-stickers.com\/wp-content\/uploads\/2021\/01\/bouton-contact-300x74.png\" alt=\"\" width=\"150\" height=\"37\" srcset=\"https:\/\/www.m-stickers.com\/wp-content\/uploads\/2021\/01\/bouton-contact-300x74.png 300w, https:\/\/www.m-stickers.com\/wp-content\/uploads\/2021\/01\/bouton-contact.png 413w\" sizes=\"(max-width: 150px) 100vw, 150px\" \/><\/a><\/p>\n<p>Podemos realizar kits decorativos para:<\/p>\n<ul>\n<li><strong>APRILIA\u00a0<\/strong>AF1 amigo, Caponord, Climber, Colibr\u00ed, Daniela, Europa, Falco, Filo, MX, MXV, Partner, Pegaso, RC, Red Rose, RS, RST, RSV, RSV4, RX, SR, SX, RXV, SL, SMV, ST, STX, SXV, TL, Tuareg, Tuono, TX, Under<\/li>\n<li><strong>BENNELLI\u00a0<\/strong>Pepe LX terciopelo tornado TNT TRE BX 2UE BN Leoncino TRK<\/li>\n<li><strong>BETA <\/strong>Carreras 2T 4T Racing XT-Trainer Evo Alp Motocross Minitrial El\u00e9ctrico<\/li>\n<li><strong>BIMOTA\u00a0<\/strong>TESI V Due Corsa Evoluci\u00f3n Racing<\/li>\n<li><strong>BMW\u00a0<\/strong>C F G H K R S F900R<\/li>\n<li><strong>BRAMMO\u00a0<\/strong>Enertia TTXGP Empulse Plus R<\/li>\n<li><strong>BRIXTON\u00a0<\/strong>Felberg Rayburn Cromwell Sunray Crossfire<\/li>\n<li><strong>BROUGH SUPERIOR\u00a0<\/strong>Coche de arena Racer<\/li>\n<li><strong>BUELL\u00a0<\/strong>Battlewin Westwind S xb9 xb12<\/li>\n<li><strong>Bullit\u00a0<\/strong>V Bob Bluroc H\u00e9roe Esp\u00edritu Herencia Caza S<\/li>\n<li><strong>CAGIVA\u00a0<\/strong>Aletta Rossa Azul Cielo Ca\u00f1\u00f3n Elefante Navegador Raptor R\u00edo Roadster SST SX T4 W Mito<\/li>\n<li><strong>CF MOTO\u00a0<\/strong>GT NK MT<\/li>\n<li><strong>DAELIM\u00a0<\/strong>Daystar RoadWin RoadSport VT Evolution Besbi B Bone Delfino S1 S2 S3 S4<\/li>\n<li><strong>DERBI\u00a0<\/strong>Senda X Race X Trem DRD Pro Racing Evo Desnuda GP1 Cross City Dirt Boy Scooter Quad DXR GP Max Mulhac\u00e9n<\/li>\n<li><strong>DUCATI\u00a0<\/strong>Hypermotard Multistrada Diavel Carbon Streetfighter Hypersport Scrambler Panigale S Superleggera Enduro Diavel V4 S Supersport Cafe Racer<\/li>\n<li><strong>ENERGI\u0301CA\u00a0<\/strong>Ego Eva Rebelde Esse Esse9<\/li>\n<li><strong>FANTIC\u00a0<\/strong>moto de enduro cc<\/li>\n<li><strong>GAS GAS\u00a0<\/strong>motocross trial enduro mc txt gp e f<\/li>\n<li><strong>MOTO GEN\u00c9RICA \/ KSR\u00a0<\/strong>Pandora RS Siri\u00f3n Demonio Cruzer Quip Cl\u00e1sico TTX TR Vionis C\u00f3digo GR-S Gunmetal TW TR<\/li>\n<li><strong>GILERA\u00a0<\/strong>SMT RCR deriva<\/li>\n<li><strong>HARLEY-DAVIDSON\u00a0<\/strong>Livewire Cruiser Softail Street Bob Softail Slim Low Rider Sport Glide Fat Boy Breakout<\/li>\n<li><strong>HM-MOSER\u00a0<\/strong>Juego de calcoman\u00edas Moser Derapage FJ R Baja<\/li>\n<li><strong>HONDA\u00a0<\/strong>Fireblade SP R GT GL oro viento VFR F twin adventure \u00c1frica X Adv NC DCT CB CRF CMW Fazer Fazer Hornet F900R<\/li>\n<li><strong>HUSQVARNA\u00a0<\/strong>Kit de calcoman\u00edas 701 Vitpilen \/ Svartpilen<\/li>\n<li><strong>HYOSUNG <\/strong>Bobber GV S<\/li>\n<li><strong>INDIAN\u00a0<\/strong>FTR Scout Cruiser Bogger Challenger Touring<\/li>\n<li><strong>KAWASAKI\u00a0<\/strong>Ninja H2 H2R ZX-R ZX-10R Z1000RS Versys Vulcan<\/li>\n<li><strong>KTM\u00a0<\/strong>Super Duke R SMC EXC SX Supermoto SMR Adventure F<\/li>\n<li><strong>KYMCO\u00a0<\/strong>verificar<\/li>\n<li><strong>MALAGUTI\u00a0<\/strong>RST Monte Pro Street XTM XSM Dune Madison<\/li>\n<li><strong>Montesa\u00a0<\/strong>Llantas Repsol 301TT 4Ride est\u00e1ndar<\/li>\n<li><strong>MOTO GUZZI\u00a0<\/strong>V85 TT 2021 V9 2021 V85 V7 MDX 2021 California<\/li>\n<li><strong>MOTO MORINI\u00a0<\/strong>Corsario ZZ ZT Mil\u00e1n x Cape Edici\u00f3n Limitada<\/li>\n<li><strong>MV AGUSTA\u00a0<\/strong>Brutal Turismo Veloce F3 Superveloce Rush<\/li>\n<li><strong>NORTON\u00a0<\/strong>v4ss atlas v4rr<\/li>\n<li><strong>ORCAL\u00a0<\/strong>Juego de calcoman\u00edas 01 03<\/li>\n<li><strong>RIEJU\u00a0<\/strong>Straga GT MR Racing MRT SM Trophy Tango Pro<\/li>\n<li><strong>ROYAL ENFIELD\u00a0<\/strong>Interceptores meteor Continental GT Himalaya Classic Bullet Trial<\/li>\n<li><strong>SHERCO\u00a0<\/strong>Rines f\u00e1brica SE ST<\/li>\n<li><strong>SKYTEAM\u00a0<\/strong>Dax<\/li>\n<li><strong>SUTER\u00a0<\/strong>MMX v4<\/li>\n<li><strong>SUZUKI\u00a0<\/strong>V-Strom GSX-R RR Katana SV Bandit GSE VS GSXS GSX-S<\/li>\n<li><strong>SWM\u00a0<\/strong>Varez As de Espadas Outlaw Gran Turismo SM RS R SUAL<\/li>\n<li><strong>TM\u00a0<\/strong>Pegatinas para motocicletas MX SMX<\/li>\n<li><strong>TRIUMPH\u00a0<\/strong>Speed Triple RS, Tigre Trident, Street Rocket, Thruxton RS<\/li>\n<li><strong>VALENTI RACING <\/strong>RME SM S01 N01<\/li>\n<li><strong>VOXAN\u00a0<\/strong>wattman<\/li>\n<li><strong>YAMAHA\u00a0<\/strong>R1M R1 R6 R3 R R125 MT SP XSR XV SCR FJR AE FJR AS una NIKEN GT Tracer<\/li>\n<li><strong>MOTOCICLETAS CERO<\/strong><\/li>\n<li><strong>ZONTES<\/strong><\/li>\n<li>YZF<\/li>\n<li>YZF<\/li>\n<li>Hayabusa<\/li>\n<li>\u00a1Y muchos m\u00e1s!<\/li>\n<\/ul>\n<p>Para cilindradas: 5 \/ 10 \/ 20 \/ 30 \/ 40 \/ 50 \/ 60 \/ 65 \/ 70 \/ 80 \/ 85 \/ 90 \/ 100 \/ 125 \/ 250 \/ 280 \/ 300 \/ 302 \/ 350 \/ 390 \/ 400 \/ 430 \/ 480 \/ 500 \/ 502 \/ 600 \/ 636 \/ 650 \/ 659 \/ 696 \/ 750 \/ 796 \/ 797 \/ 821 \/ 848 \/ 850 \/ 899 \/ 939 \/ 950 \/ 959 \/ 1000 \/ 1100 \/ 1150 \/ 1130 \/ 1200 \/ 1260 \/ 1250 \/ 1299 \/ 1300<\/p>\n<p>M-Stickers propone la creaci\u00f3n de kits de decoraci\u00f3n personalizados para motos, \u00a1concuerda con tu estilo!<\/p>\n<p>&nbsp;<\/p>","protected":false},"excerpt":{"rendered":"<p>\u00bfTu moto no est\u00e1 referenciada? \u00bfO quieres que hagamos un kit decorativo \u00fanico y 100% personalizado para ti? \u00a1Que no cunda el p\u00e1nico! Descr\u00edbenos lo que buscas y crea con nosotros tu kit decorativo de moto a medida.<\/p>\n<p>\u00a1IMPORTANTE!<\/p>\n<ul>\n<li>Rellena todos los campos para que podamos crear su kit.,<\/li>\n<li>El plazo de creaci\u00f3n es de 10 d\u00edas como m\u00ednimo.<\/li>\n<li><strong>Se te enviar\u00e1 un visual del kit antes de la validaci\u00f3n.<\/strong><\/li>\n<\/ul>","protected":false},"featured_media":14945,"comment_status":"open","ping_status":"closed","template":"","meta":[],"product_brand":[],"product_cat":[156,554,555,317,320,1235,1236,558,742,559,739,157,319,318,540,560],"product_tag":[251,1245,1244,1242,1243],"class_list":{"0":"post-14935","1":"product","2":"type-product","3":"status-publish","4":"has-post-thumbnail","6":"product_cat-kit-deco","7":"product_cat-kit-deco-ktm","8":"product_cat-kit-deco-ktm-duke-125-390","9":"product_cat-masai","10":"product_cat-kit-deco-masai-furious-125","11":"product_cat-kit-deco-sur-ron","12":"product_cat-kit-deco-sur-ron-light-bee","13":"product_cat-kit-deco-suzuki","14":"product_cat-kit-deco-suzuki-gsx-s-1000","15":"product_cat-kit-deco-suzuki-gsx-s-750","16":"product_cat-kit-deco-suzuki-gsx-s-950","17":"product_cat-yamaha","18":"product_cat-kit-deco-yamaha-mt-07","19":"product_cat-kit-deco-yamaha-mt-09","20":"product_cat-kit-deco-yamaha-r1","21":"product_cat-yamaha-tmax-530","22":"product_tag-kit-deco","23":"product_tag-non-reference","24":"product_tag-non-referencer","25":"product_tag-ta-moto","26":"product_tag-ta-moto-nest-pas","27":"product_shipping_class-standard","29":"entry","30":"has-media","32":"first","33":"instock","34":"taxable","35":"shipping-taxable","36":"purchasable","37":"product-type-variable","38":"col","39":"span_1_of_5","40":"owp-content-center","41":"item-entry","42":"owp-thumbs-layout-horizontal","43":"owp-btn-big","44":"owp-tabs-layout-horizontal","45":"has-no-thumbnails"},"ase":null,"_links":{"self":[{"href":"https:\/\/www.m-stickers.com\/es\/wp-json\/wp\/v2\/product\/14935","targetHints":{"allow":["GET"]}}],"collection":[{"href":"https:\/\/www.m-stickers.com\/es\/wp-json\/wp\/v2\/product"}],"about":[{"href":"https:\/\/www.m-stickers.com\/es\/wp-json\/wp\/v2\/types\/product"}],"replies":[{"embeddable":true,"href":"https:\/\/www.m-stickers.com\/es\/wp-json\/wp\/v2\/comments?post=14935"}],"wp:featuredmedia":[{"embeddable":true,"href":"https:\/\/www.m-stickers.com\/es\/wp-json\/wp\/v2\/media\/14945"}],"wp:attachment":[{"href":"https:\/\/www.m-stickers.com\/es\/wp-json\/wp\/v2\/media?parent=14935"}],"wp:term":[{"taxonomy":"product_brand","embeddable":true,"href":"https:\/\/www.m-stickers.com\/es\/wp-json\/wp\/v2\/product_brand?post=14935"},{"taxonomy":"product_cat","embeddable":true,"href":"https:\/\/www.m-stickers.com\/es\/wp-json\/wp\/v2\/product_cat?post=14935"},{"taxonomy":"product_tag","embeddable":true,"href":"https:\/\/www.m-stickers.com\/es\/wp-json\/wp\/v2\/product_tag?post=14935"}],"curies":[{"name":"(No translation possible without context.  \"wp\" is ambiguous.)","href":"https:\/\/api.w.org\/{rel}","templated":true}]}}