{"id":19500,"date":"2021-11-22T22:41:54","date_gmt":"2021-11-22T21:41:54","guid":{"rendered":"https:\/\/www.m-stickers.com\/?post_type=product&#038;p=19500"},"modified":"2025-02-25T16:33:05","modified_gmt":"2025-02-25T15:33:05","slug":"kit-decorativo-masai-furious-125-linea-de-arte","status":"publish","type":"product","link":"https:\/\/www.m-stickers.com\/es\/produit\/kit-deco-masai-furious-125-line-art\/","title":{"rendered":"Kit de decoraci\u00f3n Masai Furious 50\/125 \u2013 Line Art \u2013"},"content":{"rendered":"<h1>Kit de decoraci\u00f3n Masai Furious 50\/125<\/h1>\n<p>Nuestro kit decorativo completo para Masai Furious 125 incluye calcoman\u00edas para:<\/p>\n<ul>\n<li>La cubierta trasera<\/li>\n<li>La protecci\u00f3n del radiador<\/li>\n<li>El dep\u00f3sito<\/li>\n<li>El frente<\/li>\n<li>El guardabarros y cualquier pieza adicional (para algunos modelos)<\/li>\n<\/ul>\n<p>Autoadhesivos con una adhesi\u00f3n monom\u00e9rica 100% que permite una sujeci\u00f3n permanente, adem\u00e1s de resistencia a las salpicaduras de agua y a los rayos UV. Vinilos termoformables para una mejor cobertura de las piezas. Nuestros vinilos de alta calidad est\u00e1n dise\u00f1ados y fabricados en Francia.<\/p>\n<hr \/>\n<h2>Kit decorativo Masai Furious 125 \u2013 \u00bfC\u00f3mo aplicarlos?<\/h2>\n<p>Nuestro kit decorativo Masai Furious 125 es f\u00e1cil de instalar, independientemente del tama\u00f1o o la superficie de las carrocer\u00edas, el proceso sigue siendo el mismo. A continuaci\u00f3n encontrar\u00e1 un tutorial para ayudarle a instalar correctamente su kit de pegatinas Furious 125. <span style=\"color: #ff0000;\">Antes que nada, aqu\u00ed est\u00e1n las precauciones que se deben tomar:<\/span><\/p>\n<ul>\n<li>Aseg\u00farese de que sus carenados est\u00e9n perfectamente lisos.<\/li>\n<li>Limpiar bien y desengrasar los carenados con agua jabonosa\/alcohol. <span style=\"color: #ff0000;\">No usar WD40 ni otros productos con silicona.\u00a0<\/span>Los pl\u00e1sticos deben estar perfectamente limpios.<\/li>\n<li>Si las calcoman\u00edas no se pegan inmediatamente, gu\u00e1rdalas en un lugar seco y protegido de la luz solar.<\/li>\n<li>\u00a0Al momento de la instalaci\u00f3n, elija una superficie con una temperatura de al menos 15\u00b0C, protegida del viento y el polvo. Tambi\u00e9n es posible calentar las piezas antes de aplicar los adhesivos para asegurar una buena adherencia. Una temperatura demasiado fr\u00eda no permitir\u00e1 una adherencia \u00f3ptima de los adhesivos.<\/li>\n<li>A\u00f1ada nuestro <a href=\"https:\/\/www.m-stickers.com\/es\/product\/raclette-de-pose-translates-to-bandeja-de-colocacion-or-bandeja-de-aplicacion-in-spanish-the-best-choice-depends-on-the-specific-context\/\">Placa de raclette con adhesivo<\/a> a tu pedido para no perder la colocaci\u00f3n de tus pegatinas de llanta de moto.<\/li>\n<li>Despu\u00e9s de la colocaci\u00f3n, evitar el contacto con el fr\u00edo y la humedad para asegurar una buena adherencia de los adhesivos.<\/li>\n<\/ul>\n<p><a href=\"https:\/\/www.m-stickers.com\/es\/tutorial-de-colocacion-kit-de-decoracion-carenados\/\"><strong>Tutorial completo para instalar el kit de decoraci\u00f3n Masai: <img decoding=\"async\" class=\"alignnone wp-image-6382\" src=\"https:\/\/www.m-stickers.com\/wp-content\/uploads\/2021\/01\/bouton-tuto-300x74.png\" alt=\"\" width=\"150\" height=\"37\" srcset=\"https:\/\/www.m-stickers.com\/wp-content\/uploads\/2021\/01\/bouton-tuto-300x74.png 300w, https:\/\/www.m-stickers.com\/wp-content\/uploads\/2021\/01\/bouton-tuto.png 413w\" sizes=\"(max-width: 150px) 100vw, 150px\" \/><\/strong><\/a><\/p>\n<h4>V\u00eddeo tutorial completo sobre la instalaci\u00f3n del kit de decoraci\u00f3n:<\/h4>\n<p><iframe title=\"Reproductor de v\u00eddeo de YouTube\" src=\"https:\/\/www.youtube.com\/embed\/Qwdx5urMfbY\" width=\"560\" height=\"315\" frameborder=\"0\" allowfullscreen=\"allowfullscreen\"><\/iframe><\/p>\n<hr \/>\n<h2>\u00bfEs posible personalizar mi kit decorativo para motocicleta roadster Masai Furious 125?<\/h2>\n<p>Personaliza tu kit decorativo como lo imaginas y a\u00f1ade logotipos o texto personalizado rellenando este formulario aqu\u00ed: <strong><a href=\"https:\/\/www.m-stickers.com\/es\/product\/tu-moto-no-esta-registrada-como-kit-de-decoracion\/\">PERSONALIZA TU KIT DECORATIVO<\/a><\/strong> ! Para una personalizaci\u00f3n completa, a\u00f1ade pegatinas para llantas a tu Masai Furious 125 aqu\u00ed: <strong>Adhesivos para ruedas<\/strong><\/p>\n<p>&nbsp;<\/p>\n<hr \/>\n<h2>Kit decorativo Masai Furious, \u00bfqu\u00e9 colores son posibles?<\/h2>\n<p>Nuestros kits decorativos para motos naked est\u00e1n disponibles por defecto en los siguientes colores: Blanco \/ Negro \/ Rojo \/ Naranja \/ Amarillo \/ Verde \/ Cian \/ Azul \/ Rosa. \u00a1Tambi\u00e9n puedes elegir el color que desees con nuestra opci\u00f3n de color espec\u00edfico o yendo a nuestro configurador!<\/p>\n<hr \/>\n<h4>\u00bfTiene alguna pregunta sobre el kit decorativo para llantas? \u00bfSolicitud de personalizaci\u00f3n? No dude en contactarnos a trav\u00e9s de la p\u00e1gina de contacto: <a href=\"https:\/\/www.m-stickers.com\/es\/contacto\/\"><img decoding=\"async\" class=\"alignnone wp-image-6381\" src=\"https:\/\/www.m-stickers.com\/wp-content\/uploads\/2021\/01\/bouton-contact-300x74.png\" alt=\"\" width=\"150\" height=\"37\" srcset=\"https:\/\/www.m-stickers.com\/wp-content\/uploads\/2021\/01\/bouton-contact-300x74.png 300w, https:\/\/www.m-stickers.com\/wp-content\/uploads\/2021\/01\/bouton-contact.png 413w\" sizes=\"(max-width: 150px) 100vw, 150px\" \/><\/a><\/h4>\n<p>&nbsp;<\/p>","protected":false},"excerpt":{"rendered":"<h2>Kit de decoraci\u00f3n Masai Furious 50\/125<\/h2>\n<p>Nuestro kit decorativo completo para Masai Furious 50\/125 incluye calcoman\u00edas para:<\/p>\n<ul>\n<li>La cubierta trasera<\/li>\n<li>La protecci\u00f3n del radiador<\/li>\n<li>El dep\u00f3sito<\/li>\n<li>El frente<\/li>\n<li>El guardabarros y cualquier pieza adicional (para algunos modelos)<\/li>\n<\/ul>\n<h3><strong><a href=\"https:\/\/www.m-stickers.com\/es\/product\/tu-moto-no-esta-registrada-como-kit-de-decoracion\/\">Personaliza tu kit decorativo con nuestro configurador en l\u00ednea. <\/a><a href=\"https:\/\/www.m-stickers.com\/es\/product\/tu-moto-no-esta-registrada-como-kit-de-decoracion\/\"><img decoding=\"async\" class=\"alignnone wp-image-6380\" src=\"https:\/\/www.m-stickers.com\/wp-content\/uploads\/2021\/01\/bouton-configurator-3-300x74.png\" alt=\"\" width=\"150\" height=\"37\" srcset=\"https:\/\/www.m-stickers.com\/wp-content\/uploads\/2021\/01\/bouton-configurator-3-300x74.png 300w, https:\/\/www.m-stickers.com\/wp-content\/uploads\/2021\/01\/bouton-configurator-3.png 413w\" sizes=\"(max-width: 150px) 100vw, 150px\" \/><\/a><\/strong><\/h3>\n<h2><\/h2>","protected":false},"featured_media":19750,"comment_status":"open","ping_status":"closed","template":"","meta":[],"product_brand":[],"product_cat":[156,320],"product_tag":[215,253,251,252],"class_list":{"0":"post-19500","1":"product","2":"type-product","3":"status-publish","4":"has-post-thumbnail","6":"product_cat-kit-deco","7":"product_cat-kit-deco-masai-furious-125","8":"product_tag-215","9":"product_tag-furious","10":"product_tag-kit-deco","11":"product_tag-masai","12":"product_shipping_class-standard","14":"entry","15":"has-media","17":"first","18":"instock","19":"taxable","20":"shipping-taxable","21":"purchasable","22":"product-type-variable","23":"has-default-attributes","24":"col","25":"span_1_of_5","26":"owp-content-center","27":"item-entry","28":"owp-thumbs-layout-horizontal","29":"owp-btn-big","30":"owp-tabs-layout-horizontal"},"ase":null,"_links":{"self":[{"href":"https:\/\/www.m-stickers.com\/es\/wp-json\/wp\/v2\/product\/19500","targetHints":{"allow":["GET"]}}],"collection":[{"href":"https:\/\/www.m-stickers.com\/es\/wp-json\/wp\/v2\/product"}],"about":[{"href":"https:\/\/www.m-stickers.com\/es\/wp-json\/wp\/v2\/types\/product"}],"replies":[{"embeddable":true,"href":"https:\/\/www.m-stickers.com\/es\/wp-json\/wp\/v2\/comments?post=19500"}],"wp:featuredmedia":[{"embeddable":true,"href":"https:\/\/www.m-stickers.com\/es\/wp-json\/wp\/v2\/media\/19750"}],"wp:attachment":[{"href":"https:\/\/www.m-stickers.com\/es\/wp-json\/wp\/v2\/media?parent=19500"}],"wp:term":[{"taxonomy":"product_brand","embeddable":true,"href":"https:\/\/www.m-stickers.com\/es\/wp-json\/wp\/v2\/product_brand?post=19500"},{"taxonomy":"product_cat","embeddable":true,"href":"https:\/\/www.m-stickers.com\/es\/wp-json\/wp\/v2\/product_cat?post=19500"},{"taxonomy":"product_tag","embeddable":true,"href":"https:\/\/www.m-stickers.com\/es\/wp-json\/wp\/v2\/product_tag?post=19500"}],"curies":[{"name":"(No translation possible without context.  \"wp\" is ambiguous.)","href":"https:\/\/api.w.org\/{rel}","templated":true}]}}