{"id":19730,"date":"2021-11-23T22:39:23","date_gmt":"2021-11-23T21:39:23","guid":{"rendered":"https:\/\/www.m-stickers.com\/?post_type=product&#038;p=19730"},"modified":"2026-01-21T12:16:43","modified_gmt":"2026-01-21T11:16:43","slug":"kit-de-decoracion-yamaha-mt-07-race-1","status":"publish","type":"product","link":"https:\/\/www.m-stickers.com\/es\/produit\/kit-deco-yamaha-mt-07-race-1\/","title":{"rendered":"Kit de decoraci\u00f3n MT-07 Yamaha \u2013 Carrera 1"},"content":{"rendered":"<h2>Kit de decoraci\u00f3n MT-07 Yamaha \u2013 Carrera 1<\/h2>\n<p>Nuestro kit de decoraci\u00f3n para motocicleta Yamaha MT-07 Racing completo incluye:<\/p>\n<ul>\n<li>La cubierta trasera,<\/li>\n<li>La protecci\u00f3n del radiador<\/li>\n<li>El dep\u00f3sito,<\/li>\n<li>La cara frontal,<\/li>\n<li>El guardabarros,<\/li>\n<li>Todas las piezas adicionales (para algunos modelos).<\/li>\n<\/ul>\n<p><strong>\u00bfPor qu\u00e9 elegir nuestro kit de decoraci\u00f3n MT07?<\/strong><\/p>\n<p>Nuestros kits est\u00e1n dise\u00f1ados por motociclistas conscientes de las limitaciones f\u00edsicas de la motocicleta.<br \/>\nLos adhesivos est\u00e1n dise\u00f1ados con materiales de alta calidad: vinilo de primera calidad, cola mon\u00f3mera 100% para una fijaci\u00f3n permanente.<br \/>\nNuestros adhesivos son resistentes a las salpicaduras de agua y a los rayos UV.<\/p>\n<p><strong>El m\u00e1s: <\/strong>Dise\u00f1ados y fabricados en Francia.<\/p>\n<p>Puede elegir su kit del color deseado de nuestra lista: Blanco \/ Negro \/ Rojo \/ Naranja \/ Amarillo \/ Verde \/ Cian \/ Azul \/ Rosa.<br \/>\nO elegir la opci\u00f3n \"color espec\u00edfico\" y adjuntar el c\u00f3digo de color deseado.<\/p>\n<p>&nbsp;<\/p>\n<hr \/>\n<h2>Kit de decoraci\u00f3n MT-07 Yamaha \u2013 \u00bfC\u00f3mo colocarlos?<\/h2>\n<p>Nuestro kit decorativo de protectores de carenado MT 07 es f\u00e1cil de instalar, sea cual sea el tama\u00f1o o la superficie de los carenados, el proceso sigue siendo el mismo. A continuaci\u00f3n, encontrar\u00e1 algunos consejos que le ayudar\u00e1n a instalar correctamente su kit decorativo MT07.<\/p>\n<p><span style=\"color: #ff0000;\">Antes que nada, aqu\u00ed est\u00e1n las precauciones que se deben tomar:<\/span><\/p>\n<ul>\n<li>Verificar que el carenado est\u00e9 perfectamente liso.<\/li>\n<li>Tener un <a href=\"https:\/\/fr.wikipedia.org\/wiki\/D%C3%A9capeur_thermique\">Descapador t\u00e9rmico<\/a> Para una buena puesta en marcha,<\/li>\n<li>Calentar el carenado antes de la colocaci\u00f3n.<\/li>\n<li>Limpiar bien y desengrasar el carenado con agua jabonosa\/alcohol. <span style=\"color: #ff0000;\">No usar WD-40 ni otros productos con silicona.<\/span><\/li>\n<li>Si las calcoman\u00edas no se pegan inmediatamente, gu\u00e1rdalas en un lugar seco y a la sombra.<\/li>\n<li>Colocar los adhesivos a una temperatura entre 15\u00b0C y 25\u00b0C, protegi\u00e9ndolos del viento y el polvo.<\/li>\n<li>A\u00f1ada nuestro <a href=\"https:\/\/www.m-stickers.com\/es\/product\/raclette-de-pose-translates-to-bandeja-de-colocacion-or-bandeja-de-aplicacion-in-spanish-the-best-choice-depends-on-the-specific-context\/\">Pegatinas de raclette<\/a> a tu pedido para acabados perfectos sin arrugas,<\/li>\n<li>Respeta un tiempo de reposo de 24\/48 horas al seco.<\/li>\n<\/ul>\n<p><strong><a href=\"https:\/\/www.m-stickers.com\/es\/tutorial-de-colocacion-kit-de-decoracion-carenados\/\">GU\u00cdA completa para instalar tu kit de decoraci\u00f3n Yamaha:<\/a> \u00a0<a href=\"https:\/\/www.m-stickers.com\/es\/tutorial-de-colocacion-kit-de-decoracion-carenados\/\"><img decoding=\"async\" class=\"alignnone wp-image-6382\" src=\"https:\/\/www.m-stickers.com\/wp-content\/uploads\/2021\/01\/bouton-tuto-300x74.png\" alt=\"\" width=\"150\" height=\"37\" srcset=\"https:\/\/www.m-stickers.com\/wp-content\/uploads\/2021\/01\/bouton-tuto-300x74.png 300w, https:\/\/www.m-stickers.com\/wp-content\/uploads\/2021\/01\/bouton-tuto.png 413w\" sizes=\"(max-width: 150px) 100vw, 150px\" \/><\/a><\/strong><\/p>\n<h4><\/h4>\n<p>&nbsp;<\/p>\n<hr \/>\n<h2>Kit de decoraci\u00f3n Yamaha MT-07 personalizado<\/h2>\n<p>Puedes solicitar un kit decorativo MT-10 personalizado. Env\u00eda tus ideas e im\u00e1genes de referencia y personalizaremos tu kit: <strong><a href=\"https:\/\/www.m-stickers.com\/es\/product\/tu-moto-no-esta-registrada-como-kit-de-decoracion\/\">PERSONALIZA TU KIT DECORATIVO<\/a><\/strong> \u00a1Tambi\u00e9n puedes a\u00f1adir un kit de pegatinas M-Stickers para llantas MT 07: <a href=\"https:\/\/www.m-stickers.com\/es\/configurador\/configurar\/5564\/\"><strong>Adhesivos para ruedas<\/strong><\/a><\/p>\n<p>&nbsp;<\/p>\n<hr \/>\n<h4>\u00bfUna pregunta sobre el kit decorativo para llantas de MT 07? \u00bfUna solicitud de personalizaci\u00f3n? No dude en contactarnos a trav\u00e9s de la p\u00e1gina de contacto: <a href=\"https:\/\/www.m-stickers.com\/es\/contacto\/\"><img decoding=\"async\" class=\"alignnone wp-image-6381\" src=\"https:\/\/www.m-stickers.com\/wp-content\/uploads\/2021\/01\/bouton-contact-300x74.png\" alt=\"\" width=\"150\" height=\"37\" srcset=\"https:\/\/www.m-stickers.com\/wp-content\/uploads\/2021\/01\/bouton-contact-300x74.png 300w, https:\/\/www.m-stickers.com\/wp-content\/uploads\/2021\/01\/bouton-contact.png 413w\" sizes=\"(max-width: 150px) 100vw, 150px\" \/><\/a><\/h4>\n<p>&nbsp;<\/p>","protected":false},"excerpt":{"rendered":"<h2>Kit de decoraci\u00f3n MT-07 Yamaha<\/h2>\n<p>Nuestro kit de decoraci\u00f3n completo MT-07 de Yamaha incluye 32 piezas:<\/p>\n<ul>\n<li>La cubierta trasera<\/li>\n<li>La protecci\u00f3n del radiador<\/li>\n<li>El dep\u00f3sito<\/li>\n<li>El frente<\/li>\n<li>El guardabarros,<\/li>\n<li>Toda pieza adicional (para algunos modelos)<\/li>\n<\/ul>\n<p>&nbsp;<\/p>\n<h3><strong><a href=\"https:\/\/www.m-stickers.com\/es\/product\/tu-moto-no-esta-registrada-como-kit-de-decoracion\/\">Personaliza tu kit decorativo con nuestro configurador en l\u00ednea. <\/a><\/strong><\/h3>\n<h3><strong><a href=\"https:\/\/www.m-stickers.com\/es\/product\/tu-moto-no-esta-registrada-como-kit-de-decoracion\/\"><img decoding=\"async\" class=\"alignnone wp-image-6380\" src=\"https:\/\/www.m-stickers.com\/wp-content\/uploads\/2021\/01\/bouton-configurator-3-300x74.png\" alt=\"\" width=\"150\" height=\"37\" srcset=\"https:\/\/www.m-stickers.com\/wp-content\/uploads\/2021\/01\/bouton-configurator-3-300x74.png 300w, https:\/\/www.m-stickers.com\/wp-content\/uploads\/2021\/01\/bouton-configurator-3.png 413w\" sizes=\"(max-width: 150px) 100vw, 150px\" \/><\/a><\/strong><\/h3>\n<h2><\/h2>","protected":false},"featured_media":19739,"comment_status":"open","ping_status":"closed","template":"","meta":[],"product_brand":[],"product_cat":[156,319],"product_tag":[251,831,161,160,250],"class_list":{"0":"post-19730","1":"product","2":"type-product","3":"status-publish","4":"has-post-thumbnail","6":"product_cat-kit-deco","7":"product_cat-kit-deco-yamaha-mt-07","8":"product_tag-kit-deco","9":"product_tag-kit-deco-mt07","10":"product_tag-mt-07","11":"product_tag-mt07","12":"product_tag-yamaha","13":"product_shipping_class-standard","15":"entry","16":"has-media","18":"first","19":"instock","20":"taxable","21":"shipping-taxable","22":"purchasable","23":"product-type-variable","24":"has-default-attributes","25":"col","26":"span_1_of_5","27":"owp-content-center","28":"item-entry","29":"owp-thumbs-layout-horizontal","30":"owp-btn-big","31":"owp-tabs-layout-horizontal"},"ase":null,"_links":{"self":[{"href":"https:\/\/www.m-stickers.com\/es\/wp-json\/wp\/v2\/product\/19730","targetHints":{"allow":["GET"]}}],"collection":[{"href":"https:\/\/www.m-stickers.com\/es\/wp-json\/wp\/v2\/product"}],"about":[{"href":"https:\/\/www.m-stickers.com\/es\/wp-json\/wp\/v2\/types\/product"}],"replies":[{"embeddable":true,"href":"https:\/\/www.m-stickers.com\/es\/wp-json\/wp\/v2\/comments?post=19730"}],"wp:featuredmedia":[{"embeddable":true,"href":"https:\/\/www.m-stickers.com\/es\/wp-json\/wp\/v2\/media\/19739"}],"wp:attachment":[{"href":"https:\/\/www.m-stickers.com\/es\/wp-json\/wp\/v2\/media?parent=19730"}],"wp:term":[{"taxonomy":"product_brand","embeddable":true,"href":"https:\/\/www.m-stickers.com\/es\/wp-json\/wp\/v2\/product_brand?post=19730"},{"taxonomy":"product_cat","embeddable":true,"href":"https:\/\/www.m-stickers.com\/es\/wp-json\/wp\/v2\/product_cat?post=19730"},{"taxonomy":"product_tag","embeddable":true,"href":"https:\/\/www.m-stickers.com\/es\/wp-json\/wp\/v2\/product_tag?post=19730"}],"curies":[{"name":"(No translation possible without context.  \"wp\" is ambiguous.)","href":"https:\/\/api.w.org\/{rel}","templated":true}]}}