{"id":26472,"date":"2022-03-31T20:18:30","date_gmt":"2022-03-31T18:18:30","guid":{"rendered":"https:\/\/www.m-stickers.com\/?post_type=product&#038;p=26472"},"modified":"2025-02-25T16:33:42","modified_gmt":"2025-02-25T15:33:42","slug":"camiseta-de-mono","status":"publish","type":"product","link":"https:\/\/www.m-stickers.com\/es\/produit\/t-shirt-monkey\/","title":{"rendered":"Camiseta moto Monkey"},"content":{"rendered":"<h2 style=\"text-align: center;\">Camiseta moto Monkey - Colecci\u00f3n camiseta M-Stickers<\/h2>\n<p>M-Stickers te ofrece su nueva colecci\u00f3n de camisetas de moto para motociclistas y entusiastas de las motos.<\/p>\n<h3 style=\"text-align: center;\">Dise\u00f1os \u00fanicos y exclusivos de M-Stickers.<\/h3>\n<p>La camiseta unisex Monkey, disponible \u00fanicamente en blanco, presenta una ilustraci\u00f3n de dos pistones sobre un mono furioso con un casco de aviador impreso en el torso. El logotipo M de la colecci\u00f3n est\u00e1 impreso en la parte superior del cuello trasero.<\/p>\n<hr \/>\n<h3 style=\"text-align: center;\"><\/h3>\n<p>Caracter\u00edsticas t\u00e9cnicas:<br \/>\n\u2013 184 g\/m\u00b2<br \/>\n\u2013 100% algod\u00f3n org\u00e1nico<br \/>\n\u2013 Tallas disponibles: S\/M\/L\/XL\/XXL\/XXXL<\/p>\n<div><span style=\"color: #ffffff;\">Recomendaciones de mantenimiento y lavado:<\/span><\/div>\n<div><span style=\"color: #ffffff;\">\u2013 Lavado 40\u00b0<\/span><\/div>\n<div><span style=\"color: #ffffff;\">\u2013 No secadora<\/span><\/div>\n<div><span style=\"color: #ffffff;\">\u2013 Planchado del rev\u00e9s (sin plancha sobre las impresiones)<\/span><\/div>\n<div><span style=\"color: #ffffff;\">\u2013 No usar productos abrasivos ni corrosivos<\/span><\/div>","protected":false},"excerpt":{"rendered":"<h2>T-Shirt Monkey \u2013 Colecci\u00f3n M-Stickers<\/h2>\n<p>Una camiseta \u00fanica para motociclista dise\u00f1ador de M-Stickers. Dos pistones sobre una cabeza de mono furioso.<\/p>","protected":false},"featured_media":26463,"comment_status":"open","ping_status":"closed","template":"","meta":[],"product_brand":[],"product_cat":[538],"product_tag":[539,536,534,535],"class_list":{"0":"post-26472","1":"product","2":"type-product","3":"status-publish","4":"has-post-thumbnail","6":"product_cat-t-shirts","7":"product_tag-monkey","8":"product_tag-t-shirt-moto","9":"product_tag-t-shirt","10":"product_tag-tee-shirt","11":"product_shipping_class-standard","13":"entry","14":"has-media","16":"first","17":"instock","18":"taxable","19":"shipping-taxable","20":"purchasable","21":"product-type-variable","22":"col","23":"span_1_of_5","24":"owp-content-center","25":"item-entry","26":"owp-thumbs-layout-horizontal","27":"owp-btn-big","28":"owp-tabs-layout-horizontal"},"ase":null,"_links":{"self":[{"href":"https:\/\/www.m-stickers.com\/es\/wp-json\/wp\/v2\/product\/26472","targetHints":{"allow":["GET"]}}],"collection":[{"href":"https:\/\/www.m-stickers.com\/es\/wp-json\/wp\/v2\/product"}],"about":[{"href":"https:\/\/www.m-stickers.com\/es\/wp-json\/wp\/v2\/types\/product"}],"replies":[{"embeddable":true,"href":"https:\/\/www.m-stickers.com\/es\/wp-json\/wp\/v2\/comments?post=26472"}],"wp:featuredmedia":[{"embeddable":true,"href":"https:\/\/www.m-stickers.com\/es\/wp-json\/wp\/v2\/media\/26463"}],"wp:attachment":[{"href":"https:\/\/www.m-stickers.com\/es\/wp-json\/wp\/v2\/media?parent=26472"}],"wp:term":[{"taxonomy":"product_brand","embeddable":true,"href":"https:\/\/www.m-stickers.com\/es\/wp-json\/wp\/v2\/product_brand?post=26472"},{"taxonomy":"product_cat","embeddable":true,"href":"https:\/\/www.m-stickers.com\/es\/wp-json\/wp\/v2\/product_cat?post=26472"},{"taxonomy":"product_tag","embeddable":true,"href":"https:\/\/www.m-stickers.com\/es\/wp-json\/wp\/v2\/product_tag?post=26472"}],"curies":[{"name":"(No translation possible without context.  \"wp\" is ambiguous.)","href":"https:\/\/api.w.org\/{rel}","templated":true}]}}