{"id":40451,"date":"2022-12-12T13:35:13","date_gmt":"2022-12-12T12:35:13","guid":{"rendered":"https:\/\/www.m-stickers.com\/?post_type=product&#038;p=40451"},"modified":"2025-02-25T16:35:29","modified_gmt":"2025-02-25T15:35:29","slug":"cal-3","status":"publish","type":"product","link":"https:\/\/www.m-stickers.com\/es\/produit\/stickers-de-jante-ktm-duke-125-noir-destockage\/","title":{"rendered":"Cal"},"content":{"rendered":"<h2><strong><span style=\"color: #ff0000;\">Liquidaci\u00f3n<\/span><\/strong><\/h2>\n<h2>Cal<\/h2>\n<p>El kit decorativo de llantas de motocicleta de 17 pulgadas KTM Duke 125 para las 2 llantas incluye:<\/p>\n<ul>\n<li>Las llantas con gomas pre-curvadas de 8 mm, con 8 calcoman\u00edas KTM y 8 calcoman\u00edas Duke 125 para las dos llantas.<\/li>\n<li>4 Calcoman\u00edas interiores de llantas KTM<\/li>\n<li>4 Calcoman\u00edas interiores de llantas Duke 125<\/li>\n<li>4 calcoman\u00edas adicionales para carreras<\/li>\n<li>1 logo KTM<\/li>\n<li>Calidad profesional con uniforme permanente*<\/li>\n<\/ul>\n<p><span style=\"color: #ff0000;\"><strong>Kit para llantas de cualquier color<\/strong><\/span><\/p>\n<p>Etiquetas con adhesivo mon\u00f3mero 100% que proporciona una fijaci\u00f3n permanente, as\u00ed como resistencia a las salpicaduras de agua y a los rayos UV.<br \/>\nNuestros Vinilos de alta calidad est\u00e1n dise\u00f1ados y fabricados en Francia.<\/p>\n<hr \/>\n<h3>Calcoman\u00edas de llanta KTM Duke 125 \u2013 \u00bfc\u00f3mo aplicarlas?<\/h3>\n<p>El kit de pegatinas para llantas KTM Duke 125 es f\u00e1cil de instalar, sea cual sea el tama\u00f1o o la superficie de la llanta, el proceso sigue siendo el mismo. A continuaci\u00f3n, encontrar\u00e1 un tutorial para ayudarle a instalar correctamente su kit de pegatinas de llantas KTM Duke 125. Antes de nada, estas son las precauciones que debe tomar:<\/p>\n<ul>\n<li>Verificar que el aro debe estar perfectamente liso.<\/li>\n<li>Limpiar bien y desengrasar el aro con agua jabonosa\/alcohol. No usar WD40 ni otros productos con silicona. El aro debe estar perfectamente limpio.<\/li>\n<li>No manipular las pegatinas por el lado del pegamento.<\/li>\n<li>Si las calcoman\u00edas no se aplican inmediatamente, gu\u00e1rdelas en un lugar seco y alejado de la luz solar.<\/li>\n<li>\u00a0Al momento de la colocaci\u00f3n, escoja una pieza con una temperatura de al menos 15\u00b0C, protegida del viento y el polvo. Tambi\u00e9n es posible calentar la llanta antes de colocar las calcoman\u00edas para asegurar una buena adherencia de los adhesivos. Una temperatura demasiado fr\u00eda no permitir\u00e1 una adhesi\u00f3n \u00f3ptima de las calcoman\u00edas.<\/li>\n<li>A\u00f1ada nuestro\u00a0<a href=\"https:\/\/www.m-stickers.com\/es\/product\/raclette-de-pose-translates-to-bandeja-de-colocacion-or-bandeja-de-aplicacion-in-spanish-the-best-choice-depends-on-the-specific-context\/\">Placa de raclette con adhesivo<\/a>\u00a0en tu pedido para no perderte la instalaci\u00f3n de tus stickers de llanta de moto<\/li>\n<li>Despu\u00e9s de la colocaci\u00f3n, evitar el contacto con el fr\u00edo y la humedad para asegurar una buena adherencia de los adhesivos.<\/li>\n<\/ul>","protected":false},"excerpt":{"rendered":"<h2><strong><span style=\"color: #ff0000;\">Liquidaci\u00f3n<\/span><\/strong><\/h2>\n<h2>Cal<\/h2>\n<p>El kit decorativo de llantas de motocicleta de 17 pulgadas KTM Duke 125 para las 2 llantas incluye:<\/p>\n<ul>\n<li>Las llantas con gomas pre-curvadas de 8 mm, con 8 calcoman\u00edas KTM y 8 calcoman\u00edas Duke 125 para las dos llantas.<\/li>\n<li>4 Calcoman\u00edas interiores de llantas KTM<\/li>\n<li>4 Calcoman\u00edas interiores de llantas Duke 125<\/li>\n<li>4 calcoman\u00edas adicionales para carreras<\/li>\n<li>1 Logo KTM<\/li>\n<li>Calidad profesional con uniforme permanente*<\/li>\n<\/ul>\n<p><span style=\"color: #ff0000;\"><strong>Kit para llantas de cualquier color<\/strong><\/span><\/p>","protected":false},"featured_media":40452,"comment_status":"open","ping_status":"closed","template":"","meta":[],"product_brand":[],"product_cat":[929,940],"product_tag":[931,933,932,934,935],"class_list":{"0":"post-40451","1":"product","2":"type-product","3":"status-publish","4":"has-post-thumbnail","6":"product_cat-destockage","7":"product_cat-stickers-ktm-pas-cher","8":"product_tag-destockage","9":"product_tag-promo","10":"product_tag-promotion","11":"product_tag-promotions","12":"product_tag-reduction","13":"product_shipping_class-standard","15":"entry","16":"has-media","18":"first","19":"outofstock","20":"sale","21":"taxable","22":"shipping-taxable","23":"purchasable","24":"product-type-simple","25":"col","26":"span_1_of_5","27":"owp-content-center","28":"item-entry","29":"owp-thumbs-layout-horizontal","30":"owp-btn-big","31":"owp-tabs-layout-horizontal"},"ase":null,"_links":{"self":[{"href":"https:\/\/www.m-stickers.com\/es\/wp-json\/wp\/v2\/product\/40451","targetHints":{"allow":["GET"]}}],"collection":[{"href":"https:\/\/www.m-stickers.com\/es\/wp-json\/wp\/v2\/product"}],"about":[{"href":"https:\/\/www.m-stickers.com\/es\/wp-json\/wp\/v2\/types\/product"}],"replies":[{"embeddable":true,"href":"https:\/\/www.m-stickers.com\/es\/wp-json\/wp\/v2\/comments?post=40451"}],"wp:featuredmedia":[{"embeddable":true,"href":"https:\/\/www.m-stickers.com\/es\/wp-json\/wp\/v2\/media\/40452"}],"wp:attachment":[{"href":"https:\/\/www.m-stickers.com\/es\/wp-json\/wp\/v2\/media?parent=40451"}],"wp:term":[{"taxonomy":"product_brand","embeddable":true,"href":"https:\/\/www.m-stickers.com\/es\/wp-json\/wp\/v2\/product_brand?post=40451"},{"taxonomy":"product_cat","embeddable":true,"href":"https:\/\/www.m-stickers.com\/es\/wp-json\/wp\/v2\/product_cat?post=40451"},{"taxonomy":"product_tag","embeddable":true,"href":"https:\/\/www.m-stickers.com\/es\/wp-json\/wp\/v2\/product_tag?post=40451"}],"curies":[{"name":"(No translation possible without context.  \"wp\" is ambiguous.)","href":"https:\/\/api.w.org\/{rel}","templated":true}]}}