{"id":40521,"date":"2022-12-13T15:54:54","date_gmt":"2022-12-13T14:54:54","guid":{"rendered":"https:\/\/www.m-stickers.com\/?post_type=product&#038;p=40521"},"modified":"2025-02-25T16:35:30","modified_gmt":"2025-02-25T15:35:30","slug":"calcomanias-llantas-kawasaki-z750-naranja-liquidacion","status":"publish","type":"product","link":"https:\/\/www.m-stickers.com\/es\/produit\/stickers-jantes-kawasaki-z750-orange-destockage\/","title":{"rendered":"Calcoman\u00edas llantas Kawasaki Z750 \u2013 Naranja (Liquidaci\u00f3n)"},"content":{"rendered":"<h2><strong><span style=\"color: #ff0000;\">Liquidaci\u00f3n<\/span><\/strong><\/h2>\n<h2><b>Kit Stickers jantes Kawasaki Z 750 Orange :<\/b><\/h2>\n<p>\u00bfDar un toque de estilo a tu moto f\u00e1cilmente y a bajo costo? \u00a1S\u00ed es posible!<br \/>\nYa sea para hacerla deportiva, llamar la atenci\u00f3n o venderla r\u00e1pidamente.<\/p>\n<p>El kit de calcoman\u00edas decorativas<a href=\"https:\/\/www.m-stickers.com\/es\/configurador\/configurar\/5557\/\">\u00a0Llantas Kawasaki Z750<\/a>17 pulgadas incluye las 2 llantas <strong>blanche<\/strong> :<\/p>\n<ul>\n<li>8 Listones pre-curvados de 8 mm Kawasaki<\/li>\n<li>8 Bordes pre-curvadas 8mm z750<\/li>\n<li>4 Calcoman\u00edas interiores de llantas Kawasaki<\/li>\n<li>4 Calcoman\u00edas interiores de llantas Z750,<\/li>\n<li>Logo Z 750<\/li>\n<\/ul>\n<p><b>M\u00e1s de nuestros stickers\u00a0<\/b>Calidad profesional, resistentes al agua y a los rayos UV, 100% personalizables, de f\u00e1cil instalaci\u00f3n, dise\u00f1ados y fabricados en Francia por motociclistas.<\/p>\n<p><b>Materiales<\/b>\u00a0Vinilos de alta calidad, adhesivos con pegamento mon\u00f3mero 100% (permanentes), acabado brillante.<\/p>\n<p>Tambi\u00e9n puedes pedir un kit decorativo completo a juego para tu moto.<a href=\"https:\/\/www.m-stickers.com\/es\/contacto\/\">\u00a0aqu\u00ed<\/a>\u00a0!<\/p>","protected":false},"excerpt":{"rendered":"<h2><strong><span style=\"color: #ff0000;\">Liquidaci\u00f3n<\/span><\/strong><\/h2>\n<h2><b>Kit Stickers jantes Kawasaki Z 750 Orange :<\/b><\/h2>\n<p>\u00bfDar un toque de estilo a tu moto f\u00e1cilmente y a bajo costo? \u00a1S\u00ed es posible!<br \/>\nYa sea para hacerla deportiva, llamar la atenci\u00f3n o venderla r\u00e1pidamente.<\/p>\n<p>El kit de calcoman\u00edas decorativas<a href=\"https:\/\/www.m-stickers.com\/es\/configurador\/configurar\/5557\/\">\u00a0Llantas Kawasaki Z750<\/a>17 pulgadas incluye las 2 llantas <strong>blanche<\/strong> :<\/p>\n<ul>\n<li>8 Listones pre-curvados de 8 mm Kawasaki<\/li>\n<li>8 Bordes pre-curvadas 8mm z750<\/li>\n<li>4 Calcoman\u00edas interiores de llantas Kawasaki<\/li>\n<li>4 Calcoman\u00edas interiores de llantas Z750,<\/li>\n<li>Logo Z 750<\/li>\n<\/ul>","protected":false},"featured_media":40522,"comment_status":"open","ping_status":"closed","template":"","meta":[],"product_brand":[],"product_cat":[929,941],"product_tag":[931,933,932,934,935,219,144],"class_list":{"0":"post-40521","1":"product","2":"type-product","3":"status-publish","4":"has-post-thumbnail","6":"product_cat-destockage","7":"product_cat-stickers-kawasaki-pas-cher","8":"product_tag-destockage","9":"product_tag-promo","10":"product_tag-promotion","11":"product_tag-promotions","12":"product_tag-reduction","13":"product_tag-z-750","14":"product_tag-z750","15":"product_shipping_class-standard","17":"entry","18":"has-media","20":"first","21":"outofstock","22":"sale","23":"taxable","24":"shipping-taxable","25":"purchasable","26":"product-type-simple","27":"col","28":"span_1_of_5","29":"owp-content-center","30":"item-entry","31":"owp-thumbs-layout-horizontal","32":"owp-btn-big","33":"owp-tabs-layout-horizontal","34":"has-no-thumbnails"},"ase":null,"_links":{"self":[{"href":"https:\/\/www.m-stickers.com\/es\/wp-json\/wp\/v2\/product\/40521","targetHints":{"allow":["GET"]}}],"collection":[{"href":"https:\/\/www.m-stickers.com\/es\/wp-json\/wp\/v2\/product"}],"about":[{"href":"https:\/\/www.m-stickers.com\/es\/wp-json\/wp\/v2\/types\/product"}],"replies":[{"embeddable":true,"href":"https:\/\/www.m-stickers.com\/es\/wp-json\/wp\/v2\/comments?post=40521"}],"wp:featuredmedia":[{"embeddable":true,"href":"https:\/\/www.m-stickers.com\/es\/wp-json\/wp\/v2\/media\/40522"}],"wp:attachment":[{"href":"https:\/\/www.m-stickers.com\/es\/wp-json\/wp\/v2\/media?parent=40521"}],"wp:term":[{"taxonomy":"product_brand","embeddable":true,"href":"https:\/\/www.m-stickers.com\/es\/wp-json\/wp\/v2\/product_brand?post=40521"},{"taxonomy":"product_cat","embeddable":true,"href":"https:\/\/www.m-stickers.com\/es\/wp-json\/wp\/v2\/product_cat?post=40521"},{"taxonomy":"product_tag","embeddable":true,"href":"https:\/\/www.m-stickers.com\/es\/wp-json\/wp\/v2\/product_tag?post=40521"}],"curies":[{"name":"(No translation possible without context.  \"wp\" is ambiguous.)","href":"https:\/\/api.w.org\/{rel}","templated":true}]}}