{"id":40535,"date":"2022-12-13T16:50:23","date_gmt":"2022-12-13T15:50:23","guid":{"rendered":"https:\/\/www.m-stickers.com\/?post_type=product&#038;p=40535"},"modified":"2025-02-25T16:35:32","modified_gmt":"2025-02-25T15:35:32","slug":"calcomanias-para-llantas-yamaha-mt-07-amarillas-y-blancas-liquidacion","status":"publish","type":"product","link":"https:\/\/www.m-stickers.com\/es\/produit\/stickers-de-jante-yamaha-mt-07-jaune-et-blanc-destockage\/","title":{"rendered":"Calcoman\u00edas para llanta Yamaha MT 07 Amarillo y Blanco (Liquidaci\u00f3n)"},"content":{"rendered":"<h2><strong>Liquidaci\u00f3n<\/strong><\/h2>\n<h2>Calcoman\u00edas llantas Yamaha MT 07 Amarillo y Blanco (kit para 2 llantas negras)<\/h2>\n<p>Mejore f\u00e1cilmente el aspecto de su moto con nuestro kit completo.<br \/>\nEl kit de calcoman\u00edas decorativas<a href=\"https:\/\/www.m-stickers.com\/es\/2022\/02\/07\/calcomanias-llantas-mt-07\/\">\u00a0Llantas Yamaha MT 07<\/a>17 pulgadas para las 2 llantas\u00a0<strong>NE<\/strong>\u00a0comprende:<\/p>\n<ul>\n<li>8 Bordes pre-curvadas de 8 mm Yamaha<\/li>\n<li>8 Listones pre-curvados de 8 mm MT 07,<\/li>\n<li>4 Calcoman\u00edas interiores de llanta Yamaha<\/li>\n<li>4 Calcoman\u00edas interiores para llantas MT-07<\/li>\n<\/ul>\n<p><strong>Nuestros m\u00e1s<\/strong> Calidad profesional, durabilidad permanente, resistentes al agua y a los rayos UV, dise\u00f1ados y fabricados en Francia por motociclistas.<\/p>\n<p><strong>Materiales<\/strong>\u00a0Vinilos de alta calidad, adhesivos con pegamento mon\u00f3mero 100% (adhesi\u00f3n permanente).<\/p>","protected":false},"excerpt":{"rendered":"<h2><strong><span style=\"color: #ff0000\">Liquidaci\u00f3n<\/span><\/strong><\/h2>\n<h2>Calcoman\u00edas llantas Yamaha MT 07 Amarillo y Blanco (kit para 2 llantas)<\/h2>\n<p>Impulsa f\u00e1cilmente el aspecto de tu motocicleta gracias a nuestro kit completo.<br \/>\nEl kit de calcoman\u00edas decorativas<a href=\"https:\/\/www.m-stickers.com\/es\/2022\/02\/07\/calcomanias-llantas-mt-07\/\">\u00a0Llantas Yamaha MT 07<\/a>17 pulgadas para las 2 llantas\u00a0<strong>NE<\/strong>\u00a0comprende:<\/p>\n<ul>\n<li>8 Bordes pre-curvadas de 8 mm Yamaha<\/li>\n<li>8 Listones pre-curvados de 8 mm MT 07,<\/li>\n<li>4 Calcoman\u00edas interiores de llanta Yamaha<\/li>\n<li>4 Calcoman\u00edas interiores para llantas MT-07<\/li>\n<\/ul>","protected":false},"featured_media":40536,"comment_status":"open","ping_status":"closed","template":"","meta":[],"product_brand":[],"product_cat":[929,937],"product_tag":[931,933,932,934,935],"class_list":{"0":"post-40535","1":"product","2":"type-product","3":"status-publish","4":"has-post-thumbnail","6":"product_cat-destockage","7":"product_cat-stickers-yamaha-pas-cher","8":"product_tag-destockage","9":"product_tag-promo","10":"product_tag-promotion","11":"product_tag-promotions","12":"product_tag-reduction","13":"product_shipping_class-standard","15":"entry","16":"has-media","18":"first","19":"outofstock","20":"sale","21":"taxable","22":"shipping-taxable","23":"purchasable","24":"product-type-simple","25":"col","26":"span_1_of_5","27":"owp-content-center","28":"item-entry","29":"owp-thumbs-layout-horizontal","30":"owp-btn-big","31":"owp-tabs-layout-horizontal","32":"has-no-thumbnails"},"ase":null,"_links":{"self":[{"href":"https:\/\/www.m-stickers.com\/es\/wp-json\/wp\/v2\/product\/40535","targetHints":{"allow":["GET"]}}],"collection":[{"href":"https:\/\/www.m-stickers.com\/es\/wp-json\/wp\/v2\/product"}],"about":[{"href":"https:\/\/www.m-stickers.com\/es\/wp-json\/wp\/v2\/types\/product"}],"replies":[{"embeddable":true,"href":"https:\/\/www.m-stickers.com\/es\/wp-json\/wp\/v2\/comments?post=40535"}],"wp:featuredmedia":[{"embeddable":true,"href":"https:\/\/www.m-stickers.com\/es\/wp-json\/wp\/v2\/media\/40536"}],"wp:attachment":[{"href":"https:\/\/www.m-stickers.com\/es\/wp-json\/wp\/v2\/media?parent=40535"}],"wp:term":[{"taxonomy":"product_brand","embeddable":true,"href":"https:\/\/www.m-stickers.com\/es\/wp-json\/wp\/v2\/product_brand?post=40535"},{"taxonomy":"product_cat","embeddable":true,"href":"https:\/\/www.m-stickers.com\/es\/wp-json\/wp\/v2\/product_cat?post=40535"},{"taxonomy":"product_tag","embeddable":true,"href":"https:\/\/www.m-stickers.com\/es\/wp-json\/wp\/v2\/product_tag?post=40535"}],"curies":[{"name":"(No translation possible without context.  \"wp\" is ambiguous.)","href":"https:\/\/api.w.org\/{rel}","templated":true}]}}