{"id":40766,"date":"2022-12-16T11:03:34","date_gmt":"2022-12-16T10:03:34","guid":{"rendered":"https:\/\/www.m-stickers.com\/?post_type=product&#038;p=40766"},"modified":"2026-02-10T17:28:08","modified_gmt":"2026-02-10T16:28:08","slug":"calcomanias-para-llantas-anillo-agrietado","status":"publish","type":"product","link":"https:\/\/www.m-stickers.com\/es\/produit\/stickers-jante-anneau-crack\/","title":{"rendered":"Calcoman\u00edas de llanta Anillo \u2013 Grieta"},"content":{"rendered":"<h2>Kit Calcoman\u00edas llanta moto Anillo \u2013 Crack (para 2 llantas) :<\/h2>\n<p><span style=\"color: #ff0000;\"><strong>!! Por defecto para llanta 17\u2033 (pulgada) !!<\/strong><\/span><\/p>\n<p>Nuestro kit de decoraci\u00f3n de llantas de moto Anillo \u2013 Crack para las 2 llantas incluye:<\/p>\n<ul>\n<li>2 Calcoman\u00edas semicirculares para llanta trasera.<\/li>\n<li>2 Calcoman\u00edas semicirculares para llanta trasera.<\/li>\n<\/ul>\n<p><strong>Versi\u00f3n completa disponible bajo pedido.<\/strong><\/p>\n<p>Todos nuestros stickers tienen una plastificaci\u00f3n que les proporciona una durabilidad permanente, as\u00ed como resistencia a las salpicaduras de agua y a los rayos UV.<br \/>\nNuestros Vinilos de alta calidad est\u00e1n dise\u00f1ados y fabricados en Francia. Nuestros adhesivos para llantas <strong>Anillo - Grieta <\/strong>Tambi\u00e9n son ideales para proteger tus llantas.<\/p>\n<h3>Consejos y tutorial para instalar el Kit de decoraci\u00f3n de llantas de motocicleta de 17 pulgadas Anillo:<\/h3>\n<p>Nuestros vinilos de llanta de anillo - Crack son muy f\u00e1ciles de colocar. A continuaci\u00f3n encontrar\u00e1 un tutorial para ayudarle a colocar correctamente su kit completo de vinilos. <span style=\"color: #ff0000;\">Antes que nada, aqu\u00ed est\u00e1n las precauciones que se deben tomar:<\/span><\/p>\n<ul>\n<li>Verificar que el aro est\u00e9 liso.<\/li>\n<li>Limpiar bien y desengrasar el aro con nuestro <strong><a href=\"https:\/\/www.m-stickers.com\/es\/product-tag\/limpiador-de-llantas-2\/\">Limpiador de llantas especial para adhesivos<\/a><\/strong> \u00a1O con agua jabonosa (puede que no sea suficiente para eliminar los residuos de grasa persistentes) o alcohol. <span style=\"color: #ff0000;\">No usar WD40 ni otros productos con silicona.\u00a0<\/span>El aro debe estar perfectamente limpio.<\/li>\n<li>No manipular las pegatinas por el lado del pegamento.<\/li>\n<li>Si las calcoman\u00edas no se pegan inmediatamente, gu\u00e1rdalas en un lugar seco y protegido de la luz solar.<\/li>\n<li>\u00a0Al momento de la instalaci\u00f3n, seleccione una pieza con una temperatura de al menos 15\u00b0C, protegida del viento y del polvo. Tambi\u00e9n es posible calentar la llanta antes de aplicar las calcoman\u00edas para asegurar una buena adherencia de los adhesivos. Una temperatura demasiado fr\u00eda no permitir\u00e1 una adherencia \u00f3ptima de las calcoman\u00edas.<\/li>\n<li>Despu\u00e9s de la aplicaci\u00f3n, evitar el contacto con el fr\u00edo y la humedad para garantizar una buena adherencia de los adhesivos.<\/li>\n<\/ul>\n<p>&nbsp;<\/p>\n<p><a href=\"https:\/\/www.m-stickers.com\/es\/tutoria-sobre-como-colocar-el-kit-de-decoracion-de-llantas-con-anillos\/\"><strong>Consejos y tutorial para instalar tu Kit de decoraci\u00f3n <\/strong><\/a><a href=\"https:\/\/www.m-stickers.com\/es\/tutoria-sobre-como-colocar-el-kit-de-decoracion-de-llantas-con-anillos\/\"><img decoding=\"async\" class=\"alignnone wp-image-6382\" src=\"https:\/\/www.m-stickers.com\/wp-content\/uploads\/2021\/01\/bouton-tuto-300x74.png\" alt=\"\" width=\"150\" height=\"37\" srcset=\"https:\/\/www.m-stickers.com\/wp-content\/uploads\/2021\/01\/bouton-tuto-300x74.png 300w, https:\/\/www.m-stickers.com\/wp-content\/uploads\/2021\/01\/bouton-tuto.png 413w\" sizes=\"(max-width: 150px) 100vw, 150px\" \/><\/a><\/p>\n<h4><a href=\"https:\/\/www.youtube.com\/watch?v=0O3GAvq4GVQ\">Video tutorial completo de instalaci\u00f3n de kit de decoraci\u00f3n de llantas Anillo<\/a><\/h4>\n<hr \/>\n<h2>\u00bfEs posible personalizar mis Stickers de L\u00edmite Anillo?<\/h2>\n<p>\u00a1Personaliza tu kit de decorativo de jante de anillo con nuestros efectos! Para tu kit de decorativo de jante, ofrecemos los efectos: Hologr\u00e1fico \/ Fotoluminiscente \/ Retrorreflectante \/ Fluo \/ Brillante \/ Mate. <strong>Por favor, proporciona el texto en franc\u00e9s que deseas traducir al espa\u00f1ol. <a href=\"https:\/\/www.m-stickers.com\/es\/nuestros-adhesivos\/\">\u00a1Con\u00f3cenos aqu\u00ed para m\u00e1s informaci\u00f3n sobre nuestros efectos de pegatinas!<\/a><\/strong><\/p>\n<p>Tambi\u00e9n puedes personalizar tu propio kit decorativo de aros de llanta con nuestro<strong> <a href=\"https:\/\/www.m-stickers.com\/es\/categorie-configurator\/\">\u00a1Configur\u00e1dor instant\u00e1neo! <\/a><a href=\"https:\/\/www.m-stickers.com\/es\/categorie-configurator\/\"><img decoding=\"async\" class=\"alignnone wp-image-6380\" src=\"https:\/\/www.m-stickers.com\/wp-content\/uploads\/2021\/01\/bouton-configurator-3-300x74.png\" alt=\"\" width=\"150\" height=\"37\" srcset=\"https:\/\/www.m-stickers.com\/wp-content\/uploads\/2021\/01\/bouton-configurator-3-300x74.png 300w, https:\/\/www.m-stickers.com\/wp-content\/uploads\/2021\/01\/bouton-configurator-3.png 413w\" sizes=\"(max-width: 150px) 100vw, 150px\" \/><\/a><\/strong><\/p>\n<hr \/>\n<h3>Kit de decoraci\u00f3n de llantas de moto de 17 pulgadas, anillo, \u00bfqu\u00e9 colores son posibles?<\/h3>\n<p>Nuestros kits decorativos para jantes de moto est\u00e1n disponibles por defecto en los siguientes colores: Blanco \/ Negro \/ Rojo \/ Naranja \/ Amarillo \/ Verde \/ Cian \/ Azul \/ Rosa. Tambi\u00e9n puede elegir el color que desee con nuestra opci\u00f3n de color espec\u00edfica o consultando nuestra tabla de colores: <a href=\"https:\/\/www.m-stickers.com\/es\/etiquetas-de-gama-de-colores\/\">Nuancier M-Stickers<\/a><\/p>\n<hr \/>\n<h4>\u00bfTiene alguna pregunta sobre el kit decorativo para llantas? \u00bfSolicitud de personalizaci\u00f3n? No dude en contactarnos a trav\u00e9s de la p\u00e1gina de contacto: <a href=\"https:\/\/www.m-stickers.com\/es\/contacto\/\"><img decoding=\"async\" class=\"alignnone wp-image-6381\" src=\"https:\/\/www.m-stickers.com\/wp-content\/uploads\/2021\/01\/bouton-contact-300x74.png\" alt=\"\" width=\"150\" height=\"37\" srcset=\"https:\/\/www.m-stickers.com\/wp-content\/uploads\/2021\/01\/bouton-contact-300x74.png 300w, https:\/\/www.m-stickers.com\/wp-content\/uploads\/2021\/01\/bouton-contact.png 413w\" sizes=\"(max-width: 150px) 100vw, 150px\" \/><\/a><\/h4>\n<h4><\/h4>","protected":false},"excerpt":{"rendered":"<h2 style=\"text-align: center;\">Kit Calcoman\u00edas Llanta Anillo \u2013 Grieta (para 2 llantas)<\/h2>\n<hr \/>\n<h2 style=\"text-align: center;\"><span style=\"color: #ff0000;\"><strong>KIT DE ANILLO PERSONALIZADO<\/strong><\/span><\/h2>\n<h3 style=\"text-align: justify; text-justify: inter-word;\"><strong><a href=\"https:\/\/www.m-stickers.com\/es\/configurador\/configurar\/53173\/\">\u00a1Personaliza tu kit decorativo para llantas y aros con m\u00e1s dise\u00f1os, m\u00e1s colores y efectos exclusivos gracias a nuestro configurador!<\/a><\/strong><\/h3>\n<h3><strong><a href=\"https:\/\/www.m-stickers.com\/es\/configurador\/configurar\/53173\/\"><img loading=\"lazy\" decoding=\"async\" class=\"aligncenter wp-image-6380\" src=\"https:\/\/www.m-stickers.com\/wp-content\/uploads\/2021\/01\/bouton-configurator-3-300x74.png\" alt=\"\" width=\"150\" height=\"37\" srcset=\"https:\/\/www.m-stickers.com\/wp-content\/uploads\/2021\/01\/bouton-configurator-3-300x74.png 300w, https:\/\/www.m-stickers.com\/wp-content\/uploads\/2021\/01\/bouton-configurator-3.png 413w\" sizes=\"(max-width: 150px) 100vw, 150px\" \/><\/a><\/strong><\/h3>\n<hr \/>\n<h2 style=\"text-align: center;\"><span style=\"color: #ff0000;\"><strong>ANILLO KIT<\/strong><\/span><\/h2>","protected":false},"featured_media":59283,"comment_status":"open","ping_status":"closed","template":"","meta":[],"product_brand":[],"product_cat":[132],"product_tag":[354,400,1380,1379,133,127],"class_list":{"0":"post-40766","1":"product","2":"type-product","3":"status-publish","4":"has-post-thumbnail","6":"product_cat-kits-full","7":"product_tag-anneau","8":"product_tag-anneaux","9":"product_tag-anneaux-crack","10":"product_tag-crack","11":"product_tag-stickers-full","12":"product_tag-stickers-jantes","13":"product_shipping_class-anneau","15":"entry","16":"has-media","18":"first","19":"instock","20":"taxable","21":"shipping-taxable","22":"purchasable","23":"product-type-variable","24":"has-default-attributes","25":"col","26":"span_1_of_5","27":"owp-content-center","28":"item-entry","29":"owp-thumbs-layout-horizontal","30":"owp-btn-big","31":"owp-tabs-layout-horizontal"},"ase":null,"_links":{"self":[{"href":"https:\/\/www.m-stickers.com\/es\/wp-json\/wp\/v2\/product\/40766","targetHints":{"allow":["GET"]}}],"collection":[{"href":"https:\/\/www.m-stickers.com\/es\/wp-json\/wp\/v2\/product"}],"about":[{"href":"https:\/\/www.m-stickers.com\/es\/wp-json\/wp\/v2\/types\/product"}],"replies":[{"embeddable":true,"href":"https:\/\/www.m-stickers.com\/es\/wp-json\/wp\/v2\/comments?post=40766"}],"wp:featuredmedia":[{"embeddable":true,"href":"https:\/\/www.m-stickers.com\/es\/wp-json\/wp\/v2\/media\/59283"}],"wp:attachment":[{"href":"https:\/\/www.m-stickers.com\/es\/wp-json\/wp\/v2\/media?parent=40766"}],"wp:term":[{"taxonomy":"product_brand","embeddable":true,"href":"https:\/\/www.m-stickers.com\/es\/wp-json\/wp\/v2\/product_brand?post=40766"},{"taxonomy":"product_cat","embeddable":true,"href":"https:\/\/www.m-stickers.com\/es\/wp-json\/wp\/v2\/product_cat?post=40766"},{"taxonomy":"product_tag","embeddable":true,"href":"https:\/\/www.m-stickers.com\/es\/wp-json\/wp\/v2\/product_tag?post=40766"}],"curies":[{"name":"(No translation possible without context.  \"wp\" is ambiguous.)","href":"https:\/\/api.w.org\/{rel}","templated":true}]}}