{"id":41004,"date":"2022-12-20T11:22:53","date_gmt":"2022-12-20T10:22:53","guid":{"rendered":"https:\/\/www.m-stickers.com\/?post_type=product&#038;p=41004"},"modified":"2025-02-25T16:35:39","modified_gmt":"2025-02-25T15:35:39","slug":"calcomanias-reflectantes-para-llantas-yamaha-mt-07-liquidacion","status":"publish","type":"product","link":"https:\/\/www.m-stickers.com\/es\/produit\/stickers-de-jante-yamaha-mt-07-reflechissant-destockage\/","title":{"rendered":"Calcoman\u00edas para llantas Yamaha MT 07 \u2013 Reflectantes (Liquidaci\u00f3n)"},"content":{"rendered":"<h2><strong><span style=\"color: #ff0000\">Liquidaci\u00f3n<\/span><\/strong><\/h2>\n<h2>Calcoman\u00edas de llantas Yamaha MT 07 \u2013 Reflectantes (kit para 2 llantas)<\/h2>\n<p>Mejore f\u00e1cilmente el aspecto de su moto con nuestro kit completo.<br \/>\nEl kit de calcoman\u00edas decorativas<a href=\"https:\/\/www.m-stickers.com\/es\/2022\/02\/07\/calcomanias-llantas-mt-07\/\">\u00a0Llantas Yamaha MT 07<\/a>17 pulgadas para las 2 llantas <strong>NE<\/strong> comprende:<\/p>\n<ul>\n<li>8 Bordes pre-curvadas de 8 mm Yamaha<\/li>\n<li>8 Listones pre-curvados de 8 mm MT 07,<\/li>\n<li>4 Calcoman\u00edas interiores de llanta Yamaha<\/li>\n<li>4 Calcoman\u00edas interiores para llantas MT-07<\/li>\n<li>1. Logo Yamaha<\/li>\n<\/ul>\n<p><strong><span style=\"color: #ff0000\">Efecto Reflectante <span style=\"color: #000000\">Para saber m\u00e1s sobre este efecto, <a href=\"https:\/\/www.m-stickers.com\/es\/nuestros-adhesivos\/\">\u00a1Encu\u00e9ntrate aqu\u00ed!<\/a><\/span><\/span><\/strong><\/p>\n<p><strong>Nuestros m\u00e1s<\/strong>\u00a0Calidad profesional, dise\u00f1o permanente, resistentes al agua y a los rayos UV, 100% personalizables, dise\u00f1ados y fabricados en Francia por motociclistas.<\/p>\n<p><strong>Materiales<\/strong>\u00a0Vinilos de alta calidad, adhesivos con pegamento mon\u00f3mero 100% (adhesi\u00f3n permanente).<\/p>\n<p>Tambi\u00e9n puedes elegir un kit decorativo completo\u00a0<a href=\"https:\/\/www.m-stickers.com\/es\/product-category\/kit-de-decoracion\/\">aqu\u00ed<\/a>\u00a0!<\/p>\n<hr \/>\n<h3>Calcoman\u00edas de llanta Yamaha MT 07 \u2013 \u00bfC\u00f3mo colocarlas?<\/h3>\n<p>El kit de pegatinas para llantas Yamaha MT 07 es f\u00e1cil de aplicar, independientemente del tama\u00f1o o la superficie de la llanta, el proceso sigue siendo el mismo. A continuaci\u00f3n, encontrar\u00e1 un tutorial para ayudarle a aplicar correctamente su kit de pegatinas de llantas Yamaha MT 07. Antes que nada, estas son las precauciones a tomar:<\/p>\n<ul>\n<li>Verificar que el aro debe estar perfectamente liso.<\/li>\n<li>Limpiar bien y desengrasar el aro con agua jabonosa\/alcohol. No usar WD40 ni otros productos con silicona. El aro debe estar perfectamente limpio.<\/li>\n<li>No manipular las pegatinas por el lado del pegamento.<\/li>\n<li>Si las calcoman\u00edas no se aplican inmediatamente, gu\u00e1rdelas en un lugar seco y alejado de la luz solar.<\/li>\n<li>\u00a0Al momento de la colocaci\u00f3n, escoja una pieza con una temperatura de al menos 15\u00b0C, protegida del viento y el polvo. Tambi\u00e9n es posible calentar la llanta antes de colocar las calcoman\u00edas para asegurar una buena adherencia de los adhesivos. Una temperatura demasiado fr\u00eda no permitir\u00e1 una adhesi\u00f3n \u00f3ptima de las calcoman\u00edas.<\/li>\n<li>A\u00f1ada nuestro\u00a0<a href=\"https:\/\/www.m-stickers.com\/es\/product\/raclette-de-pose-translates-to-bandeja-de-colocacion-or-bandeja-de-aplicacion-in-spanish-the-best-choice-depends-on-the-specific-context\/\">Placa de raclette con adhesivo<\/a>\u00a0en tu pedido para no perderte la instalaci\u00f3n de tus stickers de llanta de moto<\/li>\n<li>Despu\u00e9s de la colocaci\u00f3n, evitar el contacto con el fr\u00edo y la humedad para asegurar una buena adherencia de los adhesivos.<\/li>\n<\/ul>","protected":false},"excerpt":{"rendered":"<h2><strong><span style=\"color: #ff0000\">Liquidaci\u00f3n<\/span><\/strong><\/h2>\n<h2>Calcoman\u00edas de llantas Yamaha MT 07 \u2013 Reflectantes (kit para 2 llantas)<\/h2>\n<p>Impulsa f\u00e1cilmente el aspecto de tu motocicleta gracias a nuestro kit completo.<br \/>\nEl kit de calcoman\u00edas decorativas<a href=\"https:\/\/www.m-stickers.com\/es\/2022\/02\/07\/calcomanias-llantas-mt-07\/\">\u00a0Llantas Yamaha MT 07<\/a>17 pulgadas para las 2 llantas <strong>NE<\/strong> comprende:<\/p>\n<ul>\n<li>8 Bordes pre-curvadas de 8 mm Yamaha<\/li>\n<li>8 Listones pre-curvados de 8 mm MT 07,<\/li>\n<li>4 Calcoman\u00edas interiores de llanta Yamaha<\/li>\n<li>4 Calcoman\u00edas interiores para llantas MT-07<\/li>\n<li>1. Logo Yamaha<\/li>\n<\/ul>\n<p><strong><span style=\"color: #ff0000\">Efecto Reflectante <span style=\"color: #000000\">Para saber m\u00e1s sobre este efecto, <a href=\"https:\/\/www.m-stickers.com\/es\/nuestros-adhesivos\/\">\u00a1Encu\u00e9ntrate aqu\u00ed!<\/a><\/span><\/span><\/strong><\/p>","protected":false},"featured_media":41013,"comment_status":"open","ping_status":"closed","template":"","meta":[],"product_brand":[],"product_cat":[929,937],"product_tag":[931,933,932,934,935],"class_list":{"0":"post-41004","1":"product","2":"type-product","3":"status-publish","4":"has-post-thumbnail","6":"product_cat-destockage","7":"product_cat-stickers-yamaha-pas-cher","8":"product_tag-destockage","9":"product_tag-promo","10":"product_tag-promotion","11":"product_tag-promotions","12":"product_tag-reduction","13":"product_shipping_class-standard","15":"entry","16":"has-media","18":"first","19":"instock","20":"taxable","21":"shipping-taxable","22":"product-type-variable","23":"col","24":"span_1_of_5","25":"owp-content-center","26":"item-entry","27":"owp-thumbs-layout-horizontal","28":"owp-btn-big","29":"owp-tabs-layout-horizontal","30":"has-no-thumbnails"},"ase":null,"_links":{"self":[{"href":"https:\/\/www.m-stickers.com\/es\/wp-json\/wp\/v2\/product\/41004","targetHints":{"allow":["GET"]}}],"collection":[{"href":"https:\/\/www.m-stickers.com\/es\/wp-json\/wp\/v2\/product"}],"about":[{"href":"https:\/\/www.m-stickers.com\/es\/wp-json\/wp\/v2\/types\/product"}],"replies":[{"embeddable":true,"href":"https:\/\/www.m-stickers.com\/es\/wp-json\/wp\/v2\/comments?post=41004"}],"wp:featuredmedia":[{"embeddable":true,"href":"https:\/\/www.m-stickers.com\/es\/wp-json\/wp\/v2\/media\/41013"}],"wp:attachment":[{"href":"https:\/\/www.m-stickers.com\/es\/wp-json\/wp\/v2\/media?parent=41004"}],"wp:term":[{"taxonomy":"product_brand","embeddable":true,"href":"https:\/\/www.m-stickers.com\/es\/wp-json\/wp\/v2\/product_brand?post=41004"},{"taxonomy":"product_cat","embeddable":true,"href":"https:\/\/www.m-stickers.com\/es\/wp-json\/wp\/v2\/product_cat?post=41004"},{"taxonomy":"product_tag","embeddable":true,"href":"https:\/\/www.m-stickers.com\/es\/wp-json\/wp\/v2\/product_tag?post=41004"}],"curies":[{"name":"(No translation possible without context.  \"wp\" is ambiguous.)","href":"https:\/\/api.w.org\/{rel}","templated":true}]}}