{"id":41070,"date":"2022-12-20T15:14:28","date_gmt":"2022-12-20T14:14:28","guid":{"rendered":"https:\/\/www.m-stickers.com\/?post_type=product&#038;p=41070"},"modified":"2025-07-28T19:04:30","modified_gmt":"2025-07-28T17:04:30","slug":"llantas-kawasaki-zx-7r-negras-liquidacion","status":"publish","type":"product","link":"https:\/\/www.m-stickers.com\/es\/produit\/liserets-jante-kawasaki-zx-7r-noir-destockage\/","title":{"rendered":"Ll"},"content":{"rendered":"<h2><strong><span style=\"color: #ff0000;\">Liquidaci\u00f3n<\/span><\/strong><\/h2>\n<h2>A<\/h2>\n<p>El kit de decoraci\u00f3n de llantas de moto de 17 pulgadas Kawasaki ZX7r para las 2 llantas incluye:<\/p>\n<ul>\n<li>8 separadores pre-curvados de 8 mm con 8 calcoman\u00edas Kawasaki peque\u00f1as y 8 calcoman\u00edas ZX-7R peque\u00f1as para las 2 llantas.<\/li>\n<li>Calidad profesional con uniforme permanente*<\/li>\n<\/ul>\n<p>Etiquetas con adhesivo mon\u00f3mero 100% que proporciona una fijaci\u00f3n permanente, as\u00ed como resistencia a las salpicaduras de agua y a los rayos UV.<br \/>\nNuestros Vinilos de alta calidad est\u00e1n dise\u00f1ados y fabricados en Francia.<\/p>","protected":false},"excerpt":{"rendered":"<h2><strong><span style=\"color: #ff0000;\">Liquidaci\u00f3n<\/span><\/strong><\/h2>\n<h2>An<\/h2>\n<p>El kit de decoraci\u00f3n de llantas de moto de 17 pulgadas Kawasaki ZX7r para las 2 llantas incluye:<\/p>\n<ul>\n<li>8 separadores pre-curvados de 8 mm con 8 calcoman\u00edas Kawasaki peque\u00f1as y 8 calcoman\u00edas ZX-7R peque\u00f1as para las 2 llantas.<\/li>\n<li>Calidad profesional con uniforme permanente*<\/li>\n<\/ul>\n<p>&nbsp;<\/p>","protected":false},"featured_media":41071,"comment_status":"open","ping_status":"closed","template":"","meta":[],"product_brand":[],"product_cat":[929,941],"product_tag":[931,933,932,934,935,880,878],"class_list":{"0":"post-41070","1":"product","2":"type-product","3":"status-publish","4":"has-post-thumbnail","6":"product_cat-destockage","7":"product_cat-stickers-kawasaki-pas-cher","8":"product_tag-destockage","9":"product_tag-promo","10":"product_tag-promotion","11":"product_tag-promotions","12":"product_tag-reduction","13":"product_tag-zx7-r","14":"product_tag-zx7r","15":"product_shipping_class-standard","17":"entry","18":"has-media","20":"first","21":"instock","22":"sale","23":"taxable","24":"shipping-taxable","25":"purchasable","26":"product-type-simple","27":"col","28":"span_1_of_5","29":"owp-content-center","30":"item-entry","31":"owp-thumbs-layout-horizontal","32":"owp-btn-big","33":"owp-tabs-layout-horizontal","34":"has-no-thumbnails"},"ase":null,"_links":{"self":[{"href":"https:\/\/www.m-stickers.com\/es\/wp-json\/wp\/v2\/product\/41070","targetHints":{"allow":["GET"]}}],"collection":[{"href":"https:\/\/www.m-stickers.com\/es\/wp-json\/wp\/v2\/product"}],"about":[{"href":"https:\/\/www.m-stickers.com\/es\/wp-json\/wp\/v2\/types\/product"}],"replies":[{"embeddable":true,"href":"https:\/\/www.m-stickers.com\/es\/wp-json\/wp\/v2\/comments?post=41070"}],"wp:featuredmedia":[{"embeddable":true,"href":"https:\/\/www.m-stickers.com\/es\/wp-json\/wp\/v2\/media\/41071"}],"wp:attachment":[{"href":"https:\/\/www.m-stickers.com\/es\/wp-json\/wp\/v2\/media?parent=41070"}],"wp:term":[{"taxonomy":"product_brand","embeddable":true,"href":"https:\/\/www.m-stickers.com\/es\/wp-json\/wp\/v2\/product_brand?post=41070"},{"taxonomy":"product_cat","embeddable":true,"href":"https:\/\/www.m-stickers.com\/es\/wp-json\/wp\/v2\/product_cat?post=41070"},{"taxonomy":"product_tag","embeddable":true,"href":"https:\/\/www.m-stickers.com\/es\/wp-json\/wp\/v2\/product_tag?post=41070"}],"curies":[{"name":"(No translation possible without context.  \"wp\" is ambiguous.)","href":"https:\/\/api.w.org\/{rel}","templated":true}]}}