{"id":41128,"date":"2022-12-22T15:02:49","date_gmt":"2022-12-22T14:02:49","guid":{"rendered":"https:\/\/www.m-stickers.com\/?post_type=product&#038;p=41128"},"modified":"2025-06-11T10:29:38","modified_gmt":"2025-06-11T08:29:38","slug":"stickers-jante-aprilia-dorsoduro-1200-noir-destockage","status":"publish","type":"product","link":"https:\/\/www.m-stickers.com\/es\/produit\/stickers-jante-aprilia-dorsoduro-1200-noir-destockage\/","title":{"rendered":"Stickers de llanta Aprilia Dorsoduro 1200 \u2013"},"content":{"rendered":"<h2><strong><span style=\"color: #ff0000;\">Liquidaci\u00f3n<\/span><\/strong><\/h2>\n<h2>Calcoman\u00edas de llanta Aprilia Dorsoduro 120<\/h2>\n<p>Le kit stickers jante Aprilia Dorsoduro 1200 pour les 2 jantes comprend :<\/p>\n<ul>\n<li>Las llantas pre-curvadas de 8 mm con 8 pegatinas Aprilia.<\/li>\n<li>4 Calcoman\u00edas interiores de llantas Aprilia<\/li>\n<li>4 Calcoman\u00edas interiores de llanta 1200<\/li>\n<li>4 Calcoman\u00edas adicionales para carreras<\/li>\n<li>Calidad profesional con uniforme permanente*<\/li>\n<\/ul>\n<p>Etiquetas con adhesivo mon\u00f3mero 100% que proporciona una fijaci\u00f3n permanente, as\u00ed como resistencia a las salpicaduras de agua y a los rayos UV.<br \/>\nNuestros Vinilos de alta calidad est\u00e1n dise\u00f1ados y fabricados en Francia.<\/p>","protected":false},"excerpt":{"rendered":"<h2><strong><span style=\"color: #ff0000;\">Liquidaci\u00f3n<\/span><\/strong><\/h2>\n<h2>Calcoman\u00edas de llanta Aprilia Dorsoduro 120<\/h2>\n<p>Le kit stickers jante Aprilia Dorsoduro 1200 pour les 2 jantes comprend :<\/p>\n<ul>\n<li>Las llantas pre-curvadas de 8 mm con 8 pegatinas Aprilia.<\/li>\n<li>4 Calcoman\u00edas interiores de llantas Aprilia<\/li>\n<li>4 Calcoman\u00edas interiores de llanta 1200<\/li>\n<li>4 Calcoman\u00edas adicionales para carreras<\/li>\n<li>Calidad profesional con uniforme permanente*<\/li>\n<\/ul>","protected":false},"featured_media":41131,"comment_status":"open","ping_status":"closed","template":"","meta":[],"product_brand":[],"product_cat":[939,929],"product_tag":[176,1069,931,1068,933,932,934,935],"class_list":{"0":"post-41128","1":"product","2":"type-product","3":"status-publish","4":"has-post-thumbnail","6":"product_cat-stickers-aprilia-pas-cher","7":"product_cat-destockage","8":"product_tag-aprilia","9":"product_tag-aprilia-dorsoduro","10":"product_tag-destockage","11":"product_tag-dorsoduro","12":"product_tag-promo","13":"product_tag-promotion","14":"product_tag-promotions","15":"product_tag-reduction","16":"product_shipping_class-standard","18":"entry","19":"has-media","21":"first","22":"instock","23":"sale","24":"taxable","25":"shipping-taxable","26":"purchasable","27":"product-type-simple","28":"col","29":"span_1_of_5","30":"owp-content-center","31":"item-entry","32":"owp-thumbs-layout-horizontal","33":"owp-btn-big","34":"owp-tabs-layout-horizontal","35":"has-no-thumbnails"},"ase":null,"_links":{"self":[{"href":"https:\/\/www.m-stickers.com\/es\/wp-json\/wp\/v2\/product\/41128","targetHints":{"allow":["GET"]}}],"collection":[{"href":"https:\/\/www.m-stickers.com\/es\/wp-json\/wp\/v2\/product"}],"about":[{"href":"https:\/\/www.m-stickers.com\/es\/wp-json\/wp\/v2\/types\/product"}],"replies":[{"embeddable":true,"href":"https:\/\/www.m-stickers.com\/es\/wp-json\/wp\/v2\/comments?post=41128"}],"wp:featuredmedia":[{"embeddable":true,"href":"https:\/\/www.m-stickers.com\/es\/wp-json\/wp\/v2\/media\/41131"}],"wp:attachment":[{"href":"https:\/\/www.m-stickers.com\/es\/wp-json\/wp\/v2\/media?parent=41128"}],"wp:term":[{"taxonomy":"product_brand","embeddable":true,"href":"https:\/\/www.m-stickers.com\/es\/wp-json\/wp\/v2\/product_brand?post=41128"},{"taxonomy":"product_cat","embeddable":true,"href":"https:\/\/www.m-stickers.com\/es\/wp-json\/wp\/v2\/product_cat?post=41128"},{"taxonomy":"product_tag","embeddable":true,"href":"https:\/\/www.m-stickers.com\/es\/wp-json\/wp\/v2\/product_tag?post=41128"}],"curies":[{"name":"(No translation possible without context.  \"wp\" is ambiguous.)","href":"https:\/\/api.w.org\/{rel}","templated":true}]}}