{"id":46276,"date":"2023-06-06T15:43:28","date_gmt":"2023-06-06T13:43:28","guid":{"rendered":"https:\/\/www.m-stickers.com\/?post_type=product&#038;p=46276"},"modified":"2025-05-23T10:54:08","modified_gmt":"2025-05-23T08:54:08","slug":"calcomanias-llantas-triumph-trident-660-blanco-rojo-liquidacion","status":"publish","type":"product","link":"https:\/\/www.m-stickers.com\/es\/produit\/stickers-jantes-triumph-trident-660-blanc-rouge-destockage\/","title":{"rendered":"Calcoman\u00edas llantas Triumph Trident \u2013 Blanco\/Rojo (Liquidaci\u00f3n)"},"content":{"rendered":"<h2><span style=\"color: #ff0000\">Liquidaci\u00f3n <\/span><\/h2>\n<h2>Calcoman\u00edas Triumph Trident \u2013 Kit completo (para 2 llantas):<\/h2>\n<p>Transforma el aspecto de tu motocicleta con nuestros adhesivos.\u00a0<a href=\"https:\/\/www.m-stickers.com\/es\/2022\/03\/07\/calcomanias-para-llantas-de-motocicleta-triumph-100-calcomanias-personalizadas\/\">Triumph Trident<\/a>.<\/p>\n<p>El kit completo de calcoman\u00edas Triumph Trident incluye:<\/p>\n<ul>\n<li>16 Llantas pre-curvadas de 8mm,<\/li>\n<li>8 Peque\u00f1os stickers Triumph,<\/li>\n<li>8 peque\u00f1os adhesivos Trident<\/li>\n<li>4 Calcoman\u00edas interiores de llantas Triumph,<\/li>\n<li>4 Calcoman\u00edas interiores de llantas Trident<\/li>\n<li>1. Logo Triumph<\/li>\n<\/ul>\n<p><b>Los puntos fuertes\u00a0<\/b>Alta calidad, ajuste permanente, personalizables 100%, f\u00e1ciles de colocar, resistentes al agua y a los rayos UV, dise\u00f1ados y fabricados en Francia por motociclistas.<\/p>\n<p><b>Materiales<\/b>\u00a0Vinilos de alta calidad, adhesivos con pegamento mon\u00f3mero 100% (adherencia permanente), acabado brillante.<\/p>\n<p>Nuestras calcoman\u00edas est\u00e1n dise\u00f1adas para durar.<\/p>\n<p>Para solicitudes espec\u00edficas o para un kit de decoraci\u00f3n completo, es...\u00a0<a href=\"https:\/\/www.m-stickers.com\/es\/contacto\/\">Here<\/a>\u00a0!<\/p>\n<hr \/>\n<h2><b>Personalizar mi kit de pegatinas para llantas Triumph Trident 600 Custom\u00a0<\/b><\/h2>\n<p>Elige el color de tus pegatinas entre los colores propuestos:\u00a0<i>Blanco<\/i><br \/>\nTambi\u00e9n puede solicitar un color espec\u00edfico a\u00f1adiendo el c\u00f3digo de color del tono en la nota del pedido.<\/p>\n<p>Tambi\u00e9n es posible\u00a0<strong>Personalizar<\/strong>\u00a0El kit de calcoman\u00edas Triumph Trident 600 en nuestra<a href=\"https:\/\/www.m-stickers.com\/es\/configurador\/configurar\/12763\/\">\u00a0configurator<\/a>.<br \/>\nPuedes elegir diferentes dise\u00f1os de **adhesivos** Triumph y Trident 600 para que combinen perfectamente con tu estilo.<\/p>\n<h2><a style=\"font-size: 16px\" href=\"https:\/\/www.m-stickers.com\/es\/contacto\/\"><img decoding=\"async\" class=\"alignnone wp-image-6381\" src=\"https:\/\/www.m-stickers.com\/wp-content\/uploads\/2021\/01\/bouton-contact-300x74.png\" alt=\"\" width=\"150\" height=\"37\" srcset=\"https:\/\/www.m-stickers.com\/wp-content\/uploads\/2021\/01\/bouton-contact-300x74.png 300w, https:\/\/www.m-stickers.com\/wp-content\/uploads\/2021\/01\/bouton-contact.png 413w\" sizes=\"(max-width: 150px) 100vw, 150px\" \/><\/a><\/h2>","protected":false},"excerpt":{"rendered":"<h2><span style=\"color: #ff0000\">Liquidaci\u00f3n <\/span><\/h2>\n<h2>Calcoman\u00edas Triumph Trident \u2013 Kit completo (para 2 llantas):<\/h2>\n<p>Cambia el aspecto de tu motocicleta con nuestros adhesivos\u00a0<a href=\"https:\/\/www.m-stickers.com\/es\/2022\/03\/07\/calcomanias-para-llantas-de-motocicleta-triumph-100-calcomanias-personalizadas\/\">Triumph Trident<\/a>.<\/p>\n<p>El kit completo de calcoman\u00edas Triumph Trident incluye:<\/p>\n<ul>\n<li>16 Listones pre-curvados de 8 mm<\/li>\n<li>8 Peque\u00f1os stickers Triumph,<\/li>\n<li>8 peque\u00f1os adhesivos Trident<\/li>\n<li>4 Calcoman\u00edas interiores de llantas Triumph,<\/li>\n<li>4 Calcoman\u00edas interiores de llantas Trident<\/li>\n<li>1. Logo Triumph<\/li>\n<\/ul>\n<p>Estado: correcto \/ Nota: Rojo claro y no rojo vivo<\/p>\n<p>Alta calidad, durabilidad permanente, resistentes a la intemperie y a los rayos UV, 100% franc\u00e9s y dise\u00f1ados por apasionados motociclistas.<\/p>","protected":false},"featured_media":50379,"comment_status":"open","ping_status":"closed","template":"","meta":[],"product_brand":[],"product_cat":[929,948],"product_tag":[931,251,933,935,138,1127,192],"class_list":{"0":"post-46276","1":"product","2":"type-product","3":"status-publish","4":"has-post-thumbnail","6":"product_cat-destockage","7":"product_cat-triumph","8":"product_tag-destockage","9":"product_tag-kit-deco","10":"product_tag-promo","11":"product_tag-reduction","12":"product_tag-stickers","13":"product_tag-trident","14":"product_tag-triumph","15":"product_shipping_class-standard","17":"entry","18":"has-media","20":"first","21":"instock","22":"taxable","23":"shipping-taxable","24":"product-type-variable","25":"col","26":"span_1_of_5","27":"owp-content-center","28":"item-entry","29":"owp-thumbs-layout-horizontal","30":"owp-btn-big","31":"owp-tabs-layout-horizontal","32":"has-no-thumbnails"},"ase":null,"_links":{"self":[{"href":"https:\/\/www.m-stickers.com\/es\/wp-json\/wp\/v2\/product\/46276","targetHints":{"allow":["GET"]}}],"collection":[{"href":"https:\/\/www.m-stickers.com\/es\/wp-json\/wp\/v2\/product"}],"about":[{"href":"https:\/\/www.m-stickers.com\/es\/wp-json\/wp\/v2\/types\/product"}],"replies":[{"embeddable":true,"href":"https:\/\/www.m-stickers.com\/es\/wp-json\/wp\/v2\/comments?post=46276"}],"wp:featuredmedia":[{"embeddable":true,"href":"https:\/\/www.m-stickers.com\/es\/wp-json\/wp\/v2\/media\/50379"}],"wp:attachment":[{"href":"https:\/\/www.m-stickers.com\/es\/wp-json\/wp\/v2\/media?parent=46276"}],"wp:term":[{"taxonomy":"product_brand","embeddable":true,"href":"https:\/\/www.m-stickers.com\/es\/wp-json\/wp\/v2\/product_brand?post=46276"},{"taxonomy":"product_cat","embeddable":true,"href":"https:\/\/www.m-stickers.com\/es\/wp-json\/wp\/v2\/product_cat?post=46276"},{"taxonomy":"product_tag","embeddable":true,"href":"https:\/\/www.m-stickers.com\/es\/wp-json\/wp\/v2\/product_tag?post=46276"}],"curies":[{"name":"(No translation possible without context.  \"wp\" is ambiguous.)","href":"https:\/\/api.w.org\/{rel}","templated":true}]}}