{"id":46278,"date":"2023-06-06T15:52:47","date_gmt":"2023-06-06T13:52:47","guid":{"rendered":"https:\/\/www.m-stickers.com\/?post_type=product&#038;p=46278"},"modified":"2025-02-25T16:37:36","modified_gmt":"2025-02-25T15:37:36","slug":"calcomanias-para-llantas-ktm-duke-790-naranja-retro-reflectantes-liquidacion","status":"publish","type":"product","link":"https:\/\/www.m-stickers.com\/es\/produit\/stickers-jantes-ktm-duke-790-orange-retro-reflechissant-destockage\/","title":{"rendered":"Calcoman\u00edas para llantas KTM Duke 790 \u2013 Naranja \u2013 Fluorescente \/ Cromado (Liquidaci\u00f3n)"},"content":{"rendered":"<h2>Calcoman\u00edas para llantas KTM Duke 790 (kit para 2 llantas)<\/h2>\n<p>El kit decorativo de llantas de motocicleta de 17 pulgadas KTM Duke 790 para las 2 llantas incluye:<\/p>\n<ul>\n<li>Llantas pre-curvadas de 8 mm con 8 peque\u00f1os adhesivos Racing y 8 peque\u00f1os adhesivos 790 \u2013 Duke 790 para las 2 llantas.<\/li>\n<li>1 Logo KTM<\/li>\n<li>Calidad profesional con uniforme permanente*<\/li>\n<\/ul>\n<p>Etiquetas con adhesivo mon\u00f3mero 100% que proporciona una fijaci\u00f3n permanente, as\u00ed como resistencia a las salpicaduras de agua y a los rayos UV.<br \/>\nNuestros Vinilos de alta calidad est\u00e1n dise\u00f1ados y fabricados en Francia.<\/p>\n<hr \/>\n<h3>Calcoman\u00edas de llanta KTM Duke 790 \u2013 \u00bfc\u00f3mo colocarlas?<\/h3>\n<p>El kit de **stickers** para **llantas** KTM Duke 790 es f\u00e1cil de colocar, sea cual sea el tama\u00f1o o la superficie de la **llanta**, el proceso sigue siendo el mismo. A continuaci\u00f3n, encontrar\u00e1 un tutorial para ayudarle a colocar correctamente su kit de **stickers** para **llantas** KTM Duke 790. Antes que nada, estas son las precauciones a tomar:<\/p>\n<ul>\n<li>Verificar que el aro debe estar perfectamente liso.<\/li>\n<li>Limpiar bien y desengrasar el aro con agua jabonosa\/alcohol. No usar WD40 ni otros productos con silicona. El aro debe estar perfectamente limpio.<\/li>\n<li>No manipular las pegatinas por el lado del pegamento.<\/li>\n<li>Si las calcoman\u00edas no se aplican inmediatamente, gu\u00e1rdelas en un lugar seco y alejado de la luz solar.<\/li>\n<li>\u00a0Al momento de la colocaci\u00f3n, escoja una pieza con una temperatura de al menos 15\u00b0C, protegida del viento y el polvo. Tambi\u00e9n es posible calentar la llanta antes de colocar las calcoman\u00edas para asegurar una buena adherencia de los adhesivos. Una temperatura demasiado fr\u00eda no permitir\u00e1 una adhesi\u00f3n \u00f3ptima de las calcoman\u00edas.<\/li>\n<li>A\u00f1ada nuestro\u00a0<a href=\"https:\/\/www.m-stickers.com\/es\/product\/raclette-de-pose-translates-to-bandeja-de-colocacion-or-bandeja-de-aplicacion-in-spanish-the-best-choice-depends-on-the-specific-context\/\">Placa de raclette con adhesivo<\/a>\u00a0en tu pedido para no perderte la instalaci\u00f3n de tus stickers de llanta de moto<\/li>\n<li>Despu\u00e9s de la colocaci\u00f3n, evitar el contacto con el fr\u00edo y la humedad para asegurar una buena adherencia de las calcoman\u00edas.<\/li>\n<\/ul>\n<h2><a style=\"font-size: 16px\" href=\"https:\/\/www.m-stickers.com\/es\/contacto\/\"><img decoding=\"async\" class=\"alignnone wp-image-6381\" src=\"https:\/\/www.m-stickers.com\/wp-content\/uploads\/2021\/01\/bouton-contact-300x74.png\" alt=\"\" width=\"150\" height=\"37\" srcset=\"https:\/\/www.m-stickers.com\/wp-content\/uploads\/2021\/01\/bouton-contact-300x74.png 300w, https:\/\/www.m-stickers.com\/wp-content\/uploads\/2021\/01\/bouton-contact.png 413w\" sizes=\"(max-width: 150px) 100vw, 150px\" \/><\/a><\/h2>","protected":false},"excerpt":{"rendered":"<h2>Calcoman\u00edas de llantas KTM Duke 790 (para 2 llantas)<\/h2>\n<p>El kit decorativo de llantas de motocicleta de 17 pulgadas KTM Duke 790 para las 2 llantas incluye:<\/p>\n<ul>\n<li>Llantas pre-curvadas de 8 mm con 8 peque\u00f1os adhesivos Racing y 8 peque\u00f1os adhesivos 790 \u2013 Duke 790 para las 2 llantas.<\/li>\n<li>1 Logo KTM<\/li>\n<li>Calidad profesional con uniforme permanente*<\/li>\n<\/ul>\n<p>Alta calidad, durabilidad permanente, resistentes a la intemperie y a los rayos UV, 100% franc\u00e9s y dise\u00f1ados por apasionados motociclistas.<\/p>","protected":false},"featured_media":58152,"comment_status":"open","ping_status":"closed","template":"","meta":[],"product_brand":[],"product_cat":[929,940],"product_tag":[1048,1047,213,935,1158],"class_list":{"0":"post-46278","1":"product","2":"type-product","3":"status-publish","4":"has-post-thumbnail","6":"product_cat-destockage","7":"product_cat-stickers-ktm-pas-cher","8":"product_tag-1048","9":"product_tag-duke-790","10":"product_tag-ktm","11":"product_tag-reduction","12":"product_tag-reductions","13":"product_shipping_class-standard","15":"entry","16":"has-media","18":"first","19":"instock","20":"sale","21":"taxable","22":"shipping-taxable","23":"purchasable","24":"product-type-variable","25":"col","26":"span_1_of_5","27":"owp-content-center","28":"item-entry","29":"owp-thumbs-layout-horizontal","30":"owp-btn-big","31":"owp-tabs-layout-horizontal","32":"has-no-thumbnails"},"ase":null,"_links":{"self":[{"href":"https:\/\/www.m-stickers.com\/es\/wp-json\/wp\/v2\/product\/46278","targetHints":{"allow":["GET"]}}],"collection":[{"href":"https:\/\/www.m-stickers.com\/es\/wp-json\/wp\/v2\/product"}],"about":[{"href":"https:\/\/www.m-stickers.com\/es\/wp-json\/wp\/v2\/types\/product"}],"replies":[{"embeddable":true,"href":"https:\/\/www.m-stickers.com\/es\/wp-json\/wp\/v2\/comments?post=46278"}],"wp:featuredmedia":[{"embeddable":true,"href":"https:\/\/www.m-stickers.com\/es\/wp-json\/wp\/v2\/media\/58152"}],"wp:attachment":[{"href":"https:\/\/www.m-stickers.com\/es\/wp-json\/wp\/v2\/media?parent=46278"}],"wp:term":[{"taxonomy":"product_brand","embeddable":true,"href":"https:\/\/www.m-stickers.com\/es\/wp-json\/wp\/v2\/product_brand?post=46278"},{"taxonomy":"product_cat","embeddable":true,"href":"https:\/\/www.m-stickers.com\/es\/wp-json\/wp\/v2\/product_cat?post=46278"},{"taxonomy":"product_tag","embeddable":true,"href":"https:\/\/www.m-stickers.com\/es\/wp-json\/wp\/v2\/product_tag?post=46278"}],"curies":[{"name":"(No translation possible without context.  \"wp\" is ambiguous.)","href":"https:\/\/api.w.org\/{rel}","templated":true}]}}