{"id":46651,"date":"2023-06-21T13:49:06","date_gmt":"2023-06-21T11:49:06","guid":{"rendered":"https:\/\/www.m-stickers.com\/?post_type=product&#038;p=46651"},"modified":"2025-02-25T16:36:04","modified_gmt":"2025-02-25T15:36:04","slug":"liseret-jante-yamaha-mt-125-orange-fluorescent-destockage","status":"publish","type":"product","link":"https:\/\/www.m-stickers.com\/es\/produit\/liseret-jante-yamaha-mt-125-orange-fluorescent-destockage\/","title":{"rendered":"Aro de llanta Yamaha MT-125 \u2013 Naranja Fluorescente (Liquidaci\u00f3n)"},"content":{"rendered":"<h2><strong><span style=\"color: #ff0000;\">Liquidaci\u00f3n<\/span><\/strong><\/h2>\n<h2>Relleno de llanta Yamaha MT-125 para las 2 llantas incluyendo:<\/h2>\n<ul>\n<li>8 llantas de motocicleta personalizadas con la inscripci\u00f3n \"Yamaha\" + 2 adicionales en caso de fallo.<\/li>\n<li>8 llantas de motocicleta personalizadas con escritura \u201cMT-125\u201d + 2 adicionales por si acaso<\/li>\n<\/ul>\n<p>Un total de 20 ribetes.<\/p>\n<p>Juego de calcas para llantas Yamaha MT-125 con adhesivo monomero 100% que proporciona una fijaci\u00f3n permanente y resistencia a la humedad y a los rayos UV.<br \/>\nNuestros Vinilos de alta calidad est\u00e1n dise\u00f1ados y fabricados en Francia.<\/p>\n<hr \/>\n<h3>R\u00edndete de llanta moto Yamaha MT-125 \u2013 \u00bfc\u00f3mo colocarlos?<\/h3>\n<p>El kit de pegatinas para llantas de moto Yamaha MT-125 es f\u00e1cil de colocar, sea cual sea el tama\u00f1o o la superficie de la llanta, el proceso sigue siendo el mismo. A continuaci\u00f3n, encontrar\u00e1 un tutorial para ayudarle a colocar correctamente su kit de pegatinas para llantas. Antes que nada, estas son las precauciones que debe tomar:<\/p>\n<ul>\n<li>Verificar que el aro debe estar perfectamente liso.<\/li>\n<li>Limpiar bien y desengrasar el aro con agua jabonosa\/alcohol. No usar WD40 ni otros productos con silicona. El aro debe estar perfectamente limpio.<\/li>\n<li>No manipular las pegatinas por el lado del pegamento.<\/li>\n<li>Si las calcoman\u00edas no se aplican inmediatamente, gu\u00e1rdelas en un lugar seco y alejado de la luz solar.<\/li>\n<li>\u00a0Al momento de la colocaci\u00f3n, escoja una pieza con una temperatura de al menos 15\u00b0C, protegida del viento y el polvo. Tambi\u00e9n es posible calentar la llanta antes de colocar las calcoman\u00edas para asegurar una buena adherencia de los adhesivos. Una temperatura demasiado fr\u00eda no permitir\u00e1 una adhesi\u00f3n \u00f3ptima de las calcoman\u00edas.<\/li>\n<li>A\u00f1ada nuestro\u00a0<a href=\"https:\/\/www.m-stickers.com\/es\/product\/raclette-de-pose-translates-to-bandeja-de-colocacion-or-bandeja-de-aplicacion-in-spanish-the-best-choice-depends-on-the-specific-context\/\">Placa de raclette con adhesivo<\/a>\u00a0en tu pedido para no perderte la instalaci\u00f3n de tus stickers de llanta de moto<\/li>\n<li>Despu\u00e9s de la colocaci\u00f3n, evitar el contacto con el fr\u00edo y la humedad para asegurar una buena adherencia de los adhesivos.<\/li>\n<\/ul>","protected":false},"excerpt":{"rendered":"<h2><strong><span style=\"color: #ff0000;\">Liquidaci\u00f3n<\/span><\/strong><\/h2>\n<h2>Banda de llanta moto Yamaha MT-125 (para 2 llantas)<\/h2>\n<p>El kit de llantas Yamaha MT-125 para las 2 llantas incluye:<\/p>\n<ul>\n<li>8 llantas de aro con la inscripci\u00f3n \"Yamaha\" + 2 adicionales en caso de error.<\/li>\n<li>8 llantas con escritura \u201cMT-125\u201d + 2 adicionales en caso de error<\/li>\n<\/ul>\n<h3><strong><a href=\"https:\/\/www.m-stickers.com\/es\/configurador\/configurar\/5564\/\">\u00a1Personaliza tu kit decorativo para llantas con nuestro configurador en l\u00ednea!<\/a><a class=\"no-lightbox\" href=\"https:\/\/www.m-stickers.com\/es\/configurador\/configurar\/19690\/\"><img decoding=\"async\" class=\"alignnone wp-image-6380\" src=\"https:\/\/www.m-stickers.com\/wp-content\/uploads\/2021\/01\/bouton-configurator-3-300x74.png\" alt=\"\" width=\"150\" height=\"37\" srcset=\"https:\/\/www.m-stickers.com\/wp-content\/uploads\/2021\/01\/bouton-configurator-3-300x74.png 300w, https:\/\/www.m-stickers.com\/wp-content\/uploads\/2021\/01\/bouton-configurator-3.png 413w\" sizes=\"(max-width: 150px) 100vw, 150px\" \/><\/a><\/strong><\/h3>","protected":false},"featured_media":46652,"comment_status":"open","ping_status":"closed","template":"","meta":[],"product_brand":[],"product_cat":[929,937],"product_tag":[931,401,159,151,933,932,934,935,250,323],"class_list":{"0":"post-46651","1":"product","2":"type-product","3":"status-publish","4":"has-post-thumbnail","6":"product_cat-destockage","7":"product_cat-stickers-yamaha-pas-cher","8":"product_tag-destockage","9":"product_tag-liseret","10":"product_tag-mt","11":"product_tag-mt-125","12":"product_tag-promo","13":"product_tag-promotion","14":"product_tag-promotions","15":"product_tag-reduction","16":"product_tag-yamaha","17":"product_tag-yamaha-mt-125","18":"product_shipping_class-standard","20":"entry","21":"has-media","23":"first","24":"instock","25":"sale","26":"taxable","27":"shipping-taxable","28":"purchasable","29":"product-type-simple","30":"col","31":"span_1_of_5","32":"owp-content-center","33":"item-entry","34":"owp-thumbs-layout-horizontal","35":"owp-btn-big","36":"owp-tabs-layout-horizontal","37":"has-no-thumbnails"},"ase":null,"_links":{"self":[{"href":"https:\/\/www.m-stickers.com\/es\/wp-json\/wp\/v2\/product\/46651","targetHints":{"allow":["GET"]}}],"collection":[{"href":"https:\/\/www.m-stickers.com\/es\/wp-json\/wp\/v2\/product"}],"about":[{"href":"https:\/\/www.m-stickers.com\/es\/wp-json\/wp\/v2\/types\/product"}],"replies":[{"embeddable":true,"href":"https:\/\/www.m-stickers.com\/es\/wp-json\/wp\/v2\/comments?post=46651"}],"wp:featuredmedia":[{"embeddable":true,"href":"https:\/\/www.m-stickers.com\/es\/wp-json\/wp\/v2\/media\/46652"}],"wp:attachment":[{"href":"https:\/\/www.m-stickers.com\/es\/wp-json\/wp\/v2\/media?parent=46651"}],"wp:term":[{"taxonomy":"product_brand","embeddable":true,"href":"https:\/\/www.m-stickers.com\/es\/wp-json\/wp\/v2\/product_brand?post=46651"},{"taxonomy":"product_cat","embeddable":true,"href":"https:\/\/www.m-stickers.com\/es\/wp-json\/wp\/v2\/product_cat?post=46651"},{"taxonomy":"product_tag","embeddable":true,"href":"https:\/\/www.m-stickers.com\/es\/wp-json\/wp\/v2\/product_tag?post=46651"}],"curies":[{"name":"(No translation possible without context.  \"wp\" is ambiguous.)","href":"https:\/\/api.w.org\/{rel}","templated":true}]}}