{"id":49405,"date":"2023-10-25T11:09:36","date_gmt":"2023-10-25T09:09:36","guid":{"rendered":"https:\/\/www.m-stickers.com\/?post_type=product&#038;p=49405"},"modified":"2025-03-16T19:24:54","modified_gmt":"2025-03-16T18:24:54","slug":"aros-de-llanta-yamaha-mt-125-cian-liquidacion","status":"publish","type":"product","link":"https:\/\/www.m-stickers.com\/es\/produit\/liseret-jante-yamaha-mt-125-cyan-destockage\/","title":{"rendered":"Calcoman\u00edas llantas Yamaha MT-125 \u2013 Cian (Liquidaci\u00f3n)"},"content":{"rendered":"<h2><strong><span style=\"color: #ff0000;\">Liquidaci\u00f3n<\/span><\/strong><\/h2>\n<h2>Calcoman\u00edas llantas Yamaha MT-125 (kit para 2 llantas)<\/h2>\n<p>El kit de decoraci\u00f3n de llantas de motocicleta de 17 pulgadas Yamaha MT-125 para las 2 llantas incluye:<\/p>\n<ul>\n<li>Los rebordes pre-curvados de 8 mm con 8 pegatinas peque\u00f1as de YAMAHA y 8 pegatinas peque\u00f1as de llantas MT-125 para las 2 llantas.<\/li>\n<li>4 Calcoman\u00edas interiores para llantas Yamaha<\/li>\n<li>4 Calcoman\u00edas interiores para llantas MT 125<\/li>\n<li>Logos MT<\/li>\n<li>Calidad profesional con uniforme permanente*<\/li>\n<\/ul>\n<p>Etiquetas con adhesivo mon\u00f3mero 100% que proporciona una fijaci\u00f3n permanente, as\u00ed como resistencia a las salpicaduras de agua y a los rayos UV.<br \/>\nNuestros Vinilos de alta calidad est\u00e1n dise\u00f1ados y fabricados en Francia.<\/p>","protected":false},"excerpt":{"rendered":"<h2><strong><span style=\"color: #ff0000;\">Liquidaci\u00f3n<\/span><\/strong><\/h2>\n<h2>Calcoman\u00edas llantas Yamaha MT-125 (kit para 2 llantas)<\/h2>\n<p>El kit de decoraci\u00f3n de llantas de motocicleta de 17 pulgadas Yamaha MT-125 para las 2 llantas incluye:<\/p>\n<ul>\n<li>Los rebordes pre-curvados de 8 mm con 8 pegatinas peque\u00f1as de YAMAHA y 8 pegatinas peque\u00f1as de llantas MT-125 para las 2 llantas.<\/li>\n<li>4 Calcoman\u00edas interiores para llantas Yamaha<\/li>\n<li>4 Calcoman\u00edas interiores para llantas MT 125<\/li>\n<li>Logos MT<\/li>\n<\/ul>","protected":false},"featured_media":49406,"comment_status":"open","ping_status":"closed","template":"","meta":[],"product_brand":[],"product_cat":[929,937],"product_tag":[931,159,151,933,932,934,935,250,323],"class_list":{"0":"post-49405","1":"product","2":"type-product","3":"status-publish","4":"has-post-thumbnail","6":"product_cat-destockage","7":"product_cat-stickers-yamaha-pas-cher","8":"product_tag-destockage","9":"product_tag-mt","10":"product_tag-mt-125","11":"product_tag-promo","12":"product_tag-promotion","13":"product_tag-promotions","14":"product_tag-reduction","15":"product_tag-yamaha","16":"product_tag-yamaha-mt-125","17":"product_shipping_class-standard","19":"entry","20":"has-media","22":"first","23":"instock","24":"sale","25":"taxable","26":"shipping-taxable","27":"purchasable","28":"product-type-simple","29":"col","30":"span_1_of_5","31":"owp-content-center","32":"item-entry","33":"owp-thumbs-layout-horizontal","34":"owp-btn-big","35":"owp-tabs-layout-horizontal","36":"has-no-thumbnails"},"ase":null,"_links":{"self":[{"href":"https:\/\/www.m-stickers.com\/es\/wp-json\/wp\/v2\/product\/49405","targetHints":{"allow":["GET"]}}],"collection":[{"href":"https:\/\/www.m-stickers.com\/es\/wp-json\/wp\/v2\/product"}],"about":[{"href":"https:\/\/www.m-stickers.com\/es\/wp-json\/wp\/v2\/types\/product"}],"replies":[{"embeddable":true,"href":"https:\/\/www.m-stickers.com\/es\/wp-json\/wp\/v2\/comments?post=49405"}],"wp:featuredmedia":[{"embeddable":true,"href":"https:\/\/www.m-stickers.com\/es\/wp-json\/wp\/v2\/media\/49406"}],"wp:attachment":[{"href":"https:\/\/www.m-stickers.com\/es\/wp-json\/wp\/v2\/media?parent=49405"}],"wp:term":[{"taxonomy":"product_brand","embeddable":true,"href":"https:\/\/www.m-stickers.com\/es\/wp-json\/wp\/v2\/product_brand?post=49405"},{"taxonomy":"product_cat","embeddable":true,"href":"https:\/\/www.m-stickers.com\/es\/wp-json\/wp\/v2\/product_cat?post=49405"},{"taxonomy":"product_tag","embeddable":true,"href":"https:\/\/www.m-stickers.com\/es\/wp-json\/wp\/v2\/product_tag?post=49405"}],"curies":[{"name":"(No translation possible without context.  \"wp\" is ambiguous.)","href":"https:\/\/api.w.org\/{rel}","templated":true}]}}