{"id":49438,"date":"2023-10-26T11:57:16","date_gmt":"2023-10-26T09:57:16","guid":{"rendered":"https:\/\/www.m-stickers.com\/?post_type=product&#038;p=49438"},"modified":"2025-06-22T20:00:22","modified_gmt":"2025-06-22T18:00:22","slug":"calcomanias-llanta-triumph-tiger-sport-660-naranja-liquidacion","status":"publish","type":"product","link":"https:\/\/www.m-stickers.com\/es\/produit\/stickers-jante-triumph-tiger-sport-660-orange-destockage\/","title":{"rendered":"Calcoman\u00edas llantas Triumph Tiger Sport 660 \u2013 Naranja (Liquidaci\u00f3n)"},"content":{"rendered":"<h2><strong><span style=\"color: #ff0000\">Liquidaci\u00f3n<\/span><\/strong><\/h2>\n<h2>Calcoman\u00edas de llantas Triumph Tiger Sport 660 (kit para 2 llantas)<\/h2>\n<p>Kit de calcoman\u00edas decorativas para llantas Triumph Tiger Sport 660 de 17 pulgadas (para las 2 llantas).<\/p>\n<ul>\n<li>Listones precurvados de 8 mm con 8 calcoman\u00edas Triumph para llanta Tiger Sport 660, para las 2 llantas.<\/li>\n<li>4 Calcoman\u00edas interiores de llanta Triumph<\/li>\n<li>4 Calcoman\u00edas interiores de llantas Tiger Sport 660<\/li>\n<li>2 Logotipos Triumph<\/li>\n<li>Calidad profesional con uniforme permanente*<\/li>\n<\/ul>\n<p>Etiquetas con adhesivo mon\u00f3mero 100% que proporciona una fijaci\u00f3n permanente, as\u00ed como resistencia a las salpicaduras de agua y a los rayos UV.<br \/>\nNuestros Vinilos de alta calidad est\u00e1n dise\u00f1ados y fabricados en Francia.<\/p>","protected":false},"excerpt":{"rendered":"<h2><strong><span style=\"color: #ff0000\">Liquidaci\u00f3n<\/span><\/strong><\/h2>\n<h2>Calcoman\u00edas de llantas Triumph Tiger Sport 660 (kit para 2 llantas)<\/h2>\n<p>Kit de calcoman\u00edas decorativas para llantas Triumph Tiger Sport 660 de 17 pulgadas (para las 2 llantas).<\/p>\n<ul>\n<li>Listones precurvados de 8 mm con 8 calcoman\u00edas Triumph para llanta Tiger Sport 660, para las 2 llantas.<\/li>\n<li>4 Calcoman\u00edas interiores de llanta Triumph<\/li>\n<li>4 Calcoman\u00edas interiores de llantas Tiger Sport 660<\/li>\n<li>1-2 Logos Triumph<\/li>\n<li>Calidad profesional con uniforme permanente*<\/li>\n<\/ul>\n<p>Etiquetas con adhesivo mon\u00f3mero 100% que proporciona una fijaci\u00f3n permanente, as\u00ed como resistencia a las salpicaduras de agua y a los rayos UV.<br \/>\nNuestros Vinilos de alta calidad est\u00e1n dise\u00f1ados y fabricados en Francia.<\/p>","protected":false},"featured_media":49439,"comment_status":"open","ping_status":"closed","template":"","meta":[],"product_brand":[],"product_cat":[929,948],"product_tag":[931,933,932,934,935,722,721,723,192,720],"class_list":{"0":"post-49438","1":"product","2":"type-product","3":"status-publish","4":"has-post-thumbnail","6":"product_cat-destockage","7":"product_cat-triumph","8":"product_tag-destockage","9":"product_tag-promo","10":"product_tag-promotion","11":"product_tag-promotions","12":"product_tag-reduction","13":"product_tag-tiger-sport","14":"product_tag-tiger-sport-660","15":"product_tag-tirumph-tiger-sport","16":"product_tag-triumph","17":"product_tag-triumph-tiger-sport-660","18":"product_shipping_class-standard","20":"entry","21":"has-media","23":"first","24":"instock","25":"sale","26":"taxable","27":"shipping-taxable","28":"purchasable","29":"product-type-variable","30":"col","31":"span_1_of_5","32":"owp-content-center","33":"item-entry","34":"owp-thumbs-layout-horizontal","35":"owp-btn-big","36":"owp-tabs-layout-horizontal","37":"has-no-thumbnails"},"ase":null,"_links":{"self":[{"href":"https:\/\/www.m-stickers.com\/es\/wp-json\/wp\/v2\/product\/49438","targetHints":{"allow":["GET"]}}],"collection":[{"href":"https:\/\/www.m-stickers.com\/es\/wp-json\/wp\/v2\/product"}],"about":[{"href":"https:\/\/www.m-stickers.com\/es\/wp-json\/wp\/v2\/types\/product"}],"replies":[{"embeddable":true,"href":"https:\/\/www.m-stickers.com\/es\/wp-json\/wp\/v2\/comments?post=49438"}],"wp:featuredmedia":[{"embeddable":true,"href":"https:\/\/www.m-stickers.com\/es\/wp-json\/wp\/v2\/media\/49439"}],"wp:attachment":[{"href":"https:\/\/www.m-stickers.com\/es\/wp-json\/wp\/v2\/media?parent=49438"}],"wp:term":[{"taxonomy":"product_brand","embeddable":true,"href":"https:\/\/www.m-stickers.com\/es\/wp-json\/wp\/v2\/product_brand?post=49438"},{"taxonomy":"product_cat","embeddable":true,"href":"https:\/\/www.m-stickers.com\/es\/wp-json\/wp\/v2\/product_cat?post=49438"},{"taxonomy":"product_tag","embeddable":true,"href":"https:\/\/www.m-stickers.com\/es\/wp-json\/wp\/v2\/product_tag?post=49438"}],"curies":[{"name":"(No translation possible without context.  \"wp\" is ambiguous.)","href":"https:\/\/api.w.org\/{rel}","templated":true}]}}