{"id":49441,"date":"2023-10-26T12:02:43","date_gmt":"2023-10-26T10:02:43","guid":{"rendered":"https:\/\/www.m-stickers.com\/?post_type=product&#038;p=49441"},"modified":"2025-02-25T16:36:10","modified_gmt":"2025-02-25T15:36:10","slug":"stickers-jante-bmw-s1000r-jaune-destockage-copie","status":"publish","type":"product","link":"https:\/\/www.m-stickers.com\/es\/produit\/stickers-jante-bmw-s1000r-jaune-destockage-copie\/","title":{"rendered":"Calcoman\u00edas para llantas BMW S1000R \u2013 Azul\/Rojo (Liquidaci\u00f3n)"},"content":{"rendered":"<h2><strong><span style=\"color: #ff0000\">Liquidaci\u00f3n<\/span><\/strong><\/h2>\n<h2>Stickers jantes moto BMW S1000R (kit pour 2 jantes) :<\/h2>\n<p>Le kit deco jantes moto 17 pouces BMW S1000R pour les 2 jantes comprend :<\/p>\n<ul>\n<li>Les liserets pr\u00e9-courb\u00e9s de 8mm avec 8 petits stickers BMWMotorrad et 8 petits stickers S1000 R pour les 2 jantes<\/li>\n<li>4 Stickers int\u00e9rieurs de jantes S1000R<\/li>\n<li>4 Stickers int\u00e9rieurs de jante BMW<\/li>\n<li>1 Logo BMW<\/li>\n<li>Calidad profesional con uniforme permanente*<\/li>\n<\/ul>\n<p>Autoadhesivos con adhesivo mon\u00f3mero de 100\u00b5 que permite una adherencia permanente, as\u00ed como resistencia a salpicaduras de agua y a los rayos UV.<br \/>\nNuestros Vinilos de alta calidad est\u00e1n dise\u00f1ados y fabricados en Francia.<\/p>\n<hr \/>\n<h3>Stickers jantes moto BMW S1000R \u2013 comment les poser ?<\/h3>\n<p>El kit de pegatinas para llantas BMW S1000R es f\u00e1cil de instalar. Sea cual sea el tama\u00f1o o la superficie de la llanta, el proceso sigue siendo el mismo. A continuaci\u00f3n, encontrar\u00e1 un tutorial que le ayudar\u00e1 a instalar correctamente su kit de pegatinas para llantas S1000R. Antes de nada, aqu\u00ed tiene las precauciones que debe tomar:<\/p>\n<ul>\n<li>Verificar que el aro debe estar perfectamente liso.<\/li>\n<li>Limpiar bien, desengrasar la llanta con nuestro producto.\u00a0<a href=\"https:\/\/www.m-stickers.com\/es\/product\/limpiador-llantas-motos-adhesivos-100ml\/\"><strong>Limpiador de llantas especial para adhesivos<\/strong><\/a>. O con agua jabonosa (puede que no sea suficiente para eliminar todos los residuos de grasa). O alcohol. No utilice WD40 u otros productos con silicona. La llanta debe estar perfectamente limpia.<\/li>\n<li>No manipular las pegatinas por el lado del pegamento.<\/li>\n<li>Si las calcoman\u00edas no se aplican inmediatamente, gu\u00e1rdelas en un lugar seco y alejado de la luz solar.<\/li>\n<li>Al momento de la colocaci\u00f3n, escoja una pieza con una temperatura de al menos 15\u00b0C, protegida del viento y el polvo. Tambi\u00e9n es posible calentar la llanta antes de colocar las calcoman\u00edas para asegurar una buena adherencia de los adhesivos. Una temperatura demasiado fr\u00eda no permitir\u00e1 una adhesi\u00f3n \u00f3ptima de las calcoman\u00edas.<\/li>\n<li>A\u00f1ada nuestro\u00a0<a href=\"https:\/\/www.m-stickers.com\/es\/product\/raclette-de-pose-translates-to-bandeja-de-colocacion-or-bandeja-de-aplicacion-in-spanish-the-best-choice-depends-on-the-specific-context\/\">Placa de raclette con adhesivo<\/a>\u00a0en tu pedido para no perderte la instalaci\u00f3n de tus stickers de llanta de moto<\/li>\n<li>Despu\u00e9s de la colocaci\u00f3n, evitar el contacto con el fr\u00edo y la humedad para asegurar una buena adherencia de los adhesivos.<\/li>\n<\/ul>","protected":false},"excerpt":{"rendered":"<h2><strong><span style=\"color: #ff0000\">Liquidaci\u00f3n<\/span><\/strong><\/h2>\n<h2>Stickers jantes moto BMW S1000R (kit pour 2 jantes) :<\/h2>\n<p>Le kit deco jantes moto 17 pouces BMW S1000R pour les 2 jantes comprend :<\/p>\n<ul>\n<li>Les liserets pr\u00e9-courb\u00e9s de 8mm avec 8 petits stickers BMWMotorrad et 8 petits stickers S1000 R pour les 2 jantes<\/li>\n<li>4 Stickers int\u00e9rieurs de jantes S1000R<\/li>\n<li>4 Stickers int\u00e9rieurs de jante BMW<\/li>\n<li>1 Logo BMW<\/li>\n<li>Calidad profesional con uniforme permanente*<\/li>\n<\/ul>","protected":false},"featured_media":58542,"comment_status":"open","ping_status":"closed","template":"","meta":[],"product_brand":[],"product_cat":[966,929],"product_tag":[239,1082,931,933,932,934,935,1083],"class_list":{"0":"post-49441","1":"product","2":"type-product","3":"status-publish","4":"has-post-thumbnail","6":"product_cat-stickers-bmw-pas-cher","7":"product_cat-destockage","8":"product_tag-bmw","9":"product_tag-bmw-s1000r","10":"product_tag-destockage","11":"product_tag-promo","12":"product_tag-promotion","13":"product_tag-promotions","14":"product_tag-reduction","15":"product_tag-s1000r","16":"product_shipping_class-standard","18":"entry","19":"has-media","21":"first","22":"instock","23":"sale","24":"taxable","25":"shipping-taxable","26":"purchasable","27":"product-type-simple","28":"col","29":"span_1_of_5","30":"owp-content-center","31":"item-entry","32":"owp-thumbs-layout-horizontal","33":"owp-btn-big","34":"owp-tabs-layout-horizontal","35":"has-no-thumbnails"},"ase":null,"_links":{"self":[{"href":"https:\/\/www.m-stickers.com\/es\/wp-json\/wp\/v2\/product\/49441","targetHints":{"allow":["GET"]}}],"collection":[{"href":"https:\/\/www.m-stickers.com\/es\/wp-json\/wp\/v2\/product"}],"about":[{"href":"https:\/\/www.m-stickers.com\/es\/wp-json\/wp\/v2\/types\/product"}],"replies":[{"embeddable":true,"href":"https:\/\/www.m-stickers.com\/es\/wp-json\/wp\/v2\/comments?post=49441"}],"wp:featuredmedia":[{"embeddable":true,"href":"https:\/\/www.m-stickers.com\/es\/wp-json\/wp\/v2\/media\/58542"}],"wp:attachment":[{"href":"https:\/\/www.m-stickers.com\/es\/wp-json\/wp\/v2\/media?parent=49441"}],"wp:term":[{"taxonomy":"product_brand","embeddable":true,"href":"https:\/\/www.m-stickers.com\/es\/wp-json\/wp\/v2\/product_brand?post=49441"},{"taxonomy":"product_cat","embeddable":true,"href":"https:\/\/www.m-stickers.com\/es\/wp-json\/wp\/v2\/product_cat?post=49441"},{"taxonomy":"product_tag","embeddable":true,"href":"https:\/\/www.m-stickers.com\/es\/wp-json\/wp\/v2\/product_tag?post=49441"}],"curies":[{"name":"(No translation possible without context.  \"wp\" is ambiguous.)","href":"https:\/\/api.w.org\/{rel}","templated":true}]}}