{"id":50050,"date":"2023-11-14T14:02:40","date_gmt":"2023-11-14T13:02:40","guid":{"rendered":"https:\/\/www.m-stickers.com\/?post_type=product&#038;p=50050"},"modified":"2026-02-17T16:40:55","modified_gmt":"2026-02-17T15:40:55","slug":"lunas-de-llanta-honda-nc-700-s-azul-liquidacion","status":"publish","type":"product","link":"https:\/\/www.m-stickers.com\/es\/produit\/liseret-de-jante-honda-nc-700-s-bleu-destockage\/","title":{"rendered":"L\u00edmite de llanta Honda NC 700 S \u2013 Azul (Liquidaci\u00f3n)"},"content":{"rendered":"<h2><strong><span style=\"color: #ff0000;\">Liquidaci\u00f3n<\/span><\/strong><\/h2>\n<h2>Guardabarros para llanta Honda NC 700 S para las 2 llantas incluyendo:<\/h2>\n<ul>\n<li>8 llantas de motocicleta personalizadas con la inscripci\u00f3n \"Honda\" + 2 adicionales en caso de error.<\/li>\n<li>8 llantas de motocicleta personalizadas con la inscripci\u00f3n \"NC 700 S\" + 2 adicionales como repuesto<\/li>\n<\/ul>\n<p>Un total de 20 ribetes.<\/p>\n<p>Tirador de llanta Honda NC 700 S con calcoman\u00edas de adhesivo monom\u00e9rico 100% para una sujeci\u00f3n permanente, resistencia a las salpicaduras de agua y a los rayos UV.<br \/>\nNuestros Vinilos de alta calidad est\u00e1n dise\u00f1ados y fabricados en Francia.<\/p>\n<hr \/>\n<h3>Cinta para llanta moto Honda NC 700 S \u2013 \u00bfc\u00f3mo se instalan?<\/h3>\n<p>El kit de franjas para llantas de motocicleta Honda NC 700 S es f\u00e1cil de instalar, independientemente del tama\u00f1o o la superficie de la llanta, el procedimiento sigue siendo el mismo. A continuaci\u00f3n encontrar\u00e1s un tutorial para ayudarte a instalar correctamente tu kit de franjas para llantas. Antes de nada, aqu\u00ed tienes las precauciones que debes tomar:<\/p>\n<ul>\n<li>Verificar que el aro debe estar perfectamente liso.<\/li>\n<li>Limpiar bien y desengrasar el aro con agua jabonosa\/alcohol. No usar WD40 ni otros productos con silicona. El aro debe estar perfectamente limpio.<\/li>\n<li>No manipular las pegatinas por el lado del pegamento.<\/li>\n<li>Si las calcoman\u00edas no se pegan inmediatamente, gu\u00e1rdalas en un lugar seco y a la sombra.<\/li>\n<li>\u00a0Al momento de la instalaci\u00f3n, elija una superficie con una temperatura m\u00ednima de 15\u00b0C, protegida del viento y el polvo. Tambi\u00e9n es posible calentar la llanta antes de aplicar las calcoman\u00edas para asegurar una buena adherencia de los adhesivos. Una temperatura demasiado fr\u00eda impedir\u00e1 una adhesi\u00f3n \u00f3ptima de las calcoman\u00edas.<\/li>\n<li>Agrega nuestra\u00a0<a href=\"https:\/\/www.m-stickers.com\/es\/product\/raclette-de-pose-translates-to-bandeja-de-colocacion-or-bandeja-de-aplicacion-in-spanish-the-best-choice-depends-on-the-specific-context\/\">Placa de raclette con adhesivo<\/a>\u00a0en tu pedido para no perderte la instalaci\u00f3n de tus stickers de llanta de moto<\/li>\n<li>Despu\u00e9s de la colocaci\u00f3n, evitar el contacto con el fr\u00edo y la humedad para asegurar una buena adherencia de los adhesivos.<\/li>\n<\/ul>","protected":false},"excerpt":{"rendered":"<h2><strong><span style=\"color: #ff0000;\">Liquidaci\u00f3n<\/span><\/strong><\/h2>\n<h2>Guardabarros para llanta Honda NC 700 S para las 2 llantas incluyendo:<\/h2>\n<ul>\n<li>8 llantas de motocicleta personalizadas con la inscripci\u00f3n \"Honda\" + 2 adicionales en caso de error.<\/li>\n<li>8 llantas de motocicleta personalizadas con la inscripci\u00f3n \"NC 700 S\" + 2 adicionales como repuesto<\/li>\n<\/ul>","protected":false},"featured_media":50054,"comment_status":"open","ping_status":"closed","template":"","meta":[],"product_brand":[],"product_cat":[929,963],"product_tag":[931,139,523,401,521,522,933,932,934,935],"class_list":{"0":"post-50050","1":"product","2":"type-product","3":"status-publish","4":"has-post-thumbnail","6":"product_cat-destockage","7":"product_cat-stickers-honda-pas-cher","8":"product_tag-destockage","9":"product_tag-honda","10":"product_tag-honda-nc-700-s","11":"product_tag-liseret","12":"product_tag-nc-700-s","13":"product_tag-nc700s","14":"product_tag-promo","15":"product_tag-promotion","16":"product_tag-promotions","17":"product_tag-reduction","18":"product_shipping_class-standard","20":"entry","21":"has-media","23":"first","24":"outofstock","25":"sale","26":"taxable","27":"shipping-taxable","28":"purchasable","29":"product-type-simple","30":"col","31":"span_1_of_5","32":"owp-content-center","33":"item-entry","34":"owp-thumbs-layout-horizontal","35":"owp-btn-big","36":"owp-tabs-layout-horizontal","37":"has-no-thumbnails"},"ase":null,"_links":{"self":[{"href":"https:\/\/www.m-stickers.com\/es\/wp-json\/wp\/v2\/product\/50050","targetHints":{"allow":["GET"]}}],"collection":[{"href":"https:\/\/www.m-stickers.com\/es\/wp-json\/wp\/v2\/product"}],"about":[{"href":"https:\/\/www.m-stickers.com\/es\/wp-json\/wp\/v2\/types\/product"}],"replies":[{"embeddable":true,"href":"https:\/\/www.m-stickers.com\/es\/wp-json\/wp\/v2\/comments?post=50050"}],"wp:featuredmedia":[{"embeddable":true,"href":"https:\/\/www.m-stickers.com\/es\/wp-json\/wp\/v2\/media\/50054"}],"wp:attachment":[{"href":"https:\/\/www.m-stickers.com\/es\/wp-json\/wp\/v2\/media?parent=50050"}],"wp:term":[{"taxonomy":"product_brand","embeddable":true,"href":"https:\/\/www.m-stickers.com\/es\/wp-json\/wp\/v2\/product_brand?post=50050"},{"taxonomy":"product_cat","embeddable":true,"href":"https:\/\/www.m-stickers.com\/es\/wp-json\/wp\/v2\/product_cat?post=50050"},{"taxonomy":"product_tag","embeddable":true,"href":"https:\/\/www.m-stickers.com\/es\/wp-json\/wp\/v2\/product_tag?post=50050"}],"curies":[{"name":"(No translation possible without context.  \"wp\" is ambiguous.)","href":"https:\/\/api.w.org\/{rel}","templated":true}]}}