{"id":50063,"date":"2023-11-14T15:39:53","date_gmt":"2023-11-14T14:39:53","guid":{"rendered":"https:\/\/www.m-stickers.com\/?post_type=product&#038;p=50063"},"modified":"2025-02-25T16:36:12","modified_gmt":"2025-02-25T15:36:12","slug":"tirador-de-llanta-honda-cbr-azul-liquidacion","status":"publish","type":"product","link":"https:\/\/www.m-stickers.com\/es\/produit\/liseret-de-jante-honda-cbr-bleu-destockage\/","title":{"rendered":"L\u00edmite de llanta Honda CBR 500 R 500 R \u2013 Azul (Liquidaci\u00f3n)"},"content":{"rendered":"<h2><strong><span style=\"color: #ff0000\">\u00a0Liquidaci\u00f3n<\/span><\/strong><\/h2>\n<h2>Decales para llantas Honda CBR 500 R (kit para 2 llantas)<\/h2>\n<p><strong>Transforma la apariencia de tu Honda CBR 500 R con nuestro kit de calcoman\u00edas para llantas de motocicleta dise\u00f1ado para ambas llantas. Este kit incluye todo lo que necesitas para una personalizaci\u00f3n \u00fanica y de calidad. Fabricado en Francia con vinilos de alta calidad, este kit est\u00e1 disponible en una gama de colores para que coincida con tu estilo.<\/strong><\/p>\n<p>Calcoman\u00edas para llantas de moto Honda CBR 500 R 17 pulgadas (juego de 2 llantas). Incluye:<\/p>\n<ul>\n<li>20 cantoneras pre-curvadas de 8 mm<strong> Dise\u00f1o 1\u00a0<\/strong><\/li>\n<li>10 llantas Honda y 10 llantas CBR 500 R<\/li>\n<li>4 Calcoman\u00edas interiores de llantas Honda \u2013 2 grandes y 2 peque\u00f1as<\/li>\n<li>4 Calcoman\u00edas interiores de llantas CBR 500 R \u2013 2 grandes y 2 peque\u00f1as<\/li>\n<li>1 Logotipo Honda \u2013 Logotipo de 17x10cm<\/li>\n<\/ul>\n<p>Autoadhesivos con adhesivo mon\u00f3mero de 100\u00b5 que permite una adherencia permanente, as\u00ed como resistencia a salpicaduras de agua y a los rayos UV.<br \/>\nNuestros Vinilos de alta calidad est\u00e1n dise\u00f1ados y fabricados en Francia.<\/p>\n<hr \/>\n<h3>Calcoman\u00edas para llantas moto Honda CBR 500 R \u2013 \u00bfc\u00f3mo colocarlas?<\/h3>\n<p>El kit de pegatinas para llantas Honda CBR 500 R es f\u00e1cil de instalar. Independientemente del tama\u00f1o o la superficie de la llanta, el proceso es el mismo. A continuaci\u00f3n, encontrar\u00e1 un tutorial que le ayudar\u00e1 a instalar correctamente su kit de tiras decorativas para llantas CBR 500 R. Antes de empezar, tenga en cuenta las siguientes precauciones:<\/p>\n<ul>\n<li>Verificar que el aro debe estar perfectamente liso.<\/li>\n<li>Limpiar bien, desengrasar la llanta con nuestro producto.\u00a0<a href=\"https:\/\/www.m-stickers.com\/es\/product\/limpiador-llantas-motos-adhesivos-100ml\/\"><strong>Limpiador de llantas especial para adhesivos<\/strong><\/a>. O con agua jabonosa (puede que no sea suficiente para eliminar todos los residuos de grasa). O alcohol. No utilice WD40 u otros productos con silicona. La llanta debe estar perfectamente limpia.<\/li>\n<li>No manipular las pegatinas por el lado del pegamento.<\/li>\n<li>Si las calcoman\u00edas no se aplican inmediatamente, gu\u00e1rdelas en un lugar seco y alejado de la luz solar.<\/li>\n<li>Al momento de la colocaci\u00f3n, escoja una pieza con una temperatura de al menos 15\u00b0C, protegida del viento y el polvo. Tambi\u00e9n es posible calentar la llanta antes de colocar las calcoman\u00edas para asegurar una buena adherencia de los adhesivos. Una temperatura demasiado fr\u00eda no permitir\u00e1 una adhesi\u00f3n \u00f3ptima de las calcoman\u00edas.<\/li>\n<li>A\u00f1ada nuestro\u00a0<a href=\"https:\/\/www.m-stickers.com\/es\/product\/raclette-de-pose-translates-to-bandeja-de-colocacion-or-bandeja-de-aplicacion-in-spanish-the-best-choice-depends-on-the-specific-context\/\">Placa de raclette con adhesivo<\/a>\u00a0en tu pedido para no perderte la instalaci\u00f3n de tus stickers de llanta de moto<\/li>\n<li>Despu\u00e9s de la colocaci\u00f3n, evitar el contacto con el fr\u00edo y la humedad para asegurar una buena adherencia de los adhesivos.<\/li>\n<\/ul>","protected":false},"excerpt":{"rendered":"<h2><strong><span style=\"color: #ff0000\">Liquidaci\u00f3n<\/span><\/strong><\/h2>\n<h2>Calcoman\u00edas llantas Honda CBR 500 R (kit para 2 llantas)<\/h2>\n<p>Calcoman\u00edas para llantas de moto Honda CBR 500 R 17 pulgadas (juego de 2 llantas). Incluye:<\/p>\n<ul>\n<li>20 cantoneras pre-curvadas de 8 mm<strong> Dise\u00f1o 1\u00a0<\/strong><\/li>\n<li>10 llantas Honda y 10 llantas CBR 500 R<\/li>\n<li>4 Calcoman\u00edas interiores de llantas Honda \u2013 2 grandes y 2 peque\u00f1as<\/li>\n<li>4 Calcoman\u00edas interiores de llantas CBR 500 R \u2013 2 grandes y 2 peque\u00f1as<\/li>\n<li>1 Logotipo Honda \u2013 Logotipo de 17x10cm<\/li>\n<\/ul>\n<p><em>Estado:<\/em> <strong>Perfecto<\/strong><\/p>","protected":false},"featured_media":60214,"comment_status":"open","ping_status":"closed","template":"","meta":[],"product_brand":[],"product_cat":[929,963],"product_tag":[368,587,931,139,575,590,933,932,934,935],"class_list":{"0":"post-50063","1":"product","2":"type-product","3":"status-publish","4":"has-post-thumbnail","6":"product_cat-destockage","7":"product_cat-stickers-honda-pas-cher","8":"product_tag-cbr","9":"product_tag-cbr-500-r","10":"product_tag-destockage","11":"product_tag-honda","12":"product_tag-honda-cbr","13":"product_tag-honda-cbr-500-r","14":"product_tag-promo","15":"product_tag-promotion","16":"product_tag-promotions","17":"product_tag-reduction","18":"product_shipping_class-standard","20":"entry","21":"has-media","23":"first","24":"instock","25":"sale","26":"taxable","27":"shipping-taxable","28":"purchasable","29":"product-type-simple","30":"col","31":"span_1_of_5","32":"owp-content-center","33":"item-entry","34":"owp-thumbs-layout-horizontal","35":"owp-btn-big","36":"owp-tabs-layout-horizontal","37":"has-no-thumbnails"},"ase":null,"_links":{"self":[{"href":"https:\/\/www.m-stickers.com\/es\/wp-json\/wp\/v2\/product\/50063","targetHints":{"allow":["GET"]}}],"collection":[{"href":"https:\/\/www.m-stickers.com\/es\/wp-json\/wp\/v2\/product"}],"about":[{"href":"https:\/\/www.m-stickers.com\/es\/wp-json\/wp\/v2\/types\/product"}],"replies":[{"embeddable":true,"href":"https:\/\/www.m-stickers.com\/es\/wp-json\/wp\/v2\/comments?post=50063"}],"wp:featuredmedia":[{"embeddable":true,"href":"https:\/\/www.m-stickers.com\/es\/wp-json\/wp\/v2\/media\/60214"}],"wp:attachment":[{"href":"https:\/\/www.m-stickers.com\/es\/wp-json\/wp\/v2\/media?parent=50063"}],"wp:term":[{"taxonomy":"product_brand","embeddable":true,"href":"https:\/\/www.m-stickers.com\/es\/wp-json\/wp\/v2\/product_brand?post=50063"},{"taxonomy":"product_cat","embeddable":true,"href":"https:\/\/www.m-stickers.com\/es\/wp-json\/wp\/v2\/product_cat?post=50063"},{"taxonomy":"product_tag","embeddable":true,"href":"https:\/\/www.m-stickers.com\/es\/wp-json\/wp\/v2\/product_tag?post=50063"}],"curies":[{"name":"(No translation possible without context.  \"wp\" is ambiguous.)","href":"https:\/\/api.w.org\/{rel}","templated":true}]}}