{"id":50082,"date":"2023-11-16T10:01:24","date_gmt":"2023-11-16T09:01:24","guid":{"rendered":"https:\/\/www.m-stickers.com\/?post_type=product&#038;p=50082"},"modified":"2025-06-11T10:32:32","modified_gmt":"2025-06-11T08:32:32","slug":"calcomanias-de-llanta-kawasaki-zr-7-verde-liquidacion","status":"publish","type":"product","link":"https:\/\/www.m-stickers.com\/es\/produit\/stickers-jante-kawasaki-zr-7-vert-destockage\/","title":{"rendered":"Calcoman\u00edas llanta Kawasaki ZR-7 \u2013 Verde (Liquidaci\u00f3n)"},"content":{"rendered":"<h2><span style=\"color: #ff0000;\">Liquidaci\u00f3n <\/span><\/h2>\n<h2>Calcoman\u00edas de llantas Kawasaki ZR-7 \u2013 Verde (kit para 2 llantas)<\/h2>\n<p>El kit de decoraci\u00f3n de llantas de moto de 17 pulgadas Kawasaki ZR-7 para las 2 llantas incluye:<\/p>\n<ul>\n<li>Los rebordes pre-curvados de 8 mm para las 2 llantas<\/li>\n<li>4 Calcoman\u00edas interiores de llantas Kawasaki<\/li>\n<li>4 Calcoman\u00edas interiores de llantas ZR-7<\/li>\n<li>1 Logos Z<\/li>\n<li>Stickers adicionales electro blanco<\/li>\n<li>Calidad profesional con uniforme permanente*<\/li>\n<\/ul>\n<p>Etiquetas con adhesivo mon\u00f3mero 100% que proporciona una fijaci\u00f3n permanente, as\u00ed como resistencia a las salpicaduras de agua y a los rayos UV.<br \/>\nNuestros Vinilos de alta calidad est\u00e1n dise\u00f1ados y fabricados en Francia.<\/p>\n<hr \/>\n<h3>Calcoman\u00edas de llanta Kawasaki ZR 7 \u2013 \u00bfC\u00f3mo aplicarlas?<\/h3>\n<p>Las pegatinas de moto Kawasaki ZR-7 son f\u00e1ciles de aplicar. Sea cual sea el tama\u00f1o o la superficie de la llanta, el proceso sigue siendo el mismo. A continuaci\u00f3n, encontrar\u00e1 un tutorial que le ayudar\u00e1 a aplicar correctamente su kit de pegatinas de llanta de moto Kawasaki ZR-7. . <span style=\"color: #ff0000;\">Antes que nada, aqu\u00ed est\u00e1n las precauciones que se deben tomar:<\/span><\/p>\n<ul>\n<li>Verificar que el aro debe estar perfectamente liso.<\/li>\n<li>Limpiar bien y desengrasar la llanta con agua jabonosa\/alcohol. <span style=\"color: #ff0000;\">No usar WD40 ni otros productos con silicona.\u00a0<\/span>El aro debe estar perfectamente limpio.<\/li>\n<li>No manipular las pegatinas por el lado del pegamento.<\/li>\n<li>Si las calcoman\u00edas no se pegan inmediatamente, gu\u00e1rdalas en un lugar seco y protegido de la luz solar.<\/li>\n<li>\u00a0Al momento de la instalaci\u00f3n, seleccione una pieza con una temperatura de al menos 15\u00b0C, protegida del viento y del polvo. Tambi\u00e9n es posible calentar la llanta antes de aplicar las calcoman\u00edas para asegurar una buena adherencia de los adhesivos. Una temperatura demasiado fr\u00eda no permitir\u00e1 una adherencia \u00f3ptima de las calcoman\u00edas.<\/li>\n<li>A\u00f1ada nuestro <a href=\"https:\/\/www.m-stickers.com\/es\/product\/raclette-de-pose-translates-to-bandeja-de-colocacion-or-bandeja-de-aplicacion-in-spanish-the-best-choice-depends-on-the-specific-context\/\">Placa de raclette con adhesivo<\/a> en tu pedido para no perderte la instalaci\u00f3n de tus stickers de llanta de moto<\/li>\n<li>Despu\u00e9s de la aplicaci\u00f3n, evitar el contacto con el fr\u00edo y la humedad para garantizar una buena adherencia de los adhesivos.<\/li>\n<\/ul>\n<p><strong><a href=\"https:\/\/www.m-stickers.com\/es\/como-colocar-tus-calcomanias-de-llantas-de-moto\/\">GU\u00cdA completa para instalar tu kit de decoraci\u00f3n de llantas: <\/a><a href=\"https:\/\/www.m-stickers.com\/es\/como-colocar-tus-calcomanias-de-llantas-de-moto\/\"><img decoding=\"async\" class=\"alignnone wp-image-6382\" src=\"https:\/\/www.m-stickers.com\/wp-content\/uploads\/2021\/01\/bouton-tuto-300x74.png\" alt=\"\" width=\"150\" height=\"37\" srcset=\"https:\/\/www.m-stickers.com\/wp-content\/uploads\/2021\/01\/bouton-tuto-300x74.png 300w, https:\/\/www.m-stickers.com\/wp-content\/uploads\/2021\/01\/bouton-tuto.png 413w\" sizes=\"(max-width: 150px) 100vw, 150px\" \/><\/a><\/strong><\/p>\n<h4>V\u00eddeo tutorial completo de instalaci\u00f3n del kit de decoraci\u00f3n de llantas:<\/h4>\n<p><iframe title=\"Reproductor de v\u00eddeo de YouTube\" src=\"https:\/\/www.youtube.com\/embed\/1AJhkFaZIsk\" width=\"1120\" height=\"630\" frameborder=\"0\" allowfullscreen=\"allowfullscreen\" data-mce-fragment=\"1\"><\/iframe><\/p>\n<hr \/>\n<h2>\u00bfEs posible personalizar sus pegatinas de motocicleta Kawasaki ZR7?<\/h2>\n<p>\u00a1Personaliza tus stickers de llanta de moto con nuestros efectos! Para tu kit decorativo de llantas, te ofrecemos los efectos: Hologr\u00e1fico \/ Fotoluminiscente \/ Retrorreflectante \/ Fl\u00faor \/ Brillante \/ Mate. <strong>Por favor, proporciona el texto en franc\u00e9s que deseas traducir al espa\u00f1ol. <a href=\"https:\/\/www.m-stickers.com\/es\/nuestros-adhesivos\/\">\u00a1Visita aqu\u00ed para saber m\u00e1s sobre nuestros efectos de pegatinas!<\/a><\/strong><\/p>\n<p>Tambi\u00e9n puedes personalizar tu propio kit decorativo de llantas con nuestro<strong> <a href=\"https:\/\/www.m-stickers.com\/es\/categorie-configurator\/\">\u00a1Configur\u00e1dor instant\u00e1neo! <\/a><a href=\"https:\/\/www.m-stickers.com\/es\/categorie-configurator\/\"><img decoding=\"async\" class=\"alignnone wp-image-6380\" src=\"https:\/\/www.m-stickers.com\/wp-content\/uploads\/2021\/01\/bouton-configurator-3-300x74.png\" alt=\"\" width=\"150\" height=\"37\" srcset=\"https:\/\/www.m-stickers.com\/wp-content\/uploads\/2021\/01\/bouton-configurator-3-300x74.png 300w, https:\/\/www.m-stickers.com\/wp-content\/uploads\/2021\/01\/bouton-configurator-3.png 413w\" sizes=\"(max-width: 150px) 100vw, 150px\" \/><\/a><\/strong><\/p>\n<hr \/>\n<h3>Kit de deco llantas Kawasaki ZR7, \u00bfqu\u00e9 colores son posibles?<\/h3>\n<p>Nuestros kits decorativos para llantas de moto est\u00e1n disponibles por defecto en los siguientes colores: Blanco \/ Negro \/ Rojo \/ Naranja \/ Amarillo \/ Verde \/ Cian \/ Azul \/ Rosa. \u00a1Tambi\u00e9n puede elegir el color que desee con nuestra opci\u00f3n de color espec\u00edfico o yendo a nuestro configurador!<\/p>\n<hr \/>\n<h4>\u00bfTiene alguna pregunta sobre el kit decorativo para llantas? \u00bfSolicitud de personalizaci\u00f3n? No dude en contactarnos a trav\u00e9s de la p\u00e1gina de contacto: <a href=\"https:\/\/www.m-stickers.com\/es\/contacto\/\"><img decoding=\"async\" class=\"alignnone wp-image-6381\" src=\"https:\/\/www.m-stickers.com\/wp-content\/uploads\/2021\/01\/bouton-contact-300x74.png\" alt=\"\" width=\"150\" height=\"37\" srcset=\"https:\/\/www.m-stickers.com\/wp-content\/uploads\/2021\/01\/bouton-contact-300x74.png 300w, https:\/\/www.m-stickers.com\/wp-content\/uploads\/2021\/01\/bouton-contact.png 413w\" sizes=\"(max-width: 150px) 100vw, 150px\" \/><\/a><\/h4>","protected":false},"excerpt":{"rendered":"<h2>Vinilos moto Kawasaki ZR-7 (para 2 llantas):<\/h2>\n<p>El kit de decoraci\u00f3n de llantas Kawasaki ZR-7 S para las 2 llantas incluye:<\/p>\n<ul>\n<li>Los rebordes pre-curvados de 8 mm para las 2 llantas<\/li>\n<li>4 Calcoman\u00edas interiores de llantas Kawasaki<\/li>\n<li>4 Calcoman\u00edas interiores de llantas ZR-7<\/li>\n<li>1 Logos Z<\/li>\n<li>Etiquetas adicionales Electro blanco<\/li>\n<\/ul>\n<p>Estado: Correcto<\/p>\n<h3><strong><a href=\"https:\/\/www.m-stickers.com\/es\/configurador\/configurar\/42406\/\">\u00a1Personaliza tu kit decorativo gracias a nuestro configurador en l\u00ednea! <\/a><a href=\"https:\/\/www.m-stickers.com\/es\/configurador\/configurar\/42406\/\"><img decoding=\"async\" class=\"alignnone wp-image-6380\" src=\"https:\/\/www.m-stickers.com\/wp-content\/uploads\/2021\/01\/bouton-configurator-3-300x74.png\" alt=\"\" width=\"150\" height=\"37\" srcset=\"https:\/\/www.m-stickers.com\/wp-content\/uploads\/2021\/01\/bouton-configurator-3-300x74.png 300w, https:\/\/www.m-stickers.com\/wp-content\/uploads\/2021\/01\/bouton-configurator-3.png 413w\" sizes=\"(max-width: 150px) 100vw, 150px\" \/><\/a><\/strong><\/h3>","protected":false},"featured_media":50113,"comment_status":"open","ping_status":"closed","template":"","meta":[],"product_brand":[],"product_cat":[929,941],"product_tag":[931,1121,932,935,1120,1122],"class_list":{"0":"post-50082","1":"product","2":"type-product","3":"status-publish","4":"has-post-thumbnail","6":"product_cat-destockage","7":"product_cat-stickers-kawasaki-pas-cher","8":"product_tag-destockage","9":"product_tag-kawazaki","10":"product_tag-promotion","11":"product_tag-reduction","12":"product_tag-zr-7","13":"product_tag-zr7","14":"product_shipping_class-standard","16":"entry","17":"has-media","19":"first","20":"instock","21":"sale","22":"taxable","23":"shipping-taxable","24":"purchasable","25":"product-type-simple","26":"col","27":"span_1_of_5","28":"owp-content-center","29":"item-entry","30":"owp-thumbs-layout-horizontal","31":"owp-btn-big","32":"owp-tabs-layout-horizontal","33":"has-no-thumbnails"},"ase":null,"_links":{"self":[{"href":"https:\/\/www.m-stickers.com\/es\/wp-json\/wp\/v2\/product\/50082","targetHints":{"allow":["GET"]}}],"collection":[{"href":"https:\/\/www.m-stickers.com\/es\/wp-json\/wp\/v2\/product"}],"about":[{"href":"https:\/\/www.m-stickers.com\/es\/wp-json\/wp\/v2\/types\/product"}],"replies":[{"embeddable":true,"href":"https:\/\/www.m-stickers.com\/es\/wp-json\/wp\/v2\/comments?post=50082"}],"wp:featuredmedia":[{"embeddable":true,"href":"https:\/\/www.m-stickers.com\/es\/wp-json\/wp\/v2\/media\/50113"}],"wp:attachment":[{"href":"https:\/\/www.m-stickers.com\/es\/wp-json\/wp\/v2\/media?parent=50082"}],"wp:term":[{"taxonomy":"product_brand","embeddable":true,"href":"https:\/\/www.m-stickers.com\/es\/wp-json\/wp\/v2\/product_brand?post=50082"},{"taxonomy":"product_cat","embeddable":true,"href":"https:\/\/www.m-stickers.com\/es\/wp-json\/wp\/v2\/product_cat?post=50082"},{"taxonomy":"product_tag","embeddable":true,"href":"https:\/\/www.m-stickers.com\/es\/wp-json\/wp\/v2\/product_tag?post=50082"}],"curies":[{"name":"(No translation possible without context.  \"wp\" is ambiguous.)","href":"https:\/\/api.w.org\/{rel}","templated":true}]}}