{"id":50662,"date":"2023-11-20T17:14:05","date_gmt":"2023-11-20T16:14:05","guid":{"rendered":"https:\/\/www.m-stickers.com\/?post_type=product&#038;p=50662"},"modified":"2025-02-25T16:36:17","modified_gmt":"2025-02-25T15:36:17","slug":"paquete-de-30-l","status":"publish","type":"product","link":"https:\/\/www.m-stickers.com\/es\/produit\/pack-30-l\/","title":{"rendered":"Pack 30 \u2013 L"},"content":{"rendered":"<p><strong>Pack 30 adhesivos m\u00e1s vendidos M-Stickers<\/strong><\/p>\n<p>Pack de 150 kits decorativos de llantas para motocicleta<\/p>\n<div class=\"elementor-element elementor-element-5851b63 elementor-widget elementor-widget-heading\" data-id=\"5851b63\" data-element_type=\"widget\" data-widget_type=\"heading.default\">\n<div class=\"elementor-widget-container\">\n<h2 class=\"elementor-heading-title elementor-size-medium\">Este pack incluye:<\/h2>\n<\/div>\n<\/div>\n<section class=\"elementor-section elementor-inner-section elementor-element elementor-element-4a8a9a5 elementor-section-boxed elementor-section-height-default elementor-section-height-default\" data-id=\"4a8a9a5\" data-element_type=\"section\">\n<div class=\"elementor-container elementor-column-gap-default\">\n<div class=\"elementor-row\">\n<div class=\"elementor-column elementor-col-20 elementor-inner-column elementor-element elementor-element-95bfa79\" data-id=\"95bfa79\" data-element_type=\"column\">\n<div class=\"elementor-column-wrap elementor-element-populated\">\n<div class=\"elementor-widget-wrap\">\n<div class=\"elementor-element elementor-element-15b8d29 elementor-widget elementor-widget-text-editor\" data-id=\"15b8d29\" data-element_type=\"widget\" data-widget_type=\"text-editor.default\">\n<div class=\"elementor-widget-container\">\n<div class=\"elementor-text-editor elementor-clearfix\">\n<table dir=\"ltr\" border=\"1\" cellspacing=\"0\" cellpadding=\"0\">\n<tbody>\n<tr>\n<td data-sheets-value=\"{&quot;1&quot;:2,&quot;2&quot;:&quot;Marque\/model&quot;}\"><strong>Marca\/modelo<\/strong><\/td>\n<td data-sheets-value=\"{&quot;1&quot;:2,&quot;2&quot;:&quot;couleurs&quot;}\"><strong>Colores<\/strong><\/td>\n<td data-sheets-value=\"{&quot;1&quot;:2,&quot;2&quot;:&quot;kit&quot;}\"><strong>kit<\/strong><\/td>\n<td data-sheets-value=\"{&quot;1&quot;:2,&quot;2&quot;:&quot;|&quot;}\"><strong>|<\/strong><\/td>\n<td data-sheets-value=\"{&quot;1&quot;:2,&quot;2&quot;:&quot;Marque\/model&quot;}\"><strong>Marca\/modelo<\/strong><\/td>\n<td data-sheets-value=\"{&quot;1&quot;:2,&quot;2&quot;:&quot;couleurs&quot;}\"><strong>Colores<\/strong><\/td>\n<td data-sheets-value=\"{&quot;1&quot;:2,&quot;2&quot;:&quot;kit&quot;}\"><strong>kit<\/strong><\/td>\n<td data-sheets-value=\"{&quot;1&quot;:2,&quot;2&quot;:&quot;|&quot;}\"><strong>|<\/strong><\/td>\n<td data-sheets-value=\"{&quot;1&quot;:2,&quot;2&quot;:&quot;Marque\/model&quot;}\"><strong>Marca\/modelo<\/strong><\/td>\n<td data-sheets-value=\"{&quot;1&quot;:2,&quot;2&quot;:&quot;couleurs&quot;}\"><strong>Colores<\/strong><\/td>\n<td data-sheets-value=\"{&quot;1&quot;:2,&quot;2&quot;:&quot;kit&quot;}\"><strong>kit<\/strong><\/td>\n<\/tr>\n<tr>\n<td data-sheets-value=\"{&quot;1&quot;:2,&quot;2&quot;:&quot;1.Yamaha MT-07&quot;}\">Yamaha\u00a0<strong>MT-07<\/strong><\/td>\n<td data-sheets-value=\"{&quot;1&quot;:2,&quot;2&quot;:&quot;C\/B\/J\/R\/Bl\/N&quot;}\" data-sheets-textstyleruns=\"{&quot;1&quot;:0,&quot;2&quot;:{&quot;2&quot;:{&quot;1&quot;:2,&quot;2&quot;:65535}}}?{&quot;1&quot;:1}?{&quot;1&quot;:2,&quot;2&quot;:{&quot;2&quot;:{&quot;1&quot;:2,&quot;2&quot;:255}}}?{&quot;1&quot;:3}?{&quot;1&quot;:4,&quot;2&quot;:{&quot;2&quot;:{&quot;1&quot;:2,&quot;2&quot;:16776960}}}?{&quot;1&quot;:5}?{&quot;1&quot;:6,&quot;2&quot;:{&quot;2&quot;:{&quot;1&quot;:2,&quot;2&quot;:16711680}}}?{&quot;1&quot;:7}?{&quot;1&quot;:8,&quot;2&quot;:{&quot;2&quot;:{&quot;1&quot;:2,&quot;2&quot;:16777215}}}?{&quot;1&quot;:10}\"><strong>C-B-J-R-Bl-N<\/strong><\/td>\n<td data-sheets-value=\"{&quot;1&quot;:3,&quot;3&quot;:20}\">10<\/td>\n<td data-sheets-value=\"{&quot;1&quot;:2,&quot;2&quot;:&quot;|&quot;}\"><strong>|<\/strong><\/td>\n<td data-sheets-value=\"{&quot;1&quot;:2,&quot;2&quot;:&quot;12.Suzuki GSR 750&quot;}\">Suzuki\u00a0<strong>GSR 750<\/strong><\/td>\n<td><strong>C-B-R-Bl<\/strong><\/td>\n<td data-sheets-value=\"{&quot;1&quot;:3,&quot;3&quot;:9}\">6<\/td>\n<td data-sheets-value=\"{&quot;1&quot;:2,&quot;2&quot;:&quot;|&quot;}\"><strong>|<\/strong><\/td>\n<td data-sheets-value=\"{&quot;1&quot;:2,&quot;2&quot;:&quot;22.Yamaha Tracer 9 Gt&quot;}\">21.Yamaha\u00a0<strong>Tracer 9 GT<\/strong><\/td>\n<td><strong>B-R-Bl-N<\/strong><\/td>\n<td data-sheets-value=\"{&quot;1&quot;:3,&quot;3&quot;:6}\">4<\/td>\n<\/tr>\n<tr>\n<td data-sheets-value=\"{&quot;1&quot;:2,&quot;2&quot;:&quot;2.Kawasaki Z900&quot;}\">2.Kawasaki\u00a0<strong>Z900<\/strong><\/td>\n<td data-sheets-value=\"{&quot;1&quot;:2,&quot;2&quot;:&quot;B\/V\/Bl\/N&quot;}\" data-sheets-textstyleruns=\"{&quot;1&quot;:0,&quot;2&quot;:{&quot;2&quot;:{&quot;1&quot;:2,&quot;2&quot;:255}}}?{&quot;1&quot;:1}?{&quot;1&quot;:2,&quot;2&quot;:{&quot;2&quot;:{&quot;1&quot;:2,&quot;2&quot;:65280}}}?{&quot;1&quot;:3}?{&quot;1&quot;:4,&quot;2&quot;:{&quot;2&quot;:{&quot;1&quot;:2,&quot;2&quot;:16777215}}}?{&quot;1&quot;:6}\"><strong>B-V-Bl-N<\/strong><\/td>\n<td data-sheets-value=\"{&quot;1&quot;:3,&quot;3&quot;:15}\">8<\/td>\n<td data-sheets-value=\"{&quot;1&quot;:2,&quot;2&quot;:&quot;|&quot;}\"><strong>|<\/strong><\/td>\n<td data-sheets-value=\"{&quot;1&quot;:2,&quot;2&quot;:&quot;13.Suzuki Bandit 600&quot;}\">12.Suzuki\u00a0<strong>Bandido 600<\/strong><\/td>\n<td><strong>C-B-R-Bl-N<\/strong><\/td>\n<td data-sheets-value=\"{&quot;1&quot;:3,&quot;3&quot;:9}\">5<\/td>\n<td data-sheets-value=\"{&quot;1&quot;:2,&quot;2&quot;:&quot;|&quot;}\"><strong>|<\/strong><\/td>\n<td data-sheets-value=\"{&quot;1&quot;:2,&quot;2&quot;:&quot;23.Suzuki GSX-R 1000&quot;}\">22.Suzuki\u00a0<strong>GSX-R 1000<\/strong><\/td>\n<td><strong>C-B-J-R-Bl<\/strong><\/td>\n<td data-sheets-value=\"{&quot;1&quot;:3,&quot;3&quot;:6}\">4<\/td>\n<\/tr>\n<tr>\n<td data-sheets-value=\"{&quot;1&quot;:2,&quot;2&quot;:&quot;3.Honda Hornet CB750&quot;}\">3.Honda\u00a0<strong>Hornet CB750<\/strong><\/td>\n<td data-sheets-value=\"{&quot;1&quot;:2,&quot;2&quot;:&quot;J\/R\/Bl\/N&quot;}\" data-sheets-textstyleruns=\"{&quot;1&quot;:0,&quot;2&quot;:{&quot;2&quot;:{&quot;1&quot;:2,&quot;2&quot;:16776960}}}?{&quot;1&quot;:1}?{&quot;1&quot;:2,&quot;2&quot;:{&quot;2&quot;:{&quot;1&quot;:2,&quot;2&quot;:16711680}}}?{&quot;1&quot;:3}?{&quot;1&quot;:4,&quot;2&quot;:{&quot;2&quot;:{&quot;1&quot;:2,&quot;2&quot;:16777215}}}?{&quot;1&quot;:6}\"><strong>J-R-Bl-N<\/strong><\/td>\n<td data-sheets-value=\"{&quot;1&quot;:3,&quot;3&quot;:20}\">10<\/td>\n<td data-sheets-value=\"{&quot;1&quot;:2,&quot;2&quot;:&quot;|&quot;}\"><strong>|<\/strong><\/td>\n<td data-sheets-value=\"{&quot;1&quot;:2,&quot;2&quot;:&quot;14.Kawasaki Versys 1000&quot;}\">13.Kawasaki\u00a0<strong>Versys 1000<\/strong><\/td>\n<td><strong>Juego de llantas<\/strong><\/td>\n<td data-sheets-value=\"{&quot;1&quot;:3,&quot;3&quot;:9}\">5<\/td>\n<td data-sheets-value=\"{&quot;1&quot;:2,&quot;2&quot;:&quot;|&quot;}\"><strong>|<\/strong><\/td>\n<td data-sheets-value=\"{&quot;1&quot;:2,&quot;2&quot;:&quot;24.Speed Triple 1200 RS&quot;}\">Speed Triple\u00a0<strong>1200 RS<\/strong><\/td>\n<td><strong>J-R-Bl<\/strong><\/td>\n<td data-sheets-value=\"{&quot;1&quot;:3,&quot;3&quot;:5}\">3<\/td>\n<\/tr>\n<tr>\n<td data-sheets-value=\"{&quot;1&quot;:2,&quot;2&quot;:&quot;4.Kawasaki Z750&quot;}\">4.Kawasaki\u00a0<strong>Z750<\/strong><\/td>\n<td data-sheets-value=\"{&quot;1&quot;:2,&quot;2&quot;:&quot;V\/R\/O\/Bl\/N&quot;}\" data-sheets-textstyleruns=\"{&quot;1&quot;:0,&quot;2&quot;:{&quot;2&quot;:{&quot;1&quot;:2,&quot;2&quot;:65280}}}?{&quot;1&quot;:1}?{&quot;1&quot;:2,&quot;2&quot;:{&quot;2&quot;:{&quot;1&quot;:2,&quot;2&quot;:16711680}}}?{&quot;1&quot;:3}?{&quot;1&quot;:4,&quot;2&quot;:{&quot;2&quot;:{&quot;1&quot;:2,&quot;2&quot;:16750848}}}?{&quot;1&quot;:5}?{&quot;1&quot;:6,&quot;2&quot;:{&quot;2&quot;:{&quot;1&quot;:2,&quot;2&quot;:16777215}}}?{&quot;1&quot;:8}\"><strong>Llantas<\/strong><\/td>\n<td data-sheets-value=\"{&quot;1&quot;:3,&quot;3&quot;:15}\">8<\/td>\n<td data-sheets-value=\"{&quot;1&quot;:2,&quot;2&quot;:&quot;|&quot;}\"><strong>|<\/strong><\/td>\n<td data-sheets-value=\"{&quot;1&quot;:2,&quot;2&quot;:&quot;15.Aprilia Tuono V4&quot;}\">14. Aprilia\u00a0<strong>Tuono V4<\/strong><\/td>\n<td><strong>Llantas<\/strong><\/td>\n<td data-sheets-value=\"{&quot;1&quot;:3,&quot;3&quot;:9}\">5<\/td>\n<td data-sheets-value=\"{&quot;1&quot;:2,&quot;2&quot;:&quot;|&quot;}\"><strong>|<\/strong><\/td>\n<td data-sheets-value=\"{&quot;1&quot;:2,&quot;2&quot;:&quot;25.Yamaha MT10&quot;}\">24.Yamaha\u00a0<strong>MT-10<\/strong><\/td>\n<td><strong>B-R-Bl<\/strong><\/td>\n<td data-sheets-value=\"{&quot;1&quot;:3,&quot;3&quot;:5}\">3<\/td>\n<\/tr>\n<tr>\n<td data-sheets-value=\"{&quot;1&quot;:2,&quot;2&quot;:&quot;5.Street Triple 765 RS&quot;}\">5.Street Triple\u00a0<strong>765 RS<\/strong><\/td>\n<td data-sheets-value=\"{&quot;1&quot;:2,&quot;2&quot;:&quot;J\/R\/Bl\/N&quot;}\"><strong>J-R-Bl-N<\/strong><\/td>\n<td data-sheets-value=\"{&quot;1&quot;:3,&quot;3&quot;:10}\">6<\/td>\n<td data-sheets-value=\"{&quot;1&quot;:2,&quot;2&quot;:&quot;|&quot;}\"><strong>|<\/strong><\/td>\n<td data-sheets-value=\"{&quot;1&quot;:2,&quot;2&quot;:&quot;16.BMW F900R&quot;}\">15.BMW\u00a0<strong>F900R<\/strong><\/td>\n<td><strong>C-B-R-Bl-N<\/strong><\/td>\n<td data-sheets-value=\"{&quot;1&quot;:3,&quot;3&quot;:8}\">5<\/td>\n<td data-sheets-value=\"{&quot;1&quot;:2,&quot;2&quot;:&quot;|&quot;}\"><strong>|<\/strong><\/td>\n<td data-sheets-value=\"{&quot;1&quot;:2,&quot;2&quot;:&quot;26.BMW S1000R&quot;}\">25.BMW\u00a0<strong>S1000R<\/strong><\/td>\n<td><strong>B-R-Bl<\/strong><\/td>\n<td data-sheets-value=\"{&quot;1&quot;:3,&quot;3&quot;:5}\">3<\/td>\n<\/tr>\n<tr>\n<td data-sheets-value=\"{&quot;1&quot;:2,&quot;2&quot;:&quot;6.Triumph Trident&quot;}\">6.Triumph\u00a0<strong>Trident<\/strong><\/td>\n<td data-sheets-value=\"{&quot;1&quot;:2,&quot;2&quot;:&quot;R\/J\/Bl&quot;}\"><strong>J-R-Bl<\/strong><\/td>\n<td data-sheets-value=\"{&quot;1&quot;:3,&quot;3&quot;:10}\">6<\/td>\n<td data-sheets-value=\"{&quot;1&quot;:2,&quot;2&quot;:&quot;|&quot;}\"><strong>|<\/strong><\/td>\n<td data-sheets-value=\"{&quot;1&quot;:2,&quot;2&quot;:&quot;17.KTM Superduke 1290 R&quot;}\">16.KTM\u00a0<strong>Superduke 1290 R<\/strong><\/td>\n<td><strong>B-O-Bl-N<\/strong><\/td>\n<td data-sheets-value=\"{&quot;1&quot;:3,&quot;3&quot;:8}\">4<\/td>\n<td data-sheets-value=\"{&quot;1&quot;:2,&quot;2&quot;:&quot;|&quot;}\"><strong>|<\/strong><\/td>\n<td data-sheets-value=\"{&quot;1&quot;:2,&quot;2&quot;:&quot;27.Kawasaki ER6-N&quot;}\">26.Kawasaki\u00a0<strong>ER6-N<\/strong><\/td>\n<td><strong>V-O-Bl<\/strong><\/td>\n<td data-sheets-value=\"{&quot;1&quot;:3,&quot;3&quot;:5}\">3<\/td>\n<\/tr>\n<tr>\n<td data-sheets-value=\"{&quot;1&quot;:2,&quot;2&quot;:&quot;7.Yamaha MT-09&quot;}\">7.Yamaha\u00a0<strong>MT-09<\/strong><\/td>\n<td data-sheets-value=\"{&quot;1&quot;:2,&quot;2&quot;:&quot;C\/B\/J\/R\/Bl\/N&quot;}\"><strong>C-B-J-R-Bl-N<\/strong><\/td>\n<td data-sheets-value=\"{&quot;1&quot;:3,&quot;3&quot;:10}\">6<\/td>\n<td data-sheets-value=\"{&quot;1&quot;:2,&quot;2&quot;:&quot;|&quot;}\"><strong>|<\/strong><\/td>\n<td data-sheets-value=\"{&quot;1&quot;:2,&quot;2&quot;:&quot;18.Suzuki bandit 650&quot;}\">17.Suzuki\u00a0<strong>Bandidas 650<\/strong><\/td>\n<td><strong>C-B-R-Bl<\/strong><\/td>\n<td data-sheets-value=\"{&quot;1&quot;:3,&quot;3&quot;:8}\">4<\/td>\n<td data-sheets-value=\"{&quot;1&quot;:2,&quot;2&quot;:&quot;|&quot;}\"><strong>|<\/strong><\/td>\n<td data-sheets-value=\"{&quot;1&quot;:2,&quot;2&quot;:&quot;28.Honda NT 1100&quot;}\">27.Honda\u00a0<strong>NT 1100<\/strong><\/td>\n<td><strong>R-Bl-N<\/strong><\/td>\n<td data-sheets-value=\"{&quot;1&quot;:3,&quot;3&quot;:5}\">3<\/td>\n<\/tr>\n<tr>\n<td data-sheets-value=\"{&quot;1&quot;:2,&quot;2&quot;:&quot;8.Honda Hornet 600&quot;}\">8.Honda\u00a0<strong>Avispa 600<\/strong><\/td>\n<td><strong>B-J-Bl-N<\/strong><\/td>\n<td data-sheets-value=\"{&quot;1&quot;:3,&quot;3&quot;:10}\">6<\/td>\n<td data-sheets-value=\"{&quot;1&quot;:2,&quot;2&quot;:&quot;|&quot;}\"><strong>|<\/strong><\/td>\n<td data-sheets-value=\"{&quot;1&quot;:2,&quot;2&quot;:&quot;19.Honda CB 650 R&quot;}\">18.Honda\u00a0<strong>CB 650 R<\/strong><\/td>\n<td><strong>B-R-Bl-N<\/strong><\/td>\n<td data-sheets-value=\"{&quot;1&quot;:3,&quot;3&quot;:7}\">4<\/td>\n<td data-sheets-value=\"{&quot;1&quot;:2,&quot;2&quot;:&quot;|&quot;}\"><strong>|<\/strong><\/td>\n<td data-sheets-value=\"{&quot;1&quot;:2,&quot;2&quot;:&quot;29.KTM Duke 790&quot;}\">28.KTM\u00a0<strong>Duke 790<\/strong><\/td>\n<td><strong>O-Bl-N<\/strong><\/td>\n<td data-sheets-value=\"{&quot;1&quot;:3,&quot;3&quot;:5}\">3<\/td>\n<\/tr>\n<tr>\n<td data-sheets-value=\"{&quot;1&quot;:2,&quot;2&quot;:&quot;9.Kawasaki Z800&quot;}\">9.Kawasaki\u00a0<strong>Z800<\/strong><\/td>\n<td><strong>Juego de llantas<\/strong><\/td>\n<td data-sheets-value=\"{&quot;1&quot;:3,&quot;3&quot;:10}\">6<\/td>\n<td data-sheets-value=\"{&quot;1&quot;:2,&quot;2&quot;:&quot;|&quot;}\"><strong>|<\/strong><\/td>\n<td data-sheets-value=\"{&quot;1&quot;:2,&quot;2&quot;:&quot;20.Kawasaki Z650&quot;}\">19.Kawasaki\u00a0<strong>Z650<\/strong><\/td>\n<td><strong>V-R-Bl-N<\/strong><\/td>\n<td data-sheets-value=\"{&quot;1&quot;:3,&quot;3&quot;:7}\">4<\/td>\n<td data-sheets-value=\"{&quot;1&quot;:2,&quot;2&quot;:&quot;|&quot;}\"><strong>|<\/strong><\/td>\n<td data-sheets-value=\"{&quot;1&quot;:2,&quot;2&quot;:&quot;30.Suzuki GSX-S 1000&quot;}\">29.Suzuki\u00a0<strong>GSX-S 1000<\/strong><\/td>\n<td><strong>B-R-Bl<\/strong><\/td>\n<td data-sheets-value=\"{&quot;1&quot;:3,&quot;3&quot;:5}\">3<\/td>\n<\/tr>\n<tr>\n<td data-sheets-value=\"{&quot;1&quot;:2,&quot;2&quot;:&quot;10.Kawasaki Z1000&quot;}\">10.Kawasaki\u00a0<strong>Z1000<\/strong><\/td>\n<td><strong>B-V-R-O-Bl-N<\/strong><\/td>\n<td data-sheets-value=\"{&quot;1&quot;:3,&quot;3&quot;:10}\">6<\/td>\n<td data-sheets-value=\"{&quot;1&quot;:2,&quot;2&quot;:&quot;|&quot;}\"><strong>|<\/strong><\/td>\n<td data-sheets-value=\"{&quot;1&quot;:2,&quot;2&quot;:&quot;21.Yamaha R1&quot;}\">20.Yamaha\u00a0<strong>R1<\/strong><\/td>\n<td><strong>B-J-R-Bl<\/strong><\/td>\n<td data-sheets-value=\"{&quot;1&quot;:3,&quot;3&quot;:7}\">4<\/td>\n<td data-sheets-value=\"{&quot;1&quot;:2,&quot;2&quot;:&quot;|&quot;}\"><strong>|<\/strong><\/td>\n<td data-sheets-value=\"{&quot;1&quot;:2,&quot;2&quot;:&quot;30.Suzuki GSX-S 950&quot;}\">30.Suzuki\u00a0<strong>GSX-S 950<\/strong><\/td>\n<td><strong>B-R-Bl<\/strong><\/td>\n<td data-sheets-value=\"{&quot;1&quot;:3,&quot;3&quot;:5}\">3<\/td>\n<\/tr>\n<\/tbody>\n<\/table>\n<\/div>\n<\/div>\n<\/div>\n<\/div>\n<\/div>\n<\/div>\n<\/div>\n<\/div>\n<\/section>\n<p>&nbsp;<\/p>\n<p>&nbsp;<\/p>\n<div class=\"elementor-column elementor-col-20 elementor-inner-column elementor-element elementor-element-95bfa79\" data-id=\"95bfa79\" data-element_type=\"column\">\n<div class=\"elementor-column-wrap elementor-element-populated\">\n<div class=\"elementor-widget-wrap\">\n<div class=\"elementor-element elementor-element-15b8d29 elementor-widget elementor-widget-text-editor\" data-id=\"15b8d29\" data-element_type=\"widget\" data-widget_type=\"text-editor.default\">\n<div class=\"elementor-widget-container\">\n<ul>\n<li>C = Cian<\/li>\n<li>Azul<\/li>\n<li>Verde<\/li>\n<li>Naranja<\/li>\n<li>Amarillo<\/li>\n<li>R = Rojo<\/li>\n<li>Rosa<\/li>\n<li>Blanco<\/li>\n<li>N = Noir<\/li>\n<\/ul>\n<p>Calidad profesional con fijaci\u00f3n permanente. Adhesivos con  cola monom\u00e9rica 100% que permite una fijaci\u00f3n permanente, as\u00ed como resistencia a las salpicaduras de agua y a los rayos UV.<br \/>\nNuestros Vinilos de alta calidad est\u00e1n dise\u00f1ados y fabricados en Francia.<\/p>\n<\/div>\n<\/div>\n<\/div>\n<\/div>\n<\/div>\n<div class=\"elementor-column elementor-col-20 elementor-inner-column elementor-element elementor-element-26aa75f\" data-id=\"26aa75f\" data-element_type=\"column\">\n<div class=\"elementor-column-wrap elementor-element-populated\">\n<div class=\"elementor-widget-wrap\">\n<div class=\"elementor-element elementor-element-1b860e7 elementor-widget elementor-widget-text-editor\" data-id=\"1b860e7\" data-element_type=\"widget\" data-widget_type=\"text-editor.default\">\n<div class=\"elementor-widget-container\">\n<div class=\"elementor-text-editor elementor-clearfix\">Los kits tambi\u00e9n est\u00e1n disponibles en los efectos: Fl\u00faor \/ reflectante \/ hologr\u00e1fico \/ luminiscente<\/div>\n<div><\/div>\n<h3><a href=\"https:\/\/www.m-stickers.com\/es\/contacto-pro\/\"><strong>\u00a1Cont\u00e1ctenos para cualquier solicitud de paquete personalizado!<\/strong><\/a><\/h3>\n<\/div>\n<\/div>\n<\/div>\n<\/div>\n<\/div>\n<section class=\"elementor-section elementor-inner-section elementor-element elementor-element-4a8a9a5 elementor-section-boxed elementor-section-height-default elementor-section-height-default\" data-id=\"4a8a9a5\" data-element_type=\"section\">\n<div class=\"elementor-container elementor-column-gap-default\">\n<div class=\"elementor-row\">\n<div class=\"elementor-column elementor-col-20 elementor-inner-column elementor-element elementor-element-26aa75f\" data-id=\"26aa75f\" data-element_type=\"column\">\n<div class=\"elementor-column-wrap elementor-element-populated\">\n<div class=\"elementor-widget-wrap\">\n<div class=\"elementor-element elementor-element-1b860e7 elementor-widget elementor-widget-text-editor\" data-id=\"1b860e7\" data-element_type=\"widget\" data-widget_type=\"text-editor.default\">\n<div class=\"elementor-widget-container\">\n<h3><\/h3>\n<\/div>\n<\/div>\n<\/div>\n<\/div>\n<\/div>\n<div class=\"elementor-column elementor-col-20 elementor-inner-column elementor-element elementor-element-fa43e7e\" data-id=\"fa43e7e\" data-element_type=\"column\">\n<div class=\"elementor-column-wrap elementor-element-populated\">\n<div class=\"elementor-widget-wrap\">\n<div class=\"elementor-element elementor-element-cba19c4 elementor-widget elementor-widget-text-editor\" data-id=\"cba19c4\" data-element_type=\"widget\" data-widget_type=\"text-editor.default\">\n<div class=\"elementor-widget-container\">\n<div class=\"elementor-text-editor elementor-clearfix\"><\/div>\n<\/div>\n<\/div>\n<\/div>\n<\/div>\n<\/div>\n<div class=\"elementor-column elementor-col-20 elementor-inner-column elementor-element elementor-element-ce30ccb\" data-id=\"ce30ccb\" data-element_type=\"column\">\n<div class=\"elementor-column-wrap elementor-element-populated\">\n<div class=\"elementor-widget-wrap\">\n<div class=\"elementor-element elementor-element-6c7db60 elementor-widget elementor-widget-text-editor\" data-id=\"6c7db60\" data-element_type=\"widget\" data-widget_type=\"text-editor.default\">\n<div class=\"elementor-widget-container\">\n<div class=\"elementor-text-editor elementor-clearfix\"><\/div>\n<\/div>\n<\/div>\n<\/div>\n<\/div>\n<\/div>\n<div class=\"elementor-column elementor-col-20 elementor-inner-column elementor-element elementor-element-098041d\" data-id=\"098041d\" data-element_type=\"column\">\n<div class=\"elementor-column-wrap elementor-element-populated\">\n<div class=\"elementor-widget-wrap\">\n<div class=\"elementor-element elementor-element-971dbdf elementor-widget elementor-widget-text-editor\" data-id=\"971dbdf\" data-element_type=\"widget\" data-widget_type=\"text-editor.default\">\n<div class=\"elementor-widget-container\">\n<div class=\"elementor-text-editor elementor-clearfix\"><\/div>\n<\/div>\n<\/div>\n<\/div>\n<\/div>\n<\/div>\n<\/div>\n<\/div>\n<\/section>","protected":false},"excerpt":{"rendered":"<p><strong>Pack 30 adhesivos m\u00e1s vendidos M-Stickers<\/strong><\/p>\n<p>Pack de 150 kits decorativos de llantas para motocicleta<\/p>","protected":false},"featured_media":50663,"comment_status":"open","ping_status":"closed","template":"","meta":[],"product_brand":[],"product_cat":[1133],"product_tag":[],"class_list":{"0":"post-50662","1":"product","2":"type-product","3":"status-publish","4":"has-post-thumbnail","6":"product_cat-pack","7":"product_shipping_class-standard","9":"entry","10":"has-media","12":"first","13":"instock","14":"sale","15":"taxable","16":"shipping-taxable","17":"purchasable","18":"product-type-simple","19":"col","20":"span_1_of_5","21":"owp-content-center","22":"item-entry","23":"owp-thumbs-layout-horizontal","24":"owp-btn-big","25":"owp-tabs-layout-horizontal","26":"has-no-thumbnails"},"ase":null,"_links":{"self":[{"href":"https:\/\/www.m-stickers.com\/es\/wp-json\/wp\/v2\/product\/50662","targetHints":{"allow":["GET"]}}],"collection":[{"href":"https:\/\/www.m-stickers.com\/es\/wp-json\/wp\/v2\/product"}],"about":[{"href":"https:\/\/www.m-stickers.com\/es\/wp-json\/wp\/v2\/types\/product"}],"replies":[{"embeddable":true,"href":"https:\/\/www.m-stickers.com\/es\/wp-json\/wp\/v2\/comments?post=50662"}],"wp:featuredmedia":[{"embeddable":true,"href":"https:\/\/www.m-stickers.com\/es\/wp-json\/wp\/v2\/media\/50663"}],"wp:attachment":[{"href":"https:\/\/www.m-stickers.com\/es\/wp-json\/wp\/v2\/media?parent=50662"}],"wp:term":[{"taxonomy":"product_brand","embeddable":true,"href":"https:\/\/www.m-stickers.com\/es\/wp-json\/wp\/v2\/product_brand?post=50662"},{"taxonomy":"product_cat","embeddable":true,"href":"https:\/\/www.m-stickers.com\/es\/wp-json\/wp\/v2\/product_cat?post=50662"},{"taxonomy":"product_tag","embeddable":true,"href":"https:\/\/www.m-stickers.com\/es\/wp-json\/wp\/v2\/product_tag?post=50662"}],"curies":[{"name":"(No translation possible without context.  \"wp\" is ambiguous.)","href":"https:\/\/api.w.org\/{rel}","templated":true}]}}